{"id":9770,"date":"2021-05-14T13:13:23","date_gmt":"2021-05-14T14:13:23","guid":{"rendered":"https:\/\/bcn.cv\/pt_PT\/?page_id=9770"},"modified":"2021-06-09T16:26:52","modified_gmt":"2021-06-09T17:26:52","slug":"migracao-bcn-online-empresas","status":"publish","type":"page","link":"https:\/\/bcn.cv\/pt_PT\/migracao-bcn-online-empresas\/","title":{"rendered":"Migra\u00e7\u00e3o para o BCN Online Empresas"},"content":{"rendered":"<p>[vc_row css=&#8221;.vc_custom_1587566651608{margin-top: 50px !important;padding-bottom: 0px !important;}&#8221;][vc_column width=&#8221;2\/3&#8243; css=&#8221;.vc_custom_1587552409356{margin-left: 0px !important;}&#8221; el_class=&#8221;align-content left&#8221;][vc_column_text css=&#8221;.vc_custom_1621622914702{padding-top: 0px !important;padding-bottom: 11px !important;padding-left: 0px !important;}&#8221;]<\/p>\n<div>Estimado Cliente,<\/div>\n<div>\n<p>O BCN disponibiliza \u00e0s institui\u00e7\u00f5es p\u00fablicas e privadas um servi\u00e7o de internet banking com funcionalidades exclusivas, que permitem melhor atender \u00e0s necessidades deste segmento e conferem maior seguran\u00e7a \u00e0s transa\u00e7\u00f5es efetuadas nas suas contas.No seu caso, verificamos que, embora fa\u00e7a parte do segmento institucional, possui um contrato de acesso ao BCN Online Particulares, destinado a clientes particulares.<\/p>\n<p>De forma a conceder-lhe acesso ao BCN Online Empresas e a todos os benef\u00edcios que este servi\u00e7o pode lhe proporcionar, iremos entrar em contato com a sua institui\u00e7\u00e3o para dar todo o suporte necess\u00e1rio no processo de migra\u00e7\u00e3o.<\/p>\n<\/div>\n<p>[\/vc_column_text][vc_row_inner][\/vc_row_inner][vc_btn title=&#8221;Conhe\u00e7a o BCN Online Empresas&#8221; color=&#8221;juicy-pink&#8221; align=&#8221;center&#8221; link=&#8221;url:https%3A%2F%2Fbcn.cv%2Fpt_PT%2Fempresas%2Fgestao-corrente%2Fbcn-online-empresas%2F|||&#8221;][vc_column_text]<\/p>\n<p style=\"text-align: center;\"><b>Para informa\u00e7\u00f5es adicionais, contacte uma\u00a0<a href=\"https:\/\/bcn.cv\/pt_PT\/agencias-bcn\/\">Ag\u00eancia BCN<\/a>\u00a0ou o\u00a0<a href=\"https:\/\/bcn.cv\/suporte\/open.php\">BCN Suporte ao Cliente<\/a><\/b><\/p>\n<p>[\/vc_column_text][vc_column_text css=&#8221;.vc_custom_1587552487570{margin-top: 50px !important;margin-bottom: 0px !important;padding-bottom: 0px !important;}&#8221;]<\/p>\n<h3><strong><span style=\"color: #da3535; font-size: 22px;\">Saiba mais sobre&#8230;<\/span><\/strong><\/h3>\n<p>[\/vc_column_text][vc_row_inner][vc_column_inner el_class=&#8221;pdf-icon&#8221; width=&#8221;1\/6&#8243; css=&#8221;.vc_custom_1588589060520{margin-left: 15px !important;}&#8221;][vc_single_image image=&#8221;7026&#8243; img_size=&#8221;70&#215;72&#8243;][\/vc_column_inner][vc_column_inner width=&#8221;1\/3&#8243;][vc_column_text]<\/p>\n<h4><strong>Documentos e<br \/>\nInforma\u00e7\u00f5es<\/strong><\/h4>\n<p>[\/vc_column_text][\/vc_column_inner][vc_column_inner width=&#8221;1\/2&#8243; css=&#8221;.vc_custom_1588608064337{margin-top: 0px !important;padding-right: 24px !important;}&#8221;][vc_column_text el_class=&#8221;pdfs-download&#8221; css=&#8221;.vc_custom_1589287526154{padding-right: 20px !important;}&#8221;]<\/p>\n<p style=\"color: #6b696d !important;\"><span style=\"color: #ff0000;\"><a style=\"color: #ff0000;\" href=\"https:\/\/bcn.cv\/pt_PT\/formularios\/\" target=\"_blank\" rel=\"noopener noreferrer\">Contrato de Ades\u00e3o ao BCN Online<\/a><\/span><br \/>\n<span style=\"color: #ff0000;\"><a style=\"color: #ff0000;\" href=\"https:\/\/bcn.cv\/pt_PT\/formularios\/\" target=\"_blank\" rel=\"noopener noreferrer\">Ficha de Ades\u00e3o Gestor \u2013 BCN Online<\/a><\/span><br \/>\n<span style=\"color: #ff0000;\"><a style=\"color: #ff0000;\" href=\"https:\/\/bcn.cv\/pt_PT\/formularios\/\" target=\"_blank\" rel=\"noopener noreferrer\">Ficha de Altera\u00e7\u00f5es Ades\u00e3o Cliente \u2013 BCN Online<\/a><\/span><br \/>\n<span style=\"color: #ff0000;\"><a style=\"color: #ff0000;\" href=\"https:\/\/bcn.cv\/pt_PT\/formularios\/\" target=\"_blank\" rel=\"noopener noreferrer\">Ficha de Altera\u00e7\u00f5es Ades\u00e3o Gestor \u2013 BCN Online<\/a><\/span><br \/>\n<span style=\"color: #ff0000;\"><a style=\"color: #ff0000;\" href=\"https:\/\/bcn.cv\/pt_PT\/formularios\/\" target=\"_blank\" rel=\"noopener noreferrer\">Formul\u00e1rio de recep\u00e7\u00e3o dos c\u00f3digos BCN Online<\/a><\/span>[\/vc_column_text][\/vc_column_inner][\/vc_row_inner][\/vc_column][vc_column width=&#8221;1\/3&#8243; el_class=&#8221;align-content right&#8221;][vc_single_image image=&#8221;5978&#8243; img_size=&#8221;full&#8221; onclick=&#8221;custom_link&#8221; link=&#8221;https:\/\/bcn.cv\/pt_PT\/suporte_test\/open.php&#8221;][\/vc_column][\/vc_row][vc_row css=&#8221;.vc_custom_1588679947714{margin-top: 60px !important;}&#8221;][vc_column css=&#8221;.vc_custom_1582213073468{margin-top: -75px !important;}&#8221;]<div class=\"title-vertical-line\"><h2><span>Informa\u00e7\u00e3o<\/span> \u00datil<\/h2><p><\/p><\/div>[\/vc_column][\/vc_row][vc_row css=&#8221;.vc_custom_1584698679942{margin-right: 14% !important;margin-left: 14% !important;}&#8221; el_class=&#8221;useful-info&#8221;][vc_column width=&#8221;1\/5&#8243; css=&#8221;.vc_custom_1554915538453{padding-right: 20px !important;padding-left: 20px !important;}&#8221;][vc_row_inner css=&#8221;.vc_custom_1562689691580{margin-top: 0px !important;padding-top: 0px !important;}&#8221;][vc_column_inner width=&#8221;1\/4&#8243;][vc_single_image image=&#8221;3916&#8243; alignment=&#8221;center&#8221; el_class=&#8221;info-icon&#8221; css=&#8221;.vc_custom_1584639152674{padding-right: -3px !important;}&#8221;][\/vc_column_inner][vc_column_inner width=&#8221;3\/4&#8243;][vc_column_text css=&#8221;.vc_custom_1588092435234{margin-top: 20px !important;margin-left: 0px !important;padding-left: 0px !important;}&#8221;]<\/p>\n<h5><span style=\"color: #333333;\"><a style=\"color: #333333;\" href=\"https:\/\/bcn.cv\/pt_PT\/precario\/\"><strong>PRE\u00c7\u00c1RIO<\/strong><\/a><\/span><\/h5>\n<p>[\/vc_column_text][\/vc_column_inner][\/vc_row_inner][\/vc_column][vc_column width=&#8221;1\/5&#8243; css=&#8221;.vc_custom_1554915650188{padding-right: 20px !important;padding-left: 20px !important;}&#8221;][vc_row_inner css=&#8221;.vc_custom_1562689691580{margin-top: 0px !important;padding-top: 0px !important;}&#8221;][vc_column_inner width=&#8221;1\/4&#8243;][vc_single_image image=&#8221;3941&#8243; alignment=&#8221;center&#8221; el_class=&#8221;info-icon&#8221; css=&#8221;.vc_custom_1584639170837{margin-right: -3px !important;}&#8221;][\/vc_column_inner][vc_column_inner width=&#8221;3\/4&#8243;][vc_column_text css=&#8221;.vc_custom_1588092449909{margin-top: 20px !important;margin-left: 0px !important;padding-left: 0px !important;}&#8221;]<\/p>\n<h5><strong><span style=\"color: #333333;\"><span style=\"color: #333336;\"><a style=\"color: #333336;\" href=\"https:\/\/particulares.bcn.cv\/\">\u00c1REA DE CLIENTE<\/a><\/span><br \/>\n<\/span><\/strong><\/h5>\n<p>[\/vc_column_text][\/vc_column_inner][\/vc_row_inner][\/vc_column][vc_column width=&#8221;2\/5&#8243; css=&#8221;.vc_custom_1554915579391{padding-right: 20px !important;padding-left: 20px !important;}&#8221;][vc_row_inner css=&#8221;.vc_custom_1562689691580{margin-top: 0px !important;padding-top: 0px !important;}&#8221;][vc_column_inner width=&#8221;1\/4&#8243;][vc_single_image image=&#8221;3905&#8243; alignment=&#8221;right&#8221; el_class=&#8221;info-icon&#8221; css=&#8221;.vc_custom_1584639180305{margin-right: 13px !important;}&#8221;][\/vc_column_inner][vc_column_inner width=&#8221;3\/4&#8243;][vc_column_text css=&#8221;.vc_custom_1588171567287{margin-top: 20px !important;margin-left: 0px !important;padding-left: 0px !important;}&#8221;]<\/p>\n<h5><strong><span style=\"color: #333333;\"><a style=\"color: #333333;\" href=\"https:\/\/bcn.cv\/pt_PT\/formularios\/\">DOCUMENTOS E FORMUL\u00c1RIOS<\/a><br \/>\n<\/span><\/strong><\/h5>\n<p>[\/vc_column_text][\/vc_column_inner][\/vc_row_inner][\/vc_column][vc_column width=&#8221;1\/5&#8243;][vc_row_inner css=&#8221;.vc_custom_1562689691580{margin-top: 0px !important;padding-top: 0px !important;}&#8221;][vc_column_inner width=&#8221;1\/4&#8243;][vc_single_image image=&#8221;3918&#8243; alignment=&#8221;center&#8221; el_class=&#8221;info-icon last&#8221; css=&#8221;.vc_custom_1584639195656{margin-right: -17px !important;}&#8221;][\/vc_column_inner][vc_column_inner width=&#8221;3\/4&#8243;][vc_column_text css=&#8221;.vc_custom_1588092471365{margin-top: 20px !important;margin-left: 10px !important;padding-left: 0px !important;}&#8221;]<\/p>\n<h5><strong><span style=\"color: #333333;\"><a style=\"color: #333333;\" href=\"https:\/\/bcn.cv\/pt_PT\/protocolos\/\">PROTOCOLOS<\/a><br \/>\n<\/span><\/strong><\/h5>\n<p>[\/vc_column_text][\/vc_column_inner][\/vc_row_inner][\/vc_column][\/vc_row]<\/p>\n","protected":false},"excerpt":{"rendered":"<p><\/p>\n","protected":false},"author":1,"featured_media":0,"parent":0,"menu_order":10,"comment_status":"closed","ping_status":"closed","template":"template-builder.php","meta":{"inline_featured_image":false},"aioseo_notices":[],"_links":{"self":[{"href":"https:\/\/bcn.cv\/pt_PT\/wp-json\/wp\/v2\/pages\/9770"}],"collection":[{"href":"https:\/\/bcn.cv\/pt_PT\/wp-json\/wp\/v2\/pages"}],"about":[{"href":"https:\/\/bcn.cv\/pt_PT\/wp-json\/wp\/v2\/types\/page"}],"author":[{"embeddable":true,"href":"https:\/\/bcn.cv\/pt_PT\/wp-json\/wp\/v2\/users\/1"}],"replies":[{"embeddable":true,"href":"https:\/\/bcn.cv\/pt_PT\/wp-json\/wp\/v2\/comments?post=9770"}],"version-history":[{"count":7,"href":"https:\/\/bcn.cv\/pt_PT\/wp-json\/wp\/v2\/pages\/9770\/revisions"}],"predecessor-version":[{"id":9849,"href":"https:\/\/bcn.cv\/pt_PT\/wp-json\/wp\/v2\/pages\/9770\/revisions\/9849"}],"wp:attachment":[{"href":"https:\/\/bcn.cv\/pt_PT\/wp-json\/wp\/v2\/media?parent=9770"}],"curies":[{"name":"wp","href":"https:\/\/api.w.org\/{rel}","templated":true}]}}