{"id":8011,"date":"2020-05-13T09:28:33","date_gmt":"2020-05-13T09:28:33","guid":{"rendered":"https:\/\/bcn.cv\/pt_PT\/?page_id=8011"},"modified":"2026-04-07T15:28:02","modified_gmt":"2026-04-07T16:28:02","slug":"western-union","status":"publish","type":"page","link":"https:\/\/bcn.cv\/pt_PT\/emigrantes\/emigrantes-servicos\/western-union\/","title":{"rendered":"Western Union"},"content":{"rendered":"<p>[vc_row css=&#8221;.vc_custom_1561999195244{margin-top: 50px !important;padding-bottom: 0px !important;}&#8221;][vc_column width=&#8221;2\/3&#8243;][vc_column_text css=&#8221;.vc_custom_1592249605303{padding-top: 0px !important;padding-bottom: 11px !important;padding-left: 0px !important;}&#8221;]<strong><span style=\"color: #6b696d;\">Atualmente com mais de 550.000 postos de venda de Agentes em mais de 200 pa\u00edses e territ\u00f3rios, milh\u00f5es de pessoas escolhem a Western Union para enviar e receber dinheiro. <\/span><\/strong>[\/vc_column_text][vc_column_text el_class=&#8221;bullet-red&#8221;]<span data-contrast=\"auto\">\u00c9 um servi\u00e7o que permite enviar ou receber dinheiro em minutos, para qualquer parte do mundo, de forma <strong>simples, r\u00e1pida<\/strong><\/span><strong> e segura.\u00a0<\/strong><\/p>\n<p><b>Permite efectuar\u00a0transfer\u00eancias de dinheiro para:\u00a0<\/b><\/p>\n<ul>\n<li aria-setsize=\"-1\" data-aria-level=\"2\" data-aria-posinset=\"1\" data-listid=\"39\" data-font=\"Courier New\" data-leveltext=\"o\"><span data-contrast=\"auto\">Qualquer parte do mundo onde a Western Union possui agentes\/representantes;<\/span><span data-ccp-props=\"{&quot;134233117&quot;:true,&quot;134233118&quot;:true,&quot;201341983&quot;:0,&quot;335559739&quot;:160,&quot;335559740&quot;:240}\">\u00a0<\/span><\/li>\n<li aria-setsize=\"-1\" data-aria-level=\"2\" data-aria-posinset=\"2\" data-listid=\"39\" data-font=\"Courier New\" data-leveltext=\"o\"><span data-contrast=\"auto\">De qualquer pa\u00eds para Cabo Verde;<\/span><span data-ccp-props=\"{&quot;134233117&quot;:true,&quot;134233118&quot;:true,&quot;201341983&quot;:0,&quot;335559739&quot;:160,&quot;335559740&quot;:240}\">\u00a0<\/span><\/li>\n<li aria-setsize=\"-1\" data-aria-level=\"2\" data-aria-posinset=\"3\" data-listid=\"39\" data-font=\"Courier New\" data-leveltext=\"o\"><span data-contrast=\"auto\">Dentro de Cabo Verde.<\/span><span data-ccp-props=\"{&quot;134233117&quot;:true,&quot;134233118&quot;:true,&quot;201341983&quot;:0,&quot;335559739&quot;:160,&quot;335559740&quot;:240}\">\u00a0<\/span><\/li>\n<\/ul>\n<p>[\/vc_column_text][vc_column_text el_class=&#8221;bullet-red&#8221;]<\/p>\n<h4><b>Como enviar dinheiro numa Ag\u00eancia BCN?<\/b><\/h4>\n<ul>\n<li aria-setsize=\"-1\" data-aria-level=\"1\" data-aria-posinset=\"1\" data-listid=\"40\" data-font=\"Symbol\" data-leveltext=\"\uf0b7\"><span data-contrast=\"auto\">Preencher o formul\u00e1rio de envio de dinheiro;<\/span><span data-ccp-props=\"{&quot;134233117&quot;:true,&quot;134233118&quot;:true,&quot;201341983&quot;:0,&quot;335559740&quot;:240}\">\u00a0<\/span><\/li>\n<li aria-setsize=\"-1\" data-aria-level=\"1\" data-aria-posinset=\"2\" data-listid=\"40\" data-font=\"Symbol\" data-leveltext=\"\uf0b7\"><span data-contrast=\"auto\">Apresentar ao Caixa um documento de identifica\u00e7\u00e3o v\u00e1lido (B.I. ou passaporte);<\/span><span data-ccp-props=\"{&quot;134233117&quot;:true,&quot;134233118&quot;:true,&quot;201341983&quot;:0,&quot;335559740&quot;:240}\">\u00a0<\/span><\/li>\n<li aria-setsize=\"-1\" data-aria-level=\"1\" data-aria-posinset=\"3\" data-listid=\"40\" data-font=\"Symbol\" data-leveltext=\"\uf0b7\"><span data-contrast=\"auto\">Providenciar o pagamento em dinheiro;<\/span><span data-contrast=\"auto\">\u00a0<\/span><span data-ccp-props=\"{&quot;134233117&quot;:true,&quot;134233118&quot;:true,&quot;201341983&quot;:0,&quot;335559740&quot;:240}\">\u00a0<\/span><\/li>\n<li aria-setsize=\"-1\" data-aria-level=\"1\" data-aria-posinset=\"4\" data-listid=\"40\" data-font=\"Symbol\" data-leveltext=\"\uf0b7\"><span data-contrast=\"auto\">Receber a confirma\u00e7\u00e3o da opera\u00e7\u00e3o, incluindo o recibo e c\u00f3digo (MTCN);<\/span><span data-ccp-props=\"{&quot;134233117&quot;:true,&quot;134233118&quot;:true,&quot;201341983&quot;:0,&quot;335559740&quot;:240}\">\u00a0<\/span><\/li>\n<li aria-setsize=\"-1\" data-aria-level=\"1\" data-aria-posinset=\"5\" data-listid=\"40\" data-font=\"Symbol\" data-leveltext=\"\uf0b7\"><span data-contrast=\"auto\">Comunicar ao benefici\u00e1rio o valor da transfer\u00eancia e o c\u00f3digo (MTCN).<\/span><span data-ccp-props=\"{&quot;134233117&quot;:true,&quot;134233118&quot;:true,&quot;201341983&quot;:0,&quot;335559740&quot;:240}\">\u00a0<\/span><\/li>\n<\/ul>\n<h4><\/h4>\n<h4><b>Como receber dinheiro numa Ag\u00eancia BCN?<\/b><\/h4>\n<ul>\n<li aria-setsize=\"-1\" data-aria-level=\"1\" data-aria-posinset=\"6\" data-listid=\"41\" data-font=\"Symbol\" data-leveltext=\"\uf0b7\"><span data-contrast=\"auto\">Fornecer ao <\/span><span data-contrast=\"auto\">c<\/span><span data-contrast=\"auto\">aixa o c\u00f3digo (MTCN)<\/span><span data-contrast=\"auto\">, <\/span><span data-contrast=\"auto\">os dados do remetente<\/span><span data-contrast=\"auto\">, os dados <\/span><span data-contrast=\"auto\">do pr\u00f3prio benefici\u00e1rio<\/span><span data-contrast=\"auto\"> e montante enviado<\/span><span data-contrast=\"auto\">;<\/span><span data-ccp-props=\"{&quot;134233117&quot;:true,&quot;134233118&quot;:true,&quot;201341983&quot;:0,&quot;335559740&quot;:240}\">\u00a0<\/span><\/li>\n<li aria-setsize=\"-1\" data-aria-level=\"1\" data-aria-posinset=\"7\" data-listid=\"41\" data-font=\"Symbol\" data-leveltext=\"\uf0b7\"><span data-contrast=\"auto\">Apresentar <\/span><span data-contrast=\"auto\">ao c<\/span><span data-contrast=\"auto\">aixa um documento de identifica\u00e7\u00e3o v\u00e1lido (B.I. ou passaporte);<\/span><span data-ccp-props=\"{&quot;134233117&quot;:true,&quot;134233118&quot;:true,&quot;201341983&quot;:0,&quot;335559740&quot;:240}\">\u00a0<\/span><\/li>\n<li aria-setsize=\"-1\" data-aria-level=\"1\" data-aria-posinset=\"8\" data-listid=\"41\" data-font=\"Symbol\" data-leveltext=\"\uf0b7\"><span data-contrast=\"auto\">Assinar o recibo e recolher o dinheiro.<\/span><span data-ccp-props=\"{&quot;134233117&quot;:true,&quot;134233118&quot;:true,&quot;201341983&quot;:0,&quot;335559740&quot;:240}\">\u00a0<\/span><\/li>\n<\/ul>\n<p>[\/vc_column_text][vc_column_text css=&#8221;.vc_custom_1563125144387{margin-bottom: 0px !important;padding-bottom: 0px !important;}&#8221;]<\/p>\n<h3><span style=\"color: #da3535;\"><strong>BENEF\u00cdCIOS<\/strong><\/span><\/h3>\n<p>[\/vc_column_text][vc_row_inner css=&#8221;.vc_custom_1588678567130{margin-top: 0px !important;margin-right: 36px !important;margin-left: 0px !important;padding-top: 30px !important;padding-bottom: 30px !important;padding-left: 10px !important;background: #ed1f27 url(https:\/\/bcn.cv\/pt_PT\/wp-content\/uploads\/2018\/12\/logo-element-watermark-md.png?id=1722) !important;}&#8221;][vc_column_inner width=&#8221;2\/5&#8243;][vc_column_text css=&#8221;.vc_custom_1588158081588{margin-top: 25px !important;margin-right: 0px !important;margin-left: 0px !important;padding-right: 0px !important;padding-left: 15px !important;}&#8221;]<\/p>\n<h3><strong><span style=\"color: #ffffff !important; font-size: 22x;\">O QUE O BCN LHE OFERECE<\/span><\/strong><\/h3>\n<p>[\/vc_column_text][vc_single_image image=&#8221;1736&#8243; img_size=&#8221;full&#8221; el_class=&#8221;icon-about&#8221;][\/vc_column_inner][vc_column_inner width=&#8221;3\/5&#8243; css=&#8221;.vc_custom_1583926353129{margin-top: 0px !important;}&#8221;][vc_column_text el_class=&#8221;offers-text bullet-white&#8221; css=&#8221;.vc_custom_1589292786161{margin-top: 20px !important;margin-bottom: 20px !important;}&#8221;]<\/p>\n<ul style=\"margin: 0; padding: 0;\">\n<li><span style=\"color: #ffffff; font-size: 14px;\">Rapidez: Transfer\u00eancias nacionais e internacionais de dinheiro em poucos minutos;<\/span><\/li>\n<li><span style=\"color: #ffffff; font-size: 14px;\">Seguran\u00e7a: O dinheiro chega ao destinat\u00e1rio com toda a seguran\u00e7a, no prazo estabelecido;<\/span><\/li>\n<li><span style=\"color: #ffffff; font-size: 14px;\">Cobertura Mundial: Mais de 486.000 agentes em mais de 200 pa\u00edses em todo o Mundo;<\/span><\/li>\n<li><span style=\"color: #ffffff; font-size: 14px;\">Fiabilidade: A Western Union \u00e9 l\u00edder no mercado internacional de transfer\u00eancias urgentes de fundos.<\/span><\/li>\n<\/ul>\n<p>[\/vc_column_text][\/vc_column_inner][\/vc_row_inner][vc_row_inner][\/vc_row_inner][vc_column_inner][\/vc_column_inner][vc_column_text css=&#8221;.vc_custom_1587122623366{margin-top: 38px !important;margin-bottom: 0px !important;padding-bottom: 0px !important;}&#8221;]<\/p>\n<h3><span style=\"color: #da3535; font-size: 22px;\">Saiba mais sobre&#8230;<\/span><\/h3>\n<p>[\/vc_column_text][vc_row_inner][vc_column_inner el_class=&#8221;pdf-icon&#8221; width=&#8221;1\/6&#8243; css=&#8221;.vc_custom_1588589060520{margin-left: 15px !important;}&#8221;][vc_single_image image=&#8221;7026&#8243; img_size=&#8221;70&#215;72&#8243;][\/vc_column_inner][vc_column_inner width=&#8221;1\/3&#8243;][vc_column_text]<\/p>\n<h4><strong>Documentos e<br \/>\nInforma\u00e7\u00f5es<\/strong><\/h4>\n<p>[\/vc_column_text][\/vc_column_inner][vc_column_inner width=&#8221;1\/2&#8243; css=&#8221;.vc_custom_1588608064337{margin-top: 0px !important;padding-right: 24px !important;}&#8221;][vc_column_text el_class=&#8221;pdfs-download&#8221; css=&#8221;.vc_custom_1589293030263{padding-right: 20px !important;}&#8221;]<\/p>\n<p style=\"color: #6b696d !important;\"><a href=\"https:\/\/bcn.cv\/pt_PT\/formularios\/\" target=\"_blank\" rel=\"noopener noreferrer\">Formul\u00e1rios Western Union de Envio e Recep\u00e7\u00e3o de dinheiro<\/a><\/p>\n<p>[\/vc_column_text][\/vc_column_inner][\/vc_row_inner][\/vc_column][vc_column width=&#8221;1\/3&#8243; el_class=&#8221;align-content right&#8221;][vc_column_text css=&#8221;.vc_custom_1594398306113{margin-left: 10px !important;padding-top: 5px !important;padding-right: 15px !important;padding-bottom: 15px !important;padding-left: 15px !important;background-color: #ed1f27 !important;}&#8221;]<\/p>\n<h4 style=\"color: #ffffff !important; padding: 20px 0 0 10px; line-height: 18px;\"><strong><span style=\"color: #ffffff !important; padding: 5px 0 0 0px; margin-bottom: 0; line-height: 18px;\">SIMULADOR WESTERN UNION<br \/>\n<\/span><\/strong><\/h4>\n<p><iframe style=\"margin: 0; padding: 0;\" src=\"https:\/\/bcn.cv\/pt_PT\/calculators\/wu-calculator.html\" width=\"100%\" height=\"420\" frameborder=\"0\" scrolling=\"no\" data-mce-fragment=\"1\"><\/iframe>[\/vc_column_text][\/vc_column][\/vc_row][vc_row css=&#8221;.vc_custom_1587461986531{margin-top: 60px !important;}&#8221;][vc_column css=&#8221;.vc_custom_1582213073468{margin-top: -75px !important;}&#8221;]<div class=\"title-vertical-line\"><h2><span>Informa\u00e7\u00e3o<\/span> \u00datil<\/h2><p><\/p><\/div>[\/vc_column][\/vc_row][vc_row css=&#8221;.vc_custom_1584698679942{margin-right: 14% !important;margin-left: 14% !important;}&#8221; el_class=&#8221;useful-info&#8221;][vc_column width=&#8221;1\/5&#8243; css=&#8221;.vc_custom_1554915538453{padding-right: 20px !important;padding-left: 20px !important;}&#8221;][vc_row_inner css=&#8221;.vc_custom_1562689691580{margin-top: 0px !important;padding-top: 0px !important;}&#8221;][vc_column_inner width=&#8221;1\/4&#8243;][vc_single_image image=&#8221;3916&#8243; alignment=&#8221;center&#8221; el_class=&#8221;info-icon&#8221; css=&#8221;.vc_custom_1584639152674{padding-right: -3px !important;}&#8221;][\/vc_column_inner][vc_column_inner width=&#8221;3\/4&#8243;][vc_column_text css=&#8221;.vc_custom_1588862998454{margin-top: 20px !important;margin-left: 0px !important;padding-left: 0px !important;}&#8221;]<\/p>\n<h5><span style=\"color: #333333;\"><a style=\"color: #333333;\" href=\"https:\/\/bcn.cv\/pt_PT\/precario\/\"><strong>PRE\u00c7\u00c1RIO<\/strong><\/a><\/span><\/h5>\n<p>[\/vc_column_text][\/vc_column_inner][\/vc_row_inner][\/vc_column][vc_column width=&#8221;1\/5&#8243; css=&#8221;.vc_custom_1554915650188{padding-right: 20px !important;padding-left: 20px !important;}&#8221;][vc_row_inner css=&#8221;.vc_custom_1562689691580{margin-top: 0px !important;padding-top: 0px !important;}&#8221;][vc_column_inner width=&#8221;1\/4&#8243;][vc_single_image image=&#8221;3941&#8243; alignment=&#8221;center&#8221; el_class=&#8221;info-icon&#8221; css=&#8221;.vc_custom_1584639170837{margin-right: -3px !important;}&#8221;][\/vc_column_inner][vc_column_inner width=&#8221;3\/4&#8243;][vc_column_text css=&#8221;.vc_custom_1588863022868{margin-top: 20px !important;margin-left: 0px !important;padding-left: 0px !important;}&#8221;]<\/p>\n<h5><strong><span style=\"color: #333333;\"><span style=\"color: #333336;\"><a style=\"color: #333336;\" href=\"https:\/\/bcnonline.bcn.cv\/\">\u00c1REA DE CLIENTE<\/a><\/span><br \/>\n<\/span><\/strong><\/h5>\n<p>[\/vc_column_text][\/vc_column_inner][\/vc_row_inner][\/vc_column][vc_column width=&#8221;2\/5&#8243; css=&#8221;.vc_custom_1554915579391{padding-right: 20px !important;padding-left: 20px !important;}&#8221;][vc_row_inner css=&#8221;.vc_custom_1562689691580{margin-top: 0px !important;padding-top: 0px !important;}&#8221;][vc_column_inner width=&#8221;1\/4&#8243;][vc_single_image image=&#8221;3905&#8243; alignment=&#8221;right&#8221; el_class=&#8221;info-icon&#8221; css=&#8221;.vc_custom_1584639180305{margin-right: 13px !important;}&#8221;][\/vc_column_inner][vc_column_inner width=&#8221;3\/4&#8243;][vc_column_text css=&#8221;.vc_custom_1588863050212{margin-top: 10px !important;margin-left: 0px !important;padding-left: 0px !important;}&#8221;]<\/p>\n<h5><strong><span style=\"color: #333333;\"><a style=\"color: #333333;\" href=\"https:\/\/bcn.cv\/pt_PT\/formularios\/\">DOCUMENTOS E FORMUL\u00c1RIOS<\/a><br \/>\n<\/span><\/strong><\/h5>\n<p>[\/vc_column_text][\/vc_column_inner][\/vc_row_inner][\/vc_column][vc_column width=&#8221;1\/5&#8243;][vc_row_inner css=&#8221;.vc_custom_1562689691580{margin-top: 0px !important;padding-top: 0px !important;}&#8221;][vc_column_inner width=&#8221;1\/4&#8243;][vc_single_image image=&#8221;3918&#8243; alignment=&#8221;center&#8221; el_class=&#8221;info-icon last&#8221; css=&#8221;.vc_custom_1584639195656{margin-right: -17px !important;}&#8221;][\/vc_column_inner][vc_column_inner width=&#8221;3\/4&#8243;][vc_column_text css=&#8221;.vc_custom_1588863071883{margin-top: 20px !important;margin-left: 10px !important;padding-left: 0px !important;}&#8221;]<\/p>\n<h5><strong><span style=\"color: #333333;\"><a style=\"color: #333333;\" href=\"https:\/\/bcn.cv\/pt_PT\/protocolos\/\">PROTOCOLOS<\/a><br \/>\n<\/span><\/strong><\/h5>\n<p>[\/vc_column_text][\/vc_column_inner][\/vc_row_inner][\/vc_column][\/vc_row]<\/p>\n","protected":false},"excerpt":{"rendered":"<p>[vc_row css=&#8221;.vc_custom_1561999195244{margin-top: 50px !important;padding-bottom: 0px !important;}&#8221;][vc_column width=&#8221;2\/3&#8243;][vc_column_text css=&#8221;.vc_custom_1592249605303{padding-top: 0px !important;padding-bottom: 11px !important;padding-left: 0px !important;}&#8221;]Atualmente com mais de 550.000 postos de venda de Agentes em mais de 200 pa\u00edses e territ\u00f3rios, milh\u00f5es de pessoas escolhem a Western Union para enviar e receber dinheiro. [\/vc_column_text][vc_column_text el_class=&#8221;bullet-red&#8221;]\u00c9 um [&hellip;]<\/p>\n","protected":false},"author":1,"featured_media":0,"parent":2209,"menu_order":16,"comment_status":"closed","ping_status":"closed","template":"template-builder.php","meta":{"inline_featured_image":false},"aioseo_notices":[],"_links":{"self":[{"href":"https:\/\/bcn.cv\/pt_PT\/wp-json\/wp\/v2\/pages\/8011"}],"collection":[{"href":"https:\/\/bcn.cv\/pt_PT\/wp-json\/wp\/v2\/pages"}],"about":[{"href":"https:\/\/bcn.cv\/pt_PT\/wp-json\/wp\/v2\/types\/page"}],"author":[{"embeddable":true,"href":"https:\/\/bcn.cv\/pt_PT\/wp-json\/wp\/v2\/users\/1"}],"replies":[{"embeddable":true,"href":"https:\/\/bcn.cv\/pt_PT\/wp-json\/wp\/v2\/comments?post=8011"}],"version-history":[{"count":10,"href":"https:\/\/bcn.cv\/pt_PT\/wp-json\/wp\/v2\/pages\/8011\/revisions"}],"predecessor-version":[{"id":16407,"href":"https:\/\/bcn.cv\/pt_PT\/wp-json\/wp\/v2\/pages\/8011\/revisions\/16407"}],"up":[{"embeddable":true,"href":"https:\/\/bcn.cv\/pt_PT\/wp-json\/wp\/v2\/pages\/2209"}],"wp:attachment":[{"href":"https:\/\/bcn.cv\/pt_PT\/wp-json\/wp\/v2\/media?parent=8011"}],"curies":[{"name":"wp","href":"https:\/\/api.w.org\/{rel}","templated":true}]}}