{"id":7803,"date":"2020-05-11T10:27:28","date_gmt":"2020-05-11T10:27:28","guid":{"rendered":"https:\/\/bcn.cv\/pt_PT\/?page_id=7803"},"modified":"2026-04-07T15:19:02","modified_gmt":"2026-04-07T16:19:02","slug":"recheio-do-lar","status":"publish","type":"page","link":"https:\/\/bcn.cv\/pt_PT\/emigrantes\/emigrantes-credito\/recheio-do-lar\/","title":{"rendered":"BCN Recheio do Lar"},"content":{"rendered":"<p>[vc_row css=&#8221;.vc_custom_1585215108093{margin-top: 50px !important;margin-bottom: 100px !important;padding-bottom: 0px !important;}&#8221;][vc_column width=&#8221;2\/3&#8243; el_class=&#8221;align-content left&#8221;][vc_column_text]Para concretizar as ideias que tem para o seu lar, criamos um cr\u00e9dito simples, que poder\u00e1 usar para financiar a compra de mobili\u00e1rio e eletrodom\u00e9sticos novos ou realizar remodela\u00e7\u00f5es e pequenas obras.[\/vc_column_text][vc_column_text]<\/p>\n<h4><\/h4>\n<h4><strong>Finalidade<\/strong><\/h4>\n<p style=\"text-align: left;\">O <strong>BCN Recheio do Lar<\/strong> \u00e9 destinado a financiar mobili\u00e1rio, eletrodom\u00e9sticos, entre outros, para rechear a sua casa com tudo o que precisa.<\/p>\n<h4><strong>Lojas Aderentes<br \/>\n<\/strong><\/h4>\n<p>Disponibilizamos condi\u00e7\u00f5es especiais na contrata\u00e7\u00e3o do Cr\u00e9dito Recheio do Lar nas seguintes lojas aderentes: <strong>Manuel dos Anjos, SOCOL, SICOR, Samsung Cabo Verde, Charles Company.<\/strong><\/p>\n<h4><b>Condi\u00e7\u00f5es<\/b><\/h4>\n<p>[\/vc_column_text][vc_row_inner equal_height=&#8221;yes&#8221; css=&#8221;.vc_custom_1586189145050{padding-right: 50px !important;}&#8221;][vc_column_inner el_class=&#8221;info-box&#8221; width=&#8221;1\/3&#8243; css=&#8221;.vc_custom_1583842420497{padding-right: 0px !important;padding-left: 0px !important;}&#8221;][vc_column_text css=&#8221;.vc_custom_1589121924304{padding-top: 16px !important;padding-bottom: 16px !important;background-color: #eff3f8 !important;}&#8221;]<\/p>\n<h5 style=\"text-align: center; color: #ffffff;\"><span style=\"color: #da3535;\"><strong>Prazo<\/strong><\/span><\/h5>\n<p>[\/vc_column_text][vc_column_text css=&#8221;.vc_custom_1589121967693{margin-top: 15px !important;margin-bottom: 15px !important;border-bottom-width: 0px !important;padding-top: 0px !important;padding-right: 15px !important;padding-left: 15px !important;border-radius: 5px !important;}&#8221;]<\/p>\n<p style=\"text-align: center;\">M\u00ednimo: 6 meses<br \/>\nM\u00e1ximo: 60 meses (5 anos)[\/vc_column_text][\/vc_column_inner][vc_column_inner el_class=&#8221;info-box&#8221; width=&#8221;1\/3&#8243; css=&#8221;.vc_custom_1583842424177{padding-right: 0px !important;padding-left: 0px !important;}&#8221;][vc_column_text css=&#8221;.vc_custom_1589121932529{padding-top: 16px !important;padding-bottom: 16px !important;background-color: #eff3f8 !important;}&#8221;]<\/p>\n<h5 style=\"text-align: center; color: #ffffff;\"><span style=\"color: #da3535;\"><strong>Taxa<\/strong><\/span><\/h5>\n<p>[\/vc_column_text][vc_column_text css=&#8221;.vc_custom_1589121989697{margin-top: 15px !important;margin-bottom: 15px !important;margin-left: 0px !important;padding-top: 0px !important;padding-right: 15px !important;padding-left: 15px !important;border-radius: 5px !important;}&#8221;]<\/p>\n<p style=\"text-align: center;\">10.0%<\/p>\n<p>[\/vc_column_text][\/vc_column_inner][vc_column_inner el_class=&#8221;info-box&#8221; width=&#8221;1\/3&#8243; css=&#8221;.vc_custom_1583842427721{padding-right: 0px !important;padding-left: 0px !important;}&#8221;][vc_column_text css=&#8221;.vc_custom_1589121941690{padding-top: 16px !important;padding-bottom: 16px !important;background-color: #eff3f8 !important;}&#8221;]<\/p>\n<h5 style=\"text-align: center; color: #ffffff;\"><span style=\"color: #da3535;\"><strong>Montantes<\/strong><\/span><\/h5>\n<p>[\/vc_column_text][vc_column_text css=&#8221;.vc_custom_1589121981446{margin-top: 15px !important;margin-bottom: 0px !important;margin-left: 0px !important;padding-top: 0px !important;padding-right: 10px !important;padding-left: 10px !important;border-radius: 5px !important;}&#8221;]<\/p>\n<p style=\"text-align: center;\">M\u00ednimo: 100.000$<br \/>\nM\u00e1ximo: 1.000.000$[\/vc_column_text][\/vc_column_inner][\/vc_row_inner][vc_column_text css=&#8221;.vc_custom_1596483912058{margin-top: 35px !important;margin-bottom: 0px !important;padding-bottom: 0px !important;}&#8221;]<\/p>\n<h4><strong>Presta\u00e7\u00f5es<\/strong><\/h4>\n<p>Presta\u00e7\u00e3o mensal, constante, de capital e juros.<\/p>\n<h4><b>Benef\u00edcios<\/b><\/h4>\n<p><span data-ccp-props=\"{&quot;201341983&quot;:0,&quot;335559740&quot;:240}\">Desconto de 50% nas comiss\u00f5es de abertura do cr\u00e9dito.<\/span><\/p>\n<h4><b>Como pedir um BCN Recheio para o Lar?<\/b><\/h4>\n<p>Decida quanto precisa e em quantos meses quer amortizar o seu Cr\u00e9dito Recheio do Lar do mobili\u00e1rio e eletrodom\u00e9sticos que adquiriu. As presta\u00e7\u00f5es mensais do seu cr\u00e9dito s\u00e3o constantes do primeiro ao \u00faltimo dia.<\/p>\n<p><strong><span style=\"color: #da3535;\">1. Escolha o mobili\u00e1rio e\/ou equipamentos para o seu lar numa das lojas aderentes;<\/span><\/strong><br \/>\n<strong><span style=\"color: #da3535;\">2. Solicite uma fatura proforma;<\/span><\/strong><br \/>\n<strong><span style=\"color: #da3535;\">3. Fa\u00e7a a simula\u00e7\u00e3o<\/span><\/strong> aqui no nosso site ou dirija-se a uma das nossas ag\u00eancias BCN;<br \/>\n<strong><span style=\"color: #da3535;\">4. Re\u00fana a documenta\u00e7\u00e3o necess\u00e1ria:<\/span><\/strong><\/p>\n<ul>\n<li>Proposta de cr\u00e9dito devidamente preenchida e assinada;<\/li>\n<li>Fotoc\u00f3pia de BI (frente e verso);<\/li>\n<li>Declara\u00e7\u00e3o de NIF;<\/li>\n<li>Comprovativo de rendimento (se existirem, IUR do ano anterior e\/ou \u00faltimos 3 recibos de vencimento);<\/li>\n<\/ul>\n<p><strong><span style=\"color: #da3535;\">5. Entregue a documenta\u00e7\u00e3o e formalize o pedido de cr\u00e9dito.<\/span><\/strong><\/p>\n<p><strong>Custos<\/strong><\/p>\n<p>Comiss\u00e3o de abertura do cr\u00e9dito (consulte o nosso\u00a0<a href=\"https:\/\/bcn.cv\/pt_PT\/wp-content\/uploads\/2020\/05\/Precario-BCN.pdf\">Pre\u00e7\u00e1rio<\/a>).<\/p>\n<p><span style=\"color: #da3535;\"><strong>6. Avalia\u00e7\u00e3o e Confirma\u00e7\u00e3o<\/strong><\/span><\/p>\n<p>Ap\u00f3s entrega dos documentos necess\u00e1rios, contact\u00e1-lo-emos por telefone para confirma\u00e7\u00e3o do seu pedido de cr\u00e9dito submetido.[\/vc_column_text][\/vc_column][vc_column width=&#8221;1\/3&#8243; el_class=&#8221;align-content right&#8221;][vc_column_text css=&#8221;.vc_custom_1588938664804{padding-top: 5px !important;padding-right: 10px !important;padding-left: 10px !important;background-color: #ed1f27 !important;}&#8221;]<\/p>\n<h4 style=\"color: #ffffff !important; padding: 20px 0 0 20px; line-height: 18px;\"><strong><span style=\"color: #ffffff !important; margin-bottom: 0; line-height: 18px;\">SIMULE O SEU CR\u00c9DITO EM 3 PASSOS<\/span><\/strong><\/h4>\n<p style=\"color: #ffffff; margin: 5px 0 0 20px; margin-bottom: 0; line-height: 18px;\"><span style=\"color: #ffffff;\">Fa\u00e7a j\u00e1 uma simula\u00e7\u00e3o do cr\u00e9dito e submeta o seu pedido online. <b>Simular \u00e9 r\u00e1pido e f\u00e1cil<\/b>.<\/span><\/p>\n<p><iframe style=\"margin: 0; padding: 0;\" src=\"https:\/\/bcn.cv\/pt_PT\/calculators\/loan-calculator.html\" width=\"100%\" height=\"490\" frameborder=\"0\" scrolling=\"no\"><\/iframe>[\/vc_column_text][\/vc_column][\/vc_row][vc_row][vc_column][vc_column_text][\/vc_column_text][\/vc_column][\/vc_row][vc_row][vc_column css=&#8221;.vc_custom_1582213073468{margin-top: -75px !important;}&#8221;]<div class=\"title-vertical-line\"><h2><span>Informa\u00e7\u00e3o<\/span> \u00datil<\/h2><p><\/p><\/div>[\/vc_column][\/vc_row][vc_row css=&#8221;.vc_custom_1584698679942{margin-right: 14% !important;margin-left: 14% !important;}&#8221; el_class=&#8221;useful-info&#8221;][vc_column width=&#8221;1\/5&#8243; css=&#8221;.vc_custom_1554915538453{padding-right: 20px !important;padding-left: 20px !important;}&#8221;][vc_row_inner css=&#8221;.vc_custom_1562689691580{margin-top: 0px !important;padding-top: 0px !important;}&#8221;][vc_column_inner width=&#8221;1\/4&#8243;][vc_single_image image=&#8221;3916&#8243; alignment=&#8221;center&#8221; el_class=&#8221;info-icon&#8221; css=&#8221;.vc_custom_1584639152674{padding-right: -3px !important;}&#8221;][\/vc_column_inner][vc_column_inner width=&#8221;3\/4&#8243;][vc_column_text css=&#8221;.vc_custom_1588092435234{margin-top: 20px !important;margin-left: 0px !important;padding-left: 0px !important;}&#8221;]<\/p>\n<h5><span style=\"color: #333333;\"><a style=\"color: #333333;\" href=\"https:\/\/bcn.cv\/pt_PT\/precario\/\"><strong>PRE\u00c7\u00c1RIO<\/strong><\/a><\/span><\/h5>\n<p>[\/vc_column_text][\/vc_column_inner][\/vc_row_inner][\/vc_column][vc_column width=&#8221;1\/5&#8243; css=&#8221;.vc_custom_1554915650188{padding-right: 20px !important;padding-left: 20px !important;}&#8221;][vc_row_inner css=&#8221;.vc_custom_1562689691580{margin-top: 0px !important;padding-top: 0px !important;}&#8221;][vc_column_inner width=&#8221;1\/4&#8243;][vc_single_image image=&#8221;3941&#8243; alignment=&#8221;center&#8221; el_class=&#8221;info-icon&#8221; css=&#8221;.vc_custom_1584639170837{margin-right: -3px !important;}&#8221;][\/vc_column_inner][vc_column_inner width=&#8221;3\/4&#8243;][vc_column_text css=&#8221;.vc_custom_1588092449909{margin-top: 20px !important;margin-left: 0px !important;padding-left: 0px !important;}&#8221;]<\/p>\n<h5><strong><span style=\"color: #333333;\"><span style=\"color: #333336;\"><a style=\"color: #333336;\" href=\"https:\/\/bcnonline.bcn.cv\/\">\u00c1REA DE CLIENTE<\/a><\/span><br \/>\n<\/span><\/strong><\/h5>\n<p>[\/vc_column_text][\/vc_column_inner][\/vc_row_inner][\/vc_column][vc_column width=&#8221;2\/5&#8243; css=&#8221;.vc_custom_1554915579391{padding-right: 20px !important;padding-left: 20px !important;}&#8221;][vc_row_inner css=&#8221;.vc_custom_1562689691580{margin-top: 0px !important;padding-top: 0px !important;}&#8221;][vc_column_inner width=&#8221;1\/4&#8243;][vc_single_image image=&#8221;3905&#8243; alignment=&#8221;right&#8221; el_class=&#8221;info-icon&#8221; css=&#8221;.vc_custom_1584639180305{margin-right: 13px !important;}&#8221;][\/vc_column_inner][vc_column_inner width=&#8221;3\/4&#8243;][vc_column_text css=&#8221;.vc_custom_1588171567287{margin-top: 20px !important;margin-left: 0px !important;padding-left: 0px !important;}&#8221;]<\/p>\n<h5><strong><span style=\"color: #333333;\"><a style=\"color: #333333;\" href=\"https:\/\/bcn.cv\/pt_PT\/formularios\/\">DOCUMENTOS E FORMUL\u00c1RIOS<\/a><br \/>\n<\/span><\/strong><\/h5>\n<p>[\/vc_column_text][\/vc_column_inner][\/vc_row_inner][\/vc_column][vc_column width=&#8221;1\/5&#8243;][vc_row_inner css=&#8221;.vc_custom_1562689691580{margin-top: 0px !important;padding-top: 0px !important;}&#8221;][vc_column_inner width=&#8221;1\/4&#8243;][vc_single_image image=&#8221;3918&#8243; alignment=&#8221;center&#8221; el_class=&#8221;info-icon last&#8221; css=&#8221;.vc_custom_1584639195656{margin-right: -17px !important;}&#8221;][\/vc_column_inner][vc_column_inner width=&#8221;3\/4&#8243;][vc_column_text css=&#8221;.vc_custom_1588092471365{margin-top: 20px !important;margin-left: 10px !important;padding-left: 0px !important;}&#8221;]<\/p>\n<h5><strong><span style=\"color: #333333;\"><a style=\"color: #333333;\" href=\"https:\/\/bcn.cv\/pt_PT\/protocolos\/\">PROTOCOLOS<\/a><br \/>\n<\/span><\/strong><\/h5>\n<p>[\/vc_column_text][\/vc_column_inner][\/vc_row_inner][\/vc_column][\/vc_row]<\/p>\n","protected":false},"excerpt":{"rendered":"<p>[vc_row css=&#8221;.vc_custom_1585215108093{margin-top: 50px !important;margin-bottom: 100px !important;padding-bottom: 0px !important;}&#8221;][vc_column width=&#8221;2\/3&#8243; el_class=&#8221;align-content left&#8221;][vc_column_text]Para concretizar as ideias que tem para o seu lar, criamos um cr\u00e9dito simples, que poder\u00e1 usar para financiar a compra de mobili\u00e1rio e eletrodom\u00e9sticos novos ou realizar remodela\u00e7\u00f5es e pequenas obras.[\/vc_column_text][vc_column_text] Finalidade O BCN [&hellip;]<\/p>\n","protected":false},"author":1,"featured_media":0,"parent":2225,"menu_order":16,"comment_status":"closed","ping_status":"closed","template":"template-builder.php","meta":{"inline_featured_image":false},"aioseo_notices":[],"_links":{"self":[{"href":"https:\/\/bcn.cv\/pt_PT\/wp-json\/wp\/v2\/pages\/7803"}],"collection":[{"href":"https:\/\/bcn.cv\/pt_PT\/wp-json\/wp\/v2\/pages"}],"about":[{"href":"https:\/\/bcn.cv\/pt_PT\/wp-json\/wp\/v2\/types\/page"}],"author":[{"embeddable":true,"href":"https:\/\/bcn.cv\/pt_PT\/wp-json\/wp\/v2\/users\/1"}],"replies":[{"embeddable":true,"href":"https:\/\/bcn.cv\/pt_PT\/wp-json\/wp\/v2\/comments?post=7803"}],"version-history":[{"count":4,"href":"https:\/\/bcn.cv\/pt_PT\/wp-json\/wp\/v2\/pages\/7803\/revisions"}],"predecessor-version":[{"id":16398,"href":"https:\/\/bcn.cv\/pt_PT\/wp-json\/wp\/v2\/pages\/7803\/revisions\/16398"}],"up":[{"embeddable":true,"href":"https:\/\/bcn.cv\/pt_PT\/wp-json\/wp\/v2\/pages\/2225"}],"wp:attachment":[{"href":"https:\/\/bcn.cv\/pt_PT\/wp-json\/wp\/v2\/media?parent=7803"}],"curies":[{"name":"wp","href":"https:\/\/api.w.org\/{rel}","templated":true}]}}