{"id":7766,"date":"2020-05-11T09:30:19","date_gmt":"2020-05-11T09:30:19","guid":{"rendered":"https:\/\/bcn.cv\/pt_PT\/?page_id=7766"},"modified":"2026-04-07T15:25:05","modified_gmt":"2026-04-07T16:25:05","slug":"cartaovinti4","status":"publish","type":"page","link":"https:\/\/bcn.cv\/pt_PT\/emigrantes\/emigrantes-cartoes\/cartaovinti4\/","title":{"rendered":"Cart\u00e3o Vinti4"},"content":{"rendered":"<p>[vc_row css=&#8221;.vc_custom_1561999195244{margin-top: 50px !important;padding-bottom: 0px !important;}&#8221;][vc_column width=&#8221;2\/3&#8243;][vc_column_text css=&#8221;.vc_custom_1588951205266{padding-top: 0px !important;padding-bottom: 11px !important;padding-left: 0px !important;}&#8221;]<strong><span style=\"color: #6b696d;\">Fa\u00e7a pagamentos e levantamentos em Cabo Verde e em sites aderentes \u00e0 Rede Vinti4 com facilidade e seguran\u00e7a.<\/span><\/strong><\/p>\n<p>O\u00a0<strong>Cart\u00e3o Vinti4<\/strong>\u00a0\u00e9 um cart\u00e3o de d\u00e9bito nacional, associado \u00e0 sua conta \u00e0 ordem, emitido numa das ag\u00eancias BCN, que lhe oferece um servi\u00e7o eficiente e de elevada qualidade, garantindo uma maior seguran\u00e7a na realiza\u00e7\u00e3o das suas opera\u00e7\u00f5es.[\/vc_column_text][vc_column_text el_class=&#8221;bullet-red check-tables&#8221;]<\/p>\n<table data-tablelook=\"1184\" data-tablestyle=\"MsoNormalTable\">\n<tbody>\n<tr>\n<td data-celllook=\"69905\"><span style=\"color: #da3535;\"><b><span style=\"vertical-align: inherit;\"><span style=\"vertical-align: inherit;\">FUNCIONALIDADES<\/span><\/span><\/b><\/span><\/td>\n<td data-celllook=\"69905\">\n<p style=\"text-align: center;\"><span style=\"color: #da3535;\">\u00a0<\/span><\/p>\n<\/td>\n<\/tr>\n<tr>\n<td data-celllook=\"69889\"><span data-contrast=\"none\"><span style=\"vertical-align: inherit;\"><span style=\"vertical-align: inherit;\">\u00a0Levantamentos <\/span><\/span><\/span><span data-contrast=\"none\"><span style=\"vertical-align: inherit;\"><span style=\"vertical-align: inherit;\">e Compras em Cabo Verde<\/span><\/span><\/span><span data-contrast=\"none\">\u00a0<\/span><span data-ccp-props=\"{&quot;201341983&quot;:0,&quot;335551550&quot;:2,&quot;335551620&quot;:2,&quot;335559740&quot;:240}\">\u00a0<\/span><\/td>\n<td data-celllook=\"69889\">\n<p style=\"text-align: center;\"><span data-ccp-props=\"{&quot;201341983&quot;:0,&quot;335551550&quot;:2,&quot;335551620&quot;:2,&quot;335559740&quot;:240}\"><span style=\"vertical-align: inherit;\">\u221a<\/span>\u00a0<\/span><\/p>\n<\/td>\n<\/tr>\n<tr>\n<td data-celllook=\"69889\"><span data-contrast=\"none\"><span style=\"vertical-align: inherit;\"><span style=\"vertical-align: inherit;\">\u00a0Transfer\u00eancia Nacionais<\/span><\/span><\/span><\/td>\n<td data-celllook=\"69889\">\n<p style=\"text-align: center;\"><span data-ccp-props=\"{&quot;201341983&quot;:0,&quot;335551550&quot;:2,&quot;335551620&quot;:2,&quot;335559740&quot;:240}\"><span style=\"vertical-align: inherit;\">\u221a<\/span>\u00a0<\/span><\/p>\n<\/td>\n<\/tr>\n<tr>\n<td data-celllook=\"69889\"><span data-contrast=\"none\"><span style=\"vertical-align: inherit;\"><span style=\"vertical-align: inherit;\">\u00a0Pagamentos de Servi\u00e7os e Impostos<\/span><\/span><\/span><span data-ccp-props=\"{&quot;201341983&quot;:0,&quot;335551550&quot;:2,&quot;335551620&quot;:2,&quot;335559740&quot;:240}\">\u00a0<\/span><\/td>\n<td data-celllook=\"69889\">\n<p style=\"text-align: center;\"><span data-ccp-props=\"{&quot;201341983&quot;:0,&quot;335551550&quot;:2,&quot;335551620&quot;:2,&quot;335559740&quot;:240}\"> <span style=\"vertical-align: inherit;\">\u221a<\/span><\/span><\/p>\n<\/td>\n<\/tr>\n<tr>\n<td data-celllook=\"69889\"><span data-contrast=\"none\"><span style=\"vertical-align: inherit;\"><span style=\"vertical-align: inherit;\">\u00a0Carregamento de Telem\u00f3veis<\/span><\/span><\/span><span data-ccp-props=\"{&quot;201341983&quot;:0,&quot;335551550&quot;:2,&quot;335551620&quot;:2,&quot;335559740&quot;:240}\">\u00a0<\/span><\/td>\n<td data-celllook=\"69889\">\n<p style=\"text-align: center;\"><span data-ccp-props=\"{&quot;201341983&quot;:0,&quot;335551550&quot;:2,&quot;335551620&quot;:2,&quot;335559740&quot;:240}\"><span style=\"vertical-align: inherit;\">\u221a<\/span>\u00a0<\/span><\/p>\n<\/td>\n<\/tr>\n<tr>\n<td data-celllook=\"69889\"><span data-contrast=\"none\"><span style=\"vertical-align: inherit;\"><span style=\"vertical-align: inherit;\">\u00a0Altera\u00e7\u00e3o PIN<\/span><\/span><\/span><span data-ccp-props=\"{&quot;201341983&quot;:0,&quot;335551550&quot;:2,&quot;335551620&quot;:2,&quot;335559740&quot;:240}\">\u00a0<\/span><\/td>\n<td data-celllook=\"69889\">\n<p style=\"text-align: center;\"><span data-contrast=\"none\"><span style=\"vertical-align: inherit;\">\u221a<\/span><\/span><\/p>\n<\/td>\n<\/tr>\n<tr>\n<td data-celllook=\"69889\"><span data-contrast=\"none\"><span style=\"vertical-align: inherit;\"><span style=\"vertical-align: inherit;\">\u00a0Pagamento em terminais POS<\/span><\/span><\/span><span data-ccp-props=\"{&quot;201341983&quot;:0,&quot;335551550&quot;:2,&quot;335551620&quot;:2,&quot;335559740&quot;:240}\">\u00a0<\/span><\/td>\n<td data-celllook=\"69889\">\n<p style=\"text-align: center;\"><span data-ccp-props=\"{&quot;201341983&quot;:0,&quot;335551550&quot;:2,&quot;335551620&quot;:2,&quot;335559740&quot;:240}\"> <span style=\"vertical-align: inherit;\">\u221a<\/span><\/span><\/p>\n<\/td>\n<\/tr>\n<\/tbody>\n<\/table>\n<p>[\/vc_column_text][vc_column_text el_class=&#8221;bullet-red&#8221;]<\/p>\n<h4 aria-level=\"3\"><\/h4>\n<h4 aria-level=\"3\"><strong>Limites M\u00e1ximos<\/strong><\/h4>\n<ul>\n<li>Levantamentos: 20.000 CVE\/dia<\/li>\n<li>Pagamentos em POS: 500.000 CVE\/dia<\/li>\n<\/ul>\n<h4 aria-level=\"3\"><\/h4>\n<h4 aria-level=\"3\"><b>Ades\u00e3o<\/b><b>\u00a0ao Cart\u00e3o<\/b><\/h4>\n<ul>\n<li>Nas\u00a0<a href=\"https:\/\/bcn.cv\/pt_PT\/agencias-bcn\/\">Ag\u00eancias <\/a>do BCN: a subscri\u00e7\u00e3o ao cart\u00e3o deve ser solicitada nas ag\u00eancias do BCN mediante o preenchimento de um formul\u00e1rio de ades\u00e3o.<\/li>\n<li><a href=\"https:\/\/particulares.bcn.cv\/\" target=\"_blank\" rel=\"noopener noreferrer\"><span data-contrast=\"none\">BCN Online<\/span><\/a><span data-contrast=\"none\">:<\/span>\u00a0a<span data-contrast=\"none\">os clientes com BCN Online, \u00e9 dada a possibilidade de requisitar cart\u00f5es atrav\u00e9s do servi\u00e7o.\u00a0<\/span><\/li>\n<\/ul>\n<h4 aria-level=\"3\"><\/h4>\n<h4 aria-level=\"3\"><strong>Validade<\/strong><\/h4>\n<p aria-level=\"3\"><span data-contrast=\"auto\">3 anos<\/span><span data-ccp-props=\"{&quot;134233117&quot;:true,&quot;134233118&quot;:true,&quot;201341983&quot;:0,&quot;335559738&quot;:225,&quot;335559739&quot;:225,&quot;335559740&quot;:240}\">\u00a0<\/span><\/p>\n<p>[\/vc_column_text][vc_column_text css=&#8221;.vc_custom_1587460871344{margin-top: 0px !important;margin-bottom: 0px !important;padding-bottom: 0px !important;}&#8221;]&nbsp;<\/p>\n<h3><span style=\"color: #da3535;\"><strong>BENEF\u00cdCIOS<\/strong><\/span><\/h3>\n<p>[\/vc_column_text][vc_row_inner css=&#8221;.vc_custom_1588148876445{margin-top: 0px !important;margin-right: 36px !important;margin-left: 0px !important;padding-left: 10px !important;background: #ed1f27 url(https:\/\/bcn.cv\/pt_PT\/wp-content\/uploads\/2018\/12\/logo-element-watermark-md.png?id=1722) !important;}&#8221;][vc_column_inner width=&#8221;2\/5&#8243;][vc_column_text css=&#8221;.vc_custom_1585683068737{margin-top: 25px !important;margin-right: 0px !important;margin-left: 0px !important;padding-right: 0px !important;padding-left: 0px !important;}&#8221;][\/vc_column_text][vc_single_image image=&#8221;1736&#8243; img_size=&#8221;full&#8221; el_class=&#8221;icon-about&#8221;][\/vc_column_inner][vc_column_inner width=&#8221;3\/5&#8243; css=&#8221;.vc_custom_1583926353129{margin-top: 0px !important;}&#8221;][\/vc_column_inner][vc_column_text el_class=&#8221;offers-text bullet-white&#8221; css=&#8221;.vc_custom_1587480399055{margin-top: 20px !important;margin-bottom: 20px !important;}&#8221;]<\/p>\n<ul>\n<li><span style=\"color: #ffffff;\">O seu dinheiro sempre consigo;<\/span><\/li>\n<li><span style=\"color: #ffffff;\">Simples, pr\u00e1tico e seguro;<\/span><\/li>\n<li><span style=\"color: #ffffff;\">Maior seguran\u00e7a e acesso permanente ao saldo e transa\u00e7\u00f5es sobre a sua conta;<\/span><\/li>\n<li><span style=\"color: #ffffff;\">Possibilidade de utiliza\u00e7\u00e3o em todo o territ\u00f3rio nacional.<\/span><\/li>\n<\/ul>\n<p>[\/vc_column_text][\/vc_row_inner][vc_row_inner css=&#8221;.vc_custom_1587480492102{margin-top: 50px !important;}&#8221;][\/vc_row_inner][\/vc_column][vc_column width=&#8221;1\/3&#8243; el_class=&#8221;align-content right&#8221;][vc_single_image image=&#8221;6662&#8243; img_size=&#8221;full&#8221; alignment=&#8221;right&#8221; onclick=&#8221;custom_link&#8221; link=&#8221;https:\/\/bcn.cv\/pt_PT\/suporte_test\/open.php&#8221;][\/vc_column][\/vc_row][vc_row css=&#8221;.vc_custom_1587461986531{margin-top: 60px !important;}&#8221;][vc_column css=&#8221;.vc_custom_1582213073468{margin-top: -75px !important;}&#8221;]<div class=\"title-vertical-line\"><h2><span>Informa\u00e7\u00e3o<\/span> \u00datil<\/h2><p><\/p><\/div>[\/vc_column][\/vc_row][vc_row css=&#8221;.vc_custom_1584698679942{margin-right: 14% !important;margin-left: 14% !important;}&#8221; el_class=&#8221;useful-info&#8221;][vc_column width=&#8221;1\/5&#8243; css=&#8221;.vc_custom_1554915538453{padding-right: 20px !important;padding-left: 20px !important;}&#8221;][vc_row_inner css=&#8221;.vc_custom_1562689691580{margin-top: 0px !important;padding-top: 0px !important;}&#8221;][vc_column_inner width=&#8221;1\/4&#8243;][vc_single_image image=&#8221;3916&#8243; alignment=&#8221;center&#8221; el_class=&#8221;info-icon&#8221; css=&#8221;.vc_custom_1584639152674{padding-right: -3px !important;}&#8221;][\/vc_column_inner][vc_column_inner width=&#8221;3\/4&#8243;][vc_column_text css=&#8221;.vc_custom_1588092435234{margin-top: 20px !important;margin-left: 0px !important;padding-left: 0px !important;}&#8221;]<\/p>\n<h5><span style=\"color: #333333;\"><a style=\"color: #333333;\" href=\"https:\/\/bcn.cv\/pt_PT\/precario\/\"><strong>PRE\u00c7\u00c1RIO<\/strong><\/a><\/span><\/h5>\n<p>[\/vc_column_text][\/vc_column_inner][\/vc_row_inner][\/vc_column][vc_column width=&#8221;1\/5&#8243; css=&#8221;.vc_custom_1554915650188{padding-right: 20px !important;padding-left: 20px !important;}&#8221;][vc_row_inner css=&#8221;.vc_custom_1562689691580{margin-top: 0px !important;padding-top: 0px !important;}&#8221;][vc_column_inner width=&#8221;1\/4&#8243;][vc_single_image image=&#8221;3941&#8243; alignment=&#8221;center&#8221; el_class=&#8221;info-icon&#8221; css=&#8221;.vc_custom_1584639170837{margin-right: -3px !important;}&#8221;][\/vc_column_inner][vc_column_inner width=&#8221;3\/4&#8243;][vc_column_text css=&#8221;.vc_custom_1588092449909{margin-top: 20px !important;margin-left: 0px !important;padding-left: 0px !important;}&#8221;]<\/p>\n<h5><strong><span style=\"color: #333333;\"><span style=\"color: #333336;\"><a style=\"color: #333336;\" href=\"https:\/\/bcnonline.bcn.cv\/\">\u00c1REA DE CLIENTE<\/a><\/span><br \/>\n<\/span><\/strong><\/h5>\n<p>[\/vc_column_text][\/vc_column_inner][\/vc_row_inner][\/vc_column][vc_column width=&#8221;2\/5&#8243; css=&#8221;.vc_custom_1554915579391{padding-right: 20px !important;padding-left: 20px !important;}&#8221;][vc_row_inner css=&#8221;.vc_custom_1562689691580{margin-top: 0px !important;padding-top: 0px !important;}&#8221;][vc_column_inner width=&#8221;1\/4&#8243;][vc_single_image image=&#8221;3905&#8243; alignment=&#8221;right&#8221; el_class=&#8221;info-icon&#8221; css=&#8221;.vc_custom_1584639180305{margin-right: 13px !important;}&#8221;][\/vc_column_inner][vc_column_inner width=&#8221;3\/4&#8243;][vc_column_text css=&#8221;.vc_custom_1588171567287{margin-top: 20px !important;margin-left: 0px !important;padding-left: 0px !important;}&#8221;]<\/p>\n<h5><strong><span style=\"color: #333333;\"><a style=\"color: #333333;\" href=\"https:\/\/bcn.cv\/pt_PT\/formularios\/\">DOCUMENTOS E FORMUL\u00c1RIOS<\/a><br \/>\n<\/span><\/strong><\/h5>\n<p>[\/vc_column_text][\/vc_column_inner][\/vc_row_inner][\/vc_column][vc_column width=&#8221;1\/5&#8243;][vc_row_inner css=&#8221;.vc_custom_1562689691580{margin-top: 0px !important;padding-top: 0px !important;}&#8221;][vc_column_inner width=&#8221;1\/4&#8243;][vc_single_image image=&#8221;3918&#8243; alignment=&#8221;center&#8221; el_class=&#8221;info-icon last&#8221; css=&#8221;.vc_custom_1584639195656{margin-right: -17px !important;}&#8221;][\/vc_column_inner][vc_column_inner width=&#8221;3\/4&#8243;][vc_column_text css=&#8221;.vc_custom_1588092471365{margin-top: 20px !important;margin-left: 10px !important;padding-left: 0px !important;}&#8221;]<\/p>\n<h5><strong><span style=\"color: #333333;\"><a style=\"color: #333333;\" href=\"https:\/\/bcn.cv\/pt_PT\/protocolos\/\">PROTOCOLOS<\/a><br \/>\n<\/span><\/strong><\/h5>\n<p>[\/vc_column_text][\/vc_column_inner][\/vc_row_inner][\/vc_column][\/vc_row]<\/p>\n","protected":false},"excerpt":{"rendered":"<p>[vc_row css=&#8221;.vc_custom_1561999195244{margin-top: 50px !important;padding-bottom: 0px !important;}&#8221;][vc_column width=&#8221;2\/3&#8243;][vc_column_text css=&#8221;.vc_custom_1588951205266{padding-top: 0px !important;padding-bottom: 11px !important;padding-left: 0px !important;}&#8221;]Fa\u00e7a pagamentos e levantamentos em Cabo Verde e em sites aderentes \u00e0 Rede Vinti4 com facilidade e seguran\u00e7a. O\u00a0Cart\u00e3o Vinti4\u00a0\u00e9 um cart\u00e3o de d\u00e9bito nacional, associado \u00e0 sua conta \u00e0 ordem, emitido [&hellip;]<\/p>\n","protected":false},"author":1,"featured_media":0,"parent":2201,"menu_order":10,"comment_status":"closed","ping_status":"closed","template":"template-builder.php","meta":{"inline_featured_image":false},"aioseo_notices":[],"_links":{"self":[{"href":"https:\/\/bcn.cv\/pt_PT\/wp-json\/wp\/v2\/pages\/7766"}],"collection":[{"href":"https:\/\/bcn.cv\/pt_PT\/wp-json\/wp\/v2\/pages"}],"about":[{"href":"https:\/\/bcn.cv\/pt_PT\/wp-json\/wp\/v2\/types\/page"}],"author":[{"embeddable":true,"href":"https:\/\/bcn.cv\/pt_PT\/wp-json\/wp\/v2\/users\/1"}],"replies":[{"embeddable":true,"href":"https:\/\/bcn.cv\/pt_PT\/wp-json\/wp\/v2\/comments?post=7766"}],"version-history":[{"count":19,"href":"https:\/\/bcn.cv\/pt_PT\/wp-json\/wp\/v2\/pages\/7766\/revisions"}],"predecessor-version":[{"id":16402,"href":"https:\/\/bcn.cv\/pt_PT\/wp-json\/wp\/v2\/pages\/7766\/revisions\/16402"}],"up":[{"embeddable":true,"href":"https:\/\/bcn.cv\/pt_PT\/wp-json\/wp\/v2\/pages\/2201"}],"wp:attachment":[{"href":"https:\/\/bcn.cv\/pt_PT\/wp-json\/wp\/v2\/media?parent=7766"}],"curies":[{"name":"wp","href":"https:\/\/api.w.org\/{rel}","templated":true}]}}