{"id":7764,"date":"2020-05-11T09:25:11","date_gmt":"2020-05-11T10:25:11","guid":{"rendered":"https:\/\/bcn.cv\/pt_PT\/?page_id=7764"},"modified":"2026-04-07T15:20:08","modified_gmt":"2026-04-07T16:20:08","slug":"emigrantes-cartao-visa","status":"publish","type":"page","link":"https:\/\/bcn.cv\/pt_PT\/emigrantes\/emigrantes-cartoes\/emigrantes-cartao-visa\/","title":{"rendered":"Cart\u00e3o VISA Emigrantes"},"content":{"rendered":"<p>[vc_row css=&#8221;.vc_custom_1561999195244{margin-top: 50px !important;padding-bottom: 0px !important;}&#8221;][vc_column width=&#8221;2\/3&#8243;][vc_column_text css=&#8221;.vc_custom_1588951502470{padding-top: 0px !important;padding-bottom: 11px !important;padding-left: 0px !important;}&#8221;]<span style=\"color: #6b696d;\"><strong>Cart\u00e3o VISA. Um Cart\u00e3o para utilizar no dia-a-dia e em qualquer lugar do Mundo.<\/strong><br \/>\n<\/span><\/p>\n<p><img loading=\"lazy\" class=\"alignnone wp-image-7618 size-full\" src=\"https:\/\/bcn.cv\/pt_PT\/wp-content\/uploads\/2020\/05\/cart\u00f5es_mini-09.png\" alt=\"BCN Cart\u00e3o VISA\" width=\"130\" height=\"83\" \/>[\/vc_column_text][vc_column_text]<\/p>\n<div class=\"wpb_text_column wpb_content_element \">\n<div class=\"wpb_wrapper\">\n<p>Com o\u00a0<strong>Cart\u00e3o Visa<\/strong>\u00a0sentir-se-\u00e1 sempre em casa porque mesmo no estrangeiro poder\u00e1 movimentar a sua conta de dep\u00f3sitos \u00e0 ordem, como se estivesse em Cabo Verde, com a mesma Confian\u00e7a, Seguran\u00e7a e Rapidez.<span data-ccp-props=\"{&quot;201341983&quot;:0,&quot;335559739&quot;:225,&quot;335559740&quot;:240}\">\u00a0<\/span><\/p>\n<p>O\u00a0<strong>Cart\u00e3o Visa\u00a0<\/strong>\u00e9 um cart\u00e3o de d\u00e9bito particular, dom\u00e9stico e internacional pertencente \u00e0 Rede VISA, aceite em todo o mundo e com o qual poder\u00e1 ter acesso imediato \u00e0 sua conta \u00e0 ordem, 24 horas por dia, 365 dias por ano.<\/div>\n<\/div>\n<p>[\/vc_column_text][vc_empty_space][vc_column_text]<\/p>\n<div class=\"wpb_text_column wpb_content_element \">\n<div class=\"wpb_wrapper\">\n<p><span style=\"color: #ff0000;\"><strong>PRINCIPAIS FUNCIONALIDADES<\/strong><\/span><\/div>\n<\/div>\n<p>[\/vc_column_text][vc_column_text]<\/p>\n<table style=\"height: 200px;\" width=\"1080\">\n<tbody>\n<tr>\n<td width=\"190\" data-celllook=\"65536\"><\/td>\n<td width=\"218\"><span style=\"color: #ff0000;\"><strong>Em Cabo Verde<\/strong><\/span><\/td>\n<td width=\"358\"><span style=\"color: #ff0000;\"><strong>No Estrangeiro<\/strong><\/span><\/td>\n<\/tr>\n<tr>\n<td><strong>Opera\u00e7\u00f5es permitidas\u00a0<\/strong><\/td>\n<td><span data-contrast=\"none\">\u202fTodas as opera\u00e7\u00f5es da Rede Vinti4<\/span><\/td>\n<td><span data-contrast=\"none\">Levantamentos em ATMs,\u00a0 Compras, Consulta de Saldos (1)<\/span><\/td>\n<\/tr>\n<tr>\n<td><span data-contrast=\"none\"><strong>Levantamentos em ATMs (2)\u00a0<\/strong><\/span><\/td>\n<td><span data-contrast=\"none\">At\u00e9 20.000 CVE\/dia\u00a0<\/span><\/td>\n<td><span data-contrast=\"none\">At\u00e9 400 EUR\/dia\u00a0<\/span><\/td>\n<\/tr>\n<tr>\n<td><span data-contrast=\"none\"><strong>Compras em POS (2)<\/strong>\u00a0<\/span><\/td>\n<td><span data-contrast=\"none\">\u202fAt\u00e9 500.000 CVE\/dia\u00a0<\/span><\/td>\n<td><span data-contrast=\"none\">At\u00e9 5.000 EUR\/dia\u00a0<\/span><\/td>\n<\/tr>\n<tr>\n<td><span data-contrast=\"none\"><strong>Compras na Internet (2)<\/strong>\u00a0<\/span><\/td>\n<td><span data-contrast=\"none\">\u202fAt\u00e9 500.000 CVE\/dia\u00a0<\/span><\/td>\n<td><span data-contrast=\"none\">At\u00e9 5.000 EUR\/dia\u00a0<\/span><\/td>\n<\/tr>\n<\/tbody>\n<\/table>\n<p>[\/vc_column_text][vc_column_text]<\/p>\n<div class=\"wpb_text_column wpb_content_element \">\n<div class=\"wpb_wrapper\">\n<p><span data-ccp-props=\"{&quot;201341983&quot;:2,&quot;335559738&quot;:40,&quot;335559739&quot;:225,&quot;335559740&quot;:357}\">\u202f(1) Dispon\u00edvel ou n\u00e3o consoante o terminal.<br \/>\n<\/span><span data-contrast=\"none\">(2) Valores M\u00e1ximos permitidos durante o dia, estando sempre condicionados ao saldo dispon\u00edvel na Conta \u00e0 Ordem do Cliente.<br \/>\n<\/span><span data-contrast=\"none\">(3) CVV2 corresponde aos 3 \u00faltimos d\u00edgitos do n\u00famero que aparece no verso do seu cart\u00e3o.<\/span><\/div>\n<\/div>\n<p>[\/vc_column_text][vc_empty_space][vc_column_text]<\/p>\n<div class=\"wpb_text_column wpb_content_element \">\n<div class=\"wpb_wrapper\">\n<h2 style=\"font-size: 18px;\" aria-level=\"3\"><b>Ades\u00e3o ao Cart\u00e3o VISA<\/b><\/h2>\n<ul>\n<li aria-setsize=\"-1\" data-aria-level=\"1\" data-aria-posinset=\"1\" data-listid=\"14\" data-font=\"Arial\" data-leveltext=\"\u2022\"><span data-contrast=\"none\">Nas\u00a0<a href=\"https:\/\/bcn.cv\/pt_PT\/agencias-4\/\" target=\"_blank\" rel=\"noopener noreferrer\">Ag\u00eancias<\/a>\u00a0do BCN,\u00a0<\/span><span data-contrast=\"none\">mediante o preenchimento de um formul\u00e1rio de ades\u00e3o (deve estar munido de um documento de identifica\u00e7\u00e3o v\u00e1lido);\u00a0<\/span><span data-ccp-props=\"{&quot;201341983&quot;:0,&quot;335559739&quot;:160,&quot;335559740&quot;:240}\">\u00a0<\/span><\/li>\n<li aria-setsize=\"-1\" data-aria-level=\"1\" data-aria-posinset=\"2\" data-listid=\"14\" data-font=\"Arial\" data-leveltext=\"\u2022\"><span data-contrast=\"none\"><a href=\"https:\/\/particulares.bcn.cv\/\" target=\"_blank\" rel=\"noopener noreferrer\">BCN Online<\/a>, atrav\u00e9s do menu Cart\u00f5es. Dispon\u00edvel apenas para\u00a0<\/span><span data-contrast=\"none\">clientes com acesso ao servi\u00e7o.<\/span><\/li>\n<\/ul>\n<\/div>\n<\/div>\n<p>[\/vc_column_text][vc_empty_space][vc_column_text]<\/p>\n<div class=\"wpb_text_column wpb_content_element \">\n<div class=\"wpb_wrapper\">\n<h2 style=\"font-size: 18px;\" aria-level=\"3\"><b>Validade do Cart\u00e3o VISA<\/b><\/h2>\n<p>3 anos<\/p><\/div>\n<\/div>\n<p>[\/vc_column_text][vc_empty_space][vc_column_text css=&#8221;.vc_custom_1587480959389{margin-top: 30px !important;margin-bottom: 0px !important;padding-bottom: 0px !important;}&#8221;]<\/p>\n<h3><span style=\"color: #da3535;\"><strong>BENEF\u00cdCIOS<\/strong><\/span><\/h3>\n<p>[\/vc_column_text][vc_row_inner css=&#8221;.vc_custom_1588148905772{margin-top: 0px !important;margin-right: 36px !important;margin-left: 0px !important;padding-left: 10px !important;background: #ed1f27 url(https:\/\/bcn.cv\/pt_PT\/wp-content\/uploads\/2018\/12\/logo-element-watermark-md.png?id=1722) !important;}&#8221;][vc_column_inner width=&#8221;2\/5&#8243;][vc_column_text css=&#8221;.vc_custom_1585683068737{margin-top: 25px !important;margin-right: 0px !important;margin-left: 0px !important;padding-right: 0px !important;padding-left: 0px !important;}&#8221;]<\/p>\n<h3><strong><span style=\"color: #ffffff !important; font-size: 22x;\">O QUE A SUA CONTA BCN LHE OFERECE<\/span><\/strong><\/h3>\n<p>[\/vc_column_text][vc_single_image image=&#8221;1736&#8243; img_size=&#8221;full&#8221; el_class=&#8221;icon-about&#8221;][\/vc_column_inner][vc_column_inner width=&#8221;3\/5&#8243; css=&#8221;.vc_custom_1583926353129{margin-top: 0px !important;}&#8221;][\/vc_column_inner][vc_column_text el_class=&#8221;offers-text bullet-white&#8221; css=&#8221;.vc_custom_1596541401159{margin-top: 20px !important;margin-bottom: 20px !important;}&#8221;]<\/p>\n<ul>\n<li><span style=\"color: #ffffff; font-size: 14px;\">Seguran\u00e7a:\u202fO cart\u00e3o BCN Visa possui um CHIP o que permite mais seguran\u00e7a nas transac\u00e7\u00f5es;<\/span><\/li>\n<li><span style=\"color: #ffffff; font-size: 14px;\">Conveni\u00eancia:\u202fQuando viajar para o estrangeiro n\u00e3o ser\u00e1 necess\u00e1rio transportar dinheiro ou carregar o saldo do cart\u00e3o.<\/span><\/li>\n<\/ul>\n<p>[\/vc_column_text][\/vc_row_inner][vc_row_inner css=&#8221;.vc_custom_1587480492102{margin-top: 50px !important;}&#8221;][\/vc_row_inner][\/vc_column][vc_column width=&#8221;1\/3&#8243; el_class=&#8221;align-content right&#8221;][vc_single_image image=&#8221;6662&#8243; img_size=&#8221;full&#8221; alignment=&#8221;right&#8221; onclick=&#8221;custom_link&#8221; link=&#8221;https:\/\/bcn.cv\/pt_PT\/suporte_test\/open.php&#8221;][\/vc_column][\/vc_row][vc_row css=&#8221;.vc_custom_1587461986531{margin-top: 60px !important;}&#8221;][vc_column css=&#8221;.vc_custom_1582213073468{margin-top: -75px !important;}&#8221;]<div class=\"title-vertical-line\"><h2><span>Informa\u00e7\u00e3o<\/span> \u00datil<\/h2><p><\/p><\/div>[\/vc_column][\/vc_row][vc_row css=&#8221;.vc_custom_1584698679942{margin-right: 14% !important;margin-left: 14% !important;}&#8221; el_class=&#8221;useful-info&#8221;][vc_column width=&#8221;1\/5&#8243; css=&#8221;.vc_custom_1554915538453{padding-right: 20px !important;padding-left: 20px !important;}&#8221;][vc_row_inner css=&#8221;.vc_custom_1562689691580{margin-top: 0px !important;padding-top: 0px !important;}&#8221;][vc_column_inner width=&#8221;1\/4&#8243;][vc_single_image image=&#8221;3916&#8243; alignment=&#8221;center&#8221; el_class=&#8221;info-icon&#8221; css=&#8221;.vc_custom_1584639152674{padding-right: -3px !important;}&#8221;][\/vc_column_inner][vc_column_inner width=&#8221;3\/4&#8243;][vc_column_text css=&#8221;.vc_custom_1588092435234{margin-top: 20px !important;margin-left: 0px !important;padding-left: 0px !important;}&#8221;]<\/p>\n<h5><span style=\"color: #333333;\"><a style=\"color: #333333;\" href=\"https:\/\/bcn.cv\/pt_PT\/precario\/\"><strong>PRE\u00c7\u00c1RIO<\/strong><\/a><\/span><\/h5>\n<p>[\/vc_column_text][\/vc_column_inner][\/vc_row_inner][\/vc_column][vc_column width=&#8221;1\/5&#8243; css=&#8221;.vc_custom_1554915650188{padding-right: 20px !important;padding-left: 20px !important;}&#8221;][vc_row_inner css=&#8221;.vc_custom_1562689691580{margin-top: 0px !important;padding-top: 0px !important;}&#8221;][vc_column_inner width=&#8221;1\/4&#8243;][vc_single_image image=&#8221;3941&#8243; alignment=&#8221;center&#8221; el_class=&#8221;info-icon&#8221; css=&#8221;.vc_custom_1584639170837{margin-right: -3px !important;}&#8221;][\/vc_column_inner][vc_column_inner width=&#8221;3\/4&#8243;][vc_column_text css=&#8221;.vc_custom_1588092449909{margin-top: 20px !important;margin-left: 0px !important;padding-left: 0px !important;}&#8221;]<\/p>\n<h5><strong><span style=\"color: #333333;\"><span style=\"color: #333336;\"><a style=\"color: #333336;\" href=\"https:\/\/bcnonline.bcn.cv\/\">\u00c1REA DE CLIENTE<\/a><\/span><br \/>\n<\/span><\/strong><\/h5>\n<p>[\/vc_column_text][\/vc_column_inner][\/vc_row_inner][\/vc_column][vc_column width=&#8221;2\/5&#8243; css=&#8221;.vc_custom_1554915579391{padding-right: 20px !important;padding-left: 20px !important;}&#8221;][vc_row_inner css=&#8221;.vc_custom_1562689691580{margin-top: 0px !important;padding-top: 0px !important;}&#8221;][vc_column_inner width=&#8221;1\/4&#8243;][vc_single_image image=&#8221;3905&#8243; alignment=&#8221;right&#8221; el_class=&#8221;info-icon&#8221; css=&#8221;.vc_custom_1584639180305{margin-right: 13px !important;}&#8221;][\/vc_column_inner][vc_column_inner width=&#8221;3\/4&#8243;][vc_column_text css=&#8221;.vc_custom_1588171567287{margin-top: 20px !important;margin-left: 0px !important;padding-left: 0px !important;}&#8221;]<\/p>\n<h5><strong><span style=\"color: #333333;\"><a style=\"color: #333333;\" href=\"https:\/\/bcn.cv\/pt_PT\/formularios\/\">DOCUMENTOS E FORMUL\u00c1RIOS<\/a><br \/>\n<\/span><\/strong><\/h5>\n<p>[\/vc_column_text][\/vc_column_inner][\/vc_row_inner][\/vc_column][vc_column width=&#8221;1\/5&#8243;][vc_row_inner css=&#8221;.vc_custom_1562689691580{margin-top: 0px !important;padding-top: 0px !important;}&#8221;][vc_column_inner width=&#8221;1\/4&#8243;][vc_single_image image=&#8221;3918&#8243; alignment=&#8221;center&#8221; el_class=&#8221;info-icon last&#8221; css=&#8221;.vc_custom_1584639195656{margin-right: -17px !important;}&#8221;][\/vc_column_inner][vc_column_inner width=&#8221;3\/4&#8243;][vc_column_text css=&#8221;.vc_custom_1588092471365{margin-top: 20px !important;margin-left: 10px !important;padding-left: 0px !important;}&#8221;]<\/p>\n<h5><strong><span style=\"color: #333333;\"><a style=\"color: #333333;\" href=\"https:\/\/bcn.cv\/pt_PT\/protocolos\/\">PROTOCOLOS<\/a><br \/>\n<\/span><\/strong><\/h5>\n<p>[\/vc_column_text][\/vc_column_inner][\/vc_row_inner][\/vc_column][\/vc_row]<\/p>\n","protected":false},"excerpt":{"rendered":"<p>[vc_row css=&#8221;.vc_custom_1561999195244{margin-top: 50px !important;padding-bottom: 0px !important;}&#8221;][vc_column width=&#8221;2\/3&#8243;][vc_column_text css=&#8221;.vc_custom_1588951502470{padding-top: 0px !important;padding-bottom: 11px !important;padding-left: 0px !important;}&#8221;]Cart\u00e3o VISA. Um Cart\u00e3o para utilizar no dia-a-dia e em qualquer lugar do Mundo. [\/vc_column_text][vc_column_text] Com o\u00a0Cart\u00e3o Visa\u00a0sentir-se-\u00e1 sempre em casa porque mesmo no estrangeiro poder\u00e1 movimentar a sua conta de dep\u00f3sitos [&hellip;]<\/p>\n","protected":false},"author":1,"featured_media":0,"parent":2201,"menu_order":10,"comment_status":"closed","ping_status":"closed","template":"template-builder.php","meta":{"inline_featured_image":false},"aioseo_notices":[],"_links":{"self":[{"href":"https:\/\/bcn.cv\/pt_PT\/wp-json\/wp\/v2\/pages\/7764"}],"collection":[{"href":"https:\/\/bcn.cv\/pt_PT\/wp-json\/wp\/v2\/pages"}],"about":[{"href":"https:\/\/bcn.cv\/pt_PT\/wp-json\/wp\/v2\/types\/page"}],"author":[{"embeddable":true,"href":"https:\/\/bcn.cv\/pt_PT\/wp-json\/wp\/v2\/users\/1"}],"replies":[{"embeddable":true,"href":"https:\/\/bcn.cv\/pt_PT\/wp-json\/wp\/v2\/comments?post=7764"}],"version-history":[{"count":20,"href":"https:\/\/bcn.cv\/pt_PT\/wp-json\/wp\/v2\/pages\/7764\/revisions"}],"predecessor-version":[{"id":16400,"href":"https:\/\/bcn.cv\/pt_PT\/wp-json\/wp\/v2\/pages\/7764\/revisions\/16400"}],"up":[{"embeddable":true,"href":"https:\/\/bcn.cv\/pt_PT\/wp-json\/wp\/v2\/pages\/2201"}],"wp:attachment":[{"href":"https:\/\/bcn.cv\/pt_PT\/wp-json\/wp\/v2\/media?parent=7764"}],"curies":[{"name":"wp","href":"https:\/\/api.w.org\/{rel}","templated":true}]}}