{"id":7191,"date":"2020-05-05T16:39:32","date_gmt":"2020-05-05T16:39:32","guid":{"rendered":"https:\/\/bcn.cv\/pt_PT\/?page_id=7191"},"modified":"2026-04-07T14:38:32","modified_gmt":"2026-04-07T15:38:32","slug":"linhas-de-credito-lojas-aderentes","status":"publish","type":"page","link":"https:\/\/bcn.cv\/pt_PT\/particulares\/particulares-credito\/linhas-de-credito-lojas-aderentes\/","title":{"rendered":"Linhas de Cr\u00e9dito Lojas Aderentes"},"content":{"rendered":"<p>[vc_row css=&#8221;.vc_custom_1561999195244{margin-top: 50px !important;padding-bottom: 0px !important;}&#8221;][vc_column width=&#8221;2\/3&#8243;][vc_column_text]<\/p>\n<div class=\"title-subtitle\">O BCN disp\u00f5e de uma rede de parceiros de Lojas Aderentes nos diferentes ramos de atividade &#8211; Autom\u00f3vel, Mobili\u00e1rio, Eletr\u00f3nicos, Eletrodom\u00e9sticos &#8211; que lhe d\u00e1 acesso a um conjunto de condi\u00e7\u00f5es especiais de financiamento na aquisi\u00e7\u00e3o dos produtos e servi\u00e7os de excel\u00eancia dispon\u00edveis em loja. Consulte aqui as lojas Aderentes e usufrua das vantagens exclusivas.<\/div>\n<div><\/div>\n<p>[\/vc_column_text][vc_separator color=&#8221;white&#8221;][vc_separator color=&#8221;white&#8221;][vc_separator color=&#8221;white&#8221;][vc_row_inner][vc_column_inner width=&#8221;1\/4&#8243;][vc_single_image image=&#8221;8476&#8243;][\/vc_column_inner][vc_column_inner width=&#8221;1\/2&#8243;][vc_column_text]<\/p>\n<h4>Cr\u00e9dito Consumo<\/h4>\n<p><strong>Finalidade:<\/strong> Aquisi\u00e7\u00e3o de electrodom\u00e9sticos, televisores e artigos electr\u00f3nicos<br \/>\n<strong>P\u00fablico-Alvo:<\/strong> Clientes Particulares<br \/>\n<strong>Prazo:<\/strong> At\u00e9 3 anos<br \/>\n<strong>Montante:<\/strong> 100.000$ a 1.000.000$<br \/>\n<strong>Taxa de Juro:<\/strong> 10%[\/vc_column_text][vc_separator color=&#8221;white&#8221;][vc_separator color=&#8221;white&#8221;][vc_separator color=&#8221;white&#8221;][\/vc_column_inner][vc_column_inner width=&#8221;1\/4&#8243;][\/vc_column_inner][\/vc_row_inner][vc_separator color=&#8221;white&#8221;][vc_row_inner][vc_column_inner width=&#8221;1\/4&#8243;][vc_single_image image=&#8221;8479&#8243;][\/vc_column_inner][vc_column_inner width=&#8221;1\/2&#8243;][vc_column_text]<\/p>\n<h4>Cr\u00e9dito Consumo<\/h4>\n<p><strong>Finalidade:<\/strong> Aquisi\u00e7\u00e3o de electrodom\u00e9sticos, televisores e artigos electr\u00f3nicos<br \/>\n<strong>P\u00fablico-Alvo:<\/strong> Clientes Particulares<br \/>\n<strong>Prazo:<\/strong> At\u00e9 3 anos<br \/>\n<strong>Montante:<\/strong> 100.000$ a 1.000.000$<br \/>\n<strong>Taxa de Juro:<\/strong> 10%[\/vc_column_text][\/vc_column_inner][\/vc_row_inner][vc_separator color=&#8221;white&#8221;][vc_separator color=&#8221;white&#8221;][vc_separator color=&#8221;white&#8221;][vc_row_inner][vc_column_inner width=&#8221;1\/4&#8243;][vc_single_image image=&#8221;8496&#8243;][\/vc_column_inner][vc_column_inner width=&#8221;1\/2&#8243;][vc_column_text]<\/p>\n<h4>Cr\u00e9dito Consumo<\/h4>\n<p><strong>Finalidade:<\/strong> Aquisi\u00e7\u00e3o de gama de electrodom\u00e9sticos, electr\u00f3nicos e materiais diversos<br \/>\n<strong>P\u00fablico-Alvo:<\/strong> Clientes Particulares<br \/>\n<strong>Prazo:<\/strong> At\u00e9 3 anos<br \/>\n<strong>Montante:<\/strong> At\u00e9 3x o ordenado bruto<br \/>\n<strong>Taxa de Juro:<\/strong> 10%[\/vc_column_text][vc_separator color=&#8221;white&#8221;][vc_separator color=&#8221;white&#8221;][vc_separator color=&#8221;white&#8221;][\/vc_column_inner][vc_column_inner width=&#8221;1\/4&#8243;][\/vc_column_inner][\/vc_row_inner][vc_row_inner][vc_column_inner width=&#8221;1\/4&#8243;][vc_single_image image=&#8221;8497&#8243;][\/vc_column_inner][vc_column_inner width=&#8221;1\/2&#8243;][vc_column_text]<\/p>\n<h4>Cr\u00e9dito Consumo<\/h4>\n<p><strong>Finalidade:<\/strong> Aquisi\u00e7\u00e3o de computadores\/port\u00e1tis, acess\u00f3rios e outros equipamentos eletr\u00f3nicos<br \/>\n<strong>P\u00fablico-Alvo:<\/strong> Clientes Particulares<br \/>\n<strong>Prazo:<\/strong> At\u00e9 3 anos<br \/>\n<strong>Montante:<\/strong> At\u00e9 300.000 ECV<br \/>\n<strong>Taxa de Juro:<\/strong> 10%[\/vc_column_text][vc_separator color=&#8221;white&#8221;][vc_separator color=&#8221;white&#8221;][vc_separator color=&#8221;white&#8221;][\/vc_column_inner][vc_column_inner width=&#8221;1\/4&#8243;][\/vc_column_inner][\/vc_row_inner][vc_separator color=&#8221;white&#8221; border_width=&#8221;10&#8243; css=&#8221;.vc_custom_1590766007100{background-color: #fff2f2 !important;}&#8221;][vc_separator color=&#8221;white&#8221; border_width=&#8221;10&#8243; css=&#8221;.vc_custom_1590766007100{background-color: #fff2f2 !important;}&#8221;][vc_separator color=&#8221;chino&#8221; border_width=&#8221;10&#8243; css=&#8221;.vc_custom_1590764530697{background-color: #9b9b9b !important;}&#8221;][vc_separator color=&#8221;white&#8221;][\/vc_column][vc_column width=&#8221;1\/3&#8243;][vc_single_image image=&#8221;6087&#8243; img_size=&#8221;full&#8221; onclick=&#8221;custom_link&#8221; link=&#8221;https:\/\/bcn.cv\/pt_PT\/suporte_test\/open.php&#8221;][\/vc_column][\/vc_row][vc_row css=&#8221;.vc_custom_1587729789112{margin-top: 120px !important;}&#8221;][vc_column css=&#8221;.vc_custom_1582213073468{margin-top: -75px !important;}&#8221;]<div class=\"title-vertical-line\"><h2><span>Informa\u00e7\u00e3o<\/span> \u00datil<\/h2><p><\/p><\/div>[\/vc_column][\/vc_row][vc_row css=&#8221;.vc_custom_1584698679942{margin-right: 14% !important;margin-left: 14% !important;}&#8221; el_class=&#8221;useful-info&#8221;][vc_column width=&#8221;1\/5&#8243; css=&#8221;.vc_custom_1554915538453{padding-right: 20px !important;padding-left: 20px !important;}&#8221;][vc_row_inner css=&#8221;.vc_custom_1562689691580{margin-top: 0px !important;padding-top: 0px !important;}&#8221;][vc_column_inner width=&#8221;1\/4&#8243;][vc_single_image image=&#8221;3916&#8243; alignment=&#8221;center&#8221; el_class=&#8221;info-icon&#8221; css=&#8221;.vc_custom_1584639152674{padding-right: -3px !important;}&#8221;][\/vc_column_inner][vc_column_inner width=&#8221;3\/4&#8243;][vc_column_text css=&#8221;.vc_custom_1588092435234{margin-top: 20px !important;margin-left: 0px !important;padding-left: 0px !important;}&#8221;]<\/p>\n<h5><span style=\"color: #333333;\"><a style=\"color: #333333;\" href=\"https:\/\/bcn.cv\/pt_PT\/precario\/\"><strong>PRE\u00c7\u00c1RIO<\/strong><\/a><\/span><\/h5>\n<p>[\/vc_column_text][\/vc_column_inner][\/vc_row_inner][\/vc_column][vc_column width=&#8221;1\/5&#8243; css=&#8221;.vc_custom_1554915650188{padding-right: 20px !important;padding-left: 20px !important;}&#8221;][vc_row_inner css=&#8221;.vc_custom_1562689691580{margin-top: 0px !important;padding-top: 0px !important;}&#8221;][vc_column_inner width=&#8221;1\/4&#8243;][vc_single_image image=&#8221;3941&#8243; alignment=&#8221;center&#8221; el_class=&#8221;info-icon&#8221; css=&#8221;.vc_custom_1584639170837{margin-right: -3px !important;}&#8221;][\/vc_column_inner][vc_column_inner width=&#8221;3\/4&#8243;][vc_column_text css=&#8221;.vc_custom_1588092449909{margin-top: 20px !important;margin-left: 0px !important;padding-left: 0px !important;}&#8221;]<\/p>\n<h5><strong><span style=\"color: #333333;\"><span style=\"color: #333336;\"><a style=\"color: #333336;\" href=\"https:\/\/bcnonline.bcn.cv\/\">\u00c1REA DE CLIENTE<\/a><\/span><br \/>\n<\/span><\/strong><\/h5>\n<p>[\/vc_column_text][\/vc_column_inner][\/vc_row_inner][\/vc_column][vc_column width=&#8221;2\/5&#8243; css=&#8221;.vc_custom_1554915579391{padding-right: 20px !important;padding-left: 20px !important;}&#8221;][vc_row_inner css=&#8221;.vc_custom_1562689691580{margin-top: 0px !important;padding-top: 0px !important;}&#8221;][vc_column_inner width=&#8221;1\/4&#8243;][vc_single_image image=&#8221;3905&#8243; alignment=&#8221;right&#8221; el_class=&#8221;info-icon&#8221; css=&#8221;.vc_custom_1584639180305{margin-right: 13px !important;}&#8221;][\/vc_column_inner][vc_column_inner width=&#8221;3\/4&#8243;][vc_column_text css=&#8221;.vc_custom_1588171567287{margin-top: 20px !important;margin-left: 0px !important;padding-left: 0px !important;}&#8221;]<\/p>\n<h5><strong><span style=\"color: #333333;\"><a style=\"color: #333333;\" href=\"https:\/\/bcn.cv\/pt_PT\/formularios\/\">DOCUMENTOS E FORMUL\u00c1RIOS<\/a><br \/>\n<\/span><\/strong><\/h5>\n<p>[\/vc_column_text][\/vc_column_inner][\/vc_row_inner][\/vc_column][vc_column width=&#8221;1\/5&#8243;][vc_row_inner css=&#8221;.vc_custom_1562689691580{margin-top: 0px !important;padding-top: 0px !important;}&#8221;][vc_column_inner width=&#8221;1\/4&#8243;][vc_single_image image=&#8221;3918&#8243; alignment=&#8221;center&#8221; el_class=&#8221;info-icon last&#8221; css=&#8221;.vc_custom_1584639195656{margin-right: -17px !important;}&#8221;][\/vc_column_inner][vc_column_inner width=&#8221;3\/4&#8243;][vc_column_text css=&#8221;.vc_custom_1588092471365{margin-top: 20px !important;margin-left: 10px !important;padding-left: 0px !important;}&#8221;]<\/p>\n<h5><strong><span style=\"color: #333333;\"><a style=\"color: #333333;\" href=\"https:\/\/bcn.cv\/pt_PT\/protocolos\/\">PROTOCOLOS<\/a><br \/>\n<\/span><\/strong><\/h5>\n<p>[\/vc_column_text][\/vc_column_inner][\/vc_row_inner][\/vc_column][\/vc_row]<\/p>\n","protected":false},"excerpt":{"rendered":"<p>[vc_row css=&#8221;.vc_custom_1561999195244{margin-top: 50px !important;padding-bottom: 0px !important;}&#8221;][vc_column width=&#8221;2\/3&#8243;][vc_column_text] O BCN disp\u00f5e de uma rede de parceiros de Lojas Aderentes nos diferentes ramos de atividade &#8211; Autom\u00f3vel, Mobili\u00e1rio, Eletr\u00f3nicos, Eletrodom\u00e9sticos &#8211; que lhe d\u00e1 acesso a um conjunto de condi\u00e7\u00f5es especiais de financiamento na aquisi\u00e7\u00e3o dos produtos [&hellip;]<\/p>\n","protected":false},"author":1,"featured_media":0,"parent":2005,"menu_order":10,"comment_status":"closed","ping_status":"closed","template":"template-builder.php","meta":{"inline_featured_image":false},"aioseo_notices":[],"_links":{"self":[{"href":"https:\/\/bcn.cv\/pt_PT\/wp-json\/wp\/v2\/pages\/7191"}],"collection":[{"href":"https:\/\/bcn.cv\/pt_PT\/wp-json\/wp\/v2\/pages"}],"about":[{"href":"https:\/\/bcn.cv\/pt_PT\/wp-json\/wp\/v2\/types\/page"}],"author":[{"embeddable":true,"href":"https:\/\/bcn.cv\/pt_PT\/wp-json\/wp\/v2\/users\/1"}],"replies":[{"embeddable":true,"href":"https:\/\/bcn.cv\/pt_PT\/wp-json\/wp\/v2\/comments?post=7191"}],"version-history":[{"count":23,"href":"https:\/\/bcn.cv\/pt_PT\/wp-json\/wp\/v2\/pages\/7191\/revisions"}],"predecessor-version":[{"id":16357,"href":"https:\/\/bcn.cv\/pt_PT\/wp-json\/wp\/v2\/pages\/7191\/revisions\/16357"}],"up":[{"embeddable":true,"href":"https:\/\/bcn.cv\/pt_PT\/wp-json\/wp\/v2\/pages\/2005"}],"wp:attachment":[{"href":"https:\/\/bcn.cv\/pt_PT\/wp-json\/wp\/v2\/media?parent=7191"}],"curies":[{"name":"wp","href":"https:\/\/api.w.org\/{rel}","templated":true}]}}