{"id":5482,"date":"2020-04-16T15:36:26","date_gmt":"2020-04-16T15:36:26","guid":{"rendered":"https:\/\/bcn.cv\/pt_PT\/?page_id=5482"},"modified":"2026-04-09T09:25:21","modified_gmt":"2026-04-09T10:25:21","slug":"quem-somos","status":"publish","type":"page","link":"https:\/\/bcn.cv\/pt_PT\/bcn-institucional\/quem-somos\/","title":{"rendered":"Quem Somos"},"content":{"rendered":"<p>[vc_row css=&#8221;.vc_custom_1585143523272{margin-top: 35px !important;margin-bottom: 0px !important;padding-right: 0px !important;padding-left: 0px !important;}&#8221;][vc_column width=&#8221;2\/3&#8243; css=&#8221;.vc_custom_1585923235631{margin-bottom: 100px !important;padding-top: 0px !important;padding-right: 13px !important;background-color: #ffffff !important;}&#8221; el_class=&#8221;apresentation-title align-content left&#8221;][vc_column_text]<\/p>\n<h4>Consulte aqui toda a informa\u00e7\u00e3o institucional do Banco Caboverdeano de Neg\u00f3cio, S.A.<\/h4>\n<p>[\/vc_column_text][vc_row_inner css=&#8221;.vc_custom_1582624962612{padding-right: 13px !important;}&#8221;][vc_column_inner width=&#8221;1\/3&#8243;][vc_single_image image=&#8221;7461&#8243; alignment=&#8221;center&#8221; onclick=&#8221;custom_link&#8221; el_class=&#8221;red-icons&#8221; css=&#8221;.vc_custom_1588869979608{margin-bottom: 0px !important;background-color: #ee162e !important;}&#8221; link=&#8221;https:\/\/bcn.cv\/pt_PT\/bcn-institucional\/historia\/&#8221;][vc_text_separator title=&#8221;Hist\u00f3ria&#8221;][vc_column_text css=&#8221;.vc_custom_1590514148321{margin-top: 0px !important;margin-bottom: 0px !important;padding-top: 0px !important;padding-right: 15px !important;padding-left: 15px !important;}&#8221; el_class=&#8221;description-text&#8221;]BCN \u00e9 um banco 100% cabo-verdiano que conta com 22 anos de hist\u00f3ria e de \u201cdjunta mon\u201d com os cabo-verdianos.[\/vc_column_text][vc_btn title=&#8221;Saiba Mais&#8221; style=&#8221;outline-custom&#8221; outline_custom_color=&#8221;#ec1d23&#8243; outline_custom_hover_background=&#8221;#ffffff&#8221; outline_custom_hover_text=&#8221;#ec1d23&#8243; shape=&#8221;round&#8221; size=&#8221;sm&#8221; i_align=&#8221;right&#8221; i_icon_fontawesome=&#8221;fa fa-chevron-right&#8221; add_icon=&#8221;true&#8221; link=&#8221;url:https%3A%2F%2Fbcn.cv%2Fpt_PT%2Fbcn-institucional%2Fhistoria%2F|title:Hist%C3%B3ria||&#8221; css=&#8221;.vc_custom_1588000647562{margin-top: 0px !important;}&#8221;][\/vc_column_inner][vc_column_inner width=&#8221;1\/3&#8243;][vc_single_image image=&#8221;6021&#8243; alignment=&#8221;center&#8221; onclick=&#8221;custom_link&#8221; el_class=&#8221;red-icons&#8221; css=&#8221;.vc_custom_1588000105875{margin-bottom: 0px !important;background-color: #ee162e !important;}&#8221; link=&#8221;https:\/\/bcn.cv\/pt_PT\/bcn-institucional\/visao-missao-e-valores\/&#8221;][vc_text_separator title=&#8221;Vis\u00e3o, Miss\u00e3o e Valores&#8221;][vc_column_text css=&#8221;.vc_custom_1590514098132{margin-top: 0px !important;margin-bottom: 15px !important;padding-top: 0px !important;padding-right: 15px !important;padding-bottom: 0px !important;padding-left: 15px !important;}&#8221; el_class=&#8221;description-text&#8221;]Conhe\u00e7a a Miss\u00e3o, Vis\u00e3o e Valores que norteam o nosso caminho.[\/vc_column_text][vc_btn title=&#8221;Saiba Mais&#8221; style=&#8221;outline-custom&#8221; outline_custom_color=&#8221;#ec1d23&#8243; outline_custom_hover_background=&#8221;#ffffff&#8221; outline_custom_hover_text=&#8221;#ec1d23&#8243; shape=&#8221;round&#8221; size=&#8221;sm&#8221; i_align=&#8221;right&#8221; i_icon_fontawesome=&#8221;fa fa-chevron-right&#8221; add_icon=&#8221;true&#8221; link=&#8221;url:https%3A%2F%2Fbcn.cv%2Fpt_PT%2Fbcn-institucional%2Fvisao-missao-e-valores%2F|title:Vis%C3%A3o%2C%20Miss%C3%A3o%20e%20Valores||&#8221; css=&#8221;.vc_custom_1588000670627{margin-top: 0px !important;}&#8221;][\/vc_column_inner][vc_column_inner width=&#8221;1\/3&#8243;][vc_single_image image=&#8221;6416&#8243; alignment=&#8221;center&#8221; onclick=&#8221;custom_link&#8221; el_class=&#8221;red-icons&#8221; css=&#8221;.vc_custom_1600183486620{margin-bottom: 0px !important;background-color: #ee162e !important;}&#8221; link=&#8221;https:\/\/bcn.cv\/pt_PT\/agencias-bcn\/&#8221;][vc_text_separator title=&#8221;Ag\u00eancias&#8221;][vc_column_text css=&#8221;.vc_custom_1590512954561{margin-top: 0px !important;margin-bottom: 15px !important;padding-top: 0px !important;padding-right: 15px !important;padding-bottom: 0px !important;padding-left: 15px !important;}&#8221; el_class=&#8221;description-text&#8221;]Encontre uma Ag\u00eancia BCN perto de si.[\/vc_column_text][vc_btn title=&#8221;Saiba Mais&#8221; style=&#8221;outline-custom&#8221; outline_custom_color=&#8221;#ec1d23&#8243; outline_custom_hover_background=&#8221;#ffffff&#8221; outline_custom_hover_text=&#8221;#ec1d23&#8243; shape=&#8221;round&#8221; size=&#8221;sm&#8221; i_align=&#8221;right&#8221; i_icon_fontawesome=&#8221;fa fa-chevron-right&#8221; add_icon=&#8221;true&#8221; link=&#8221;url:https%3A%2F%2Fbcn.cv%2Fpt_PT%2Fagencias-bcn%2F|title:Ag%C3%AAncias||&#8221; css=&#8221;.vc_custom_1600183499127{margin-top: 0px !important;}&#8221;][\/vc_column_inner][\/vc_row_inner][\/vc_column][vc_column width=&#8221;1\/3&#8243;][vc_single_image image=&#8221;6161&#8243; img_size=&#8221;full&#8221; onclick=&#8221;custom_link&#8221; img_link_target=&#8221;_blank&#8221; link=&#8221;https:\/\/bcn.cv\/suporte\/open.php&#8221;][\/vc_column][\/vc_row][vc_row css=&#8221;.vc_custom_1587142494985{margin-top: 60px !important;}&#8221;][vc_column css=&#8221;.vc_custom_1582213073468{margin-top: -75px !important;}&#8221;]<div class=\"title-vertical-line\"><h2><span>Informa\u00e7\u00e3o<\/span> \u00datil<\/h2><p><\/p><\/div>[\/vc_column][\/vc_row][vc_row css=&#8221;.vc_custom_1584698679942{margin-right: 14% !important;margin-left: 14% !important;}&#8221; el_class=&#8221;useful-info&#8221;][vc_column width=&#8221;1\/5&#8243; css=&#8221;.vc_custom_1554915538453{padding-right: 20px !important;padding-left: 20px !important;}&#8221;][vc_row_inner css=&#8221;.vc_custom_1562689691580{margin-top: 0px !important;padding-top: 0px !important;}&#8221;][vc_column_inner width=&#8221;1\/4&#8243;][vc_single_image image=&#8221;3916&#8243; alignment=&#8221;center&#8221; el_class=&#8221;info-icon&#8221; css=&#8221;.vc_custom_1584639152674{padding-right: -3px !important;}&#8221;][\/vc_column_inner][vc_column_inner width=&#8221;3\/4&#8243;][vc_column_text css=&#8221;.vc_custom_1588092435234{margin-top: 20px !important;margin-left: 0px !important;padding-left: 0px !important;}&#8221;]<\/p>\n<h5><span style=\"color: #333333;\"><a style=\"color: #333333;\" href=\"https:\/\/bcn.cv\/pt_PT\/precario\/\"><strong>PRE\u00c7\u00c1RIO<\/strong><\/a><\/span><\/h5>\n<p>[\/vc_column_text][\/vc_column_inner][\/vc_row_inner][\/vc_column][vc_column width=&#8221;1\/5&#8243; css=&#8221;.vc_custom_1554915650188{padding-right: 20px !important;padding-left: 20px !important;}&#8221;][vc_row_inner css=&#8221;.vc_custom_1562689691580{margin-top: 0px !important;padding-top: 0px !important;}&#8221;][vc_column_inner width=&#8221;1\/4&#8243;][vc_single_image image=&#8221;3941&#8243; alignment=&#8221;center&#8221; el_class=&#8221;info-icon&#8221; css=&#8221;.vc_custom_1584639170837{margin-right: -3px !important;}&#8221;][\/vc_column_inner][vc_column_inner width=&#8221;3\/4&#8243;][vc_column_text css=&#8221;.vc_custom_1588092449909{margin-top: 20px !important;margin-left: 0px !important;padding-left: 0px !important;}&#8221;]<\/p>\n<h5><strong><span style=\"color: #333333;\"><span style=\"color: #333336;\"><a style=\"color: #333336;\" href=\"https:\/\/bcnonline.bcn.cv\/\">\u00c1REA DE CLIENTE<\/a><\/span><br \/>\n<\/span><\/strong><\/h5>\n<p>[\/vc_column_text][\/vc_column_inner][\/vc_row_inner][\/vc_column][vc_column width=&#8221;2\/5&#8243; css=&#8221;.vc_custom_1554915579391{padding-right: 20px !important;padding-left: 20px !important;}&#8221;][vc_row_inner css=&#8221;.vc_custom_1562689691580{margin-top: 0px !important;padding-top: 0px !important;}&#8221;][vc_column_inner width=&#8221;1\/4&#8243;][vc_single_image image=&#8221;3905&#8243; alignment=&#8221;right&#8221; el_class=&#8221;info-icon&#8221; css=&#8221;.vc_custom_1584639180305{margin-right: 13px !important;}&#8221;][\/vc_column_inner][vc_column_inner width=&#8221;3\/4&#8243;][vc_column_text css=&#8221;.vc_custom_1588171567287{margin-top: 20px !important;margin-left: 0px !important;padding-left: 0px !important;}&#8221;]<\/p>\n<h5><strong><span style=\"color: #333333;\"><a style=\"color: #333333;\" href=\"https:\/\/bcn.cv\/pt_PT\/formularios\/\">DOCUMENTOS E FORMUL\u00c1RIOS<\/a><br \/>\n<\/span><\/strong><\/h5>\n<p>[\/vc_column_text][\/vc_column_inner][\/vc_row_inner][\/vc_column][vc_column width=&#8221;1\/5&#8243;][vc_row_inner css=&#8221;.vc_custom_1562689691580{margin-top: 0px !important;padding-top: 0px !important;}&#8221;][vc_column_inner width=&#8221;1\/4&#8243;][vc_single_image image=&#8221;3918&#8243; alignment=&#8221;center&#8221; el_class=&#8221;info-icon last&#8221; css=&#8221;.vc_custom_1584639195656{margin-right: -17px !important;}&#8221;][\/vc_column_inner][vc_column_inner width=&#8221;3\/4&#8243;][vc_column_text css=&#8221;.vc_custom_1588092471365{margin-top: 20px !important;margin-left: 10px !important;padding-left: 0px !important;}&#8221;]<\/p>\n<h5><strong><span style=\"color: #333333;\"><a style=\"color: #333333;\" href=\"https:\/\/bcn.cv\/pt_PT\/protocolos\/\">PROTOCOLOS<\/a><br \/>\n<\/span><\/strong><\/h5>\n<p>[\/vc_column_text][\/vc_column_inner][\/vc_row_inner][\/vc_column][\/vc_row]<\/p>\n","protected":false},"excerpt":{"rendered":"<p>[vc_row css=&#8221;.vc_custom_1585143523272{margin-top: 35px !important;margin-bottom: 0px !important;padding-right: 0px !important;padding-left: 0px !important;}&#8221;][vc_column width=&#8221;2\/3&#8243; css=&#8221;.vc_custom_1585923235631{margin-bottom: 100px !important;padding-top: 0px !important;padding-right: 13px !important;background-color: #ffffff !important;}&#8221; el_class=&#8221;apresentation-title align-content left&#8221;][vc_column_text] Consulte aqui toda a informa\u00e7\u00e3o institucional do Banco Caboverdeano de Neg\u00f3cio, S.A. [\/vc_column_text][vc_row_inner css=&#8221;.vc_custom_1582624962612{padding-right: 13px !important;}&#8221;][vc_column_inner width=&#8221;1\/3&#8243;][vc_single_image image=&#8221;7461&#8243; alignment=&#8221;center&#8221; onclick=&#8221;custom_link&#8221; el_class=&#8221;red-icons&#8221; css=&#8221;.vc_custom_1588869979608{margin-bottom: [&hellip;]<\/p>\n","protected":false},"author":1,"featured_media":0,"parent":2083,"menu_order":16,"comment_status":"closed","ping_status":"closed","template":"template-builder.php","meta":{"inline_featured_image":false},"aioseo_notices":[],"_links":{"self":[{"href":"https:\/\/bcn.cv\/pt_PT\/wp-json\/wp\/v2\/pages\/5482"}],"collection":[{"href":"https:\/\/bcn.cv\/pt_PT\/wp-json\/wp\/v2\/pages"}],"about":[{"href":"https:\/\/bcn.cv\/pt_PT\/wp-json\/wp\/v2\/types\/page"}],"author":[{"embeddable":true,"href":"https:\/\/bcn.cv\/pt_PT\/wp-json\/wp\/v2\/users\/1"}],"replies":[{"embeddable":true,"href":"https:\/\/bcn.cv\/pt_PT\/wp-json\/wp\/v2\/comments?post=5482"}],"version-history":[{"count":23,"href":"https:\/\/bcn.cv\/pt_PT\/wp-json\/wp\/v2\/pages\/5482\/revisions"}],"predecessor-version":[{"id":16441,"href":"https:\/\/bcn.cv\/pt_PT\/wp-json\/wp\/v2\/pages\/5482\/revisions\/16441"}],"up":[{"embeddable":true,"href":"https:\/\/bcn.cv\/pt_PT\/wp-json\/wp\/v2\/pages\/2083"}],"wp:attachment":[{"href":"https:\/\/bcn.cv\/pt_PT\/wp-json\/wp\/v2\/media?parent=5482"}],"curies":[{"name":"wp","href":"https:\/\/api.w.org\/{rel}","templated":true}]}}