{"id":4856,"date":"2020-04-06T13:56:13","date_gmt":"2020-04-06T13:56:13","guid":{"rendered":"https:\/\/bcn.cv\/pt_PT\/?page_id=4856"},"modified":"2021-10-19T16:04:25","modified_gmt":"2021-10-19T17:04:25","slug":"credito-ao-investimento","status":"publish","type":"page","link":"https:\/\/bcn.cv\/pt_PT\/empresas\/financiamentos\/credito-ao-investimento\/","title":{"rendered":"Cr\u00e9dito ao Investimento"},"content":{"rendered":"<p>[vc_row css=&#8221;.vc_custom_1585215108093{margin-top: 50px !important;margin-bottom: 100px !important;padding-bottom: 0px !important;}&#8221;][vc_column width=&#8221;2\/3&#8243; el_class=&#8221;align-content left&#8221;][vc_column_text]<strong>Para Empresas que querem Investir no Futuro.<\/strong><br \/>\nPara fazer sua empresa crescer \u00e9 imprescind\u00edvel que saiba transformar os desafios do mercado em oportunidades para investir em melhorias e inova\u00e7\u00f5es que podem ser decisivos para o sucesso de sua empresa.[\/vc_column_text][vc_column_text]<\/p>\n<h4><\/h4>\n<h4><strong>Finalidade<\/strong><\/h4>\n<p>O <strong>BCN Rendas Investimento<\/strong> \u00e9 um financiamento, na modalidade de rendas que se destina a apoiar opera\u00e7\u00f5es de investimento decorrentes da atividade empresarial, tais como projetos de expans\u00e3o, moderniza\u00e7\u00e3o e de desenvolvimento do seu neg\u00f3cio.<\/p>\n<h4><strong>Segmento-Alvo<\/strong><\/h4>\n<p>A amortiza\u00e7\u00e3o desse cr\u00e9dito pode ser feita de forma progressiva a m\u00e9dio prazo e \u00e9 destinada a dois segmentos \u2013 alvo:<\/p>\n<p>\u2022\u00a0<strong>Grupo 1<\/strong>\u00a0\u2013 Micro Empresas, Empres\u00e1rios e Profissionais Liberais;<br \/>\n\u2022\u00a0<strong>Grupo 2<\/strong>\u00a0\u2013 Pequenas e M\u00e9dias empresas.[\/vc_column_text][vc_column_text css=&#8221;.vc_custom_1583838668814{margin-top: 35px !important;margin-bottom: 0px !important;padding-bottom: 0px !important;}&#8221;]<\/p>\n<h3><span style=\"color: #da3535;\"><strong>CONDI\u00c7\u00d5ES<\/strong><\/span><\/h3>\n<p>[\/vc_column_text][vc_row_inner equal_height=&#8221;yes&#8221; css=&#8221;.vc_custom_1586189751563{margin-bottom: 25px !important;padding-right: 50px !important;}&#8221;][vc_column_inner el_class=&#8221;info-box&#8221; width=&#8221;1\/3&#8243; css=&#8221;.vc_custom_1583843155721{padding-right: 0px !important;padding-left: 0px !important;}&#8221;][vc_column_text css=&#8221;.vc_custom_1583841940373{margin-top: 0px !important;margin-bottom: 0px !important;padding-top: 16px !important;padding-bottom: 16px !important;background-color: #eff3f8 !important;}&#8221;]<\/p>\n<h5 style=\"text-align: center; color: #ffffff;\"><span style=\"color: #da3535;\"><strong>Prazo<\/strong><\/span><\/h5>\n<p>[\/vc_column_text][vc_column_text css=&#8221;.vc_custom_1590167795141{margin-top: 15px !important;margin-right: 10px !important;margin-bottom: 15px !important;margin-left: 10px !important;border-right-width: 15px !important;border-left-width: 15px !important;padding-top: 0px !important;border-radius: 5px !important;}&#8221;]<\/p>\n<p style=\"text-align: center;\">Per\u00edodo m\u00ednimo: 6 meses;<br \/>\nPer\u00edodo m\u00e1ximo: 5 anos;<br \/>\nPer\u00edodo m\u00e1ximo com garantia real: 25 anos.[\/vc_column_text][\/vc_column_inner][vc_column_inner el_class=&#8221;info-box&#8221; width=&#8221;1\/3&#8243; css=&#8221;.vc_custom_1583842409370{padding-right: 0px !important;padding-left: 0px !important;}&#8221;][vc_column_text css=&#8221;.vc_custom_1583842601928{padding-top: 16px !important;padding-bottom: 16px !important;background-color: #eff3f8 !important;}&#8221;]<\/p>\n<h5 style=\"text-align: center; color: #ffffff;\"><span style=\"color: #da3535;\"><strong>Taxa<\/strong><\/span><\/h5>\n<p>[\/vc_column_text][vc_column_text css=&#8221;.vc_custom_1590167758624{margin-top: 15px !important;margin-bottom: 40px !important;margin-left: 0px !important;padding-top: 0px !important;padding-bottom: 15px !important;background-color: #ffffff !important;border-radius: 5px !important;}&#8221;]<\/p>\n<p style=\"text-align: center;\">13%<\/p>\n<p>[\/vc_column_text][\/vc_column_inner][vc_column_inner el_class=&#8221;info-box&#8221; width=&#8221;1\/3&#8243; css=&#8221;.vc_custom_1583842416329{padding-right: 0px !important;padding-left: 0px !important;}&#8221;][vc_column_text css=&#8221;.vc_custom_1583842611383{padding-top: 16px !important;padding-bottom: 16px !important;background-color: #eff3f8 !important;}&#8221;]<\/p>\n<h5 style=\"text-align: center; color: #ffffff;\"><span style=\"color: #da3535;\"><strong>Montantes<\/strong><\/span><\/h5>\n<p>[\/vc_column_text][vc_column_text css=&#8221;.vc_custom_1590167774325{margin-top: 15px !important;margin-bottom: 40px !important;padding-top: 0px !important;border-radius: 5px !important;}&#8221;]<\/p>\n<p style=\"text-align: center;\">Grupo 1 \u2013 A partir de 500.000$00 at\u00e9 5.000.000$00;<br \/>\nGrupo 2 \u2013 A partir de 2.500.000$00 (m\u00e1ximo a ser determinado casuisticamente).[\/vc_column_text][\/vc_column_inner][\/vc_row_inner][vc_row_inner css=&#8221;.vc_custom_1587465430646{margin-top: 50px !important;}&#8221;][\/vc_row_inner][vc_column_inner][\/vc_column_inner][vc_column_text css=&#8221;.vc_custom_1596448710274{margin-bottom: 0px !important;padding-bottom: 0px !important;}&#8221;]<\/p>\n<h4><strong>Presta\u00e7\u00f5es<\/strong><\/h4>\n<p>Presta\u00e7\u00e3o mensal, constante, de capital e juros.<\/p>\n<h4><strong>Modalidade de desembolso<\/strong><\/h4>\n<p><span data-contrast=\"none\">Desembolso imediato do valor mutuado ap\u00f3s cumprimento dos procedimentos de formaliza\u00e7\u00e3o.<\/span><\/p>\n<h4><strong>Como solicitar um Cr\u00e9dito Investimento?<\/strong><\/h4>\n<p><span data-contrast=\"none\">Apresente o seu pedido de Financiamento \u2013 Cr\u00e9dito ao Investimento \u2013 junto do seu gestor atrav\u00e9s do <a href=\"https:\/\/bcn.cv\/pt_PT\/suporte_test\/open.php\" target=\"_blank\" rel=\"noopener noreferrer\">BCN Suporte ao Cliente<\/a> ou numa das nossas <a href=\"https:\/\/bcn.cv\/pt_PT\/agencias-4\/\" target=\"_blank\" rel=\"noopener noreferrer\">ag\u00eancias<\/a>.<\/span><\/p>\n<p><strong>Para informa\u00e7\u00e3o adicional, consulte o nosso\u00a0<a href=\"https:\/\/bcn.cv\/pt_PT\/wp-content\/uploads\/2020\/05\/Precario-BCN.pdf\" target=\"_blank\" rel=\"noopener noreferrer\">Pre\u00e7\u00e1rio.<\/a><\/strong>[\/vc_column_text][\/vc_column][vc_column width=&#8221;1\/3&#8243; el_class=&#8221;align-content right&#8221;][vc_single_image image=&#8221;5978&#8243; img_size=&#8221;full&#8221; alignment=&#8221;right&#8221; onclick=&#8221;custom_link&#8221; link=&#8221;https:\/\/bcn.cv\/pt_PT\/suporte_test\/open.php&#8221;][\/vc_column][\/vc_row][vc_row][vc_column css=&#8221;.vc_custom_1582213073468{margin-top: -75px !important;}&#8221;]<div class=\"title-vertical-line\"><h2><span>Informa\u00e7\u00e3o<\/span> \u00datil<\/h2><p><\/p><\/div>[\/vc_column][\/vc_row][vc_row css=&#8221;.vc_custom_1584698679942{margin-right: 14% !important;margin-left: 14% !important;}&#8221; el_class=&#8221;useful-info&#8221;][vc_column width=&#8221;1\/5&#8243; css=&#8221;.vc_custom_1554915538453{padding-right: 20px !important;padding-left: 20px !important;}&#8221;][vc_row_inner css=&#8221;.vc_custom_1562689691580{margin-top: 0px !important;padding-top: 0px !important;}&#8221;][vc_column_inner width=&#8221;1\/4&#8243;][vc_single_image image=&#8221;3916&#8243; alignment=&#8221;center&#8221; el_class=&#8221;info-icon&#8221; css=&#8221;.vc_custom_1584639152674{padding-right: -3px !important;}&#8221;][\/vc_column_inner][vc_column_inner width=&#8221;3\/4&#8243;][vc_column_text css=&#8221;.vc_custom_1588092435234{margin-top: 20px !important;margin-left: 0px !important;padding-left: 0px !important;}&#8221;]<\/p>\n<h5><span style=\"color: #333333;\"><a style=\"color: #333333;\" href=\"https:\/\/bcn.cv\/pt_PT\/precario\/\"><strong>PRE\u00c7\u00c1RIO<\/strong><\/a><\/span><\/h5>\n<p>[\/vc_column_text][\/vc_column_inner][\/vc_row_inner][\/vc_column][vc_column width=&#8221;1\/5&#8243; css=&#8221;.vc_custom_1554915650188{padding-right: 20px !important;padding-left: 20px !important;}&#8221;][vc_row_inner css=&#8221;.vc_custom_1562689691580{margin-top: 0px !important;padding-top: 0px !important;}&#8221;][vc_column_inner width=&#8221;1\/4&#8243;][vc_single_image image=&#8221;3941&#8243; alignment=&#8221;center&#8221; el_class=&#8221;info-icon&#8221; css=&#8221;.vc_custom_1584639170837{margin-right: -3px !important;}&#8221;][\/vc_column_inner][vc_column_inner width=&#8221;3\/4&#8243;][vc_column_text css=&#8221;.vc_custom_1588092449909{margin-top: 20px !important;margin-left: 0px !important;padding-left: 0px !important;}&#8221;]<\/p>\n<h5><strong><span style=\"color: #333333;\"><span style=\"color: #333336;\"><a style=\"color: #333336;\" href=\"https:\/\/particulares.bcn.cv\/\">\u00c1REA DE CLIENTE<\/a><\/span><br \/>\n<\/span><\/strong><\/h5>\n<p>[\/vc_column_text][\/vc_column_inner][\/vc_row_inner][\/vc_column][vc_column width=&#8221;2\/5&#8243; css=&#8221;.vc_custom_1554915579391{padding-right: 20px !important;padding-left: 20px !important;}&#8221;][vc_row_inner css=&#8221;.vc_custom_1562689691580{margin-top: 0px !important;padding-top: 0px !important;}&#8221;][vc_column_inner width=&#8221;1\/4&#8243;][vc_single_image image=&#8221;3905&#8243; alignment=&#8221;right&#8221; el_class=&#8221;info-icon&#8221; css=&#8221;.vc_custom_1584639180305{margin-right: 13px !important;}&#8221;][\/vc_column_inner][vc_column_inner width=&#8221;3\/4&#8243;][vc_column_text css=&#8221;.vc_custom_1588171567287{margin-top: 20px !important;margin-left: 0px !important;padding-left: 0px !important;}&#8221;]<\/p>\n<h5><strong><span style=\"color: #333333;\"><a style=\"color: #333333;\" href=\"https:\/\/bcn.cv\/pt_PT\/formularios\/\">DOCUMENTOS E FORMUL\u00c1RIOS<\/a><br \/>\n<\/span><\/strong><\/h5>\n<p>[\/vc_column_text][\/vc_column_inner][\/vc_row_inner][\/vc_column][vc_column width=&#8221;1\/5&#8243;][vc_row_inner css=&#8221;.vc_custom_1562689691580{margin-top: 0px !important;padding-top: 0px !important;}&#8221;][vc_column_inner width=&#8221;1\/4&#8243;][vc_single_image image=&#8221;3918&#8243; alignment=&#8221;center&#8221; el_class=&#8221;info-icon last&#8221; css=&#8221;.vc_custom_1584639195656{margin-right: -17px !important;}&#8221;][\/vc_column_inner][vc_column_inner width=&#8221;3\/4&#8243;][vc_column_text css=&#8221;.vc_custom_1588092471365{margin-top: 20px !important;margin-left: 10px !important;padding-left: 0px !important;}&#8221;]<\/p>\n<h5><strong><span style=\"color: #333333;\"><a style=\"color: #333333;\" href=\"https:\/\/bcn.cv\/pt_PT\/protocolos\/\">PROTOCOLOS<\/a><br \/>\n<\/span><\/strong><\/h5>\n<p>[\/vc_column_text][\/vc_column_inner][\/vc_row_inner][\/vc_column][\/vc_row]<\/p>\n","protected":false},"excerpt":{"rendered":"<p>[vc_row css=&#8221;.vc_custom_1585215108093{margin-top: 50px !important;margin-bottom: 100px !important;padding-bottom: 0px !important;}&#8221;][vc_column width=&#8221;2\/3&#8243; el_class=&#8221;align-content left&#8221;][vc_column_text]Para Empresas que querem Investir no Futuro. Para fazer sua empresa crescer \u00e9 imprescind\u00edvel que saiba transformar os desafios do mercado em oportunidades para investir em melhorias e inova\u00e7\u00f5es que podem ser decisivos para o [&hellip;]<\/p>\n","protected":false},"author":1,"featured_media":0,"parent":4787,"menu_order":16,"comment_status":"closed","ping_status":"closed","template":"template-builder.php","meta":{"inline_featured_image":false},"aioseo_notices":[],"_links":{"self":[{"href":"https:\/\/bcn.cv\/pt_PT\/wp-json\/wp\/v2\/pages\/4856"}],"collection":[{"href":"https:\/\/bcn.cv\/pt_PT\/wp-json\/wp\/v2\/pages"}],"about":[{"href":"https:\/\/bcn.cv\/pt_PT\/wp-json\/wp\/v2\/types\/page"}],"author":[{"embeddable":true,"href":"https:\/\/bcn.cv\/pt_PT\/wp-json\/wp\/v2\/users\/1"}],"replies":[{"embeddable":true,"href":"https:\/\/bcn.cv\/pt_PT\/wp-json\/wp\/v2\/comments?post=4856"}],"version-history":[{"count":28,"href":"https:\/\/bcn.cv\/pt_PT\/wp-json\/wp\/v2\/pages\/4856\/revisions"}],"predecessor-version":[{"id":10375,"href":"https:\/\/bcn.cv\/pt_PT\/wp-json\/wp\/v2\/pages\/4856\/revisions\/10375"}],"up":[{"embeddable":true,"href":"https:\/\/bcn.cv\/pt_PT\/wp-json\/wp\/v2\/pages\/4787"}],"wp:attachment":[{"href":"https:\/\/bcn.cv\/pt_PT\/wp-json\/wp\/v2\/media?parent=4856"}],"curies":[{"name":"wp","href":"https:\/\/api.w.org\/{rel}","templated":true}]}}