{"id":4767,"date":"2020-04-02T15:49:30","date_gmt":"2020-04-02T15:49:30","guid":{"rendered":"https:\/\/bcn.cv\/pt_PT\/?page_id=4767"},"modified":"2026-04-07T14:56:59","modified_gmt":"2026-04-07T15:56:59","slug":"pos","status":"publish","type":"page","link":"https:\/\/bcn.cv\/pt_PT\/empresas\/gestao-corrente\/pos\/","title":{"rendered":"POS"},"content":{"rendered":"<p>[vc_row css=&#8221;.vc_custom_1585215108093{margin-top: 50px !important;margin-bottom: 100px !important;padding-bottom: 0px !important;}&#8221;][vc_column width=&#8221;2\/3&#8243; el_class=&#8221;align-content left&#8221;][vc_column_text]<strong>Pe\u00e7a o seu POS ou M-POS no BCN e receba-o no momento de ades\u00e3o, pronto a ser utilizado.<\/strong><\/p>\n<p>Os equipamentos\u00a0POS e M-POS\u00a0s\u00e3o solu\u00e7\u00f5es de pagamento m\u00f3vel atrav\u00e9s de conex\u00f5es sem fios que oferecem aos seus clientes processamentos de pagamento r\u00e1pidos e seguros.<\/p>\n<p>Dependendo da natureza do seu neg\u00f3cio, poder\u00e1 solicitar um POS, que permite a impress\u00e3o de recibos em papel, ou M-POS (Mobile POS) que permite receber pagamentos em qualquer lugar e enviar comprovativos por SMS.<\/p>\n<p>\u00c9 destinado a neg\u00f3cios de qualquer dimens\u00e3o e a comerciantes com estabelecimentos fixos ou ambulantes.[\/vc_column_text][vc_column_text css=&#8221;.vc_custom_1625245990655{margin-top: 50px !important;margin-bottom: 0px !important;padding-bottom: 0px !important;}&#8221;]<\/p>\n<h3><span style=\"color: #da3535;\"><strong>BENEF\u00cdCIOS PARA O SEU NEG\u00d3CIO<\/strong><\/span><\/h3>\n<p>[\/vc_column_text][vc_row_inner css=&#8221;.vc_custom_1623669564784{margin-top: 0px !important;margin-right: 36px !important;margin-left: 0px !important;padding-top: 20px !important;padding-bottom: 20px !important;padding-left: 10px !important;background: #ed1f27 url(https:\/\/bcn.cv\/pt_PT\/wp-content\/uploads\/2018\/12\/logo-element-watermark-md.png?id=1722) !important;}&#8221;][vc_column_inner width=&#8221;2\/5&#8243;][vc_column_text css=&#8221;.vc_custom_1588158081588{margin-top: 150px !important;margin-right: 0px !important;margin-left: 0px !important;padding-right: 0px !important;padding-left: 15px !important;}&#8221;][\/vc_column_text][vc_single_image image=&#8221;1736&#8243; img_size=&#8221;full&#8221; el_class=&#8221;icon-about&#8221;][\/vc_column_inner][vc_column_inner width=&#8221;3\/5&#8243; css=&#8221;.vc_custom_1583926353129{margin-top: 0px !important;}&#8221;][vc_column_text el_class=&#8221;offers-text bullet-white&#8221; css=&#8221;.vc_custom_1625242399903{margin-top: 20px !important;margin-bottom: 20px !important;padding-right: 40px !important;}&#8221;]<\/p>\n<ul>\n<li><span style=\"color: #ffffff;\">Maior seguran\u00e7a e conforto na gest\u00e3o da tesouraria;<\/span><\/li>\n<li><span style=\"color: #ffffff;\">Redu\u00e7\u00e3o da quantidade de numer\u00e1rio em caixa;<\/span><\/li>\n<li><span style=\"color: #ffffff;\">Disponibiliza\u00e7\u00e3o de uma maior variedade de servi\u00e7os aos seus clientes: pagamentos com cart\u00e3o, carregamento telem\u00f3vel, pagamento faturas;<\/span><\/li>\n<li><span style=\"color: #ffffff;\">Potencial aumento nas vendas, considerando que o uso do cart\u00e3o para pagamento est\u00e1 generalizado e numa tend\u00eancia crescente;<\/span><\/li>\n<li><span style=\"color: #ffffff;\">Recep\u00e7\u00e3o de pagamentos de clientes com cart\u00f5es emitidos no estrangeiro (Visa ou Mastercard);<\/span><\/li>\n<\/ul>\n<p>[\/vc_column_text][\/vc_column_inner][\/vc_row_inner][vc_row_inner css=&#8221;.vc_custom_1588590257742{margin-top: 50px !important;}&#8221;][\/vc_row_inner][vc_column_inner][\/vc_column_inner][vc_column_text css=&#8221;.vc_custom_1625244459082{margin-bottom: 0px !important;padding-bottom: 0px !important;}&#8221;]<\/p>\n<h4><strong>Condi\u00e7\u00f5es de Ades\u00e3o<\/strong><\/h4>\n<p><strong>Documenta\u00e7\u00e3o necess\u00e1ria:<\/strong><\/p>\n<ul>\n<li>Ficha de Ades\u00e3o ao servi\u00e7o pagamento autom\u00e1tico;<\/li>\n<li>Contrato de ades\u00e3o POS;<\/li>\n<li>Certid\u00e3o Comercial atualizada;<\/li>\n<li>Fotoc\u00f3pia do BI ou CNI dos representantes da empresa;<\/li>\n<li>Fotoc\u00f3pia da declara\u00e7\u00e3o de NIF dos representantes da empresa.<\/li>\n<\/ul>\n<p>[\/vc_column_text][vc_row_inner css=&#8221;.vc_custom_1587465430646{margin-top: 50px !important;}&#8221;][\/vc_row_inner][\/vc_column][vc_column width=&#8221;1\/3&#8243; el_class=&#8221;align-content right&#8221;][vc_single_image image=&#8221;5978&#8243; img_size=&#8221;full&#8221; alignment=&#8221;right&#8221; onclick=&#8221;custom_link&#8221; link=&#8221;https:\/\/bcn.cv\/pt_PT\/suporte_test\/open.php&#8221;][\/vc_column][\/vc_row][vc_row][vc_column css=&#8221;.vc_custom_1582213073468{margin-top: -75px !important;}&#8221;]<div class=\"title-vertical-line\"><h2><span>Informa\u00e7\u00e3o<\/span> \u00datil<\/h2><p><\/p><\/div>[\/vc_column][\/vc_row][vc_row css=&#8221;.vc_custom_1584698679942{margin-right: 14% !important;margin-left: 14% !important;}&#8221; el_class=&#8221;useful-info&#8221;][vc_column width=&#8221;1\/5&#8243; css=&#8221;.vc_custom_1554915538453{padding-right: 20px !important;padding-left: 20px !important;}&#8221;][vc_row_inner css=&#8221;.vc_custom_1562689691580{margin-top: 0px !important;padding-top: 0px !important;}&#8221;][vc_column_inner width=&#8221;1\/4&#8243;][vc_single_image image=&#8221;3916&#8243; alignment=&#8221;center&#8221; el_class=&#8221;info-icon&#8221; css=&#8221;.vc_custom_1584639152674{padding-right: -3px !important;}&#8221;][\/vc_column_inner][vc_column_inner width=&#8221;3\/4&#8243;][vc_column_text css=&#8221;.vc_custom_1588092435234{margin-top: 20px !important;margin-left: 0px !important;padding-left: 0px !important;}&#8221;]<\/p>\n<h5><span style=\"color: #333333;\"><a style=\"color: #333333;\" href=\"https:\/\/bcn.cv\/pt_PT\/precario\/\"><strong>PRE\u00c7\u00c1RIO<\/strong><\/a><\/span><\/h5>\n<p>[\/vc_column_text][\/vc_column_inner][\/vc_row_inner][\/vc_column][vc_column width=&#8221;1\/5&#8243; css=&#8221;.vc_custom_1554915650188{padding-right: 20px !important;padding-left: 20px !important;}&#8221;][vc_row_inner css=&#8221;.vc_custom_1562689691580{margin-top: 0px !important;padding-top: 0px !important;}&#8221;][vc_column_inner width=&#8221;1\/4&#8243;][vc_single_image image=&#8221;3941&#8243; alignment=&#8221;center&#8221; el_class=&#8221;info-icon&#8221; css=&#8221;.vc_custom_1584639170837{margin-right: -3px !important;}&#8221;][\/vc_column_inner][vc_column_inner width=&#8221;3\/4&#8243;][vc_column_text css=&#8221;.vc_custom_1588092449909{margin-top: 20px !important;margin-left: 0px !important;padding-left: 0px !important;}&#8221;]<\/p>\n<h5><strong><span style=\"color: #333333;\"><span style=\"color: #333336;\"><a style=\"color: #333336;\" href=\"https:\/\/bcnonline.bcn.cv\/\">\u00c1REA DE CLIENTE<\/a><\/span><br \/>\n<\/span><\/strong><\/h5>\n<p>[\/vc_column_text][\/vc_column_inner][\/vc_row_inner][\/vc_column][vc_column width=&#8221;2\/5&#8243; css=&#8221;.vc_custom_1554915579391{padding-right: 20px !important;padding-left: 20px !important;}&#8221;][vc_row_inner css=&#8221;.vc_custom_1562689691580{margin-top: 0px !important;padding-top: 0px !important;}&#8221;][vc_column_inner width=&#8221;1\/4&#8243;][vc_single_image image=&#8221;3905&#8243; alignment=&#8221;right&#8221; el_class=&#8221;info-icon&#8221; css=&#8221;.vc_custom_1584639180305{margin-right: 13px !important;}&#8221;][\/vc_column_inner][vc_column_inner width=&#8221;3\/4&#8243;][vc_column_text css=&#8221;.vc_custom_1588171567287{margin-top: 20px !important;margin-left: 0px !important;padding-left: 0px !important;}&#8221;]<\/p>\n<h5><strong><span style=\"color: #333333;\"><a style=\"color: #333333;\" href=\"https:\/\/bcn.cv\/pt_PT\/formularios\/\">DOCUMENTOS E FORMUL\u00c1RIOS<\/a><br \/>\n<\/span><\/strong><\/h5>\n<p>[\/vc_column_text][\/vc_column_inner][\/vc_row_inner][\/vc_column][vc_column width=&#8221;1\/5&#8243;][vc_row_inner css=&#8221;.vc_custom_1562689691580{margin-top: 0px !important;padding-top: 0px !important;}&#8221;][vc_column_inner width=&#8221;1\/4&#8243;][vc_single_image image=&#8221;3918&#8243; alignment=&#8221;center&#8221; el_class=&#8221;info-icon last&#8221; css=&#8221;.vc_custom_1584639195656{margin-right: -17px !important;}&#8221;][\/vc_column_inner][vc_column_inner width=&#8221;3\/4&#8243;][vc_column_text css=&#8221;.vc_custom_1588092471365{margin-top: 20px !important;margin-left: 10px !important;padding-left: 0px !important;}&#8221;]<\/p>\n<h5><strong><span style=\"color: #333333;\"><a style=\"color: #333333;\" href=\"https:\/\/bcn.cv\/pt_PT\/protocolos\/\">PROTOCOLOS<\/a><br \/>\n<\/span><\/strong><\/h5>\n<p>[\/vc_column_text][\/vc_column_inner][\/vc_row_inner][\/vc_column][\/vc_row]<\/p>\n","protected":false},"excerpt":{"rendered":"<p>[vc_row css=&#8221;.vc_custom_1585215108093{margin-top: 50px !important;margin-bottom: 100px !important;padding-bottom: 0px !important;}&#8221;][vc_column width=&#8221;2\/3&#8243; el_class=&#8221;align-content left&#8221;][vc_column_text]Pe\u00e7a o seu POS ou M-POS no BCN e receba-o no momento de ades\u00e3o, pronto a ser utilizado. Os equipamentos\u00a0POS e M-POS\u00a0s\u00e3o solu\u00e7\u00f5es de pagamento m\u00f3vel atrav\u00e9s de conex\u00f5es sem fios que oferecem aos seus [&hellip;]<\/p>\n","protected":false},"author":1,"featured_media":0,"parent":4649,"menu_order":16,"comment_status":"closed","ping_status":"closed","template":"template-builder.php","meta":{"inline_featured_image":false},"aioseo_notices":[],"_links":{"self":[{"href":"https:\/\/bcn.cv\/pt_PT\/wp-json\/wp\/v2\/pages\/4767"}],"collection":[{"href":"https:\/\/bcn.cv\/pt_PT\/wp-json\/wp\/v2\/pages"}],"about":[{"href":"https:\/\/bcn.cv\/pt_PT\/wp-json\/wp\/v2\/types\/page"}],"author":[{"embeddable":true,"href":"https:\/\/bcn.cv\/pt_PT\/wp-json\/wp\/v2\/users\/1"}],"replies":[{"embeddable":true,"href":"https:\/\/bcn.cv\/pt_PT\/wp-json\/wp\/v2\/comments?post=4767"}],"version-history":[{"count":28,"href":"https:\/\/bcn.cv\/pt_PT\/wp-json\/wp\/v2\/pages\/4767\/revisions"}],"predecessor-version":[{"id":16375,"href":"https:\/\/bcn.cv\/pt_PT\/wp-json\/wp\/v2\/pages\/4767\/revisions\/16375"}],"up":[{"embeddable":true,"href":"https:\/\/bcn.cv\/pt_PT\/wp-json\/wp\/v2\/pages\/4649"}],"wp:attachment":[{"href":"https:\/\/bcn.cv\/pt_PT\/wp-json\/wp\/v2\/media?parent=4767"}],"curies":[{"name":"wp","href":"https:\/\/api.w.org\/{rel}","templated":true}]}}