{"id":4757,"date":"2020-04-02T15:48:42","date_gmt":"2020-04-02T15:48:42","guid":{"rendered":"https:\/\/bcn.cv\/pt_PT\/?page_id=4757"},"modified":"2026-04-07T15:02:50","modified_gmt":"2026-04-07T16:02:50","slug":"bcn-factoring","status":"publish","type":"page","link":"https:\/\/bcn.cv\/pt_PT\/empresas\/credito-para-empresas\/bcn-factoring\/","title":{"rendered":"BCN Factoring"},"content":{"rendered":"<p>[vc_row css=&#8221;.vc_custom_1585215108093{margin-top: 50px !important;margin-bottom: 100px !important;padding-bottom: 0px !important;}&#8221;][vc_column width=&#8221;2\/3&#8243; el_class=&#8221;align-content left&#8221;][vc_column_text]<strong>Simplificamos a gest\u00e3o da sua tesouraria.<\/strong>[\/vc_column_text][vc_column_text][\/vc_column_text][vc_column_text]<\/p>\n<h4><strong>Finalidade<\/strong><\/h4>\n<p>O <strong>BCN Factoring<\/strong> \u00e9 uma linha de cr\u00e9dito destinada a financiamento para apoio \u00e0 tesouraria, que se traduz na antecipa\u00e7\u00e3o de cr\u00e9ditos de curto prazo (faturas e\/ou notas de d\u00e9bito) de uma empresa (Aderente), derivados da venda firme dos seus produtos ou servi\u00e7os aos seus clientes (devedores), podendo incluir a op\u00e7\u00e3o de cobertura de risco de cr\u00e9dito por incumprimento dos devedores.<\/p>\n<h4><strong>Utiliza\u00e7\u00e3o<\/strong><\/h4>\n<p><span data-ccp-props=\"{&quot;201341983&quot;:0,&quot;335559740&quot;:240}\">No caso de ced\u00eancias casu\u00edsticas de cr\u00e9ditos (opera\u00e7\u00e3o pontual), haver\u00e1 uma utiliza\u00e7\u00e3o \u00fanica imediatamente ap\u00f3s a ced\u00eancia dos cr\u00e9ditos, ficando o contrato resolvido com a boa cobran\u00e7a das facturas.<\/span><\/p>\n<p>No caso de ced\u00eancias regulares de cr\u00e9ditos, ser\u00e1 celebrado um contrato com a dura\u00e7\u00e3o de 1 ano, renov\u00e1vel por iguais per\u00edodos por acordo entre as partes, prevendo-se utiliza\u00e7\u00f5es continuadas, em fun\u00e7\u00e3o da carteira de cr\u00e9ditos que estiver a todo o momento sobre gest\u00e3o.<\/p>\n<h4><strong>Segmento-Alvo<\/strong><\/h4>\n<p><span data-contrast=\"none\">Empresas titulares de cr\u00e9ditos de curto prazo (faturas e\/ou notas de d\u00e9bito), emitidos sobre os seus clientes (devedores) pertencentes ao sector p\u00fablico administrativo, com necessidades de financiar os elevados prazos de pagamento praticados pelos seus clientes (devedores).<\/span>[\/vc_column_text][vc_column_text][\/vc_column_text][vc_column_text css=&#8221;.vc_custom_1583838668814{margin-top: 35px !important;margin-bottom: 0px !important;padding-bottom: 0px !important;}&#8221;]<\/p>\n<h3><span style=\"color: #da3535;\"><strong>CONDI\u00c7\u00d5ES<\/strong><\/span><\/h3>\n<p>[\/vc_column_text][vc_row_inner equal_height=&#8221;yes&#8221; css=&#8221;.vc_custom_1586189751563{margin-bottom: 25px !important;padding-right: 50px !important;}&#8221;][vc_column_inner el_class=&#8221;info-box&#8221; width=&#8221;1\/3&#8243; css=&#8221;.vc_custom_1583843155721{padding-right: 0px !important;padding-left: 0px !important;}&#8221;][vc_column_text css=&#8221;.vc_custom_1583841940373{margin-top: 0px !important;margin-bottom: 0px !important;padding-top: 16px !important;padding-bottom: 16px !important;background-color: #eff3f8 !important;}&#8221;]<\/p>\n<h5 style=\"text-align: center; color: #ffffff;\"><span style=\"color: #da3535;\"><strong>Prazo<\/strong><\/span><\/h5>\n<p>[\/vc_column_text][vc_column_text css=&#8221;.vc_custom_1590084793297{margin-top: 15px !important;margin-right: 15px !important;margin-bottom: 40px !important;margin-left: 15px !important;border-right-width: 10px !important;border-left-width: 10px !important;padding-top: 0px !important;border-radius: 5px !important;}&#8221;]&nbsp;<\/p>\n<p style=\"text-align: center;\">Per\u00edodo m\u00ednimo: 6 meses;<br \/>\nPer\u00edodo m\u00e1ximo: 5 anos;<br \/>\nPer\u00edodo m\u00e1ximo com garantia real: 10 anos.[\/vc_column_text][\/vc_column_inner][vc_column_inner el_class=&#8221;info-box&#8221; width=&#8221;1\/3&#8243; css=&#8221;.vc_custom_1583842409370{padding-right: 0px !important;padding-left: 0px !important;}&#8221;][vc_column_text css=&#8221;.vc_custom_1583842601928{padding-top: 16px !important;padding-bottom: 16px !important;background-color: #eff3f8 !important;}&#8221;]<\/p>\n<h5 style=\"text-align: center; color: #ffffff;\"><span style=\"color: #da3535;\"><strong>Taxa<\/strong><\/span><\/h5>\n<p>[\/vc_column_text][vc_column_text css=&#8221;.vc_custom_1590084630447{margin-top: 15px !important;margin-bottom: 40px !important;margin-left: 0px !important;padding-top: 0px !important;padding-bottom: 15px !important;background-color: #ffffff !important;border-radius: 5px !important;}&#8221;]&nbsp;<\/p>\n<p style=\"text-align: center;\">10%<\/p>\n<p>[\/vc_column_text][\/vc_column_inner][vc_column_inner el_class=&#8221;info-box&#8221; width=&#8221;1\/3&#8243; css=&#8221;.vc_custom_1583842416329{padding-right: 0px !important;padding-left: 0px !important;}&#8221;][vc_column_text css=&#8221;.vc_custom_1583842611383{padding-top: 16px !important;padding-bottom: 16px !important;background-color: #eff3f8 !important;}&#8221;]<\/p>\n<h5 style=\"text-align: center; color: #ffffff;\"><span style=\"color: #da3535;\"><strong>Montantes<\/strong><\/span><\/h5>\n<p>[\/vc_column_text][vc_column_text css=&#8221;.vc_custom_1590084247425{margin-top: 15px !important;margin-right: 15px !important;margin-bottom: 15px !important;margin-left: 15px !important;border-right-width: 10px !important;border-left-width: 10px !important;padding-top: 0px !important;border-radius: 5px !important;}&#8221;]<\/p>\n<p style=\"text-align: center;\">Volume de ced\u00eancias m\u00ednimo de 6.000.000$00;<br \/>\nValor m\u00ednimo por devedor 2.000.000$00;<br \/>\nValor m\u00e9dio factura maior ou igual a 500.000$00.[\/vc_column_text][\/vc_column_inner][\/vc_row_inner][vc_row_inner css=&#8221;.vc_custom_1587465430646{margin-top: 50px !important;}&#8221;][\/vc_row_inner][vc_column_inner][\/vc_column_inner][vc_column_text css=&#8221;.vc_custom_1597758242483{margin-bottom: 0px !important;padding-bottom: 0px !important;}&#8221; el_class=&#8221;bullet-red&#8221;]<\/p>\n<h4><b>Vantagens<\/b><\/h4>\n<ul>\n<li>Controle a estrutura de d\u00edvida da sua empresa;<\/li>\n<li>Fa\u00e7a o financiamento da atividade da sua empresa, sem aumento do endividamento e em estreita liga\u00e7\u00e3o com o crescimento das vendas;<\/li>\n<li>Reduza os procedimentos administrativos e os riscos de insolv\u00eancia dos seus devedores;<\/li>\n<li>Reduza os custos administrativos ligados ao controlo de cr\u00e9ditos, atrav\u00e9s de uma an\u00e1lise atualizada sobre os riscos inerentes \u00e0s vendas;<\/li>\n<li>Antecipe receitas de forma simples;<\/li>\n<li>Assegure a obten\u00e7\u00e3o de fundos para liquidar pagamentos a fornecedores.<\/li>\n<\/ul>\n<p><strong>Para informa\u00e7\u00e3o adicional, consulte o nosso\u00a0<a href=\"https:\/\/bcn.cv\/pt_PT\/precario\/\" target=\"_blank\" rel=\"noopener noreferrer\">Pre\u00e7\u00e1rio.<\/a><\/strong>[\/vc_column_text][\/vc_column][vc_column width=&#8221;1\/3&#8243; el_class=&#8221;align-content right&#8221;][vc_single_image image=&#8221;5978&#8243; img_size=&#8221;full&#8221; alignment=&#8221;right&#8221; onclick=&#8221;custom_link&#8221; link=&#8221;https:\/\/bcn.cv\/pt_PT\/suporte_test\/open.php&#8221;][\/vc_column][\/vc_row][vc_row][vc_column css=&#8221;.vc_custom_1582213073468{margin-top: -75px !important;}&#8221;]<div class=\"title-vertical-line\"><h2><span>Informa\u00e7\u00e3o<\/span> \u00datil<\/h2><p><\/p><\/div>[\/vc_column][\/vc_row][vc_row css=&#8221;.vc_custom_1584698679942{margin-right: 14% !important;margin-left: 14% !important;}&#8221; el_class=&#8221;useful-info&#8221;][vc_column width=&#8221;1\/5&#8243; css=&#8221;.vc_custom_1554915538453{padding-right: 20px !important;padding-left: 20px !important;}&#8221;][vc_row_inner css=&#8221;.vc_custom_1562689691580{margin-top: 0px !important;padding-top: 0px !important;}&#8221;][vc_column_inner width=&#8221;1\/4&#8243;][vc_single_image image=&#8221;3916&#8243; alignment=&#8221;center&#8221; el_class=&#8221;info-icon&#8221; css=&#8221;.vc_custom_1584639152674{padding-right: -3px !important;}&#8221;][\/vc_column_inner][vc_column_inner width=&#8221;3\/4&#8243;][vc_column_text css=&#8221;.vc_custom_1588092435234{margin-top: 20px !important;margin-left: 0px !important;padding-left: 0px !important;}&#8221;]<\/p>\n<h5><span style=\"color: #333333;\"><a style=\"color: #333333;\" href=\"https:\/\/bcn.cv\/pt_PT\/precario\/\"><strong>PRE\u00c7\u00c1RIO<\/strong><\/a><\/span><\/h5>\n<p>[\/vc_column_text][\/vc_column_inner][\/vc_row_inner][\/vc_column][vc_column width=&#8221;1\/5&#8243; css=&#8221;.vc_custom_1554915650188{padding-right: 20px !important;padding-left: 20px !important;}&#8221;][vc_row_inner css=&#8221;.vc_custom_1562689691580{margin-top: 0px !important;padding-top: 0px !important;}&#8221;][vc_column_inner width=&#8221;1\/4&#8243;][vc_single_image image=&#8221;3941&#8243; alignment=&#8221;center&#8221; el_class=&#8221;info-icon&#8221; css=&#8221;.vc_custom_1584639170837{margin-right: -3px !important;}&#8221;][\/vc_column_inner][vc_column_inner width=&#8221;3\/4&#8243;][vc_column_text css=&#8221;.vc_custom_1588092449909{margin-top: 20px !important;margin-left: 0px !important;padding-left: 0px !important;}&#8221;]<\/p>\n<h5><strong><span style=\"color: #333333;\"><span style=\"color: #333336;\"><a style=\"color: #333336;\" href=\"https:\/\/bcnonline.bcn.cv\/\">\u00c1REA DE CLIENTE<\/a><\/span><br \/>\n<\/span><\/strong><\/h5>\n<p>[\/vc_column_text][\/vc_column_inner][\/vc_row_inner][\/vc_column][vc_column width=&#8221;2\/5&#8243; css=&#8221;.vc_custom_1554915579391{padding-right: 20px !important;padding-left: 20px !important;}&#8221;][vc_row_inner css=&#8221;.vc_custom_1562689691580{margin-top: 0px !important;padding-top: 0px !important;}&#8221;][vc_column_inner width=&#8221;1\/4&#8243;][vc_single_image image=&#8221;3905&#8243; alignment=&#8221;right&#8221; el_class=&#8221;info-icon&#8221; css=&#8221;.vc_custom_1584639180305{margin-right: 13px !important;}&#8221;][\/vc_column_inner][vc_column_inner width=&#8221;3\/4&#8243;][vc_column_text css=&#8221;.vc_custom_1588171567287{margin-top: 20px !important;margin-left: 0px !important;padding-left: 0px !important;}&#8221;]<\/p>\n<h5><strong><span style=\"color: #333333;\"><a style=\"color: #333333;\" href=\"https:\/\/bcn.cv\/pt_PT\/formularios\/\">DOCUMENTOS E FORMUL\u00c1RIOS<\/a><br \/>\n<\/span><\/strong><\/h5>\n<p>[\/vc_column_text][\/vc_column_inner][\/vc_row_inner][\/vc_column][vc_column width=&#8221;1\/5&#8243;][vc_row_inner css=&#8221;.vc_custom_1562689691580{margin-top: 0px !important;padding-top: 0px !important;}&#8221;][vc_column_inner width=&#8221;1\/4&#8243;][vc_single_image image=&#8221;3918&#8243; alignment=&#8221;center&#8221; el_class=&#8221;info-icon last&#8221; css=&#8221;.vc_custom_1584639195656{margin-right: -17px !important;}&#8221;][\/vc_column_inner][vc_column_inner width=&#8221;3\/4&#8243;][vc_column_text css=&#8221;.vc_custom_1588092471365{margin-top: 20px !important;margin-left: 10px !important;padding-left: 0px !important;}&#8221;]<\/p>\n<h5><strong><span style=\"color: #333333;\"><a style=\"color: #333333;\" href=\"https:\/\/bcn.cv\/pt_PT\/protocolos\/\">PROTOCOLOS<\/a><br \/>\n<\/span><\/strong><\/h5>\n<p>[\/vc_column_text][\/vc_column_inner][\/vc_row_inner][\/vc_column][\/vc_row]<\/p>\n","protected":false},"excerpt":{"rendered":"<p>[vc_row css=&#8221;.vc_custom_1585215108093{margin-top: 50px !important;margin-bottom: 100px !important;padding-bottom: 0px !important;}&#8221;][vc_column width=&#8221;2\/3&#8243; el_class=&#8221;align-content left&#8221;][vc_column_text]Simplificamos a gest\u00e3o da sua tesouraria.[\/vc_column_text][vc_column_text][\/vc_column_text][vc_column_text] Finalidade O BCN Factoring \u00e9 uma linha de cr\u00e9dito destinada a financiamento para apoio \u00e0 tesouraria, que se traduz na antecipa\u00e7\u00e3o de cr\u00e9ditos de curto prazo (faturas e\/ou notas [&hellip;]<\/p>\n","protected":false},"author":1,"featured_media":0,"parent":4741,"menu_order":16,"comment_status":"closed","ping_status":"closed","template":"template-builder.php","meta":{"inline_featured_image":false},"aioseo_notices":[],"_links":{"self":[{"href":"https:\/\/bcn.cv\/pt_PT\/wp-json\/wp\/v2\/pages\/4757"}],"collection":[{"href":"https:\/\/bcn.cv\/pt_PT\/wp-json\/wp\/v2\/pages"}],"about":[{"href":"https:\/\/bcn.cv\/pt_PT\/wp-json\/wp\/v2\/types\/page"}],"author":[{"embeddable":true,"href":"https:\/\/bcn.cv\/pt_PT\/wp-json\/wp\/v2\/users\/1"}],"replies":[{"embeddable":true,"href":"https:\/\/bcn.cv\/pt_PT\/wp-json\/wp\/v2\/comments?post=4757"}],"version-history":[{"count":25,"href":"https:\/\/bcn.cv\/pt_PT\/wp-json\/wp\/v2\/pages\/4757\/revisions"}],"predecessor-version":[{"id":16382,"href":"https:\/\/bcn.cv\/pt_PT\/wp-json\/wp\/v2\/pages\/4757\/revisions\/16382"}],"up":[{"embeddable":true,"href":"https:\/\/bcn.cv\/pt_PT\/wp-json\/wp\/v2\/pages\/4741"}],"wp:attachment":[{"href":"https:\/\/bcn.cv\/pt_PT\/wp-json\/wp\/v2\/media?parent=4757"}],"curies":[{"name":"wp","href":"https:\/\/api.w.org\/{rel}","templated":true}]}}