{"id":4659,"date":"2020-04-01T16:37:07","date_gmt":"2020-04-01T16:37:07","guid":{"rendered":"https:\/\/bcn.cv\/pt_PT\/?page_id=4659"},"modified":"2026-04-07T14:55:31","modified_gmt":"2026-04-07T15:55:31","slug":"bcn-online-empresas","status":"publish","type":"page","link":"https:\/\/bcn.cv\/pt_PT\/empresas\/gestao-corrente\/bcn-online-empresas\/","title":{"rendered":"BCN Online Empresas"},"content":{"rendered":"<p>[vc_row css=&#8221;.vc_custom_1587566651608{margin-top: 50px !important;padding-bottom: 0px !important;}&#8221;][vc_column width=&#8221;2\/3&#8243; css=&#8221;.vc_custom_1587552409356{margin-left: 0px !important;}&#8221; el_class=&#8221;align-content left&#8221;][vc_column_text css=&#8221;.vc_custom_1620818937653{padding-top: 0px !important;padding-bottom: 11px !important;padding-left: 0px !important;}&#8221;]<strong><span style=\"color: #6b696d;\">Garanta a Gest\u00e3o do seu Neg\u00f3cio, Onde quer que esteja. O BCN Online Empresas d\u00e1-lhe toda a informa\u00e7\u00e3o que precisa!<\/span><\/strong><br \/>\n<span style=\"color: #6b696d;\">Com o BCN Online Empresas poder\u00e1 contar com uma plataforma que permite a gest\u00e3o do seu neg\u00f3cio, onde quer que esteja, atrav\u00e9s do seu computador ou smartphone, com toda a simplicidade, rapidez e seguran\u00e7a.<\/span><\/p>\n<p>Al\u00e9m das funcionalidades exclusivas ao segmento empresarial, o servi\u00e7o permite-lhe criar v\u00e1rios operadores com acesso \u00e0s contas, concedendo-lhes permiss\u00f5es para consultar e\/ou iniciar transa\u00e7\u00f5es, possibilitando assim a segrega\u00e7\u00e3o de fun\u00e7\u00f5es e controlos.[\/vc_column_text][vc_column_text css=&#8221;.vc_custom_1590073681885{padding-top: 0px !important;padding-bottom: 11px !important;padding-left: 0px !important;}&#8221;]<\/p>\n<table data-tablelook=\"1184\" data-tablestyle=\"MsoNormalTable\">\n<tbody>\n<tr>\n<td data-celllook=\"69905\"><span style=\"color: #da3535;\"><b>FUNCIONALIDADES<\/b><\/span><\/td>\n<td data-celllook=\"69905\">\n<p style=\"text-align: center;\"><span style=\"color: #da3535;\"><b>BCN Online Empresas<\/b>\u00a0<\/span><\/p>\n<\/td>\n<\/tr>\n<tr>\n<td data-celllook=\"69889\"><span data-contrast=\"none\">Vista geral da conta e Consulta da agenda de Vencimentos<\/span><span data-contrast=\"none\">\u00a0<\/span><span data-ccp-props=\"{&quot;201341983&quot;:0,&quot;335551550&quot;:2,&quot;335551620&quot;:2,&quot;335559740&quot;:240}\">\u00a0<\/span><\/td>\n<td data-celllook=\"69889\">\n<p style=\"text-align: center;\"><span data-contrast=\"none\">\u221a<\/span><span data-ccp-props=\"{&quot;201341983&quot;:0,&quot;335551550&quot;:2,&quot;335551620&quot;:2,&quot;335559740&quot;:240}\">\u00a0<\/span><\/p>\n<\/td>\n<\/tr>\n<tr>\n<td data-celllook=\"69889\"><span data-contrast=\"none\">Consulta do saldo, dos detalhes, do NIB e dos movimentos da(s) conta(s) \u00e0 ordem<\/span><\/td>\n<td data-celllook=\"69889\">\n<p style=\"text-align: center;\"><span data-contrast=\"none\">\u221a<\/span><span data-ccp-props=\"{&quot;201341983&quot;:0,&quot;335551550&quot;:2,&quot;335551620&quot;:2,&quot;335559740&quot;:240}\">\u00a0<\/span><\/p>\n<\/td>\n<\/tr>\n<tr>\n<td data-celllook=\"69889\"><span data-contrast=\"none\">Visualiza\u00e7\u00e3o da imagem de cheques<\/span><\/td>\n<td data-celllook=\"69889\">\n<p style=\"text-align: center;\"><span data-contrast=\"none\">\u221a<\/span><span data-ccp-props=\"{&quot;201341983&quot;:0,&quot;335551550&quot;:2,&quot;335551620&quot;:2,&quot;335559740&quot;:240}\">\u00a0<\/span><\/p>\n<\/td>\n<\/tr>\n<tr>\n<td data-celllook=\"69889\"><span data-contrast=\"none\">Consulta do saldo, dos seus detalhes e dos movimentos da(s) conta(s) a prazo<\/span><\/td>\n<td data-celllook=\"69889\">\n<p style=\"text-align: center;\"><span data-contrast=\"none\">\u221a<\/span><span data-ccp-props=\"{&quot;201341983&quot;:0,&quot;335551550&quot;:2,&quot;335551620&quot;:2,&quot;335559740&quot;:240}\">\u00a0<\/span><\/p>\n<\/td>\n<\/tr>\n<tr>\n<td data-celllook=\"69889\">Constitui\u00e7\u00e3o, refor\u00e7o, mobiliza\u00e7\u00e3o e altera\u00e7\u00e3o dos par\u00e2metros da(s) conta(s) a prazo<\/td>\n<td data-celllook=\"69889\">\n<p style=\"text-align: center;\"><span data-contrast=\"none\">\u221a<\/span><span data-ccp-props=\"{&quot;201341983&quot;:0,&quot;335551550&quot;:2,&quot;335551620&quot;:2,&quot;335559740&quot;:240}\">\u00a0<\/span><\/p>\n<\/td>\n<\/tr>\n<tr>\n<td data-celllook=\"69889\"><span data-contrast=\"none\">Consulta das taxas de juro dos produtos dispon\u00edvei<\/span><span data-contrast=\"none\">s<\/span><\/td>\n<td data-celllook=\"69889\">\n<p style=\"text-align: center;\"><span data-contrast=\"none\">\u221a<\/span><span data-ccp-props=\"{&quot;201341983&quot;:0,&quot;335551550&quot;:2,&quot;335551620&quot;:2,&quot;335559740&quot;:240}\">\u00a0<\/span><\/p>\n<\/td>\n<\/tr>\n<tr>\n<td data-celllook=\"69889\"><span data-contrast=\"none\">Transfer\u00eancias entre contas do BCN e para outros Bancos e, consulta e cancelamento de ordens de transfer\u00eancia<\/span><\/td>\n<td data-celllook=\"69889\">\n<p style=\"text-align: center;\"><span data-contrast=\"none\">\u221a<\/span><span data-ccp-props=\"{&quot;201341983&quot;:0,&quot;335551550&quot;:2,&quot;335551620&quot;:2,&quot;335559740&quot;:240}\">\u00a0<\/span><\/p>\n<\/td>\n<\/tr>\n<tr>\n<td data-celllook=\"69889\"><span data-ccp-props=\"{&quot;201341983&quot;:2,&quot;335559685&quot;:375,&quot;335559739&quot;:160,&quot;335559740&quot;:300}\">Consulta de c\u00e2mbios e Requisi\u00e7\u00e3o de moedas estrangeiras<\/span><\/td>\n<td data-celllook=\"69889\">\n<p style=\"text-align: center;\"><span data-contrast=\"none\">\u221a<\/span><span data-ccp-props=\"{&quot;201341983&quot;:0,&quot;335551550&quot;:2,&quot;335551620&quot;:2,&quot;335559740&quot;:240}\">\u00a0<\/span><\/p>\n<\/td>\n<\/tr>\n<tr>\n<td data-celllook=\"69889\"><span data-ccp-props=\"{&quot;201341983&quot;:2,&quot;335559685&quot;:375,&quot;335559739&quot;:160,&quot;335559740&quot;:300}\">Pagamento de faturas e Carregamento de telem\u00f3vel<\/span><\/td>\n<td data-celllook=\"69889\">\n<p style=\"text-align: center;\"><span data-contrast=\"none\">\u221a<\/span><span data-ccp-props=\"{&quot;201341983&quot;:0,&quot;335551550&quot;:2,&quot;335551620&quot;:2,&quot;335559740&quot;:240}\">\u00a0<\/span><\/p>\n<\/td>\n<\/tr>\n<tr>\n<td data-celllook=\"69889\"><span data-ccp-props=\"{&quot;201341983&quot;:2,&quot;335559685&quot;:375,&quot;335559739&quot;:160,&quot;335559740&quot;:300}\">Consulta da(s) conta(s) de cr\u00e9dito, dos seus detalhes, dos movimentos efetuados e do plano financeiro\u00a0\u00a0<\/span><\/td>\n<td data-celllook=\"69889\">\n<p style=\"text-align: center;\"><span data-contrast=\"none\">\u221a<\/span><span data-ccp-props=\"{&quot;201341983&quot;:0,&quot;335551550&quot;:2,&quot;335551620&quot;:2,&quot;335559740&quot;:240}\">\u00a0<\/span><\/p>\n<\/td>\n<\/tr>\n<tr>\n<td data-celllook=\"69889\"><span data-ccp-props=\"{&quot;201341983&quot;:2,&quot;335559685&quot;:375,&quot;335559739&quot;:160,&quot;335559740&quot;:300}\">Pedidos de financiamento e consulta dos pedidos efetuados<\/span><\/td>\n<td data-celllook=\"69889\">\n<p style=\"text-align: center;\"><span data-contrast=\"none\">\u221a<\/span><span data-ccp-props=\"{&quot;201341983&quot;:0,&quot;335551550&quot;:2,&quot;335551620&quot;:2,&quot;335559740&quot;:240}\">\u00a0<\/span><\/p>\n<\/td>\n<\/tr>\n<tr>\n<td data-celllook=\"69889\"><span data-ccp-props=\"{&quot;201341983&quot;:2,&quot;335559685&quot;:375,&quot;335559739&quot;:160,&quot;335559740&quot;:300}\">Consulta da(s) conta(s) caucionada(s), dos seus detalhes e dos movimentos efetuados\u00a0\u00a0<\/span><\/td>\n<td data-celllook=\"69889\">\n<p style=\"text-align: center;\"><span data-contrast=\"none\">\u221a<\/span><span data-ccp-props=\"{&quot;201341983&quot;:0,&quot;335551550&quot;:2,&quot;335551620&quot;:2,&quot;335559740&quot;:240}\">\u00a0<\/span><\/p>\n<\/td>\n<\/tr>\n<tr>\n<td data-celllook=\"69889\"><span data-ccp-props=\"{&quot;201341983&quot;:2,&quot;335559685&quot;:375,&quot;335559739&quot;:160,&quot;335559740&quot;:300}\">Consulta do(s) cart\u00e3o(\u00f5es) associado(s) \u00e0 conta e consulta dos movimentos efectuados com o(s) cart\u00e3o(\u00f5es)\u00a0\u00a0<\/span><\/td>\n<td data-celllook=\"69889\">\n<p style=\"text-align: center;\"><span data-contrast=\"none\">\u221a<\/span><span data-ccp-props=\"{&quot;201341983&quot;:0,&quot;335551550&quot;:2,&quot;335551620&quot;:2,&quot;335559740&quot;:240}\">\u00a0<\/span><\/p>\n<\/td>\n<\/tr>\n<tr>\n<td data-celllook=\"69889\"><span data-ccp-props=\"{&quot;201341983&quot;:2,&quot;335559685&quot;:375,&quot;335559739&quot;:160,&quot;335559740&quot;:300}\">Requisi\u00e7\u00e3o de cart\u00f5es\u00a0<\/span><\/td>\n<td data-celllook=\"69889\">\n<p style=\"text-align: center;\"><span data-contrast=\"none\">\u221a<\/span><span data-ccp-props=\"{&quot;201341983&quot;:0,&quot;335551550&quot;:2,&quot;335551620&quot;:2,&quot;335559740&quot;:240}\">\u00a0<\/span><\/p>\n<\/td>\n<\/tr>\n<tr>\n<td data-celllook=\"69889\">Pedido de realiza\u00e7\u00e3o de Ordem de Pagamento ao Estrangeiro<\/td>\n<td data-celllook=\"69889\">\n<p style=\"text-align: center;\"><span data-contrast=\"none\">\u221a<\/span><span data-ccp-props=\"{&quot;201341983&quot;:0,&quot;335551550&quot;:2,&quot;335551620&quot;:2,&quot;335559740&quot;:240}\">\u00a0<\/span><\/p>\n<\/td>\n<\/tr>\n<tr>\n<td data-celllook=\"69889\"><span data-ccp-props=\"{&quot;201341983&quot;:2,&quot;335559685&quot;:375,&quot;335559739&quot;:160,&quot;335559740&quot;:300}\">Personaliza\u00e7\u00e3o da conta, consulta de dados pessoais, consulta de contas e gest\u00e3o de benefici\u00e1rios frequentes<\/span><\/td>\n<td data-celllook=\"69889\">\n<p style=\"text-align: center;\"><span data-contrast=\"none\">\u221a<\/span><span data-ccp-props=\"{&quot;201341983&quot;:0,&quot;335551550&quot;:2,&quot;335551620&quot;:2,&quot;335559740&quot;:240}\">\u00a0<\/span><\/p>\n<\/td>\n<\/tr>\n<tr>\n<td data-celllook=\"69889\"><span data-contrast=\"none\">Envio<\/span><span data-contrast=\"none\">\u00a0e\u00a0<\/span><span data-contrast=\"none\">recep\u00e7\u00e3o<\/span><span data-contrast=\"none\">\u00a0de\u00a0<\/span><span data-contrast=\"none\">mensagens<\/span><\/td>\n<td style=\"text-align: center;\" data-celllook=\"69889\"><span data-contrast=\"none\">\u221a<\/span><span data-ccp-props=\"{&quot;201341983&quot;:0,&quot;335551550&quot;:2,&quot;335551620&quot;:2,&quot;335559740&quot;:240}\">\u00a0<\/span><\/td>\n<\/tr>\n<tr>\n<td data-celllook=\"69889\"><span data-ccp-props=\"{&quot;201341983&quot;:2,&quot;335559685&quot;:375,&quot;335559739&quot;:160,&quot;335559740&quot;:300}\">Hist\u00f3rico de opera\u00e7\u00f5es efectuadas no BCN Online<\/span><\/td>\n<td data-celllook=\"69889\">\n<p style=\"text-align: center;\"><span data-contrast=\"none\">\u221a<\/span><span data-ccp-props=\"{&quot;201341983&quot;:0,&quot;335551550&quot;:2,&quot;335551620&quot;:2,&quot;335559740&quot;:240}\">\u00a0<\/span><\/p>\n<\/td>\n<\/tr>\n<\/tbody>\n<\/table>\n<p>[\/vc_column_text][vc_column_text]<\/p>\n<h4><b>Ades\u00e3o ao BCN Online Empresas<\/b><\/h4>\n<ol>\n<li aria-setsize=\"-1\" data-aria-level=\"1\" data-aria-posinset=\"1\" data-listid=\"26\" data-font=\"Helvetica,Times New Roman\" data-leveltext=\"%1.\"><span data-contrast=\"none\">Preencha e assine a <a href=\"https:\/\/www.bcn.cv\/pdf\/formularios\/FORMBCN_11_2009_ADESAO_BCNONLINE.pdf\">ficha de ades\u00e3o<\/a>;<\/span><\/li>\n<li aria-setsize=\"-1\" data-aria-level=\"1\" data-aria-posinset=\"1\" data-listid=\"26\" data-font=\"Helvetica,Times New Roman\" data-leveltext=\"%1.\"><span data-contrast=\"none\">Entregue os formul\u00e1rios preenchidos numa <a href=\"https:\/\/bcn.cv\/pt_PT\/agencias-4\/\" target=\"_blank\" rel=\"noopener noreferrer\">Ag\u00eancia<\/a> BCN;<\/span><\/li>\n<li aria-setsize=\"-1\" data-aria-level=\"1\" data-aria-posinset=\"1\" data-listid=\"26\" data-font=\"Helvetica,Times New Roman\" data-leveltext=\"%1.\"><span data-contrast=\"none\">Receba os c\u00f3digos de acesso ao servi\u00e7o no seu email.<\/span><span data-ccp-props=\"{&quot;134233117&quot;:true,&quot;134233118&quot;:true,&quot;201341983&quot;:2,&quot;335559685&quot;:375,&quot;335559739&quot;:160,&quot;335559740&quot;:300}\">\u00a0<\/span><\/li>\n<\/ol>\n<h4 aria-level=\"3\"><b>Seguran\u00e7a nas suas transa\u00e7\u00f5es<\/b><\/h4>\n<p>Para refor\u00e7ar a sua seguran\u00e7a ao realizar transa\u00e7\u00f5es atrav\u00e9s do BCN Online, al\u00e9m do nome de utilizador e da palavra-passe, \u00e9 necess\u00e1rio introduzir um c\u00f3digo de confirma\u00e7\u00e3o.<\/p>\n<ul>\n<li aria-setsize=\"-1\" data-aria-level=\"1\" data-aria-posinset=\"1\" data-listid=\"25\" data-font=\"Symbol\" data-leveltext=\"\uf0b7\"><span data-contrast=\"none\"><strong>Nome de utilizador<\/strong> -\u202fDesigna\u00e7\u00e3o pela qual vai ser reconhecido no BCN Online e uma vez registado, n\u00e3o poder\u00e1 ser alterado;<\/span><span data-ccp-props=\"{&quot;201341983&quot;:2,&quot;335559685&quot;:375,&quot;335559739&quot;:160,&quot;335559740&quot;:300}\">\u00a0<\/span><\/li>\n<li aria-setsize=\"-1\" data-aria-level=\"1\" data-aria-posinset=\"2\" data-listid=\"25\" data-font=\"Symbol\" data-leveltext=\"\uf0b7\"><span data-contrast=\"none\"><strong>Palavra-chave<\/strong> -\u202fSenha gerada <\/span><span data-contrast=\"none\">automaticamente<\/span><span data-contrast=\"none\"> e <\/span><span data-contrast=\"none\">constitu\u00edda<\/span><span data-contrast=\"none\"> por n\u00fameros e\/ou letras que permite aceder ao servi\u00e7o.\u202fDever\u00e1 conter de 6 a 10 caracteres;<\/span><span data-ccp-props=\"{&quot;201341983&quot;:2,&quot;335559685&quot;:375,&quot;335559739&quot;:160,&quot;335559740&quot;:300}\">\u00a0<\/span><\/li>\n<li aria-setsize=\"-1\" data-aria-level=\"1\" data-aria-posinset=\"3\" data-listid=\"25\" data-font=\"Symbol\" data-leveltext=\"\uf0b7\"><span data-contrast=\"none\"><strong>Chave de confirma\u00e7\u00e3o<\/strong> -\u202fC\u00f3digo num\u00e9rico de 6 caracteres, que servir\u00e1 para confirmar as opera\u00e7\u00f5es <\/span><span data-contrast=\"none\">efectuadas<\/span><span data-contrast=\"none\"> no BCN Online. Ser\u00e1 solicitada a introdu\u00e7\u00e3o de apenas 4 caracteres por\u202ftransa\u00e7\u00e3o.<\/span><\/li>\n<li aria-setsize=\"-1\" data-aria-level=\"1\" data-aria-posinset=\"3\" data-listid=\"25\" data-font=\"Symbol\" data-leveltext=\"\uf0b7\"><strong>SMS Token &#8211; <\/strong>\u00a0Mecanismo que permite ao Cliente receber no seu telem\u00f3vel um SMS com um c\u00f3digo de quatro n\u00fameros para confirmar a realiza\u00e7\u00e3o de cada transa\u00e7\u00e3o que efetua atrav\u00e9s do BCN Online.<\/li>\n<\/ul>\n<p>[\/vc_column_text][vc_column_text css=&#8221;.vc_custom_1587552452668{margin-top: 50px !important;margin-bottom: 0px !important;padding-bottom: 0px !important;}&#8221;]<\/p>\n<h3><span style=\"color: #da3535;\"><strong>BENEF\u00cdCIOS<\/strong><\/span><\/h3>\n<p>[\/vc_column_text][vc_row_inner css=&#8221;.vc_custom_1588149166219{margin-top: 0px !important;margin-right: 36px !important;margin-left: 0px !important;padding-left: 10px !important;background: #ed1f27 url(https:\/\/bcn.cv\/pt_PT\/wp-content\/uploads\/2018\/12\/logo-element-watermark-md.png?id=1722) !important;}&#8221;][vc_column_inner width=&#8221;2\/5&#8243;][vc_column_text css=&#8221;.vc_custom_1588160857678{margin-top: 25px !important;margin-right: 0px !important;margin-left: 0px !important;padding-right: 0px !important;padding-left: 15px !important;}&#8221;]<\/p>\n<h3><strong><span style=\"color: #ffffff !important; font-size: 22x;\">O QUE O BCN LHE OFERECE<\/span><\/strong><\/h3>\n<p>[\/vc_column_text][vc_single_image image=&#8221;1736&#8243; img_size=&#8221;full&#8221; el_class=&#8221;icon-about&#8221;][\/vc_column_inner][vc_column_inner width=&#8221;3\/5&#8243; css=&#8221;.vc_custom_1583926353129{margin-top: 0px !important;}&#8221;][vc_column_text el_class=&#8221;offers-text bullet-white&#8221; css=&#8221;.vc_custom_1600029247941{margin-top: 20px !important;margin-bottom: 20px !important;}&#8221;]<\/p>\n<ul>\n<li><span style=\"color: #ffffff; font-size: 14px;\">Ades\u00e3o Gratuita<\/span><\/li>\n<li><span style=\"color: #ffffff; font-size: 14px;\">Dispon\u00edvel 24 horas, 7 dias por semana<\/span><\/li>\n<li><span style=\"color: #ffffff; font-size: 14px;\">Acesso e gest\u00e3o da conta sempre que quiser<\/span><\/li>\n<li><span style=\"color: #ffffff; font-size: 14px;\">Web responsive, sendo acedido via Web ou Mobile<\/span><\/li>\n<\/ul>\n<p>[\/vc_column_text][\/vc_column_inner][\/vc_row_inner][vc_row_inner][\/vc_row_inner][vc_column_inner][\/vc_column_inner][vc_column_text css=&#8221;.vc_custom_1587552487570{margin-top: 50px !important;margin-bottom: 0px !important;padding-bottom: 0px !important;}&#8221;]<\/p>\n<h3><strong><span style=\"color: #da3535; font-size: 22px;\">Saiba mais sobre&#8230;<\/span><\/strong><\/h3>\n<p>[\/vc_column_text][vc_row_inner][vc_column_inner el_class=&#8221;pdf-icon&#8221; width=&#8221;1\/6&#8243; css=&#8221;.vc_custom_1588589060520{margin-left: 15px !important;}&#8221;][vc_single_image image=&#8221;7026&#8243; img_size=&#8221;70&#215;72&#8243;][\/vc_column_inner][vc_column_inner width=&#8221;1\/3&#8243;][vc_column_text]<\/p>\n<h4><strong>Documentos e<br \/>\nInforma\u00e7\u00f5es<\/strong><\/h4>\n<p>[\/vc_column_text][\/vc_column_inner][vc_column_inner width=&#8221;1\/2&#8243; css=&#8221;.vc_custom_1588608064337{margin-top: 0px !important;padding-right: 24px !important;}&#8221;][vc_column_text el_class=&#8221;pdfs-download&#8221; css=&#8221;.vc_custom_1589287526154{padding-right: 20px !important;}&#8221;]<\/p>\n<p style=\"color: #6b696d !important;\"><span style=\"color: #ff0000;\"><a style=\"color: #ff0000;\" href=\"https:\/\/bcn.cv\/pt_PT\/formularios\/\" target=\"_blank\" rel=\"noopener noreferrer\">Contrato de Ades\u00e3o ao BCN Online<\/a><\/span><br \/>\n<span style=\"color: #ff0000;\"><a style=\"color: #ff0000;\" href=\"https:\/\/bcn.cv\/pt_PT\/formularios\/\" target=\"_blank\" rel=\"noopener noreferrer\">Ficha de Ades\u00e3o Gestor \u2013 BCN Online<\/a><\/span><br \/>\n<span style=\"color: #ff0000;\"><a style=\"color: #ff0000;\" href=\"https:\/\/bcn.cv\/pt_PT\/formularios\/\" target=\"_blank\" rel=\"noopener noreferrer\">Ficha de Altera\u00e7\u00f5es Ades\u00e3o Cliente \u2013 BCN Online<\/a><\/span><br \/>\n<span style=\"color: #ff0000;\"><a style=\"color: #ff0000;\" href=\"https:\/\/bcn.cv\/pt_PT\/formularios\/\" target=\"_blank\" rel=\"noopener noreferrer\">Ficha de Altera\u00e7\u00f5es Ades\u00e3o Gestor \u2013 BCN Online<\/a><\/span><br \/>\n<span style=\"color: #ff0000;\"><a style=\"color: #ff0000;\" href=\"https:\/\/bcn.cv\/pt_PT\/formularios\/\" target=\"_blank\" rel=\"noopener noreferrer\">Formul\u00e1rio de recep\u00e7\u00e3o dos c\u00f3digos BCN Online<\/a><\/span>[\/vc_column_text][\/vc_column_inner][\/vc_row_inner][\/vc_column][vc_column width=&#8221;1\/3&#8243; el_class=&#8221;align-content right&#8221;][vc_single_image image=&#8221;5978&#8243; img_size=&#8221;full&#8221; onclick=&#8221;custom_link&#8221; link=&#8221;https:\/\/bcn.cv\/pt_PT\/suporte_test\/open.php&#8221;][\/vc_column][\/vc_row][vc_row css=&#8221;.vc_custom_1588679947714{margin-top: 60px !important;}&#8221;][vc_column css=&#8221;.vc_custom_1582213073468{margin-top: -75px !important;}&#8221;]<div class=\"title-vertical-line\"><h2><span>Informa\u00e7\u00e3o<\/span> \u00datil<\/h2><p><\/p><\/div>[\/vc_column][\/vc_row][vc_row css=&#8221;.vc_custom_1584698679942{margin-right: 14% !important;margin-left: 14% !important;}&#8221; el_class=&#8221;useful-info&#8221;][vc_column width=&#8221;1\/5&#8243; css=&#8221;.vc_custom_1554915538453{padding-right: 20px !important;padding-left: 20px !important;}&#8221;][vc_row_inner css=&#8221;.vc_custom_1562689691580{margin-top: 0px !important;padding-top: 0px !important;}&#8221;][vc_column_inner width=&#8221;1\/4&#8243;][vc_single_image image=&#8221;3916&#8243; alignment=&#8221;center&#8221; el_class=&#8221;info-icon&#8221; css=&#8221;.vc_custom_1584639152674{padding-right: -3px !important;}&#8221;][\/vc_column_inner][vc_column_inner width=&#8221;3\/4&#8243;][vc_column_text css=&#8221;.vc_custom_1588092435234{margin-top: 20px !important;margin-left: 0px !important;padding-left: 0px !important;}&#8221;]<\/p>\n<h5><span style=\"color: #333333;\"><a style=\"color: #333333;\" href=\"https:\/\/bcn.cv\/pt_PT\/precario\/\"><strong>PRE\u00c7\u00c1RIO<\/strong><\/a><\/span><\/h5>\n<p>[\/vc_column_text][\/vc_column_inner][\/vc_row_inner][\/vc_column][vc_column width=&#8221;1\/5&#8243; css=&#8221;.vc_custom_1554915650188{padding-right: 20px !important;padding-left: 20px !important;}&#8221;][vc_row_inner css=&#8221;.vc_custom_1562689691580{margin-top: 0px !important;padding-top: 0px !important;}&#8221;][vc_column_inner width=&#8221;1\/4&#8243;][vc_single_image image=&#8221;3941&#8243; alignment=&#8221;center&#8221; el_class=&#8221;info-icon&#8221; css=&#8221;.vc_custom_1584639170837{margin-right: -3px !important;}&#8221;][\/vc_column_inner][vc_column_inner width=&#8221;3\/4&#8243;][vc_column_text css=&#8221;.vc_custom_1588092449909{margin-top: 20px !important;margin-left: 0px !important;padding-left: 0px !important;}&#8221;]<\/p>\n<h5><strong><span style=\"color: #333333;\"><span style=\"color: #333336;\"><a style=\"color: #333336;\" href=\"https:\/\/bcnonline.bcn.cv\/\">\u00c1REA DE CLIENTE<\/a><\/span><br \/>\n<\/span><\/strong><\/h5>\n<p>[\/vc_column_text][\/vc_column_inner][\/vc_row_inner][\/vc_column][vc_column width=&#8221;2\/5&#8243; css=&#8221;.vc_custom_1554915579391{padding-right: 20px !important;padding-left: 20px !important;}&#8221;][vc_row_inner css=&#8221;.vc_custom_1562689691580{margin-top: 0px !important;padding-top: 0px !important;}&#8221;][vc_column_inner width=&#8221;1\/4&#8243;][vc_single_image image=&#8221;3905&#8243; alignment=&#8221;right&#8221; el_class=&#8221;info-icon&#8221; css=&#8221;.vc_custom_1584639180305{margin-right: 13px !important;}&#8221;][\/vc_column_inner][vc_column_inner width=&#8221;3\/4&#8243;][vc_column_text css=&#8221;.vc_custom_1588171567287{margin-top: 20px !important;margin-left: 0px !important;padding-left: 0px !important;}&#8221;]<\/p>\n<h5><strong><span style=\"color: #333333;\"><a style=\"color: #333333;\" href=\"https:\/\/bcn.cv\/pt_PT\/formularios\/\">DOCUMENTOS E FORMUL\u00c1RIOS<\/a><br \/>\n<\/span><\/strong><\/h5>\n<p>[\/vc_column_text][\/vc_column_inner][\/vc_row_inner][\/vc_column][vc_column width=&#8221;1\/5&#8243;][vc_row_inner css=&#8221;.vc_custom_1562689691580{margin-top: 0px !important;padding-top: 0px !important;}&#8221;][vc_column_inner width=&#8221;1\/4&#8243;][vc_single_image image=&#8221;3918&#8243; alignment=&#8221;center&#8221; el_class=&#8221;info-icon last&#8221; css=&#8221;.vc_custom_1584639195656{margin-right: -17px !important;}&#8221;][\/vc_column_inner][vc_column_inner width=&#8221;3\/4&#8243;][vc_column_text css=&#8221;.vc_custom_1588092471365{margin-top: 20px !important;margin-left: 10px !important;padding-left: 0px !important;}&#8221;]<\/p>\n<h5><strong><span style=\"color: #333333;\"><a style=\"color: #333333;\" href=\"https:\/\/bcn.cv\/pt_PT\/protocolos\/\">PROTOCOLOS<\/a><br \/>\n<\/span><\/strong><\/h5>\n<p>[\/vc_column_text][\/vc_column_inner][\/vc_row_inner][\/vc_column][\/vc_row]<\/p>\n","protected":false},"excerpt":{"rendered":"<p><\/p>\n","protected":false},"author":1,"featured_media":0,"parent":4649,"menu_order":10,"comment_status":"closed","ping_status":"closed","template":"template-builder.php","meta":{"inline_featured_image":false},"aioseo_notices":[],"_links":{"self":[{"href":"https:\/\/bcn.cv\/pt_PT\/wp-json\/wp\/v2\/pages\/4659"}],"collection":[{"href":"https:\/\/bcn.cv\/pt_PT\/wp-json\/wp\/v2\/pages"}],"about":[{"href":"https:\/\/bcn.cv\/pt_PT\/wp-json\/wp\/v2\/types\/page"}],"author":[{"embeddable":true,"href":"https:\/\/bcn.cv\/pt_PT\/wp-json\/wp\/v2\/users\/1"}],"replies":[{"embeddable":true,"href":"https:\/\/bcn.cv\/pt_PT\/wp-json\/wp\/v2\/comments?post=4659"}],"version-history":[{"count":47,"href":"https:\/\/bcn.cv\/pt_PT\/wp-json\/wp\/v2\/pages\/4659\/revisions"}],"predecessor-version":[{"id":16373,"href":"https:\/\/bcn.cv\/pt_PT\/wp-json\/wp\/v2\/pages\/4659\/revisions\/16373"}],"up":[{"embeddable":true,"href":"https:\/\/bcn.cv\/pt_PT\/wp-json\/wp\/v2\/pages\/4649"}],"wp:attachment":[{"href":"https:\/\/bcn.cv\/pt_PT\/wp-json\/wp\/v2\/media?parent=4659"}],"curies":[{"name":"wp","href":"https:\/\/api.w.org\/{rel}","templated":true}]}}