{"id":3240,"date":"2019-08-25T16:19:28","date_gmt":"2019-08-25T17:19:28","guid":{"rendered":"https:\/\/bcn.cv\/pt_PT\/?page_id=3240"},"modified":"2026-04-07T15:27:31","modified_gmt":"2026-04-07T16:27:31","slug":"particulares-red-2","status":"publish","type":"page","link":"https:\/\/bcn.cv\/pt_PT\/emigrantes\/emigrantes-servicos\/particulares-red-2\/","title":{"rendered":"RED"},"content":{"rendered":"<p>[vc_row css=&#8221;.vc_custom_1625241940445{margin-top: 50px !important;padding-bottom: 0px !important;}&#8221;][vc_column width=&#8221;2\/3&#8243; css=&#8221;.vc_custom_1587482704996{margin-top: 0px !important;}&#8221;][vc_column_text css=&#8221;.vc_custom_1625241317786{padding-top: 0px !important;padding-bottom: 11px !important;padding-left: 0px !important;}&#8221;]<strong>A forma direta, r\u00e1pida e segura para creditar a sua conta em Cabo Verde.<\/strong><\/p>\n<p>Se est\u00e1 no estrangeiro e precisa carregar a sua conta BCN adira j\u00e1 ao RED \u2013 R\u00e1pido e Direto, uma plataforma digital atrav\u00e9s do qual poder\u00e1 \u00a0carregar diretamente sua conta BCN, de forma r\u00e1pida e segura.[\/vc_column_text][vc_column_text css=&#8221;.vc_custom_1625241988062{margin-top: 50px !important;}&#8221;][\/vc_column_text][vc_column_text css=&#8221;.vc_custom_1563125144387{margin-bottom: 0px !important;padding-bottom: 0px !important;}&#8221;]<\/p>\n<h3><span style=\"color: #da3535;\"><strong>BENEF\u00cdCIOS<\/strong><\/span><\/h3>\n<p>[\/vc_column_text][vc_row_inner css=&#8221;.vc_custom_1623669564784{margin-top: 0px !important;margin-right: 36px !important;margin-left: 0px !important;padding-top: 20px !important;padding-bottom: 20px !important;padding-left: 10px !important;background: #ed1f27 url(https:\/\/bcn.cv\/pt_PT\/wp-content\/uploads\/2018\/12\/logo-element-watermark-md.png?id=1722) !important;}&#8221;][vc_column_inner width=&#8221;2\/5&#8243;][vc_column_text css=&#8221;.vc_custom_1588158081588{margin-top: 25px !important;margin-right: 0px !important;margin-left: 0px !important;padding-right: 0px !important;padding-left: 15px !important;}&#8221;]<\/p>\n<h3><span style=\"color: #ffffff;\"><strong>O QUE A SUA CONTA RED LHE OFERECE<\/strong><\/span><\/h3>\n<p>[\/vc_column_text][vc_single_image image=&#8221;1736&#8243; img_size=&#8221;full&#8221; el_class=&#8221;icon-about&#8221;][\/vc_column_inner][vc_column_inner width=&#8221;3\/5&#8243; css=&#8221;.vc_custom_1583926353129{margin-top: 0px !important;}&#8221;][vc_column_text el_class=&#8221;offers-text bullet-white&#8221; css=&#8221;.vc_custom_1625242399903{margin-top: 20px !important;margin-bottom: 20px !important;padding-right: 40px !important;}&#8221;]<\/p>\n<ul>\n<li><span style=\"color: #ffffff;\">Ades\u00e3o totalmente online atrav\u00e9s do site <a style=\"color: #ffffff;\" href=\"http:\/\/red.bcn.cv\">www.red.bcn.cv<\/a>;<\/span><\/li>\n<li><span style=\"color: #ffffff;\">Carregamento online da conta no BCN atrav\u00e9s de um cart\u00e3o (Vinti4 ou Visa);<\/span><\/li>\n<li><span style=\"color: #ffffff;\">Rece\u00e7\u00e3o do montante diretamente na conta, at\u00e9 24 horas \u00fateis ap\u00f3s o carregamento, sem necessidade de se deslocar a uma ag\u00eancia ou de fornecimento de c\u00f3digos;<\/span><\/li>\n<li><span style=\"color: #ffffff;\">Design web responsive que permite a utiliza\u00e7\u00e3o no computador, tablet e smartphone.<\/span><\/li>\n<\/ul>\n<p>[\/vc_column_text][\/vc_column_inner][\/vc_row_inner][vc_row_inner css=&#8221;.vc_custom_1588590257742{margin-top: 50px !important;}&#8221;][\/vc_row_inner][vc_column_inner][\/vc_column_inner][vc_column_text css=&#8221;.vc_custom_1625580559980{margin-bottom: 0px !important;padding-bottom: 0px !important;}&#8221;]<\/p>\n<h4><strong>Como aderir?<\/strong><\/h4>\n<p>Veja como aderir <a href=\"https:\/\/www.youtube.com\/watch?v=aPKdy1BWcp4\">aqui<\/a><\/p>\n<ol>\n<li>Entre no site <a href=\"http:\/\/red.bcn.cv\">www.red.bcn.cv<\/a>\u00a0e clique em \u201cNovo no RED? Criar Conta\u201d;<\/li>\n<li>Preencha o formul\u00e1rio de registo e aceite as condi\u00e7\u00f5es gerais de servi\u00e7o. Ir\u00e1 receber uma notifica\u00e7\u00e3o no seu e-mail informando que o seu registo se encontra pendente de valida\u00e7\u00e3o pelo BCN;<\/li>\n<li>Ao receber a mensagem de confirma\u00e7\u00e3o, clique no link e conclua o seu registo criando a sua palavra-passe e fazendo login na conta.<\/li>\n<\/ol>\n<p>&nbsp;<\/p>\n<h4><strong>Como carregar?<\/strong><\/h4>\n<p>Veja como carregar a sua conta <a href=\"https:\/\/www.youtube.com\/watch?v=VZKaD-yTLI8\">aqui<\/a><\/p>\n<p>Carregue sua conta em apenas 4 passos\u00a0:<\/p>\n<ol>\n<li>Autentique-se no site\u00a0<a href=\"http:\/\/red.bcn.cv\">http:\/\/red.bcn.cv<\/a> usando o seu e-mail e senha;<\/li>\n<li>Escolha o valor que deseja carregar na sua conta;<\/li>\n<li>Introduza os dados do cart\u00e3o Vinti4 ou Visa;<\/li>\n<li>Confirme uma realiza\u00e7\u00e3o da opera\u00e7\u00e3o.<\/li>\n<\/ol>\n<p>Para informa\u00e7\u00f5es adicionais, contacte-nos atrav\u00e9s do <a href=\"https:\/\/bcn.cv\/suporte\/open.php\">BCN Suporte ao Cliente.<\/a>[\/vc_column_text][vc_row_inner css=&#8221;.vc_custom_1587480492102{margin-top: 50px !important;}&#8221;][\/vc_row_inner][\/vc_column][vc_column width=&#8221;1\/3&#8243; el_class=&#8221;align-content right&#8221;][vc_single_image image=&#8221;5976&#8243; img_size=&#8221;full&#8221; onclick=&#8221;custom_link&#8221; link=&#8221;https:\/\/bcn.cv\/pt_PT\/suporte_test\/open.php&#8221;][\/vc_column][\/vc_row][vc_row css=&#8221;.vc_custom_1587461986531{margin-top: 60px !important;}&#8221;][vc_column css=&#8221;.vc_custom_1582213073468{margin-top: -75px !important;}&#8221;]<div class=\"title-vertical-line\"><h2><span>Informa\u00e7\u00e3o<\/span> \u00datil<\/h2><p><\/p><\/div>[\/vc_column][\/vc_row][vc_row css=&#8221;.vc_custom_1584698679942{margin-right: 14% !important;margin-left: 14% !important;}&#8221; el_class=&#8221;useful-info&#8221;][vc_column width=&#8221;1\/5&#8243; css=&#8221;.vc_custom_1554915538453{padding-right: 20px !important;padding-left: 20px !important;}&#8221;][vc_row_inner css=&#8221;.vc_custom_1562689691580{margin-top: 0px !important;padding-top: 0px !important;}&#8221;][vc_column_inner width=&#8221;1\/4&#8243;][vc_single_image image=&#8221;3916&#8243; alignment=&#8221;center&#8221; el_class=&#8221;info-icon&#8221; css=&#8221;.vc_custom_1584639152674{padding-right: -3px !important;}&#8221;][\/vc_column_inner][vc_column_inner width=&#8221;3\/4&#8243;][vc_column_text css=&#8221;.vc_custom_1588092435234{margin-top: 20px !important;margin-left: 0px !important;padding-left: 0px !important;}&#8221;]<\/p>\n<h5><span style=\"color: #333333;\"><a style=\"color: #333333;\" href=\"https:\/\/bcn.cv\/pt_PT\/precario\/\"><strong>PRE\u00c7\u00c1RIO<\/strong><\/a><\/span><\/h5>\n<p>[\/vc_column_text][\/vc_column_inner][\/vc_row_inner][\/vc_column][vc_column width=&#8221;1\/5&#8243; css=&#8221;.vc_custom_1554915650188{padding-right: 20px !important;padding-left: 20px !important;}&#8221;][vc_row_inner css=&#8221;.vc_custom_1562689691580{margin-top: 0px !important;padding-top: 0px !important;}&#8221;][vc_column_inner width=&#8221;1\/4&#8243;][vc_single_image image=&#8221;3941&#8243; alignment=&#8221;center&#8221; el_class=&#8221;info-icon&#8221; css=&#8221;.vc_custom_1584639170837{margin-right: -3px !important;}&#8221;][\/vc_column_inner][vc_column_inner width=&#8221;3\/4&#8243;][vc_column_text css=&#8221;.vc_custom_1588092449909{margin-top: 20px !important;margin-left: 0px !important;padding-left: 0px !important;}&#8221;]<\/p>\n<h5><strong><span style=\"color: #333333;\"><span style=\"color: #333336;\"><a style=\"color: #333336;\" href=\"https:\/\/bcnonline.bcn.cv\/\">\u00c1REA DE CLIENTE<\/a><\/span><br \/>\n<\/span><\/strong><\/h5>\n<p>[\/vc_column_text][\/vc_column_inner][\/vc_row_inner][\/vc_column][vc_column width=&#8221;2\/5&#8243; css=&#8221;.vc_custom_1554915579391{padding-right: 20px !important;padding-left: 20px !important;}&#8221;][vc_row_inner css=&#8221;.vc_custom_1562689691580{margin-top: 0px !important;padding-top: 0px !important;}&#8221;][vc_column_inner width=&#8221;1\/4&#8243;][vc_single_image image=&#8221;3905&#8243; alignment=&#8221;right&#8221; el_class=&#8221;info-icon&#8221; css=&#8221;.vc_custom_1584639180305{margin-right: 13px !important;}&#8221;][\/vc_column_inner][vc_column_inner width=&#8221;3\/4&#8243;][vc_column_text css=&#8221;.vc_custom_1588171567287{margin-top: 20px !important;margin-left: 0px !important;padding-left: 0px !important;}&#8221;]<\/p>\n<h5><strong><span style=\"color: #333333;\"><a style=\"color: #333333;\" href=\"https:\/\/bcn.cv\/pt_PT\/formularios\/\">DOCUMENTOS E FORMUL\u00c1RIOS<\/a><br \/>\n<\/span><\/strong><\/h5>\n<p>[\/vc_column_text][\/vc_column_inner][\/vc_row_inner][\/vc_column][vc_column width=&#8221;1\/5&#8243;][vc_row_inner css=&#8221;.vc_custom_1562689691580{margin-top: 0px !important;padding-top: 0px !important;}&#8221;][vc_column_inner width=&#8221;1\/4&#8243;][vc_single_image image=&#8221;3918&#8243; alignment=&#8221;center&#8221; el_class=&#8221;info-icon last&#8221; css=&#8221;.vc_custom_1584639195656{margin-right: -17px !important;}&#8221;][\/vc_column_inner][vc_column_inner width=&#8221;3\/4&#8243;][vc_column_text css=&#8221;.vc_custom_1588092471365{margin-top: 20px !important;margin-left: 10px !important;padding-left: 0px !important;}&#8221;]<\/p>\n<h5><strong><span style=\"color: #333333;\"><a style=\"color: #333333;\" href=\"https:\/\/bcn.cv\/pt_PT\/protocolos\/\">PROTOCOLOS<\/a><br \/>\n<\/span><\/strong><\/h5>\n<p>[\/vc_column_text][\/vc_column_inner][\/vc_row_inner][\/vc_column][\/vc_row]<\/p>\n","protected":false},"excerpt":{"rendered":"<p><\/p>\n","protected":false},"author":2,"featured_media":0,"parent":2209,"menu_order":16,"comment_status":"closed","ping_status":"closed","template":"template-builder.php","meta":{"inline_featured_image":false},"aioseo_notices":[],"_links":{"self":[{"href":"https:\/\/bcn.cv\/pt_PT\/wp-json\/wp\/v2\/pages\/3240"}],"collection":[{"href":"https:\/\/bcn.cv\/pt_PT\/wp-json\/wp\/v2\/pages"}],"about":[{"href":"https:\/\/bcn.cv\/pt_PT\/wp-json\/wp\/v2\/types\/page"}],"author":[{"embeddable":true,"href":"https:\/\/bcn.cv\/pt_PT\/wp-json\/wp\/v2\/users\/2"}],"replies":[{"embeddable":true,"href":"https:\/\/bcn.cv\/pt_PT\/wp-json\/wp\/v2\/comments?post=3240"}],"version-history":[{"count":42,"href":"https:\/\/bcn.cv\/pt_PT\/wp-json\/wp\/v2\/pages\/3240\/revisions"}],"predecessor-version":[{"id":16406,"href":"https:\/\/bcn.cv\/pt_PT\/wp-json\/wp\/v2\/pages\/3240\/revisions\/16406"}],"up":[{"embeddable":true,"href":"https:\/\/bcn.cv\/pt_PT\/wp-json\/wp\/v2\/pages\/2209"}],"wp:attachment":[{"href":"https:\/\/bcn.cv\/pt_PT\/wp-json\/wp\/v2\/media?parent=3240"}],"curies":[{"name":"wp","href":"https:\/\/api.w.org\/{rel}","templated":true}]}}