{"id":3184,"date":"2019-07-27T17:13:13","date_gmt":"2019-07-27T17:13:13","guid":{"rendered":"https:\/\/bcn.cv\/pt_PT\/?page_id=3184"},"modified":"2026-04-07T14:23:58","modified_gmt":"2026-04-07T15:23:58","slug":"particulares-dp-bcn-standard-ecv","status":"publish","type":"page","link":"https:\/\/bcn.cv\/pt_PT\/particulares\/particulares-poupanca\/particulares-dp-bcn-standard-ecv\/","title":{"rendered":"DP BCN Standard ECV"},"content":{"rendered":"<p>[vc_row css=&#8221;.vc_custom_1585149779292{margin-top: 50px !important;margin-bottom: 100px !important;padding-bottom: 0px !important;}&#8221;][vc_column width=&#8221;2\/3&#8243; el_class=&#8221;align-content left&#8221;][vc_column_text]O\u00a0<strong>Dep\u00f3sito a Prazo Standard<\/strong> destina-se a clientes particulares que pretendem um plano de poupan\u00e7a com prazos flex\u00edveis, taxa de juro competitiva e que se ajustam \u00e0s suas necessidades.[\/vc_column_text][vc_empty_space][vc_column_text]<\/p>\n<h4><strong>Como subscrever?<\/strong><\/h4>\n<p>Poder\u00e1 fazer a subscri\u00e7\u00e3o do Dep\u00f3sito a Prazo Standard junto de uma das\u00a0<a href=\"https:\/\/bcn.cv\/pt_PT\/agencias-bcn\/\" target=\"_blank\" rel=\"noopener noreferrer\">Ag\u00eancias\u00a0do BCN<\/a> ou atrav\u00e9s do BCN Online, op\u00e7\u00e3o Contas a Prazo &gt; Constitui\u00e7\u00e3o.<\/p>\n<p>Caso n\u00e3o esteja em Cabo Verde e n\u00e3o tenha acesso ao BCN Online, contacte-nos atrav\u00e9s do <a href=\"https:\/\/www.bcn.cv\/suporte\/\" target=\"_blank\" rel=\"noopener noreferrer\">BCN Suporte ao Cliente<\/a>.[\/vc_column_text][vc_empty_space][vc_column_text css=&#8221;.vc_custom_1583838668814{margin-top: 35px !important;margin-bottom: 0px !important;padding-bottom: 0px !important;}&#8221;]<\/p>\n<h3><span style=\"color: #da3535;\"><strong>CONDI\u00c7\u00d5ES<\/strong><\/span><\/h3>\n<p>[\/vc_column_text][vc_row_inner equal_height=&#8221;yes&#8221; css=&#8221;.vc_custom_1586189356508{margin-bottom: 25px !important;padding-right: 50px !important;}&#8221;][vc_column_inner el_class=&#8221;info-box&#8221; width=&#8221;1\/2&#8243; css=&#8221;.vc_custom_1583843155721{padding-right: 0px !important;padding-left: 0px !important;}&#8221;][vc_column_text css=&#8221;.vc_custom_1585232780401{margin-top: 0px !important;margin-bottom: 0px !important;padding-top: 16px !important;padding-bottom: 16px !important;background-color: #eff3f8 !important;}&#8221;]<\/p>\n<h5 style=\"text-align: center; color: #ffffff;\"><span style=\"color: #da3535;\"><strong>Prazo<\/strong><\/span><\/h5>\n<p>[\/vc_column_text][vc_column_text css=&#8221;.vc_custom_1588775747984{margin-top: 15px !important;margin-bottom: 15px !important;border-right-width: 15px !important;border-left-width: 15px !important;padding-top: 0px !important;border-radius: 5px !important;}&#8221;]<\/p>\n<p style=\"text-align: center;\">De 7 a 30 dias<br \/>\nDe 31 a 60 dias<br \/>\nDe 61 a 90 dias<br \/>\nDe 91 a 180 dias<br \/>\nDe 181 a 365 dias<br \/>\nDe 366 a 730 dias<br \/>\nDe 731 ou mais[\/vc_column_text][\/vc_column_inner][vc_column_inner el_class=&#8221;info-box&#8221; width=&#8221;1\/2&#8243; css=&#8221;.vc_custom_1583842416329{padding-right: 0px !important;padding-left: 0px !important;}&#8221;][vc_column_text css=&#8221;.vc_custom_1583842611383{padding-top: 16px !important;padding-bottom: 16px !important;background-color: #eff3f8 !important;}&#8221;]<\/p>\n<h5 style=\"text-align: center; color: #ffffff;\"><span style=\"color: #da3535;\"><strong>Montantes<\/strong><\/span><\/h5>\n<p>[\/vc_column_text][vc_column_text css=&#8221;.vc_custom_1595245429710{margin-top: 15px !important;margin-bottom: 15px !important;padding-top: 0px !important;padding-left: 0px !important;border-radius: 5px !important;}&#8221;]<\/p>\n<p style=\"text-align: center;\">M\u00ednimo: 25.000$<br \/>\nM\u00e1ximo: Sem Limite[\/vc_column_text][\/vc_column_inner][\/vc_row_inner][vc_row_inner equal_height=&#8221;yes&#8221; css=&#8221;.vc_custom_1586189145050{padding-right: 50px !important;}&#8221;][vc_column_inner el_class=&#8221;info-box&#8221; width=&#8221;1\/3&#8243; css=&#8221;.vc_custom_1583842420497{padding-right: 0px !important;padding-left: 0px !important;}&#8221;][vc_column_text css=&#8221;.vc_custom_1583842620078{padding-top: 16px !important;padding-bottom: 16px !important;background-color: #eff3f8 !important;}&#8221;]<\/p>\n<h5 style=\"text-align: center; color: #ffffff;\"><span style=\"color: #da3535;\"><strong>Refor\u00e7os<\/strong><\/span><\/h5>\n<p>[\/vc_column_text][vc_column_text css=&#8221;.vc_custom_1630490832920{margin-top: 15px !important;margin-bottom: 15px !important;border-bottom-width: 0px !important;padding-top: 0px !important;padding-right: 15px !important;padding-left: 15px !important;border-radius: 5px !important;}&#8221;]<\/p>\n<p style=\"text-align: center;\">Permitidos a qualquer momento, por m\u00faltiplos de 1.000$.<\/p>\n<p>[\/vc_column_text][\/vc_column_inner][vc_column_inner el_class=&#8221;info-box&#8221; width=&#8221;1\/3&#8243; css=&#8221;.vc_custom_1583842424177{padding-right: 0px !important;padding-left: 0px !important;}&#8221;][vc_column_text css=&#8221;.vc_custom_1583842628443{padding-top: 16px !important;padding-bottom: 16px !important;background-color: #eff3f8 !important;}&#8221;]<\/p>\n<h5 style=\"text-align: center; color: #ffffff;\"><span style=\"color: #da3535;\"><strong>Renova\u00e7\u00e3o<\/strong><\/span><\/h5>\n<p>[\/vc_column_text][vc_column_text css=&#8221;.vc_custom_1588171900694{margin-top: 15px !important;margin-bottom: 15px !important;margin-left: 0px !important;padding-top: 0px !important;padding-right: 15px !important;padding-left: 15px !important;border-radius: 5px !important;}&#8221;]<\/p>\n<p style=\"text-align: center;\">Op\u00e7\u00e3o por defeito: Autom\u00e1tica e por id\u00eantico prazo no vencimento.<\/p>\n<p>[\/vc_column_text][\/vc_column_inner][vc_column_inner el_class=&#8221;info-box&#8221; width=&#8221;1\/3&#8243; css=&#8221;.vc_custom_1583842427721{padding-right: 0px !important;padding-left: 0px !important;}&#8221;][vc_column_text css=&#8221;.vc_custom_1583842636635{padding-top: 16px !important;padding-bottom: 16px !important;background-color: #eff3f8 !important;}&#8221;]<\/p>\n<h5 style=\"text-align: center; color: #ffffff;\"><span style=\"color: #da3535;\"><strong>Mobiliza\u00e7\u00e3o<\/strong><\/span><\/h5>\n<p>[\/vc_column_text][vc_column_text css=&#8221;.vc_custom_1630490867391{margin-top: 15px !important;margin-bottom: 0px !important;margin-left: 0px !important;padding-top: 0px !important;padding-right: 10px !important;padding-left: 10px !important;border-radius: 5px !important;}&#8221;]<\/p>\n<p style=\"text-align: center;\">S\u00e3o permitidas mobiliza\u00e7\u00f5es antecipadas, totais ou parciais, com penaliza\u00e7\u00e3o nos juros consoante o per\u00edodo decorrido.<\/p>\n<p>[\/vc_column_text][\/vc_column_inner][\/vc_row_inner][vc_column_text css=&#8221;.vc_custom_1583845145287{margin-top: 35px !important;margin-bottom: 0px !important;padding-bottom: 0px !important;}&#8221;]<\/p>\n<h3><span style=\"color: #da3535;\"><strong>BENEF\u00cdCIOS<\/strong><\/span><\/h3>\n<p>[\/vc_column_text][vc_row_inner css=&#8221;.vc_custom_1588149986525{margin-top: 0px !important;margin-right: 36px !important;margin-left: 0px !important;padding-left: 10px !important;background: #ed1f27 url(https:\/\/bcn.cv\/pt_PT\/wp-content\/uploads\/2018\/12\/logo-element-watermark-md.png?id=1722) !important;}&#8221;][vc_column_inner width=&#8221;2\/5&#8243;][vc_column_text css=&#8221;.vc_custom_1588161182117{margin-top: 20px !important;margin-right: 0px !important;margin-left: 0px !important;padding-right: 0px !important;padding-left: 15px !important;}&#8221;]<\/p>\n<div class=\"wpb_text_column wpb_content_element vc_custom_1588161182117\">\n<div class=\"wpb_wrapper\">\n<h3><span style=\"color: #ffffff;\"><strong>O QUE ESTE DEP\u00d3SITO A PRAZO DO BCN LHE OFERECE?<\/strong><\/span><\/h3>\n<\/div>\n<\/div>\n<p>[\/vc_column_text][vc_single_image image=&#8221;1736&#8243; img_size=&#8221;full&#8221; el_class=&#8221;icon-about&#8221;][\/vc_column_inner][vc_column_inner width=&#8221;3\/5&#8243; css=&#8221;.vc_custom_1583926353129{margin-top: 0px !important;}&#8221;][vc_column_text el_class=&#8221;offers-text bullet-white&#8221; css=&#8221;.vc_custom_1597843700593{margin-top: 20px !important;margin-bottom: 20px !important;}&#8221;]<\/p>\n<ul>\n<li><span style=\"color: #ffffff;\">Taxa competitiva;<\/span><\/li>\n<li><span style=\"color: #ffffff;\">Flexibilidade para escolher o prazo mais adequado \u00e0s suas necessidades;<\/span><\/li>\n<li><span style=\"color: #ffffff;\">Possibilidade de refor\u00e7os no decorrer da aplica\u00e7\u00e3o;<\/span><\/li>\n<li><span style=\"color: #ffffff;\">Possibilidade de mobiliza\u00e7\u00e3o a qualquer momento do prazo da aplica\u00e7\u00e3o;<\/span><\/li>\n<li><span style=\"color: #ffffff;\">Possibilidade de constituir e refor\u00e7ar atrav\u00e9s do BCN Online.<\/span><\/li>\n<\/ul>\n<p>[\/vc_column_text][\/vc_column_inner][\/vc_row_inner][vc_row_inner css=&#8221;.vc_custom_1587633634168{margin-top: 60px !important;}&#8221;][\/vc_row_inner][vc_column_inner][\/vc_column_inner][vc_column_text css=&#8221;.vc_custom_1583857023017{margin-bottom: 0px !important;padding-bottom: 0px !important;}&#8221;]<\/p>\n<h3><strong><span style=\"color: #da3535; font-size: 22px;\">Saiba mais sobre&#8230;<\/span><\/strong><\/h3>\n<p>[\/vc_column_text][vc_row_inner equal_height=&#8221;yes&#8221; content_placement=&#8221;middle&#8221;][vc_column_inner el_class=&#8221;pdf-icon&#8221; width=&#8221;1\/6&#8243; css=&#8221;.vc_custom_1588589060520{margin-left: 15px !important;}&#8221;][vc_single_image image=&#8221;7026&#8243; img_size=&#8221;70&#215;72&#8243; onclick=&#8221;custom_link&#8221;][\/vc_column_inner][vc_column_inner width=&#8221;1\/3&#8243;][vc_column_text]<\/p>\n<h4><strong>Documentos e<br \/>\nInforma\u00e7\u00f5es<\/strong><\/h4>\n<p>[\/vc_column_text][\/vc_column_inner][vc_column_inner width=&#8221;1\/2&#8243; css=&#8221;.vc_custom_1588608064337{margin-top: 0px !important;padding-right: 24px !important;}&#8221;][vc_column_text el_class=&#8221;pdfs-download&#8221; css=&#8221;.vc_custom_1630581990296{padding-right: 20px !important;}&#8221;]<\/p>\n<p style=\"color: #6b696d !important;\"><a href=\"https:\/\/bcn.cv\/pt_PT\/wp-content\/uploads\/2021\/09\/FORMBCN_13_2011_CONSTITUIO-DP.pdf\" target=\"_blank\" rel=\"noopener noreferrer\">Formul\u00e1rio de Constitui\u00e7\u00e3o de Dep\u00f3sito a Prazo<\/a><\/p>\n<p style=\"color: #6b696d !important;\"><a href=\"https:\/\/bcn.cv\/pt_PT\/wp-content\/uploads\/2021\/09\/FORMBCN_13_2011_REFORO-PROGRAMADO-POUPANA-AUTOMTICA-DP.pdf\" target=\"_blank\" rel=\"noopener noreferrer\">Formul\u00e1rio de Refor\u00e7o de Dep\u00f3sito a Prazo<\/a><\/p>\n<p style=\"color: #6b696d !important;\"><a href=\"https:\/\/bcn.cv\/pt_PT\/wp-content\/uploads\/2021\/09\/FORMBCN_13_2011_MOBILIZAO-OU-LIQUIDAO-DP.pdf\" target=\"_blank\" rel=\"noopener noreferrer\">Formul\u00e1rio de Mobiliza\u00e7\u00e3o ou Liquida\u00e7\u00e3o de Dep\u00f3sito a Prazo<\/a><\/p>\n<p><a href=\"https:\/\/bcn.cv\/pt_PT\/wp-content\/uploads\/2023\/09\/FIN-Deposito-a-Prazo-CVE-Standard.pdf\" target=\"_blank\" rel=\"noopener noreferrer\">Ficha de Informa\u00e7\u00e3o Normalizada<\/a>[\/vc_column_text][\/vc_column_inner][\/vc_row_inner][\/vc_column][vc_column width=&#8221;1\/3&#8243; el_class=&#8221;align-content right&#8221;][vc_column_text css=&#8221;.vc_custom_1590161055377{padding-top: 5px !important;padding-right: 10px !important;padding-left: 10px !important;background-color: #ed1f27 !important;}&#8221;]<\/p>\n<h4 style=\"color: #ffffff !important; padding: 20px 0 0 10px; line-height: 18px;\"><strong><span style=\"color: #ffffff !important; padding: 5px 0 0 0px; margin-bottom: 0; line-height: 18px;\">SIMULE A SUA POUPAN\u00c7A EM 3 PASSOS<\/span><\/strong><\/h4>\n<p><iframe style=\"margin: 0; padding: 0;\" src=\"https:\/\/bcn.cv\/pt_PT\/calculators\/deposit-calculator.html\" width=\"100%\" height=\"490\" frameborder=\"0\" scrolling=\"no\" data-mce-fragment=\"1\"><\/iframe>[\/vc_column_text][\/vc_column][\/vc_row][vc_row css=&#8221;.vc_custom_1587464611401{margin-top: 60px !important;}&#8221;][vc_column css=&#8221;.vc_custom_1582213073468{margin-top: -75px !important;}&#8221;]<div class=\"title-vertical-line\"><h2><span>Informa\u00e7\u00e3o<\/span> \u00datil<\/h2><p><\/p><\/div>[\/vc_column][\/vc_row][vc_row css=&#8221;.vc_custom_1584698679942{margin-right: 14% !important;margin-left: 14% !important;}&#8221; el_class=&#8221;useful-info&#8221;][vc_column width=&#8221;1\/5&#8243; css=&#8221;.vc_custom_1554915538453{padding-right: 20px !important;padding-left: 20px !important;}&#8221;][vc_row_inner css=&#8221;.vc_custom_1562689691580{margin-top: 0px !important;padding-top: 0px !important;}&#8221;][vc_column_inner width=&#8221;1\/4&#8243;][vc_single_image image=&#8221;3916&#8243; alignment=&#8221;center&#8221; el_class=&#8221;info-icon&#8221; css=&#8221;.vc_custom_1584639152674{padding-right: -3px !important;}&#8221;][\/vc_column_inner][vc_column_inner width=&#8221;3\/4&#8243;][vc_column_text css=&#8221;.vc_custom_1588092435234{margin-top: 20px !important;margin-left: 0px !important;padding-left: 0px !important;}&#8221;]<\/p>\n<h5><span style=\"color: #333333;\"><a style=\"color: #333333;\" href=\"https:\/\/bcn.cv\/pt_PT\/precario\/\"><strong>PRE\u00c7\u00c1RIO<\/strong><\/a><\/span><\/h5>\n<p>[\/vc_column_text][\/vc_column_inner][\/vc_row_inner][\/vc_column][vc_column width=&#8221;1\/5&#8243; css=&#8221;.vc_custom_1554915650188{padding-right: 20px !important;padding-left: 20px !important;}&#8221;][vc_row_inner css=&#8221;.vc_custom_1562689691580{margin-top: 0px !important;padding-top: 0px !important;}&#8221;][vc_column_inner width=&#8221;1\/4&#8243;][vc_single_image image=&#8221;3941&#8243; alignment=&#8221;center&#8221; el_class=&#8221;info-icon&#8221; css=&#8221;.vc_custom_1584639170837{margin-right: -3px !important;}&#8221;][\/vc_column_inner][vc_column_inner width=&#8221;3\/4&#8243;][vc_column_text css=&#8221;.vc_custom_1588092449909{margin-top: 20px !important;margin-left: 0px !important;padding-left: 0px !important;}&#8221;]<\/p>\n<h5><strong><span style=\"color: #333333;\"><span style=\"color: #333336;\"><a style=\"color: #333336;\" href=\"https:\/\/bcnonline.bcn.cv\/\">\u00c1REA DE CLIENTE<\/a><\/span><br \/>\n<\/span><\/strong><\/h5>\n<p>[\/vc_column_text][\/vc_column_inner][\/vc_row_inner][\/vc_column][vc_column width=&#8221;2\/5&#8243; css=&#8221;.vc_custom_1554915579391{padding-right: 20px !important;padding-left: 20px !important;}&#8221;][vc_row_inner css=&#8221;.vc_custom_1562689691580{margin-top: 0px !important;padding-top: 0px !important;}&#8221;][vc_column_inner width=&#8221;1\/4&#8243;][vc_single_image image=&#8221;3905&#8243; alignment=&#8221;right&#8221; el_class=&#8221;info-icon&#8221; css=&#8221;.vc_custom_1584639180305{margin-right: 13px !important;}&#8221;][\/vc_column_inner][vc_column_inner width=&#8221;3\/4&#8243;][vc_column_text css=&#8221;.vc_custom_1588171567287{margin-top: 20px !important;margin-left: 0px !important;padding-left: 0px !important;}&#8221;]<\/p>\n<h5><strong><span style=\"color: #333333;\"><a style=\"color: #333333;\" href=\"https:\/\/bcn.cv\/pt_PT\/formularios\/\">DOCUMENTOS E FORMUL\u00c1RIOS<\/a><br \/>\n<\/span><\/strong><\/h5>\n<p>[\/vc_column_text][\/vc_column_inner][\/vc_row_inner][\/vc_column][vc_column width=&#8221;1\/5&#8243;][vc_row_inner css=&#8221;.vc_custom_1562689691580{margin-top: 0px !important;padding-top: 0px !important;}&#8221;][vc_column_inner width=&#8221;1\/4&#8243;][vc_single_image image=&#8221;3918&#8243; alignment=&#8221;center&#8221; el_class=&#8221;info-icon last&#8221; css=&#8221;.vc_custom_1584639195656{margin-right: -17px !important;}&#8221;][\/vc_column_inner][vc_column_inner width=&#8221;3\/4&#8243;][vc_column_text css=&#8221;.vc_custom_1588092471365{margin-top: 20px !important;margin-left: 10px !important;padding-left: 0px !important;}&#8221;]<\/p>\n<h5><strong><span style=\"color: #333333;\"><a style=\"color: #333333;\" href=\"https:\/\/bcn.cv\/pt_PT\/protocolos\/\">PROTOCOLOS<\/a><br \/>\n<\/span><\/strong><\/h5>\n<p>[\/vc_column_text][\/vc_column_inner][\/vc_row_inner][\/vc_column][\/vc_row]<\/p>\n","protected":false},"excerpt":{"rendered":"<p>[vc_row css=&#8221;.vc_custom_1585149779292{margin-top: 50px !important;margin-bottom: 100px !important;padding-bottom: 0px !important;}&#8221;][vc_column width=&#8221;2\/3&#8243; el_class=&#8221;align-content left&#8221;][vc_column_text]O\u00a0Dep\u00f3sito a Prazo Standard destina-se a clientes particulares que pretendem um plano de poupan\u00e7a com prazos flex\u00edveis, taxa de juro competitiva e que se ajustam \u00e0s suas necessidades.[\/vc_column_text][vc_empty_space][vc_column_text] Como subscrever? Poder\u00e1 fazer a subscri\u00e7\u00e3o do [&hellip;]<\/p>\n","protected":false},"author":2,"featured_media":0,"parent":2006,"menu_order":10,"comment_status":"closed","ping_status":"closed","template":"template-builder.php","meta":{"inline_featured_image":false},"aioseo_notices":[],"_links":{"self":[{"href":"https:\/\/bcn.cv\/pt_PT\/wp-json\/wp\/v2\/pages\/3184"}],"collection":[{"href":"https:\/\/bcn.cv\/pt_PT\/wp-json\/wp\/v2\/pages"}],"about":[{"href":"https:\/\/bcn.cv\/pt_PT\/wp-json\/wp\/v2\/types\/page"}],"author":[{"embeddable":true,"href":"https:\/\/bcn.cv\/pt_PT\/wp-json\/wp\/v2\/users\/2"}],"replies":[{"embeddable":true,"href":"https:\/\/bcn.cv\/pt_PT\/wp-json\/wp\/v2\/comments?post=3184"}],"version-history":[{"count":93,"href":"https:\/\/bcn.cv\/pt_PT\/wp-json\/wp\/v2\/pages\/3184\/revisions"}],"predecessor-version":[{"id":16348,"href":"https:\/\/bcn.cv\/pt_PT\/wp-json\/wp\/v2\/pages\/3184\/revisions\/16348"}],"up":[{"embeddable":true,"href":"https:\/\/bcn.cv\/pt_PT\/wp-json\/wp\/v2\/pages\/2006"}],"wp:attachment":[{"href":"https:\/\/bcn.cv\/pt_PT\/wp-json\/wp\/v2\/media?parent=3184"}],"curies":[{"name":"wp","href":"https:\/\/api.w.org\/{rel}","templated":true}]}}