{"id":3146,"date":"2019-07-16T19:13:31","date_gmt":"2019-07-16T19:13:31","guid":{"rendered":"https:\/\/bcn.cv\/pt_PT\/?page_id=3146"},"modified":"2026-04-07T14:32:41","modified_gmt":"2026-04-07T15:32:41","slug":"particulares-credito-a-construcao","status":"publish","type":"page","link":"https:\/\/bcn.cv\/pt_PT\/particulares\/particulares-credito\/particulares-credito-a-construcao\/","title":{"rendered":"BCN Cr\u00e9dito \u00e0 Constru\u00e7\u00e3o"},"content":{"rendered":"<p>[vc_row css=&#8221;.vc_custom_1585215108093{margin-top: 50px !important;margin-bottom: 100px !important;padding-bottom: 0px !important;}&#8221;][vc_column width=&#8221;2\/3&#8243; el_class=&#8221;align-content left&#8221;][vc_column_text]O\u00a0<strong>BCN Cr\u00e9dito \u00e0 Constru\u00e7\u00e3o<\/strong>\u00a0\u00e9 uma linha de cr\u00e9dito destinada ao financiamento da constru\u00e7\u00e3o de habita\u00e7\u00e3o pr\u00f3pria, permanente ou secund\u00e1ria, com ou sem aquisi\u00e7\u00e3o de terreno.[\/vc_column_text][vc_empty_space][vc_column_text]<\/p>\n<h3>Condi\u00e7\u00f5es<\/h3>\n<p>[\/vc_column_text][vc_row_inner equal_height=&#8221;yes&#8221; css=&#8221;.vc_custom_1586189145050{padding-right: 50px !important;}&#8221;][vc_column_inner el_class=&#8221;info-box&#8221; width=&#8221;1\/3&#8243; css=&#8221;.vc_custom_1583842420497{padding-right: 0px !important;padding-left: 0px !important;}&#8221;][vc_column_text css=&#8221;.vc_custom_1589117846173{padding-top: 16px !important;padding-bottom: 16px !important;background-color: #eff3f8 !important;}&#8221;]<\/p>\n<h5 style=\"text-align: center; color: #ffffff;\"><span style=\"color: #da3535;\"><strong>Prazo<\/strong><\/span><\/h5>\n<p>[\/vc_column_text][vc_column_text css=&#8221;.vc_custom_1589117988676{margin-top: 15px !important;margin-bottom: 15px !important;border-bottom-width: 0px !important;padding-top: 0px !important;padding-right: 15px !important;padding-left: 15px !important;border-radius: 5px !important;}&#8221;]<\/p>\n<p style=\"text-align: center;\">Per\u00edodo de utiliza\u00e7\u00e3o: at\u00e9 um m\u00e1ximo de 2 anos (24 meses).<\/p>\n<p>[\/vc_column_text][\/vc_column_inner][vc_column_inner el_class=&#8221;info-box&#8221; width=&#8221;1\/3&#8243; css=&#8221;.vc_custom_1583842427721{padding-right: 0px !important;padding-left: 0px !important;}&#8221;][vc_column_text css=&#8221;.vc_custom_1589117896894{padding-top: 16px !important;padding-bottom: 16px !important;background-color: #eff3f8 !important;}&#8221;]<\/p>\n<h5 style=\"text-align: center; color: #ffffff;\"><span style=\"color: #da3535;\"><strong>Montantes<\/strong><\/span><\/h5>\n<p>[\/vc_column_text][vc_column_text css=&#8221;.vc_custom_1630936426475{margin-top: 15px !important;margin-bottom: 0px !important;margin-left: 0px !important;padding-top: 0px !important;padding-right: 10px !important;padding-left: 10px !important;border-radius: 5px !important;}&#8221;]<\/p>\n<ul>\n<li style=\"text-align: left;\">M\u00ednimo: 1.000.000$00<\/li>\n<li style=\"text-align: left;\">M\u00e1ximo: 35.000.000$00<\/li>\n<\/ul>\n<p>[\/vc_column_text][\/vc_column_inner][vc_column_inner el_class=&#8221;info-box&#8221; width=&#8221;1\/3&#8243; css=&#8221;.vc_custom_1583842424177{padding-right: 0px !important;padding-left: 0px !important;}&#8221;][vc_column_text css=&#8221;.vc_custom_1630936003216{padding-top: 16px !important;padding-bottom: 16px !important;background-color: #eff3f8 !important;}&#8221;]<\/p>\n<h5 style=\"text-align: center; color: #ffffff;\"><span style=\"color: #da3535;\"><strong>Presta\u00e7\u00f5es<\/strong><\/span><\/h5>\n<p>[\/vc_column_text][vc_column_text css=&#8221;.vc_custom_1630936022215{margin-top: 15px !important;margin-bottom: 15px !important;margin-left: 0px !important;padding-top: 0px !important;padding-right: 15px !important;padding-left: 15px !important;border-radius: 5px !important;}&#8221;]<\/p>\n<ul>\n<li>Durante o per\u00edodo de utiliza\u00e7\u00e3o: pagamento mensal de juros sobre o capital mutuado.<\/li>\n<li>Durante o per\u00edodo de reembolso: presta\u00e7\u00f5es mensais, constantes, de capital e juros.<\/li>\n<\/ul>\n<p>[\/vc_column_text][\/vc_column_inner][\/vc_row_inner][vc_column_text css=&#8221;.vc_custom_1630936398341{margin-top: 35px !important;margin-bottom: 0px !important;padding-bottom: 0px !important;}&#8221; el_class=&#8221;bullet-red&#8221;]<\/p>\n<h4><strong>Como pedir um Cr\u00e9dito \u00e0 Constru\u00e7\u00e3o no BCN?<\/strong><\/h4>\n<p><span style=\"color: #da3535;\"><strong>1.<\/strong> <strong>Dirija-se a uma ag\u00eancia<\/strong><\/span> e submeta o seu pedido.<\/p>\n<p>Dirija-se a uma ag\u00eancia BCN, submeta o seu pedido e entregue a seguinte documenta\u00e7\u00e3o:<\/p>\n<ul>\n<li>Fotoc\u00f3pia de BI \/ CNI (frente e verso);<\/li>\n<li>Declara\u00e7\u00e3o de NIF;<\/li>\n<li>Comprovativo de rendimento;<\/li>\n<li>Fotoc\u00f3pia de caderneta predial;<\/li>\n<li>Planta da localiza\u00e7\u00e3o;<\/li>\n<li>Planta do pr\u00e9dio ou fra\u00e7\u00e3o;<\/li>\n<li>Projeto de constru\u00e7\u00e3o aprovado pela C\u00e2mara Municipal (caso exista);<\/li>\n<li>Or\u00e7amento da constru\u00e7\u00e3o;<\/li>\n<li>Mem\u00f3ria descritiva do projeto;<\/li>\n<li>Licen\u00e7a de constru\u00e7\u00e3o (caso exista).<\/li>\n<\/ul>\n<p><span style=\"color: #da3535;\"><strong>2. An\u00e1lise e Despacho<\/strong><\/span><\/p>\n<p>O BCN ir\u00e1 avaliar o seu pedido e ir\u00e1 contact\u00e1-lo para obter informa\u00e7\u00f5es adicionais se necess\u00e1rio. Ap\u00f3s a an\u00e1lise, informaremos se o seu pedido foi aprovado.<\/p>\n<p><span style=\"color: #da3535;\"><strong>3. Formaliza\u00e7\u00e3o do processo<\/strong><\/span><\/p>\n<p>Se o seu pedido de cr\u00e9dito for aprovado, daremos as instru\u00e7\u00f5es para que possa levar a cabo o processo de formaliza\u00e7\u00e3o para que o Banco possa avan\u00e7ar com o carregamento do valor na sua conta.<\/p>\n<h3><\/h3>\n<p>[\/vc_column_text][\/vc_column][vc_column width=&#8221;1\/3&#8243; el_class=&#8221;align-content right&#8221;][vc_column_text css=&#8221;.vc_custom_1588938511639{padding-top: 5px !important;padding-right: 10px !important;padding-left: 10px !important;background-color: #ed1f27 !important;}&#8221;]<\/p>\n<h4 style=\"color: #ffffff !important; padding: 20px 0 0 20px; line-height: 18px;\"><strong><span style=\"color: #ffffff !important; margin-bottom: 0; line-height: 18px;\">SIMULE O SEU CR\u00c9DITO EM 3 PASSOS<\/span><\/strong><\/h4>\n<p style=\"color: #ffffff; margin: 5px 0 0 20px; margin-bottom: 0; line-height: 18px;\"><span style=\"color: #ffffff;\">Fa\u00e7a j\u00e1 uma simula\u00e7\u00e3o do cr\u00e9dito e submeta o seu pedido online. <b>Simular \u00e9 r\u00e1pido e f\u00e1cil<\/b>.<\/span><\/p>\n<p><iframe style=\"margin: 0; padding: 0;\" src=\"https:\/\/bcn.cv\/pt_PT\/calculators\/loan-calculator.html\" width=\"100%\" height=\"490\" frameborder=\"0\" scrolling=\"no\"><\/iframe>[\/vc_column_text][\/vc_column][\/vc_row][vc_row][vc_column][vc_column_text][\/vc_column_text][\/vc_column][\/vc_row][vc_row][vc_column css=&#8221;.vc_custom_1582213073468{margin-top: -75px !important;}&#8221;]<div class=\"title-vertical-line\"><h2><span>Informa\u00e7\u00e3o<\/span> \u00datil<\/h2><p><\/p><\/div>[\/vc_column][\/vc_row][vc_row css=&#8221;.vc_custom_1584698679942{margin-right: 14% !important;margin-left: 14% !important;}&#8221; el_class=&#8221;useful-info&#8221;][vc_column width=&#8221;1\/5&#8243; css=&#8221;.vc_custom_1554915538453{padding-right: 20px !important;padding-left: 20px !important;}&#8221;][vc_row_inner css=&#8221;.vc_custom_1562689691580{margin-top: 0px !important;padding-top: 0px !important;}&#8221;][vc_column_inner width=&#8221;1\/4&#8243;][vc_single_image image=&#8221;3916&#8243; alignment=&#8221;center&#8221; el_class=&#8221;info-icon&#8221; css=&#8221;.vc_custom_1584639152674{padding-right: -3px !important;}&#8221;][\/vc_column_inner][vc_column_inner width=&#8221;3\/4&#8243;][vc_column_text css=&#8221;.vc_custom_1588092435234{margin-top: 20px !important;margin-left: 0px !important;padding-left: 0px !important;}&#8221;]<\/p>\n<h5><span style=\"color: #333333;\"><a style=\"color: #333333;\" href=\"https:\/\/bcn.cv\/pt_PT\/precario\/\"><strong>PRE\u00c7\u00c1RIO<\/strong><\/a><\/span><\/h5>\n<p>[\/vc_column_text][\/vc_column_inner][\/vc_row_inner][\/vc_column][vc_column width=&#8221;1\/5&#8243; css=&#8221;.vc_custom_1554915650188{padding-right: 20px !important;padding-left: 20px !important;}&#8221;][vc_row_inner css=&#8221;.vc_custom_1562689691580{margin-top: 0px !important;padding-top: 0px !important;}&#8221;][vc_column_inner width=&#8221;1\/4&#8243;][vc_single_image image=&#8221;3941&#8243; alignment=&#8221;center&#8221; el_class=&#8221;info-icon&#8221; css=&#8221;.vc_custom_1584639170837{margin-right: -3px !important;}&#8221;][\/vc_column_inner][vc_column_inner width=&#8221;3\/4&#8243;][vc_column_text css=&#8221;.vc_custom_1588092449909{margin-top: 20px !important;margin-left: 0px !important;padding-left: 0px !important;}&#8221;]<\/p>\n<h5><strong><span style=\"color: #333333;\"><span style=\"color: #333336;\"><a style=\"color: #333336;\" href=\"https:\/\/bcnonline.bcn.cv\/\">\u00c1REA DE CLIENTE<\/a><\/span><br \/>\n<\/span><\/strong><\/h5>\n<p>[\/vc_column_text][\/vc_column_inner][\/vc_row_inner][\/vc_column][vc_column width=&#8221;2\/5&#8243; css=&#8221;.vc_custom_1554915579391{padding-right: 20px !important;padding-left: 20px !important;}&#8221;][vc_row_inner css=&#8221;.vc_custom_1562689691580{margin-top: 0px !important;padding-top: 0px !important;}&#8221;][vc_column_inner width=&#8221;1\/4&#8243;][vc_single_image image=&#8221;3905&#8243; alignment=&#8221;right&#8221; el_class=&#8221;info-icon&#8221; css=&#8221;.vc_custom_1584639180305{margin-right: 13px !important;}&#8221;][\/vc_column_inner][vc_column_inner width=&#8221;3\/4&#8243;][vc_column_text css=&#8221;.vc_custom_1588171567287{margin-top: 20px !important;margin-left: 0px !important;padding-left: 0px !important;}&#8221;]<\/p>\n<h5><strong><span style=\"color: #333333;\"><a style=\"color: #333333;\" href=\"https:\/\/bcn.cv\/pt_PT\/formularios\/\">DOCUMENTOS E FORMUL\u00c1RIOS<\/a><br \/>\n<\/span><\/strong><\/h5>\n<p>[\/vc_column_text][\/vc_column_inner][\/vc_row_inner][\/vc_column][vc_column width=&#8221;1\/5&#8243;][vc_row_inner css=&#8221;.vc_custom_1562689691580{margin-top: 0px !important;padding-top: 0px !important;}&#8221;][vc_column_inner width=&#8221;1\/4&#8243;][vc_single_image image=&#8221;3918&#8243; alignment=&#8221;center&#8221; el_class=&#8221;info-icon last&#8221; css=&#8221;.vc_custom_1584639195656{margin-right: -17px !important;}&#8221;][\/vc_column_inner][vc_column_inner width=&#8221;3\/4&#8243;][vc_column_text css=&#8221;.vc_custom_1588092471365{margin-top: 20px !important;margin-left: 10px !important;padding-left: 0px !important;}&#8221;]<\/p>\n<h5><strong><span style=\"color: #333333;\"><a style=\"color: #333333;\" href=\"https:\/\/bcn.cv\/pt_PT\/protocolos\/\">PROTOCOLOS<\/a><br \/>\n<\/span><\/strong><\/h5>\n<p>[\/vc_column_text][\/vc_column_inner][\/vc_row_inner][\/vc_column][\/vc_row][vc_row][vc_column][\/vc_column][\/vc_row]<\/p>\n","protected":false},"excerpt":{"rendered":"<p>[vc_row css=&#8221;.vc_custom_1585215108093{margin-top: 50px !important;margin-bottom: 100px !important;padding-bottom: 0px !important;}&#8221;][vc_column width=&#8221;2\/3&#8243; el_class=&#8221;align-content left&#8221;][vc_column_text]O\u00a0BCN Cr\u00e9dito \u00e0 Constru\u00e7\u00e3o\u00a0\u00e9 uma linha de cr\u00e9dito destinada ao financiamento da constru\u00e7\u00e3o de habita\u00e7\u00e3o pr\u00f3pria, permanente ou secund\u00e1ria, com ou sem aquisi\u00e7\u00e3o de terreno.[\/vc_column_text][vc_empty_space][vc_column_text] Condi\u00e7\u00f5es [\/vc_column_text][vc_row_inner equal_height=&#8221;yes&#8221; css=&#8221;.vc_custom_1586189145050{padding-right: 50px !important;}&#8221;][vc_column_inner el_class=&#8221;info-box&#8221; width=&#8221;1\/3&#8243; css=&#8221;.vc_custom_1583842420497{padding-right: 0px [&hellip;]<\/p>\n","protected":false},"author":2,"featured_media":0,"parent":2005,"menu_order":16,"comment_status":"closed","ping_status":"closed","template":"template-builder.php","meta":{"inline_featured_image":false},"aioseo_notices":[],"_links":{"self":[{"href":"https:\/\/bcn.cv\/pt_PT\/wp-json\/wp\/v2\/pages\/3146"}],"collection":[{"href":"https:\/\/bcn.cv\/pt_PT\/wp-json\/wp\/v2\/pages"}],"about":[{"href":"https:\/\/bcn.cv\/pt_PT\/wp-json\/wp\/v2\/types\/page"}],"author":[{"embeddable":true,"href":"https:\/\/bcn.cv\/pt_PT\/wp-json\/wp\/v2\/users\/2"}],"replies":[{"embeddable":true,"href":"https:\/\/bcn.cv\/pt_PT\/wp-json\/wp\/v2\/comments?post=3146"}],"version-history":[{"count":43,"href":"https:\/\/bcn.cv\/pt_PT\/wp-json\/wp\/v2\/pages\/3146\/revisions"}],"predecessor-version":[{"id":16352,"href":"https:\/\/bcn.cv\/pt_PT\/wp-json\/wp\/v2\/pages\/3146\/revisions\/16352"}],"up":[{"embeddable":true,"href":"https:\/\/bcn.cv\/pt_PT\/wp-json\/wp\/v2\/pages\/2005"}],"wp:attachment":[{"href":"https:\/\/bcn.cv\/pt_PT\/wp-json\/wp\/v2\/media?parent=3146"}],"curies":[{"name":"wp","href":"https:\/\/api.w.org\/{rel}","templated":true}]}}