{"id":2652,"date":"2019-03-09T17:10:18","date_gmt":"2019-03-09T17:10:18","guid":{"rendered":"https:\/\/bcn.cv\/pt_PT\/?page_id=2652"},"modified":"2020-09-18T14:27:49","modified_gmt":"2020-09-18T15:27:49","slug":"reclamacoes","status":"publish","type":"page","link":"https:\/\/bcn.cv\/pt_PT\/bcn-institucional\/provedoria-do-cliente\/reclamacoes\/","title":{"rendered":"Reclama\u00e7\u00f5es"},"content":{"rendered":"<div role=\"form\" class=\"wpcf7\" id=\"wpcf7-f5398-o1\" lang=\"pt-PT\" dir=\"ltr\">\n<div class=\"screen-reader-response\"><p role=\"status\" aria-live=\"polite\" aria-atomic=\"true\"><\/p> <ul><\/ul><\/div>\n<form action=\"\/pt_PT\/wp-json\/wp\/v2\/pages\/2652#wpcf7-f5398-o1\" method=\"post\" class=\"wpcf7-form init\" enctype=\"multipart\/form-data\" novalidate=\"novalidate\" data-status=\"init\">\n<div style=\"display: none;\">\n<input type=\"hidden\" name=\"_wpcf7\" value=\"5398\" \/>\n<input type=\"hidden\" name=\"_wpcf7_version\" value=\"5.3.2\" \/>\n<input type=\"hidden\" name=\"_wpcf7_locale\" value=\"pt_PT\" \/>\n<input type=\"hidden\" name=\"_wpcf7_unit_tag\" value=\"wpcf7-f5398-o1\" \/>\n<input type=\"hidden\" name=\"_wpcf7_container_post\" value=\"0\" \/>\n<input type=\"hidden\" name=\"_wpcf7_posted_data_hash\" value=\"\" \/>\n<input type=\"hidden\" name=\"_wpcf7_recaptcha_response\" value=\"\" \/>\n<\/div>\n<div class=\"recruitmant-desc\">\nOs campos marcados com asterisco (*) s\u00e3o de preenchimento obrigat\u00f3rio.<br \/>\nTodos os documentos dever\u00e3o estar em formato PDF.<\/div>\n<div>\n<div class=\"rec-labels\">\n<div>\n<p>Tipo de mensagem * <br\/> <span class=\"wpcf7-form-control-wrap recousug\"><select name=\"recousug\" class=\"wpcf7-form-control wpcf7-select wpcf7-validates-as-required\" aria-required=\"true\" aria-invalid=\"false\"><option value=\"Reclama\u00e7\u00e3o\">Reclama\u00e7\u00e3o<\/option><option value=\"Sugest\u00e3o\">Sugest\u00e3o<\/option><\/select><\/span><\/p>\n<p> Motivo * <br\/><span class=\"wpcf7-form-control-wrap Motivo\"><select name=\"Motivo\" class=\"wpcf7-form-control wpcf7-select wpcf7-validates-as-required\" aria-required=\"true\" aria-invalid=\"false\"><option value=\"\">---<\/option><option value=\"Atendimento\">Atendimento<\/option><option value=\"Pre\u00e7\u00e1rio\">Pre\u00e7\u00e1rio<\/option><option value=\"Condi\u00e7\u00f5es Gerais\/Contrato\">Condi\u00e7\u00f5es Gerais\/Contrato<\/option><option value=\"Cr\u00e9dito\">Cr\u00e9dito<\/option><option value=\"Dep\u00f3sitos a Prazo\">Dep\u00f3sitos a Prazo<\/option><option value=\"Cart\u00f5es\">Cart\u00f5es<\/option><option value=\"Bloqueios e Cativos\">Bloqueios e Cativos<\/option><option value=\"Encerramento de Conta\">Encerramento de Conta<\/option><option value=\"Outros\">Outros<\/option><\/select><\/span> <\/p>\n<\/div>\n<\/div>\n<\/div>\n<div class=\"rec-labels\">\n<div>\n<p>Nome completo * <br\/><span class=\"wpcf7-form-control-wrap your-name\"><input type=\"text\" name=\"your-name\" value=\"\" size=\"40\" class=\"wpcf7-form-control wpcf7-text wpcf7-validates-as-required\" aria-required=\"true\" aria-invalid=\"false\" \/><\/span><\/p>\n<p> Doc. Identifica\u00e7\u00e3o* <br\/> <span class=\"wpcf7-form-control-wrap DocIdentificao\"><select name=\"DocIdentificao\" class=\"wpcf7-form-control wpcf7-select doc-id\" aria-invalid=\"false\"><option value=\"Bilhete de Identidade\">Bilhete de Identidade<\/option><option value=\"Passaporte\">Passaporte<\/option><option value=\"CNI - Cart\u00e3o Nacional de Identifica\u00e7\u00e3o\">CNI - Cart\u00e3o Nacional de Identifica\u00e7\u00e3o<\/option><\/select><\/span><\/p>\n<\/div>\n<div>\n<p>N\u00ba Doc Identificao * <br\/> <span class=\"wpcf7-form-control-wrap NumDocIdentificao\"><input type=\"text\" name=\"NumDocIdentificao\" value=\"\" size=\"40\" class=\"wpcf7-form-control wpcf7-text wpcf7-validates-as-required number-id\" aria-required=\"true\" aria-invalid=\"false\" \/><\/span><\/p>\n<p> Morada * <br\/> <span class=\"wpcf7-form-control-wrap Morada\"><input type=\"text\" name=\"Morada\" value=\"\" size=\"40\" class=\"wpcf7-form-control wpcf7-text morada\" aria-invalid=\"false\" placeholder=\"Ex.:Achada Santo Ant\u00f3nio, Praia - Santiago\" \/><\/span><\/p>\n<\/div>\n<div>\n<p> Contacto telefone <br\/><span class=\"wpcf7-form-control-wrap Contactotelefone\"><input type=\"number\" name=\"Contactotelefone\" value=\"\" class=\"wpcf7-form-control wpcf7-number wpcf7-validates-as-number\" aria-invalid=\"false\" \/><\/span> <\/p>\n<p> Email * <br\/><span class=\"wpcf7-form-control-wrap your-email\"><input type=\"email\" name=\"your-email\" value=\"\" size=\"40\" class=\"wpcf7-form-control wpcf7-text wpcf7-email wpcf7-validates-as-required wpcf7-validates-as-email\" aria-required=\"true\" aria-invalid=\"false\" \/><\/span> <\/p>\n<\/div>\n<\/div>\n<div class=\"rec-labels\">\n<div>\n<\/div>\n<p> Descri\u00e7\u00e3o * <br\/><span class=\"wpcf7-form-control-wrap Descricao\"><textarea name=\"Descricao\" cols=\"40\" rows=\"10\" class=\"wpcf7-form-control wpcf7-textarea wpcf7-validates-as-required\" aria-required=\"true\" aria-invalid=\"false\"><\/textarea><\/span> <\/p>\n<p> Anexo <br\/> <span class=\"wpcf7-form-control-wrap Anexo\"><input type=\"file\" name=\"Anexo\" size=\"40\" class=\"wpcf7-form-control wpcf7-file\" accept=\".jpg,.jpeg,.png,.gif,.pdf,.doc,.docx,.ppt,.pptx,.odt,.avi,.ogg,.m4a,.mov,.mp3,.mp4,.mpg,.wav,.wmv\" aria-invalid=\"false\" \/><\/span> <\/p>\n<\/div>\n<div class=\"button-rec\"><input type=\"submit\" value=\"Enviar\" class=\"wpcf7-form-control wpcf7-submit\" \/><\/div>\n<input type='hidden' class='wpcf7-pum' value='{\"closepopup\":false,\"closedelay\":0,\"openpopup\":false,\"openpopup_id\":0}' \/><div class=\"wpcf7-response-output\" aria-hidden=\"true\"><\/div><\/form><\/div>\n","protected":false},"excerpt":{"rendered":"Os campos marcados com asterisco (*) s\u00e3o de preenchimento obrigat\u00f3rio. Todos os documentos dever\u00e3o estar em formato PDF. Tipo de mensagem * Reclama\u00e7\u00e3oSugest\u00e3o Motivo * ---AtendimentoPre\u00e7\u00e1rioCondi\u00e7\u00f5es Gerais\/ContratoCr\u00e9ditoDep\u00f3sitos a PrazoCart\u00f5esBloqueios e CativosEncerramento de ContaOutros Nome completo * Doc. Identifica\u00e7\u00e3o* Bilhete de IdentidadePassaporteCNI - Cart\u00e3o Nacional de [...]","protected":false},"author":2,"featured_media":0,"parent":2655,"menu_order":10,"comment_status":"closed","ping_status":"closed","template":"template-builder.php","meta":{"inline_featured_image":false},"aioseo_notices":[],"_links":{"self":[{"href":"https:\/\/bcn.cv\/pt_PT\/wp-json\/wp\/v2\/pages\/2652"}],"collection":[{"href":"https:\/\/bcn.cv\/pt_PT\/wp-json\/wp\/v2\/pages"}],"about":[{"href":"https:\/\/bcn.cv\/pt_PT\/wp-json\/wp\/v2\/types\/page"}],"author":[{"embeddable":true,"href":"https:\/\/bcn.cv\/pt_PT\/wp-json\/wp\/v2\/users\/2"}],"replies":[{"embeddable":true,"href":"https:\/\/bcn.cv\/pt_PT\/wp-json\/wp\/v2\/comments?post=2652"}],"version-history":[{"count":10,"href":"https:\/\/bcn.cv\/pt_PT\/wp-json\/wp\/v2\/pages\/2652\/revisions"}],"predecessor-version":[{"id":11112,"href":"https:\/\/bcn.cv\/pt_PT\/wp-json\/wp\/v2\/pages\/2652\/revisions\/11112"}],"up":[{"embeddable":true,"href":"https:\/\/bcn.cv\/pt_PT\/wp-json\/wp\/v2\/pages\/2655"}],"wp:attachment":[{"href":"https:\/\/bcn.cv\/pt_PT\/wp-json\/wp\/v2\/media?parent=2652"}],"curies":[{"name":"wp","href":"https:\/\/api.w.org\/{rel}","templated":true}]}}