{"id":2614,"date":"2019-03-08T21:04:13","date_gmt":"2019-03-08T21:04:13","guid":{"rendered":"https:\/\/bcn.cv\/pt_PT\/?page_id=2614"},"modified":"2020-08-04T16:22:33","modified_gmt":"2020-08-04T16:22:33","slug":"visao-missao-e-valores","status":"publish","type":"page","link":"https:\/\/bcn.cv\/pt_PT\/bcn-institucional\/visao-missao-e-valores\/","title":{"rendered":"Vis\u00e3o, Miss\u00e3o e Valores"},"content":{"rendered":"<p>[vc_row css=&#8221;.vc_custom_1587138960558{margin-top: 50px !important;}&#8221;][vc_column width=&#8221;2\/3&#8243; el_class=&#8221;align-content left&#8221;][vc_column_text]<\/p>\n<h4><span style=\"color: #da3535;\"><strong>VIS\u00c3O<\/strong><\/span><\/h4>\n<p>Ser reconhecido como o MELHOR BANCO do sistema financeiro cabo-verdiano, confi\u00e1vel e l\u00edder em qualidade dos servi\u00e7os prestados aos seus clientes, atrav\u00e9s da excel\u00eancia e inova\u00e7\u00e3o na distribui\u00e7\u00e3o de produtos e servi\u00e7os financeiros no pa\u00eds e na diaspora.<\/p>\n<h4><\/h4>\n<h4><span style=\"color: #da3535;\"><strong>MISS\u00c3O<\/strong><\/span><\/h4>\n<p>A nossa miss\u00e3o como Banco \u00e9<strong> MELHORAR<\/strong> a vida das Pessoas que interagem com o BCN, disponibilizando produtos e servi\u00e7os banc\u00e1rios e de seguros, idealizados para a realidade do Pa\u00eds e da Di\u00e1spora, <strong>CRIAR<\/strong> oportunidades de crescimento para os Colaboradores, <strong>GERAR<\/strong> retornos consistentes para os Accionistas, observando, em toda a linha de atua\u00e7\u00e3o, elevados padr\u00f5es de conduta e responsabilidade corporativa, contribuindo, assim, para o desenvolvimento econ\u00f3mico e social de Cabo Verde.<\/p>\n<h4><\/h4>\n<h4><span style=\"color: #da3535;\"><strong>VALORES &#8220;Djunta Mon&#8221;<\/strong><\/span><\/h4>\n<p>Os nossos Valores s\u00e3o a express\u00e3o da nossa identidade e da nossa singularidade enquanto Institui\u00e7\u00e3o.<\/p>\n<p>Orientam as nossas ac\u00e7\u00f5es e aparecem como um conjunto de caracter\u00edsticas, atitudes e iniciativas que s\u00e3o valorizadas na cultura organizacional e que auxiliam no cumprimento da nossa Miss\u00e3o.<\/p>\n<p>Os valores do BCN ressaltam o que mais caracteriza o povo cabo-verdiano, que \u00e9 o seu esp\u00edrito de entre-ajuda, o chamado \u201cDjunta-Mon\u201d. \u00c9 o que nos diferencia, enriquece a nossa cultura e faz de n\u00f3s um povo \u00fanico.<\/p>\n<p>Acolher com <strong>MORABEZA<\/strong>, honrar o <strong>COMPROMISSO<\/strong> de melhorar a vida das pessoas que connosco interagem, estar junto dos nossos com <strong>SIMPLICIDADE<\/strong> e agir no presente com olhos postos na <strong>SUSTENTABILIDADE<\/strong> futura, s\u00e3o elementos essenciais para a constru\u00e7\u00e3o de rela\u00e7\u00f5es fortes e duradouras.<\/p>\n<p>Esta identidade espelha como queremos cooperar com todos, superar as suas expectativas e ser um parceiro\u00a0 de Cabo Verde na busca pelo desenvolvimento econ\u00f3mico e social.[\/vc_column_text][\/vc_column][vc_column width=&#8221;1\/3&#8243; el_class=&#8221;align-content right&#8221; css=&#8221;.vc_custom_1587139588157{margin-top: 10px !important;}&#8221;][vc_single_image image=&#8221;5566&#8243; img_size=&#8221;full&#8221;][\/vc_column][\/vc_row][vc_row][vc_column][vc_column_text][\/vc_column_text][\/vc_column][\/vc_row][vc_row css=&#8221;.vc_custom_1587736983739{margin-top: 60px !important;}&#8221;][vc_column css=&#8221;.vc_custom_1582213073468{margin-top: -75px !important;}&#8221;]<div class=\"title-vertical-line\"><h2><span>Informa\u00e7\u00e3o<\/span> \u00datil<\/h2><p><\/p><\/div>[\/vc_column][\/vc_row][vc_row css=&#8221;.vc_custom_1584698679942{margin-right: 14% !important;margin-left: 14% !important;}&#8221; el_class=&#8221;useful-info&#8221;][vc_column width=&#8221;1\/5&#8243; css=&#8221;.vc_custom_1554915538453{padding-right: 20px !important;padding-left: 20px !important;}&#8221;][vc_row_inner css=&#8221;.vc_custom_1562689691580{margin-top: 0px !important;padding-top: 0px !important;}&#8221;][vc_column_inner width=&#8221;1\/4&#8243;][vc_single_image image=&#8221;3916&#8243; alignment=&#8221;center&#8221; el_class=&#8221;info-icon&#8221; css=&#8221;.vc_custom_1584639152674{padding-right: -3px !important;}&#8221;][\/vc_column_inner][vc_column_inner width=&#8221;3\/4&#8243;][vc_column_text css=&#8221;.vc_custom_1588092435234{margin-top: 20px !important;margin-left: 0px !important;padding-left: 0px !important;}&#8221;]<\/p>\n<h5><span style=\"color: #333333;\"><a style=\"color: #333333;\" href=\"https:\/\/bcn.cv\/pt_PT\/precario\/\"><strong>PRE\u00c7\u00c1RIO<\/strong><\/a><\/span><\/h5>\n<p>[\/vc_column_text][\/vc_column_inner][\/vc_row_inner][\/vc_column][vc_column width=&#8221;1\/5&#8243; css=&#8221;.vc_custom_1554915650188{padding-right: 20px !important;padding-left: 20px !important;}&#8221;][vc_row_inner css=&#8221;.vc_custom_1562689691580{margin-top: 0px !important;padding-top: 0px !important;}&#8221;][vc_column_inner width=&#8221;1\/4&#8243;][vc_single_image image=&#8221;3941&#8243; alignment=&#8221;center&#8221; el_class=&#8221;info-icon&#8221; css=&#8221;.vc_custom_1584639170837{margin-right: -3px !important;}&#8221;][\/vc_column_inner][vc_column_inner width=&#8221;3\/4&#8243;][vc_column_text css=&#8221;.vc_custom_1588092449909{margin-top: 20px !important;margin-left: 0px !important;padding-left: 0px !important;}&#8221;]<\/p>\n<h5><strong><span style=\"color: #333333;\"><span style=\"color: #333336;\"><a style=\"color: #333336;\" href=\"https:\/\/particulares.bcn.cv\/\">\u00c1REA DE CLIENTE<\/a><\/span><br \/>\n<\/span><\/strong><\/h5>\n<p>[\/vc_column_text][\/vc_column_inner][\/vc_row_inner][\/vc_column][vc_column width=&#8221;2\/5&#8243; css=&#8221;.vc_custom_1554915579391{padding-right: 20px !important;padding-left: 20px !important;}&#8221;][vc_row_inner css=&#8221;.vc_custom_1562689691580{margin-top: 0px !important;padding-top: 0px !important;}&#8221;][vc_column_inner width=&#8221;1\/4&#8243;][vc_single_image image=&#8221;3905&#8243; alignment=&#8221;right&#8221; el_class=&#8221;info-icon&#8221; css=&#8221;.vc_custom_1584639180305{margin-right: 13px !important;}&#8221;][\/vc_column_inner][vc_column_inner width=&#8221;3\/4&#8243;][vc_column_text css=&#8221;.vc_custom_1588171567287{margin-top: 20px !important;margin-left: 0px !important;padding-left: 0px !important;}&#8221;]<\/p>\n<h5><strong><span style=\"color: #333333;\"><a style=\"color: #333333;\" href=\"https:\/\/bcn.cv\/pt_PT\/formularios\/\">DOCUMENTOS E FORMUL\u00c1RIOS<\/a><br \/>\n<\/span><\/strong><\/h5>\n<p>[\/vc_column_text][\/vc_column_inner][\/vc_row_inner][\/vc_column][vc_column width=&#8221;1\/5&#8243;][vc_row_inner css=&#8221;.vc_custom_1562689691580{margin-top: 0px !important;padding-top: 0px !important;}&#8221;][vc_column_inner width=&#8221;1\/4&#8243;][vc_single_image image=&#8221;3918&#8243; alignment=&#8221;center&#8221; el_class=&#8221;info-icon last&#8221; css=&#8221;.vc_custom_1584639195656{margin-right: -17px !important;}&#8221;][\/vc_column_inner][vc_column_inner width=&#8221;3\/4&#8243;][vc_column_text css=&#8221;.vc_custom_1588092471365{margin-top: 20px !important;margin-left: 10px !important;padding-left: 0px !important;}&#8221;]<\/p>\n<h5><strong><span style=\"color: #333333;\"><a style=\"color: #333333;\" href=\"https:\/\/bcn.cv\/pt_PT\/protocolos\/\">PROTOCOLOS<\/a><br \/>\n<\/span><\/strong><\/h5>\n<p>[\/vc_column_text][\/vc_column_inner][\/vc_row_inner][\/vc_column][\/vc_row]<\/p>\n","protected":false},"excerpt":{"rendered":"<p>[vc_row css=&#8221;.vc_custom_1587138960558{margin-top: 50px !important;}&#8221;][vc_column width=&#8221;2\/3&#8243; el_class=&#8221;align-content left&#8221;][vc_column_text] VIS\u00c3O Ser reconhecido como o MELHOR BANCO do sistema financeiro cabo-verdiano, confi\u00e1vel e l\u00edder em qualidade dos servi\u00e7os prestados aos seus clientes, atrav\u00e9s da excel\u00eancia e inova\u00e7\u00e3o na distribui\u00e7\u00e3o de produtos e servi\u00e7os financeiros no pa\u00eds e na [&hellip;]<\/p>\n","protected":false},"author":2,"featured_media":0,"parent":2083,"menu_order":10,"comment_status":"closed","ping_status":"closed","template":"template-builder.php","meta":{"inline_featured_image":false},"aioseo_notices":[],"_links":{"self":[{"href":"https:\/\/bcn.cv\/pt_PT\/wp-json\/wp\/v2\/pages\/2614"}],"collection":[{"href":"https:\/\/bcn.cv\/pt_PT\/wp-json\/wp\/v2\/pages"}],"about":[{"href":"https:\/\/bcn.cv\/pt_PT\/wp-json\/wp\/v2\/types\/page"}],"author":[{"embeddable":true,"href":"https:\/\/bcn.cv\/pt_PT\/wp-json\/wp\/v2\/users\/2"}],"replies":[{"embeddable":true,"href":"https:\/\/bcn.cv\/pt_PT\/wp-json\/wp\/v2\/comments?post=2614"}],"version-history":[{"count":23,"href":"https:\/\/bcn.cv\/pt_PT\/wp-json\/wp\/v2\/pages\/2614\/revisions"}],"predecessor-version":[{"id":8795,"href":"https:\/\/bcn.cv\/pt_PT\/wp-json\/wp\/v2\/pages\/2614\/revisions\/8795"}],"up":[{"embeddable":true,"href":"https:\/\/bcn.cv\/pt_PT\/wp-json\/wp\/v2\/pages\/2083"}],"wp:attachment":[{"href":"https:\/\/bcn.cv\/pt_PT\/wp-json\/wp\/v2\/media?parent=2614"}],"curies":[{"name":"wp","href":"https:\/\/api.w.org\/{rel}","templated":true}]}}