{"id":2207,"date":"2019-01-29T14:33:15","date_gmt":"2019-01-29T14:33:15","guid":{"rendered":"https:\/\/bcn.cv\/pt_PT\/?page_id=2207"},"modified":"2026-04-09T09:22:38","modified_gmt":"2026-04-09T10:22:38","slug":"emigrantes-poupanca","status":"publish","type":"page","link":"https:\/\/bcn.cv\/pt_PT\/emigrantes\/emigrantes-poupanca\/","title":{"rendered":"Solu\u00e7\u00f5es de Poupan\u00e7a"},"content":{"rendered":"<p>[vc_row css=&#8221;.vc_custom_1584968574509{margin-top: 35px !important;padding-right: 0px !important;padding-left: 0px !important;}&#8221;][vc_column width=&#8221;2\/3&#8243; css=&#8221;.vc_custom_1584976580364{margin-bottom: 100px !important;padding-top: 0px !important;padding-right: 13px !important;background-color: #ffffff !important;}&#8221; el_class=&#8221;apresentation-title&#8221;][vc_column_text]<\/p>\n<h2><strong><span style=\"vertical-align: inherit;\">Solu\u00e7\u00f5es de Poupan\u00e7a<\/span><\/strong><\/h2>\n<p><span style=\"vertical-align: inherit;\">Quaisquer que sejam suas necessidades ou planos, no BCN encontra solu\u00e7\u00f5es de poupan\u00e7a diversificadas e aplic\u00e1veis \u200b\u200bpara si: descubra e fale connosco hoje mesmo.<\/span>[\/vc_column_text][vc_row_inner css=&#8221;.vc_custom_1582624962612{padding-right: 13px !important;}&#8221;][vc_column_inner width=&#8221;1\/3&#8243;][vc_single_image image=&#8221;6158&#8243; alignment=&#8221;center&#8221; onclick=&#8221;custom_link&#8221; el_class=&#8221;red-icons&#8221; css=&#8221;.vc_custom_1600013236113{margin-bottom: 0px !important;background-color: #ee162e !important;}&#8221; link=&#8221;https:\/\/bcn.cv\/pt_PT\/emigrantes\/emigrantes-poupanca\/dp-ecv-standard\/&#8221;][vc_text_separator title=&#8221;DP STANDARD EMIGRANTE ECV&#8221;][vc_column_text css=&#8221;.vc_custom_1589377926229{margin-top: 0px !important;margin-bottom: 0px !important;padding-top: 0px !important;padding-right: 15px !important;padding-left: 15px !important;}&#8221; el_class=&#8221;description-text&#8221;]Plano de poupan\u00e7a com toda a Comodidade, Rapidez, Seguran\u00e7a em escudos caboverdiano, ECV.[\/vc_column_text][vc_btn title=&#8221;Saiba Mais&#8221; style=&#8221;outline-custom&#8221; outline_custom_color=&#8221;#ec1d23&#8243; outline_custom_hover_background=&#8221;#ffffff&#8221; outline_custom_hover_text=&#8221;#ec1d23&#8243; shape=&#8221;round&#8221; size=&#8221;sm&#8221; i_align=&#8221;right&#8221; i_icon_fontawesome=&#8221;fa fa-chevron-right&#8221; add_icon=&#8221;true&#8221; link=&#8221;url:https%3A%2F%2Fbcn.cv%2Fpt_PT%2Femigrantes%2Femigrantes-poupanca%2Fdp-ecv-standard%2F|title:DP%20Standard%20Emigrante%20ECV||&#8221; css=&#8221;.vc_custom_1600013268365{margin-top: 0px !important;}&#8221;][\/vc_column_inner][vc_column_inner width=&#8221;1\/3&#8243;][vc_single_image image=&#8221;5919&#8243; alignment=&#8221;center&#8221; onclick=&#8221;custom_link&#8221; el_class=&#8221;red-icons&#8221; css=&#8221;.vc_custom_1600023401086{margin-bottom: 0px !important;background-color: #ee162e !important;}&#8221; link=&#8221;https:\/\/bcn.cv\/pt_PT\/emigrantes\/emigrantes-poupanca\/dp-standard-emigrante-me\/&#8221;][vc_text_separator title=&#8221;DP STANDARD EMIGRANTE ME&#8221;][vc_column_text css=&#8221;.vc_custom_1589313326217{margin-top: 0px !important;margin-bottom: 15px !important;padding-top: 0px !important;padding-right: 15px !important;padding-bottom: 0px !important;padding-left: 15px !important;}&#8221; el_class=&#8221;description-text&#8221;]Plano de poupan\u00e7a com toda a Comodidade, Rapidez, Seguran\u00e7a em moeda estrangeira, EUR e USD.[\/vc_column_text][vc_btn title=&#8221;Saiba Mais&#8221; style=&#8221;outline-custom&#8221; outline_custom_color=&#8221;#ec1d23&#8243; outline_custom_hover_background=&#8221;#ffffff&#8221; outline_custom_hover_text=&#8221;#ec1d23&#8243; shape=&#8221;round&#8221; size=&#8221;sm&#8221; i_align=&#8221;right&#8221; i_icon_fontawesome=&#8221;fa fa-chevron-right&#8221; add_icon=&#8221;true&#8221; link=&#8221;url:https%3A%2F%2Fbcn.cv%2Fpt_PT%2Femigrantes%2Femigrantes-poupanca%2Fdp-standard-emigrante-me%2F|title:DP%20Standard%20Emigrante%20ME||&#8221; css=&#8221;.vc_custom_1600023415181{margin-top: 0px !important;}&#8221;][\/vc_column_inner][vc_column_inner width=&#8221;1\/3&#8243; css=&#8221;.vc_custom_1582625165948{padding-right: 0px !important;}&#8221;][vc_single_image image=&#8221;5916&#8243; alignment=&#8221;center&#8221; onclick=&#8221;custom_link&#8221; el_class=&#8221;red-icons&#8221; css=&#8221;.vc_custom_1600013322984{margin-bottom: 0px !important;background-color: #ee162e !important;}&#8221; link=&#8221;https:\/\/bcn.cv\/pt_PT\/emigrantes\/emigrantes-poupanca\/dp-poupanca-automatica-emigrante\/&#8221;][vc_text_separator title=&#8221;DP POUPAN\u00c7A AUTOM\u00c1TICA EMIGRANTE&#8221;][vc_column_text css=&#8221;.vc_custom_1591356898420{margin-top: 0px !important;margin-bottom: 15px !important;padding-top: 0px !important;padding-right: 15px !important;padding-left: 15px !important;}&#8221; el_class=&#8221;description-text&#8221;]Aplica\u00e7\u00e3o de baixo montante de subscri\u00e7\u00e3o que permite poupar de forma r\u00e1pida e simples.[\/vc_column_text][vc_btn title=&#8221;Saiba Mais&#8221; style=&#8221;outline-custom&#8221; outline_custom_color=&#8221;#ec1d23&#8243; outline_custom_hover_background=&#8221;#ffffff&#8221; outline_custom_hover_text=&#8221;#ec1d23&#8243; shape=&#8221;round&#8221; size=&#8221;sm&#8221; i_align=&#8221;right&#8221; i_icon_fontawesome=&#8221;fa fa-chevron-right&#8221; add_icon=&#8221;true&#8221; link=&#8221;url:https%3A%2F%2Fbcn.cv%2Fpt_PT%2Femigrantes-2%2Femigrantes-poupanca%2Fbcn-poupanca-nova-geracao%2F|title:Poupan%C3%A7a%20Nova%20Gera%C3%A7%C3%A3o%20Emigrante%20||&#8221; css=&#8221;.vc_custom_1586446192577{margin-top: 0px !important;}&#8221;][\/vc_column_inner][\/vc_row_inner][vc_row_inner css=&#8221;.vc_custom_1582624962612{padding-right: 13px !important;}&#8221;][vc_column_inner width=&#8221;1\/3&#8243; css=&#8221;.vc_custom_1582625165948{padding-right: 0px !important;}&#8221;][vc_single_image image=&#8221;5917&#8243; alignment=&#8221;center&#8221; onclick=&#8221;custom_link&#8221; el_class=&#8221;red-icons&#8221; css=&#8221;.vc_custom_1600023451447{margin-bottom: 0px !important;background-color: #ee162e !important;}&#8221; link=&#8221;https:\/\/bcn.cv\/pt_PT\/emigrantes\/emigrantes-poupanca\/bcn-poupanca-nova-geracao\/&#8221;][vc_text_separator title=&#8221;DP POUPAN\u00c7A NOVA GERA\u00c7\u00c3O EMIGRANTE&#8221;][vc_column_text css=&#8221;.vc_custom_1589313337782{margin-top: 0px !important;margin-bottom: 15px !important;padding-top: 0px !important;padding-right: 15px !important;padding-left: 15px !important;}&#8221; el_class=&#8221;description-text&#8221;]Aplica\u00e7\u00e3o que oferece excelentes condi\u00e7\u00f5es aos mais jovens. Acredite e aposte no futuro do seu filho.[\/vc_column_text][vc_btn title=&#8221;Saiba Mais&#8221; style=&#8221;outline-custom&#8221; outline_custom_color=&#8221;#ec1d23&#8243; outline_custom_hover_background=&#8221;#ffffff&#8221; outline_custom_hover_text=&#8221;#ec1d23&#8243; shape=&#8221;round&#8221; size=&#8221;sm&#8221; i_align=&#8221;right&#8221; i_icon_fontawesome=&#8221;fa fa-chevron-right&#8221; add_icon=&#8221;true&#8221; link=&#8221;url:https%3A%2F%2Fbcn.cv%2Fpt_PT%2Femigrantes%2Femigrantes-poupanca%2Fbcn-poupanca-nova-geracao%2F|title:Poupan%C3%A7a%20Nova%20Gera%C3%A7%C3%A3o%20Emigrante%20||&#8221; css=&#8221;.vc_custom_1600023466359{margin-top: 0px !important;}&#8221;][\/vc_column_inner][\/vc_row_inner][\/vc_column][vc_column width=&#8221;1\/3&#8243; css=&#8221;.vc_custom_1587141773156{margin-top: 0px !important;}&#8221;][vc_column_inner css=&#8221;.vc_custom_1573410017508{margin-top: 0px !important;padding-top: 0px !important;background-color: #ed2127 !important;}&#8221;][vc_column_text css=&#8221;.vc_custom_1590164670011{background-color: #ed1f27 !important;}&#8221;]<\/p>\n<h4 style=\"color: #ffffff !important; padding: 20px 0 0 10px; line-height: 18px;\"><strong><span style=\"color: #ffffff !important; padding: 5px 0 0 0px; margin-bottom: 0; line-height: 18px;\">SIMULE A SUA POUPAN\u00c7A EM 3 PASSOS<\/span><\/strong><\/h4>\n<p><iframe style=\"margin: 0; padding: 0;\" src=\"https:\/\/bcn.cv\/pt_PT\/calculators\/deposit-calculator.html\" width=\"100%\" height=\"490\" frameborder=\"0\" scrolling=\"no\" data-mce-fragment=\"1\"><\/iframe>[\/vc_column_text][\/vc_column_inner][\/vc_column][\/vc_row][vc_row css=&#8221;.vc_custom_1587141798076{margin-top: 60px !important;}&#8221;][vc_column css=&#8221;.vc_custom_1582213073468{margin-top: -75px !important;}&#8221;]<div class=\"title-vertical-line\"><h2><span>Informa\u00e7\u00e3o<\/span> \u00datil<\/h2><p><\/p><\/div>[\/vc_column][\/vc_row][vc_row css=&#8221;.vc_custom_1584698679942{margin-right: 14% !important;margin-left: 14% !important;}&#8221; el_class=&#8221;useful-info&#8221;][vc_column width=&#8221;1\/5&#8243; css=&#8221;.vc_custom_1554915538453{padding-right: 20px !important;padding-left: 20px !important;}&#8221;][vc_row_inner css=&#8221;.vc_custom_1562689691580{margin-top: 0px !important;padding-top: 0px !important;}&#8221;][vc_column_inner width=&#8221;1\/4&#8243;][vc_single_image image=&#8221;3916&#8243; alignment=&#8221;center&#8221; el_class=&#8221;info-icon&#8221; css=&#8221;.vc_custom_1584639152674{padding-right: -3px !important;}&#8221;][\/vc_column_inner][vc_column_inner width=&#8221;3\/4&#8243;][vc_column_text css=&#8221;.vc_custom_1588092435234{margin-top: 20px !important;margin-left: 0px !important;padding-left: 0px !important;}&#8221;]<\/p>\n<h5><span style=\"color: #333333;\"><a style=\"color: #333333;\" href=\"https:\/\/bcn.cv\/pt_PT\/precario\/\"><strong>PRE\u00c7\u00c1RIO<\/strong><\/a><\/span><\/h5>\n<p>[\/vc_column_text][\/vc_column_inner][\/vc_row_inner][\/vc_column][vc_column width=&#8221;1\/5&#8243; css=&#8221;.vc_custom_1554915650188{padding-right: 20px !important;padding-left: 20px !important;}&#8221;][vc_row_inner css=&#8221;.vc_custom_1562689691580{margin-top: 0px !important;padding-top: 0px !important;}&#8221;][vc_column_inner width=&#8221;1\/4&#8243;][vc_single_image image=&#8221;3941&#8243; alignment=&#8221;center&#8221; el_class=&#8221;info-icon&#8221; css=&#8221;.vc_custom_1584639170837{margin-right: -3px !important;}&#8221;][\/vc_column_inner][vc_column_inner width=&#8221;3\/4&#8243;][vc_column_text css=&#8221;.vc_custom_1588092449909{margin-top: 20px !important;margin-left: 0px !important;padding-left: 0px !important;}&#8221;]<\/p>\n<h5><strong><span style=\"color: #333333;\"><span style=\"color: #333336;\"><a style=\"color: #333336;\" href=\"https:\/\/bcnonline.bcn.cv\/\">\u00c1REA DE CLIENTE<\/a><\/span><br \/>\n<\/span><\/strong><\/h5>\n<p>[\/vc_column_text][\/vc_column_inner][\/vc_row_inner][\/vc_column][vc_column width=&#8221;2\/5&#8243; css=&#8221;.vc_custom_1554915579391{padding-right: 20px !important;padding-left: 20px !important;}&#8221;][vc_row_inner css=&#8221;.vc_custom_1562689691580{margin-top: 0px !important;padding-top: 0px !important;}&#8221;][vc_column_inner width=&#8221;1\/4&#8243;][vc_single_image image=&#8221;3905&#8243; alignment=&#8221;right&#8221; el_class=&#8221;info-icon&#8221; css=&#8221;.vc_custom_1584639180305{margin-right: 13px !important;}&#8221;][\/vc_column_inner][vc_column_inner width=&#8221;3\/4&#8243;][vc_column_text css=&#8221;.vc_custom_1588171567287{margin-top: 20px !important;margin-left: 0px !important;padding-left: 0px !important;}&#8221;]<\/p>\n<h5><strong><span style=\"color: #333333;\"><a style=\"color: #333333;\" href=\"https:\/\/bcn.cv\/pt_PT\/formularios\/\">DOCUMENTOS E FORMUL\u00c1RIOS<\/a><br \/>\n<\/span><\/strong><\/h5>\n<p>[\/vc_column_text][\/vc_column_inner][\/vc_row_inner][\/vc_column][vc_column width=&#8221;1\/5&#8243;][vc_row_inner css=&#8221;.vc_custom_1562689691580{margin-top: 0px !important;padding-top: 0px !important;}&#8221;][vc_column_inner width=&#8221;1\/4&#8243;][vc_single_image image=&#8221;3918&#8243; alignment=&#8221;center&#8221; el_class=&#8221;info-icon last&#8221; css=&#8221;.vc_custom_1584639195656{margin-right: -17px !important;}&#8221;][\/vc_column_inner][vc_column_inner width=&#8221;3\/4&#8243;][vc_column_text css=&#8221;.vc_custom_1588092471365{margin-top: 20px !important;margin-left: 10px !important;padding-left: 0px !important;}&#8221;]<\/p>\n<h5><strong><span style=\"color: #333333;\"><a style=\"color: #333333;\" href=\"https:\/\/bcn.cv\/pt_PT\/protocolos\/\">PROTOCOLOS<\/a><br \/>\n<\/span><\/strong><\/h5>\n<p>[\/vc_column_text][\/vc_column_inner][\/vc_row_inner][\/vc_column][\/vc_row]<\/p>\n","protected":false},"excerpt":{"rendered":"<p>[vc_row css=&#8221;.vc_custom_1584968574509{margin-top: 35px !important;padding-right: 0px !important;padding-left: 0px !important;}&#8221;][vc_column width=&#8221;2\/3&#8243; css=&#8221;.vc_custom_1584976580364{margin-bottom: 100px !important;padding-top: 0px !important;padding-right: 13px !important;background-color: #ffffff !important;}&#8221; el_class=&#8221;apresentation-title&#8221;][vc_column_text] Solu\u00e7\u00f5es de Poupan\u00e7a Quaisquer que sejam suas necessidades ou planos, no BCN encontra solu\u00e7\u00f5es de poupan\u00e7a diversificadas e aplic\u00e1veis \u200b\u200bpara si: descubra e fale connosco hoje [&hellip;]<\/p>\n","protected":false},"author":1,"featured_media":0,"parent":2198,"menu_order":16,"comment_status":"closed","ping_status":"closed","template":"template-builder.php","meta":{"inline_featured_image":false},"aioseo_notices":[],"_links":{"self":[{"href":"https:\/\/bcn.cv\/pt_PT\/wp-json\/wp\/v2\/pages\/2207"}],"collection":[{"href":"https:\/\/bcn.cv\/pt_PT\/wp-json\/wp\/v2\/pages"}],"about":[{"href":"https:\/\/bcn.cv\/pt_PT\/wp-json\/wp\/v2\/types\/page"}],"author":[{"embeddable":true,"href":"https:\/\/bcn.cv\/pt_PT\/wp-json\/wp\/v2\/users\/1"}],"replies":[{"embeddable":true,"href":"https:\/\/bcn.cv\/pt_PT\/wp-json\/wp\/v2\/comments?post=2207"}],"version-history":[{"count":45,"href":"https:\/\/bcn.cv\/pt_PT\/wp-json\/wp\/v2\/pages\/2207\/revisions"}],"predecessor-version":[{"id":16437,"href":"https:\/\/bcn.cv\/pt_PT\/wp-json\/wp\/v2\/pages\/2207\/revisions\/16437"}],"up":[{"embeddable":true,"href":"https:\/\/bcn.cv\/pt_PT\/wp-json\/wp\/v2\/pages\/2198"}],"wp:attachment":[{"href":"https:\/\/bcn.cv\/pt_PT\/wp-json\/wp\/v2\/media?parent=2207"}],"curies":[{"name":"wp","href":"https:\/\/api.w.org\/{rel}","templated":true}]}}