{"id":2091,"date":"2019-01-27T18:17:36","date_gmt":"2019-01-27T18:17:36","guid":{"rendered":"https:\/\/bcn.cv\/pt_PT\/?page_id=2091"},"modified":"2026-04-09T09:28:18","modified_gmt":"2026-04-09T10:28:18","slug":"cartoes","status":"publish","type":"page","link":"https:\/\/bcn.cv\/pt_PT\/empresas\/cartoes\/","title":{"rendered":"Cart\u00f5es"},"content":{"rendered":"<p>[vc_row css=&#8221;.vc_custom_1584968574509{margin-top: 35px !important;padding-right: 0px !important;padding-left: 0px !important;}&#8221;][vc_column width=&#8221;2\/3&#8243; css=&#8221;.vc_custom_1584976580364{margin-bottom: 100px !important;padding-top: 0px !important;padding-right: 13px !important;background-color: #ffffff !important;}&#8221; el_class=&#8221;apresentation-title&#8221;][vc_column_text]<\/p>\n<h2><strong>Cart\u00f5es<\/strong><\/h2>\n<p>Quaisquer que sejam as suas necessidades ou planos, no BCN encontra solu\u00e7\u00f5es diversificadas e adequadas para si: descubra-as e fale connosco hoje mesmo.[\/vc_column_text][vc_row_inner css=&#8221;.vc_custom_1582624962612{padding-right: 13px !important;}&#8221;][vc_column_inner width=&#8221;1\/3&#8243;][vc_single_image image=&#8221;6406&#8243; alignment=&#8221;center&#8221; onclick=&#8221;custom_link&#8221; el_class=&#8221;red-icons&#8221; css=&#8221;.vc_custom_1600012694363{margin-bottom: 0px !important;background-color: #ee162e !important;}&#8221; link=&#8221;https:\/\/bcn.cv\/pt_PT\/empresas\/cartoes\/cartao-visa-empresas\/&#8221;][vc_text_separator title=&#8221;CART\u00c3O VISA EMPRESAS&#8221;][vc_column_text css=&#8221;.vc_custom_1590499771718{margin-top: 0px !important;margin-bottom: 0px !important;padding-top: 0px !important;padding-right: 15px !important;padding-left: 15px !important;}&#8221; el_class=&#8221;description-text&#8221;]Controle de forma mais eficaz as despesas da sua empresa com o Cart\u00e3o de D\u00e9bito VISA Empresas.[\/vc_column_text][vc_btn title=&#8221;Saiba Mais&#8221; style=&#8221;outline-custom&#8221; outline_custom_color=&#8221;#ec1d23&#8243; outline_custom_hover_background=&#8221;#ffffff&#8221; outline_custom_hover_text=&#8221;#ec1d23&#8243; shape=&#8221;round&#8221; size=&#8221;sm&#8221; i_align=&#8221;right&#8221; i_icon_fontawesome=&#8221;fa fa-chevron-right&#8221; add_icon=&#8221;true&#8221; link=&#8221;url:https%3A%2F%2Fbcn.cv%2Fpt_PT%2Fempresas%2Fcartoes%2Fcartao-visa-empresas%2F|title:Cart%C3%A3o%20Mastercard%20Empresas||&#8221; css=&#8221;.vc_custom_1600012709781{margin-top: 0px !important;}&#8221;][\/vc_column_inner][vc_column_inner width=&#8221;1\/3&#8243;][vc_single_image image=&#8221;5944&#8243; alignment=&#8221;center&#8221; onclick=&#8221;custom_link&#8221; el_class=&#8221;red-icons&#8221; css=&#8221;.vc_custom_1600012744768{margin-bottom: 0px !important;background-color: #ee162e !important;}&#8221; link=&#8221;https:\/\/bcn.cv\/pt_PT\/empresas\/cartoes\/cartao-do-empresario\/&#8221;][vc_text_separator title=&#8221;CONTACTLESS&#8221;][vc_column_text css=&#8221;.vc_custom_1590499733673{margin-top: 0px !important;margin-bottom: 15px !important;padding-top: 0px !important;padding-right: 15px !important;padding-bottom: 0px !important;padding-left: 15px !important;}&#8221; el_class=&#8221;description-text&#8221;]Pague mais r\u00e1pido, com a tecnologia Contactless![\/vc_column_text][vc_btn title=&#8221;Saiba Mais&#8221; style=&#8221;outline-custom&#8221; outline_custom_color=&#8221;#ec1d23&#8243; outline_custom_hover_background=&#8221;#ffffff&#8221; outline_custom_hover_text=&#8221;#ec1d23&#8243; shape=&#8221;round&#8221; size=&#8221;sm&#8221; i_align=&#8221;right&#8221; i_icon_fontawesome=&#8221;fa fa-chevron-right&#8221; add_icon=&#8221;true&#8221; link=&#8221;url:https%3A%2F%2Fbcn.cv%2Fpt_PT%2Fempresas%2Fcartoes%2Ftecnologia-contactless-menu-empresas%2F|title:Cart%C3%A3o%20do%20Empres%C3%A1rio||&#8221; css=&#8221;.vc_custom_1600012732700{margin-top: 0px !important;}&#8221;][\/vc_column_inner][\/vc_row_inner][\/vc_column][vc_column width=&#8221;1\/3&#8243;][vc_single_image image=&#8221;6161&#8243; img_size=&#8221;full&#8221; onclick=&#8221;custom_link&#8221; img_link_target=&#8221;_blank&#8221; link=&#8221;https:\/\/bcn.cv\/suporte\/open.php&#8221;][\/vc_column][\/vc_row][vc_row css=&#8221;.vc_custom_1587141379780{margin-top: 60px !important;}&#8221;][vc_column css=&#8221;.vc_custom_1582213073468{margin-top: -75px !important;}&#8221;]<div class=\"title-vertical-line\"><h2><span>Informa\u00e7\u00e3o<\/span> \u00datil<\/h2><p><\/p><\/div>[\/vc_column][\/vc_row][vc_row css=&#8221;.vc_custom_1584698679942{margin-right: 14% !important;margin-left: 14% !important;}&#8221; el_class=&#8221;useful-info&#8221;][vc_column width=&#8221;1\/5&#8243; css=&#8221;.vc_custom_1554915538453{padding-right: 20px !important;padding-left: 20px !important;}&#8221;][vc_row_inner css=&#8221;.vc_custom_1562689691580{margin-top: 0px !important;padding-top: 0px !important;}&#8221;][vc_column_inner width=&#8221;1\/4&#8243;][vc_single_image image=&#8221;3916&#8243; alignment=&#8221;center&#8221; el_class=&#8221;info-icon&#8221; css=&#8221;.vc_custom_1584639152674{padding-right: -3px !important;}&#8221;][\/vc_column_inner][vc_column_inner width=&#8221;3\/4&#8243;][vc_column_text css=&#8221;.vc_custom_1588092435234{margin-top: 20px !important;margin-left: 0px !important;padding-left: 0px !important;}&#8221;]<\/p>\n<h5><span style=\"color: #333333;\"><a style=\"color: #333333;\" href=\"https:\/\/bcn.cv\/pt_PT\/precario\/\"><strong>PRE\u00c7\u00c1RIO<\/strong><\/a><\/span><\/h5>\n<p>[\/vc_column_text][\/vc_column_inner][\/vc_row_inner][\/vc_column][vc_column width=&#8221;1\/5&#8243; css=&#8221;.vc_custom_1554915650188{padding-right: 20px !important;padding-left: 20px !important;}&#8221;][vc_row_inner css=&#8221;.vc_custom_1562689691580{margin-top: 0px !important;padding-top: 0px !important;}&#8221;][vc_column_inner width=&#8221;1\/4&#8243;][vc_single_image image=&#8221;3941&#8243; alignment=&#8221;center&#8221; el_class=&#8221;info-icon&#8221; css=&#8221;.vc_custom_1584639170837{margin-right: -3px !important;}&#8221;][\/vc_column_inner][vc_column_inner width=&#8221;3\/4&#8243;][vc_column_text css=&#8221;.vc_custom_1588092449909{margin-top: 20px !important;margin-left: 0px !important;padding-left: 0px !important;}&#8221;]<\/p>\n<h5><strong><span style=\"color: #333333;\"><span style=\"color: #333336;\"><a style=\"color: #333336;\" href=\"https:\/\/bcnonline.bcn.cv\/\">\u00c1REA DE CLIENTE<\/a><\/span><br \/>\n<\/span><\/strong><\/h5>\n<p>[\/vc_column_text][\/vc_column_inner][\/vc_row_inner][\/vc_column][vc_column width=&#8221;2\/5&#8243; css=&#8221;.vc_custom_1554915579391{padding-right: 20px !important;padding-left: 20px !important;}&#8221;][vc_row_inner css=&#8221;.vc_custom_1562689691580{margin-top: 0px !important;padding-top: 0px !important;}&#8221;][vc_column_inner width=&#8221;1\/4&#8243;][vc_single_image image=&#8221;3905&#8243; alignment=&#8221;right&#8221; el_class=&#8221;info-icon&#8221; css=&#8221;.vc_custom_1584639180305{margin-right: 13px !important;}&#8221;][\/vc_column_inner][vc_column_inner width=&#8221;3\/4&#8243;][vc_column_text css=&#8221;.vc_custom_1588171567287{margin-top: 20px !important;margin-left: 0px !important;padding-left: 0px !important;}&#8221;]<\/p>\n<h5><strong><span style=\"color: #333333;\"><a style=\"color: #333333;\" href=\"https:\/\/bcn.cv\/pt_PT\/formularios\/\">DOCUMENTOS E FORMUL\u00c1RIOS<\/a><br \/>\n<\/span><\/strong><\/h5>\n<p>[\/vc_column_text][\/vc_column_inner][\/vc_row_inner][\/vc_column][vc_column width=&#8221;1\/5&#8243;][vc_row_inner css=&#8221;.vc_custom_1562689691580{margin-top: 0px !important;padding-top: 0px !important;}&#8221;][vc_column_inner width=&#8221;1\/4&#8243;][vc_single_image image=&#8221;3918&#8243; alignment=&#8221;center&#8221; el_class=&#8221;info-icon last&#8221; css=&#8221;.vc_custom_1584639195656{margin-right: -17px !important;}&#8221;][\/vc_column_inner][vc_column_inner width=&#8221;3\/4&#8243;][vc_column_text css=&#8221;.vc_custom_1588092471365{margin-top: 20px !important;margin-left: 10px !important;padding-left: 0px !important;}&#8221;]<\/p>\n<h5><strong><span style=\"color: #333333;\"><a style=\"color: #333333;\" href=\"https:\/\/bcn.cv\/pt_PT\/protocolos\/\">PROTOCOLOS<\/a><br \/>\n<\/span><\/strong><\/h5>\n<p>[\/vc_column_text][\/vc_column_inner][\/vc_row_inner][\/vc_column][\/vc_row]<\/p>\n","protected":false},"excerpt":{"rendered":"<p>[vc_row css=&#8221;.vc_custom_1584968574509{margin-top: 35px !important;padding-right: 0px !important;padding-left: 0px !important;}&#8221;][vc_column width=&#8221;2\/3&#8243; css=&#8221;.vc_custom_1584976580364{margin-bottom: 100px !important;padding-top: 0px !important;padding-right: 13px !important;background-color: #ffffff !important;}&#8221; el_class=&#8221;apresentation-title&#8221;][vc_column_text] Cart\u00f5es Quaisquer que sejam as suas necessidades ou planos, no BCN encontra solu\u00e7\u00f5es diversificadas e adequadas para si: descubra-as e fale connosco hoje mesmo.[\/vc_column_text][vc_row_inner css=&#8221;.vc_custom_1582624962612{padding-right: 13px [&hellip;]<\/p>\n","protected":false},"author":1,"featured_media":0,"parent":1974,"menu_order":16,"comment_status":"closed","ping_status":"closed","template":"template-builder.php","meta":{"inline_featured_image":false},"aioseo_notices":[],"_links":{"self":[{"href":"https:\/\/bcn.cv\/pt_PT\/wp-json\/wp\/v2\/pages\/2091"}],"collection":[{"href":"https:\/\/bcn.cv\/pt_PT\/wp-json\/wp\/v2\/pages"}],"about":[{"href":"https:\/\/bcn.cv\/pt_PT\/wp-json\/wp\/v2\/types\/page"}],"author":[{"embeddable":true,"href":"https:\/\/bcn.cv\/pt_PT\/wp-json\/wp\/v2\/users\/1"}],"replies":[{"embeddable":true,"href":"https:\/\/bcn.cv\/pt_PT\/wp-json\/wp\/v2\/comments?post=2091"}],"version-history":[{"count":31,"href":"https:\/\/bcn.cv\/pt_PT\/wp-json\/wp\/v2\/pages\/2091\/revisions"}],"predecessor-version":[{"id":16446,"href":"https:\/\/bcn.cv\/pt_PT\/wp-json\/wp\/v2\/pages\/2091\/revisions\/16446"}],"up":[{"embeddable":true,"href":"https:\/\/bcn.cv\/pt_PT\/wp-json\/wp\/v2\/pages\/1974"}],"wp:attachment":[{"href":"https:\/\/bcn.cv\/pt_PT\/wp-json\/wp\/v2\/media?parent=2091"}],"curies":[{"name":"wp","href":"https:\/\/api.w.org\/{rel}","templated":true}]}}