{"id":2081,"date":"2019-01-27T17:30:23","date_gmt":"2019-01-27T17:30:23","guid":{"rendered":"https:\/\/bcn.cv\/pt_PT\/?page_id=2081"},"modified":"2026-02-25T10:05:39","modified_gmt":"2026-02-25T11:05:39","slug":"precario","status":"publish","type":"page","link":"https:\/\/bcn.cv\/pt_PT\/precario\/","title":{"rendered":"Pre\u00e7\u00e1rio"},"content":{"rendered":"<p>[vc_row][vc_column][vc_column_text]<strong>Fa\u00e7a download do Pre\u00e7\u00e1rio (vers\u00e3o completa) ou seleccione os folhetos que pretende consultar:<\/strong>[\/vc_column_text][\/vc_column][\/vc_row][vc_row content_placement=&#8221;middle&#8221; el_class=&#8221;text-center&#8221;][vc_column width=&#8221;1\/3&#8243; css=&#8221;.vc_custom_1588265953748{border-right-width: 25px !important;}&#8221;][vc_btn title=&#8221;<b>PRE\u00c7\u00c1RIO BCN 2026 (vers\u00e3o completa) <\/b>&#8221; color=&#8221;juicy-pink&#8221; align=&#8221;center&#8221; i_align=&#8221;right&#8221; i_icon_fontawesome=&#8221;fa fa-download&#8221; button_block=&#8221;true&#8221; add_icon=&#8221;true&#8221; link=&#8221;url:https%3A%2F%2Fbcn.cv%2Fpt_PT%2Fwp-content%2Fuploads%2F2026%2F02%2FPrecario-BCN-2026-15012026.pdf||target:%20_blank|&#8221; css=&#8221;.vc_custom_1772017335137{border-right-width: 0px !important;}&#8221;][\/vc_column][vc_column width=&#8221;1\/3&#8243; el_class=&#8221;text-center&#8221; css=&#8221;.vc_custom_1588260604868{border-top-width: 15px !important;border-bottom-width: 15px !important;}&#8221;][\/vc_column][vc_column width=&#8221;1\/3&#8243;][\/vc_column][\/vc_row][vc_row content_placement=&#8221;middle&#8221; el_class=&#8221;text-center&#8221;][vc_column width=&#8221;1\/3&#8243; css=&#8221;.vc_custom_1588265953748{border-right-width: 25px !important;}&#8221;][vc_btn title=&#8221;<b> Servi\u00e7os Banc\u00e1rios Gratuitos <\/b>&#8221; color=&#8221;juicy-pink&#8221; align=&#8221;center&#8221; i_align=&#8221;right&#8221; i_icon_fontawesome=&#8221;fa fa-download&#8221; button_block=&#8221;true&#8221; add_icon=&#8221;true&#8221; link=&#8221;url:https%3A%2F%2Fbcn.cv%2Fpt_PT%2Fwp-content%2Fuploads%2F2026%2F02%2F01-SERVICOS-BANCARIOS-GRATUITOS-Precario-BCN-2026-15012026.pdf||target:%20_blank|&#8221; css=&#8221;.vc_custom_1772017369634{border-right-width: 0px !important;}&#8221;][\/vc_column][vc_column width=&#8221;1\/3&#8243; el_class=&#8221;text-center&#8221; css=&#8221;.vc_custom_1588260604868{border-top-width: 15px !important;border-bottom-width: 15px !important;}&#8221;][\/vc_column][vc_column width=&#8221;1\/3&#8243;][\/vc_column][\/vc_row][vc_row content_placement=&#8221;middle&#8221; el_class=&#8221;text-center&#8221;][vc_column width=&#8221;1\/3&#8243; css=&#8221;.vc_custom_1588265953748{border-right-width: 25px !important;}&#8221;][vc_btn title=&#8221;<b> Comiss\u00f5es e Despesas Clientes Particulares <\/b>&#8221; color=&#8221;juicy-pink&#8221; align=&#8221;center&#8221; i_align=&#8221;right&#8221; i_icon_fontawesome=&#8221;fa fa-download&#8221; button_block=&#8221;true&#8221; add_icon=&#8221;true&#8221; link=&#8221;url:https%3A%2F%2Fbcn.cv%2Fpt_PT%2Fwp-content%2Fuploads%2F2026%2F02%2F02-Comissoes-e-Despesas-Clientes-Particulares-Precario-BCN-2026-15012026-2.pdf||target:%20_blank|&#8221; css=&#8221;.vc_custom_1772017398810{border-right-width: 0px !important;}&#8221;][\/vc_column][vc_column width=&#8221;1\/3&#8243; el_class=&#8221;text-center&#8221; css=&#8221;.vc_custom_1588260604868{border-top-width: 15px !important;border-bottom-width: 15px !important;}&#8221;][\/vc_column][vc_column width=&#8221;1\/3&#8243;][\/vc_column][\/vc_row][vc_row content_placement=&#8221;middle&#8221; el_class=&#8221;text-center&#8221;][vc_column width=&#8221;1\/3&#8243; css=&#8221;.vc_custom_1588265953748{border-right-width: 25px !important;}&#8221;][vc_btn title=&#8221;<b> Comiss\u00f5es e Despesas Outros Clientes <\/b>&#8221; color=&#8221;juicy-pink&#8221; align=&#8221;center&#8221; i_align=&#8221;right&#8221; i_icon_fontawesome=&#8221;fa fa-download&#8221; button_block=&#8221;true&#8221; add_icon=&#8221;true&#8221; link=&#8221;url:https%3A%2F%2Fbcn.cv%2Fpt_PT%2Fwp-content%2Fuploads%2F2026%2F02%2F03-Comissoes-e-Despesas-Outros-Clientes-Precario-BCN-2026-15012026-2.pdf||target:%20_blank|&#8221; css=&#8221;.vc_custom_1772017435056{border-right-width: 0px !important;}&#8221;][\/vc_column][vc_column width=&#8221;1\/3&#8243; el_class=&#8221;text-center&#8221; css=&#8221;.vc_custom_1588260604868{border-top-width: 15px !important;border-bottom-width: 15px !important;}&#8221;][\/vc_column][vc_column width=&#8221;1\/3&#8243;][\/vc_column][\/vc_row][vc_row content_placement=&#8221;middle&#8221; el_class=&#8221;text-center&#8221;][vc_column width=&#8221;1\/3&#8243; css=&#8221;.vc_custom_1588265953748{border-right-width: 25px !important;}&#8221;][vc_btn title=&#8221;<b> Taxas de Juro Clientes Particulares <\/b>&#8221; color=&#8221;juicy-pink&#8221; align=&#8221;center&#8221; i_align=&#8221;right&#8221; i_icon_fontawesome=&#8221;fa fa-download&#8221; button_block=&#8221;true&#8221; add_icon=&#8221;true&#8221; link=&#8221;url:https%3A%2F%2Fbcn.cv%2Fpt_PT%2Fwp-content%2Fuploads%2F2026%2F02%2F04-Taxas-de-Juro-Clientes-Particulares-Precario-BCN-2026-15012026-4.pdf||target:%20_blank|&#8221; css=&#8221;.vc_custom_1772017473169{border-right-width: 0px !important;}&#8221;][\/vc_column][vc_column width=&#8221;1\/3&#8243; el_class=&#8221;text-center&#8221; css=&#8221;.vc_custom_1588260604868{border-top-width: 15px !important;border-bottom-width: 15px !important;}&#8221;][\/vc_column][vc_column width=&#8221;1\/3&#8243;][\/vc_column][\/vc_row][vc_row content_placement=&#8221;middle&#8221; el_class=&#8221;text-center&#8221;][vc_column width=&#8221;1\/3&#8243; css=&#8221;.vc_custom_1588265953748{border-right-width: 25px !important;}&#8221;][vc_btn title=&#8221;<b> Taxas de Juro Outros Clientes <\/b>&#8221; color=&#8221;juicy-pink&#8221; align=&#8221;center&#8221; i_align=&#8221;right&#8221; i_icon_fontawesome=&#8221;fa fa-download&#8221; button_block=&#8221;true&#8221; add_icon=&#8221;true&#8221; link=&#8221;url:https%3A%2F%2Fbcn.cv%2Fpt_PT%2Fwp-content%2Fuploads%2F2026%2F02%2F05-Taxas-de-Juro-Outros-Clientes-Precario-BCN-2026-15012026-4.pdf||target:%20_blank|&#8221; css=&#8221;.vc_custom_1772017528049{border-right-width: 0px !important;}&#8221;][\/vc_column][vc_column width=&#8221;1\/3&#8243; el_class=&#8221;text-center&#8221; css=&#8221;.vc_custom_1588260604868{border-top-width: 15px !important;border-bottom-width: 15px !important;}&#8221;][\/vc_column][vc_column width=&#8221;1\/3&#8243;][\/vc_column][\/vc_row][vc_row][vc_column css=&#8221;.vc_custom_1588263187379{border-bottom-width: 25px !important;}&#8221;][vc_empty_space height=&#8221;62px&#8221;][\/vc_column][\/vc_row]<\/p>\n","protected":false},"excerpt":{"rendered":"<p>[vc_row][vc_column][vc_column_text]Fa\u00e7a download do Pre\u00e7\u00e1rio (vers\u00e3o completa) ou seleccione os folhetos que pretende consultar:[\/vc_column_text][\/vc_column][\/vc_row][vc_row content_placement=&#8221;middle&#8221; el_class=&#8221;text-center&#8221;][vc_column width=&#8221;1\/3&#8243; css=&#8221;.vc_custom_1588265953748{border-right-width: 25px !important;}&#8221;][vc_btn title=&#8221;PRE\u00c7\u00c1RIO BCN 2026 (vers\u00e3o completa) &#8221; color=&#8221;juicy-pink&#8221; align=&#8221;center&#8221; i_align=&#8221;right&#8221; i_icon_fontawesome=&#8221;fa fa-download&#8221; button_block=&#8221;true&#8221; add_icon=&#8221;true&#8221; link=&#8221;url:https%3A%2F%2Fbcn.cv%2Fpt_PT%2Fwp-content%2Fuploads%2F2026%2F02%2FPrecario-BCN-2026-15012026.pdf||target:%20_blank|&#8221; css=&#8221;.vc_custom_1772017335137{border-right-width: 0px !important;}&#8221;][\/vc_column][vc_column width=&#8221;1\/3&#8243; el_class=&#8221;text-center&#8221; css=&#8221;.vc_custom_1588260604868{border-top-width: 15px !important;border-bottom-width: 15px !important;}&#8221;][\/vc_column][vc_column width=&#8221;1\/3&#8243;][\/vc_column][\/vc_row][vc_row content_placement=&#8221;middle&#8221; [&hellip;]<\/p>\n","protected":false},"author":1,"featured_media":0,"parent":0,"menu_order":18,"comment_status":"closed","ping_status":"closed","template":"template-builder.php","meta":{"inline_featured_image":false},"aioseo_notices":[],"_links":{"self":[{"href":"https:\/\/bcn.cv\/pt_PT\/wp-json\/wp\/v2\/pages\/2081"}],"collection":[{"href":"https:\/\/bcn.cv\/pt_PT\/wp-json\/wp\/v2\/pages"}],"about":[{"href":"https:\/\/bcn.cv\/pt_PT\/wp-json\/wp\/v2\/types\/page"}],"author":[{"embeddable":true,"href":"https:\/\/bcn.cv\/pt_PT\/wp-json\/wp\/v2\/users\/1"}],"replies":[{"embeddable":true,"href":"https:\/\/bcn.cv\/pt_PT\/wp-json\/wp\/v2\/comments?post=2081"}],"version-history":[{"count":112,"href":"https:\/\/bcn.cv\/pt_PT\/wp-json\/wp\/v2\/pages\/2081\/revisions"}],"predecessor-version":[{"id":16253,"href":"https:\/\/bcn.cv\/pt_PT\/wp-json\/wp\/v2\/pages\/2081\/revisions\/16253"}],"wp:attachment":[{"href":"https:\/\/bcn.cv\/pt_PT\/wp-json\/wp\/v2\/media?parent=2081"}],"curies":[{"name":"wp","href":"https:\/\/api.w.org\/{rel}","templated":true}]}}