{"id":2004,"date":"2019-01-27T16:43:53","date_gmt":"2019-01-27T16:43:53","guid":{"rendered":"https:\/\/bcn.cv\/pt_PT\/?page_id=2004"},"modified":"2026-04-09T09:28:28","modified_gmt":"2026-04-09T10:28:28","slug":"cartoes-abrir-conta","status":"publish","type":"page","link":"https:\/\/bcn.cv\/pt_PT\/particulares\/cartoes-abrir-conta\/","title":{"rendered":"Cart\u00f5es"},"content":{"rendered":"<p>[vc_row css=&#8221;.vc_custom_1587136259933{margin-top: 35px !important;margin-bottom: 100px !important;padding-right: 0px !important;padding-left: 0px !important;}&#8221;][vc_column width=&#8221;2\/3&#8243; css=&#8221;.vc_custom_1584976580364{margin-bottom: 100px !important;padding-top: 0px !important;padding-right: 13px !important;background-color: #ffffff !important;}&#8221; el_class=&#8221;apresentation-title&#8221;][vc_column_text]<\/p>\n<h2><strong>Cart\u00f5es<\/strong><\/h2>\n<p>Quaisquer que sejam as suas necessidades ou planos, no BCN encontra solu\u00e7\u00f5es diversificadas e adequadas para si: descubra-as e fale connosco hoje mesmo.[\/vc_column_text][vc_row_inner css=&#8221;.vc_custom_1582624962612{padding-right: 13px !important;}&#8221;][vc_column_inner width=&#8221;1\/3&#8243;][vc_single_image image=&#8221;6406&#8243; alignment=&#8221;center&#8221; onclick=&#8221;custom_link&#8221; el_class=&#8221;red-icons&#8221; css=&#8221;.vc_custom_1600009358773{margin-bottom: 0px !important;background-color: #ee162e !important;}&#8221; link=&#8221;https:\/\/bcn.cv\/pt_PT\/particulares\/cartoes-abrir-conta\/particulares-cartao-visa\/&#8221;][vc_text_separator title=&#8221;CART\u00c3O VISA PARTICULAR&#8221;][vc_column_text css=&#8221;.vc_custom_1588786727597{margin-top: 0px !important;margin-bottom: 15px !important;padding-top: 0px !important;padding-right: 15px !important;padding-bottom: 0px !important;padding-left: 15px !important;}&#8221; el_class=&#8221;description-text&#8221;]Cart\u00e3o de d\u00e9bito internacional para utilizar no dia-a-dia e em qualquer lugar do Mundo.[\/vc_column_text][vc_btn title=&#8221;Saiba Mais&#8221; style=&#8221;outline-custom&#8221; outline_custom_color=&#8221;#ec1d23&#8243; outline_custom_hover_background=&#8221;#ffffff&#8221; outline_custom_hover_text=&#8221;#ec1d23&#8243; shape=&#8221;round&#8221; size=&#8221;sm&#8221; i_align=&#8221;right&#8221; i_icon_fontawesome=&#8221;fa fa-chevron-right&#8221; add_icon=&#8221;true&#8221; link=&#8221;url:https%3A%2F%2Fbcn.cv%2Fpt_PT%2Fparticulares%2Fcartoes-abrir-conta%2Fparticulares-cartao-visa%2F|title:Cart%C3%A3o%20VISA%20Particular||&#8221; css=&#8221;.vc_custom_1600009369675{margin-top: 0px !important;}&#8221;][\/vc_column_inner][vc_column_inner width=&#8221;1\/3&#8243;][vc_single_image image=&#8221;6407&#8243; alignment=&#8221;center&#8221; onclick=&#8221;custom_link&#8221; el_class=&#8221;red-icons&#8221; css=&#8221;.vc_custom_1600009328019{margin-bottom: 0px !important;background-color: #ee162e !important;}&#8221; link=&#8221;https:\/\/bcn.cv\/pt_PT\/particulares\/cartoes-abrir-conta\/easycard\/&#8221;][vc_text_separator title=&#8221;EASYCARD&#8221;][vc_column_text css=&#8221;.vc_custom_1770377154665{margin-top: 0px !important;margin-bottom: 0px !important;padding-top: 0px !important;padding-right: 15px !important;padding-left: 15px !important;}&#8221; el_class=&#8221;description-text&#8221;]Equilibre a suas Finan\u00e7as, Simplifique a sua Vida Financeira!<\/p>\n<p>&nbsp;[\/vc_column_text][vc_btn title=&#8221;Saiba Mais&#8221; style=&#8221;outline-custom&#8221; outline_custom_color=&#8221;#ec1d23&#8243; outline_custom_hover_background=&#8221;#ffffff&#8221; outline_custom_hover_text=&#8221;#ec1d23&#8243; shape=&#8221;round&#8221; size=&#8221;sm&#8221; i_align=&#8221;right&#8221; i_icon_fontawesome=&#8221;fa fa-chevron-right&#8221; add_icon=&#8221;true&#8221; link=&#8221;url:https%3A%2F%2Fbcn.cv%2Fpt_PT%2Fparticulares%2Fcartoes-abrir-conta%2Feasycard%2F|title:Cart%C3%A3o%20VINTI4||&#8221; css=&#8221;.vc_custom_1600009340109{margin-top: 0px !important;}&#8221;][\/vc_column_inner][vc_column_inner width=&#8221;1\/3&#8243; css=&#8221;.vc_custom_1582625165948{padding-right: 0px !important;}&#8221;][vc_single_image image=&#8221;8082&#8243; alignment=&#8221;center&#8221; onclick=&#8221;custom_link&#8221; el_class=&#8221;red-icons&#8221; css=&#8221;.vc_custom_1600009287903{margin-bottom: 0px !important;background-color: #ee162e !important;}&#8221; link=&#8221;https:\/\/bcn.cv\/pt_PT\/particulares\/cartoes-abrir-conta\/cartaonahora\/&#8221;][vc_text_separator title=&#8221;CART\u00c3O NA HORA&#8221;][vc_column_text css=&#8221;.vc_custom_1589559538198{margin-top: 0px !important;margin-bottom: 0px !important;padding-top: 0px !important;padding-right: 15px !important;padding-left: 15px !important;}&#8221; el_class=&#8221;description-text&#8221;]Cart\u00e3o provis\u00f3rio, entregue no momento da ades\u00e3o, que garante acesso imediato a todas as opera\u00e7\u00f5es da rede Vinti4.[\/vc_column_text][vc_btn title=&#8221;Saiba Mais&#8221; style=&#8221;outline-custom&#8221; outline_custom_color=&#8221;#ec1d23&#8243; outline_custom_hover_background=&#8221;#ffffff&#8221; outline_custom_hover_text=&#8221;#ec1d23&#8243; shape=&#8221;round&#8221; size=&#8221;sm&#8221; i_align=&#8221;right&#8221; i_icon_fontawesome=&#8221;fa fa-chevron-right&#8221; add_icon=&#8221;true&#8221; link=&#8221;url:https%3A%2F%2Fbcn.cv%2Fpt_PT%2Fparticulares%2Fcartoes-abrir-conta%2Fcartaonahora%2F|title:Cart%C3%A3o%20na%20Hora||&#8221; css=&#8221;.vc_custom_1600009301535{margin-top: 0px !important;}&#8221;][\/vc_column_inner][\/vc_row_inner][vc_row_inner css=&#8221;.vc_custom_1582624962612{padding-right: 13px !important;}&#8221;][vc_column_inner width=&#8221;1\/3&#8243;][vc_single_image image=&#8221;6407&#8243; alignment=&#8221;center&#8221; onclick=&#8221;custom_link&#8221; el_class=&#8221;red-icons&#8221; css=&#8221;.vc_custom_1600009328019{margin-bottom: 0px !important;background-color: #ee162e !important;}&#8221; link=&#8221;https:\/\/bcn.cv\/pt_PT\/particulares\/cartoes-abrir-conta\/particulares-cartao-vinti4\/&#8221;][vc_text_separator title=&#8221;CART\u00c3O VINTI4&#8243;][vc_column_text css=&#8221;.vc_custom_1588786028952{margin-top: 0px !important;margin-bottom: 0px !important;padding-top: 0px !important;padding-right: 15px !important;padding-left: 15px !important;}&#8221; el_class=&#8221;description-text&#8221;]Cart\u00e3o de d\u00e9bito nacional que lhe oferere toda a Facilidade e Seguran\u00e7a em todos os pagamentos.[\/vc_column_text][vc_btn title=&#8221;Saiba Mais&#8221; style=&#8221;outline-custom&#8221; outline_custom_color=&#8221;#ec1d23&#8243; outline_custom_hover_background=&#8221;#ffffff&#8221; outline_custom_hover_text=&#8221;#ec1d23&#8243; shape=&#8221;round&#8221; size=&#8221;sm&#8221; i_align=&#8221;right&#8221; i_icon_fontawesome=&#8221;fa fa-chevron-right&#8221; add_icon=&#8221;true&#8221; link=&#8221;url:https%3A%2F%2Fbcn.cv%2Fpt_PT%2Fparticulares%2Fcartoes-abrir-conta%2Fparticulares-cartao-vinti4%2F|title:Cart%C3%A3o%20VINTI4||&#8221; css=&#8221;.vc_custom_1600009340109{margin-top: 0px !important;}&#8221;][\/vc_column_inner][vc_column_inner width=&#8221;1\/3&#8243;][vc_single_image image=&#8221;5944&#8243; alignment=&#8221;center&#8221; onclick=&#8221;custom_link&#8221; el_class=&#8221;red-icons&#8221; css=&#8221;.vc_custom_1600009419719{margin-bottom: 0px !important;background-color: #ee162e !important;}&#8221; link=&#8221;https:\/\/bcn.cv\/pt_PT\/particulares\/cartoes-abrir-conta\/tecnologia-contactless\/&#8221;][vc_text_separator title=&#8221;CONTACTLESS&#8221;][vc_column_text css=&#8221;.vc_custom_1770376870984{margin-top: 0px !important;margin-bottom: 0px !important;padding-top: 0px !important;padding-right: 15px !important;padding-left: 15px !important;}&#8221; el_class=&#8221;description-text&#8221;]Pague mais r\u00e1pido, com a tecnologia Contactless!<\/p>\n<p>&nbsp;<\/p>\n<p>&nbsp;[\/vc_column_text][vc_btn title=&#8221;Saiba Mais&#8221; style=&#8221;outline-custom&#8221; outline_custom_color=&#8221;#ec1d23&#8243; outline_custom_hover_background=&#8221;#ffffff&#8221; outline_custom_hover_text=&#8221;#ec1d23&#8243; shape=&#8221;round&#8221; size=&#8221;sm&#8221; i_align=&#8221;right&#8221; i_icon_fontawesome=&#8221;fa fa-chevron-right&#8221; add_icon=&#8221;true&#8221; link=&#8221;url:https%3A%2F%2Fbcn.cv%2Fpt_PT%2Fparticulares%2Fcartoes-abrir-conta%2Ftecnologia-contactless%2F|title:Cart%C3%A3o%20do%20Empres%C3%A1rio||&#8221; css=&#8221;.vc_custom_1600009432917{margin-top: 0px !important;}&#8221;][\/vc_column_inner][vc_column_inner width=&#8221;1\/3&#8243;][vc_single_image image=&#8221;16186&#8243; alignment=&#8221;center&#8221; onclick=&#8221;custom_link&#8221; css=&#8221;.vc_custom_1770376819551{margin-bottom: 0px !important;background-color: #ee162e !important;}&#8221; el_class=&#8221;red-icons&#8221; link=&#8221;https:\/\/bcn.cv\/pt_PT\/particulares\/cartoes-abrir-conta\/cartao-de-credito-bcn-100-kriolu\/&#8221;][vc_text_separator title=&#8221;Cart\u00e3o de Cr\u00e9dito&#8221;][vc_column_text el_class=&#8221;description-text&#8221;]Liberdade para viajar, fazer compras ou resolver imprevistos com conforto, seguran\u00e7a e controlo total dos teus gastos.[\/vc_column_text][vc_btn title=&#8221;Saiba Mais&#8221; style=&#8221;outline-custom&#8221; outline_custom_color=&#8221;#ec1d23&#8243; outline_custom_hover_background=&#8221;#ffffff&#8221; outline_custom_hover_text=&#8221;#ec1d23&#8243; shape=&#8221;round&#8221; size=&#8221;sm&#8221; i_align=&#8221;right&#8221; i_icon_fontawesome=&#8221;fa fa-chevron-right&#8221; add_icon=&#8221;true&#8221; link=&#8221;url:https%3A%2F%2Fbcn.cv%2Fpt_PT%2Fparticulares%2Fcartoes-abrir-conta%2Fcartao-de-credito-bcn-100-kriolu%2F|||&#8221; css=&#8221;.vc_custom_1770376897702{margin-top: 0px !important;}&#8221;][\/vc_column_inner][\/vc_row_inner][\/vc_column][vc_column width=&#8221;1\/3&#8243; css=&#8221;.vc_custom_1587136265118{margin-top: 0px !important;}&#8221;][vc_column_text css=&#8221;.vc_custom_1588266143533{margin-top: 0px !important;margin-bottom: 30px !important;margin-left: 0px !important;padding-top: 5px !important;padding-right: 10px !important;padding-bottom: 0px !important;padding-left: 10px !important;background-color: #ed1f27 !important;}&#8221;]<\/p>\n<h4 style=\"color: #ffffff !important; padding: 20px 0 0 10px; line-height: 18px;\"><strong><span style=\"color: #ffffff !important; padding: 5px 0 0 0px; margin-bottom: 0; line-height: 18px;\">SIMULE O SEU CR\u00c9DITO EM 3 PASSOS<\/span><\/strong><\/h4>\n<p style=\"color: #ffffff !important; margin: 5px 0 0 10px; margin-bottom: 0; line-height: 18px;\">Fa\u00e7a j\u00e1 uma simula\u00e7\u00e3o do cr\u00e9dito e submeta o seu pedido online. <b>Simular \u00e9 r\u00e1pido e f\u00e1cil<\/b>.<\/p>\n<p><iframe style=\"margin: 0; padding: 0;\" src=\"https:\/\/bcn.cv\/pt_PT\/calculators\/loan-calculator.html\" width=\"100%\" height=\"490\" frameborder=\"0\" scrolling=\"no\" data-mce-fragment=\"1\"><\/iframe><\/p>\n<p><span data-mce-type=\"bookmark\" style=\"display: inline-block; width: 0px; overflow: hidden; line-height: 0;\" class=\"mce_SELRES_start\">\ufeff<\/span>[\/vc_column_text][\/vc_column][\/vc_row][vc_row][vc_column css=&#8221;.vc_custom_1582213073468{margin-top: -75px !important;}&#8221;]<div class=\"title-vertical-line\"><h2><span>Informa\u00e7\u00e3o<\/span> \u00datil<\/h2><p><\/p><\/div>[\/vc_column][\/vc_row][vc_row css=&#8221;.vc_custom_1584698679942{margin-right: 14% !important;margin-left: 14% !important;}&#8221; el_class=&#8221;useful-info&#8221;][vc_column width=&#8221;1\/5&#8243; css=&#8221;.vc_custom_1554915538453{padding-right: 20px !important;padding-left: 20px !important;}&#8221;][vc_row_inner css=&#8221;.vc_custom_1562689691580{margin-top: 0px !important;padding-top: 0px !important;}&#8221;][vc_column_inner width=&#8221;1\/4&#8243;][vc_single_image image=&#8221;3916&#8243; alignment=&#8221;center&#8221; el_class=&#8221;info-icon&#8221; css=&#8221;.vc_custom_1584639152674{padding-right: -3px !important;}&#8221;][\/vc_column_inner][vc_column_inner width=&#8221;3\/4&#8243;][vc_column_text css=&#8221;.vc_custom_1588092435234{margin-top: 20px !important;margin-left: 0px !important;padding-left: 0px !important;}&#8221;]<\/p>\n<h5><span style=\"color: #333333;\"><a style=\"color: #333333;\" href=\"https:\/\/bcn.cv\/pt_PT\/precario\/\"><strong>PRE\u00c7\u00c1RIO<\/strong><\/a><\/span><\/h5>\n<p>[\/vc_column_text][\/vc_column_inner][\/vc_row_inner][\/vc_column][vc_column width=&#8221;1\/5&#8243; css=&#8221;.vc_custom_1554915650188{padding-right: 20px !important;padding-left: 20px !important;}&#8221;][vc_row_inner css=&#8221;.vc_custom_1562689691580{margin-top: 0px !important;padding-top: 0px !important;}&#8221;][vc_column_inner width=&#8221;1\/4&#8243;][vc_single_image image=&#8221;3941&#8243; alignment=&#8221;center&#8221; el_class=&#8221;info-icon&#8221; css=&#8221;.vc_custom_1584639170837{margin-right: -3px !important;}&#8221;][\/vc_column_inner][vc_column_inner width=&#8221;3\/4&#8243;][vc_column_text css=&#8221;.vc_custom_1588092449909{margin-top: 20px !important;margin-left: 0px !important;padding-left: 0px !important;}&#8221;]<\/p>\n<h5><strong><span style=\"color: #333333;\"><span style=\"color: #333336;\"><a style=\"color: #333336;\" href=\"https:\/\/bcnonline.bcn.cv\/\">\u00c1REA DE CLIENTE<\/a><\/span><br \/>\n<\/span><\/strong><\/h5>\n<p>[\/vc_column_text][\/vc_column_inner][\/vc_row_inner][\/vc_column][vc_column width=&#8221;2\/5&#8243; css=&#8221;.vc_custom_1554915579391{padding-right: 20px !important;padding-left: 20px !important;}&#8221;][vc_row_inner css=&#8221;.vc_custom_1562689691580{margin-top: 0px !important;padding-top: 0px !important;}&#8221;][vc_column_inner width=&#8221;1\/4&#8243;][vc_single_image image=&#8221;3905&#8243; alignment=&#8221;right&#8221; el_class=&#8221;info-icon&#8221; css=&#8221;.vc_custom_1584639180305{margin-right: 13px !important;}&#8221;][\/vc_column_inner][vc_column_inner width=&#8221;3\/4&#8243;][vc_column_text css=&#8221;.vc_custom_1588171567287{margin-top: 20px !important;margin-left: 0px !important;padding-left: 0px !important;}&#8221;]<\/p>\n<h5><strong><span style=\"color: #333333;\"><a style=\"color: #333333;\" href=\"https:\/\/bcn.cv\/pt_PT\/formularios\/\">DOCUMENTOS E FORMUL\u00c1RIOS<\/a><br \/>\n<\/span><\/strong><\/h5>\n<p>[\/vc_column_text][\/vc_column_inner][\/vc_row_inner][\/vc_column][vc_column width=&#8221;1\/5&#8243;][vc_row_inner css=&#8221;.vc_custom_1562689691580{margin-top: 0px !important;padding-top: 0px !important;}&#8221;][vc_column_inner width=&#8221;1\/4&#8243;][vc_single_image image=&#8221;3918&#8243; alignment=&#8221;center&#8221; el_class=&#8221;info-icon last&#8221; css=&#8221;.vc_custom_1584639195656{margin-right: -17px !important;}&#8221;][\/vc_column_inner][vc_column_inner width=&#8221;3\/4&#8243;][vc_column_text css=&#8221;.vc_custom_1588092471365{margin-top: 20px !important;margin-left: 10px !important;padding-left: 0px !important;}&#8221;]<\/p>\n<h5><strong><span style=\"color: #333333;\"><a style=\"color: #333333;\" href=\"https:\/\/bcn.cv\/pt_PT\/protocolos\/\">PROTOCOLOS<\/a><br \/>\n<\/span><\/strong><\/h5>\n<p>[\/vc_column_text][\/vc_column_inner][\/vc_row_inner][\/vc_column][\/vc_row]<\/p>\n","protected":false},"excerpt":{"rendered":"<p>[vc_row css=&#8221;.vc_custom_1587136259933{margin-top: 35px !important;margin-bottom: 100px !important;padding-right: 0px !important;padding-left: 0px !important;}&#8221;][vc_column width=&#8221;2\/3&#8243; css=&#8221;.vc_custom_1584976580364{margin-bottom: 100px !important;padding-top: 0px !important;padding-right: 13px !important;background-color: #ffffff !important;}&#8221; el_class=&#8221;apresentation-title&#8221;][vc_column_text] Cart\u00f5es Quaisquer que sejam as suas necessidades ou planos, no BCN encontra solu\u00e7\u00f5es diversificadas e adequadas para si: descubra-as e fale connosco hoje mesmo.[\/vc_column_text][vc_row_inner [&hellip;]<\/p>\n","protected":false},"author":1,"featured_media":0,"parent":1944,"menu_order":16,"comment_status":"closed","ping_status":"closed","template":"template-builder.php","meta":{"inline_featured_image":false},"aioseo_notices":[],"_links":{"self":[{"href":"https:\/\/bcn.cv\/pt_PT\/wp-json\/wp\/v2\/pages\/2004"}],"collection":[{"href":"https:\/\/bcn.cv\/pt_PT\/wp-json\/wp\/v2\/pages"}],"about":[{"href":"https:\/\/bcn.cv\/pt_PT\/wp-json\/wp\/v2\/types\/page"}],"author":[{"embeddable":true,"href":"https:\/\/bcn.cv\/pt_PT\/wp-json\/wp\/v2\/users\/1"}],"replies":[{"embeddable":true,"href":"https:\/\/bcn.cv\/pt_PT\/wp-json\/wp\/v2\/comments?post=2004"}],"version-history":[{"count":70,"href":"https:\/\/bcn.cv\/pt_PT\/wp-json\/wp\/v2\/pages\/2004\/revisions"}],"predecessor-version":[{"id":16447,"href":"https:\/\/bcn.cv\/pt_PT\/wp-json\/wp\/v2\/pages\/2004\/revisions\/16447"}],"up":[{"embeddable":true,"href":"https:\/\/bcn.cv\/pt_PT\/wp-json\/wp\/v2\/pages\/1944"}],"wp:attachment":[{"href":"https:\/\/bcn.cv\/pt_PT\/wp-json\/wp\/v2\/media?parent=2004"}],"curies":[{"name":"wp","href":"https:\/\/api.w.org\/{rel}","templated":true}]}}