{"id":16145,"date":"2026-01-29T10:35:56","date_gmt":"2026-01-29T11:35:56","guid":{"rendered":"https:\/\/bcn.cv\/pt_PT\/?page_id=16145"},"modified":"2026-04-07T14:43:12","modified_gmt":"2026-04-07T15:43:12","slug":"cartao-de-credito-bcn-100-kriolu","status":"publish","type":"page","link":"https:\/\/bcn.cv\/pt_PT\/particulares\/cartoes-abrir-conta\/cartao-de-credito-bcn-100-kriolu\/","title":{"rendered":"Cart\u00e3o de Cr\u00e9dito BCN 100% Kriolu"},"content":{"rendered":"<p>[vc_row css=&#8221;.vc_custom_1561999195244{margin-top: 50px !important;padding-bottom: 0px !important;}&#8221;][vc_column width=&#8221;2\/3&#8243;][vc_column_text css=&#8221;.vc_custom_1769688279991{padding-top: 0px !important;padding-bottom: 11px !important;padding-left: 0px !important;}&#8221;]<span style=\"color: #6b696d;\"><strong>Cart\u00e3o de Cr\u00e9dito BCN 100% Kriolu. 100% Liberdade pa aproveitar o momento.<\/strong><\/span>[\/vc_column_text][vc_row_inner equal_height=&#8221;yes&#8221; content_placement=&#8221;middle&#8221;][vc_column_inner width=&#8221;1\/2&#8243;][vc_column_text]Liberdade para viajar, fazer compras ou resolver imprevistos com conforto, seguran\u00e7a e controlo total dos seus gastos. <strong>O Cart\u00e3o de Cr\u00e9dito BCN 100% Kriolu<\/strong> \u00e9 acess\u00edvel a quem tem estabilidade financeira e oferece-lhe a flexibilidade de usar, pagar e voltar a usar. Tudo com simplicidade, transpar\u00eancia e no seu ritmo.<\/p>\n<p>Sem complica\u00e7\u00f5es. 100% Kriolu.[\/vc_column_text][\/vc_column_inner][vc_column_inner width=&#8221;1\/2&#8243;][vc_single_image image=&#8221;16150&#8243; img_size=&#8221;full&#8221; alignment=&#8221;center&#8221; onclick=&#8221;zoom&#8221;][\/vc_column_inner][\/vc_row_inner][vc_empty_space][vc_column_text]<span style=\"color: #ff0000;\"><strong>CONDI\u00c7\u00d5ES<\/strong><\/span>[\/vc_column_text][vc_column_text el_class=&#8221;bullet-red&#8221;]<\/p>\n<ul>\n<li aria-setsize=\"-1\" data-aria-level=\"1\" data-aria-posinset=\"1\" data-listid=\"14\" data-font=\"Arial\" data-leveltext=\"\u2022\"><strong>Montante M\u00ednimo<\/strong>: 100.000 CVE<\/li>\n<li aria-setsize=\"-1\" data-aria-level=\"1\" data-aria-posinset=\"1\" data-listid=\"14\" data-font=\"Arial\" data-leveltext=\"\u2022\"><strong>Montante M\u00e1ximo<\/strong>: 500.000 CVE<\/li>\n<li>O pagamento \u00e9 realizado por d\u00e9bito autom\u00e1tico na conta de dep\u00f3sitos a ordem associada, at\u00e9 a data-limite indicada, podendo ser escolhida as seguintes propor\u00e7\u00f5es: <strong>10%, 25%, 50%, 75% ou 100%<\/strong>.<\/li>\n<li aria-setsize=\"-1\" data-aria-level=\"1\" data-aria-posinset=\"1\" data-listid=\"14\" data-font=\"Arial\" data-leveltext=\"\u2022\">O extrato do cart\u00e3o \u00e9 gerado no <strong>dia 25 de cada m\u00eas<\/strong>.<\/li>\n<li aria-setsize=\"-1\" data-aria-level=\"1\" data-aria-posinset=\"1\" data-listid=\"14\" data-font=\"Arial\" data-leveltext=\"\u2022\">A data-limite de pagamento \u00e9 no <strong>dia 3 de cada m\u00eas<\/strong>.<\/li>\n<li aria-setsize=\"-1\" data-aria-level=\"1\" data-aria-posinset=\"1\" data-listid=\"14\" data-font=\"Arial\" data-leveltext=\"\u2022\">Validade: 3 anos<\/li>\n<\/ul>\n<p>[\/vc_column_text][vc_empty_space][vc_column_text]<span style=\"color: #ff0000;\"><strong>PRINCIPAIS FUNCIONALIDADES<\/strong><\/span>[\/vc_column_text][vc_column_text]<\/p>\n<table style=\"height: 331px;\" width=\"1020\">\n<tbody>\n<tr>\n<td width=\"200\" data-celllook=\"65536\"><\/td>\n<td width=\"300\"><span style=\"color: #ff0000;\"><strong>Em Cabo Verde<\/strong><\/span><\/td>\n<td width=\"358\"><span style=\"color: #ff0000;\"><strong>No Estrangeiro<\/strong><\/span><\/td>\n<\/tr>\n<tr>\n<td><strong>Opera\u00e7\u00f5es permitidas\u00a0<\/strong><\/td>\n<td><span data-contrast=\"none\">Levantamento, transfer\u00eancias, consultas de saldo,<br \/>\nNIB e de movimentos, pagamentos de servi\u00e7o,<br \/>\ncarregamento de telem\u00f3vel, reservas,<br \/>\npedido de cheques, servi\u00e7o Televinti4,<br \/>\ntransa\u00e7\u00f5es na internet e altera\u00e7\u00e3o de PIN. <\/span><\/td>\n<td><span data-contrast=\"none\">Levantamentos, pagamentos<br \/>\ne transa\u00e7\u00f5es na internet (1)<\/span><\/td>\n<\/tr>\n<tr>\n<td><span data-contrast=\"none\"><strong>Levantamentos em ATMs (2)\u00a0<\/strong><\/span><\/td>\n<td><span data-contrast=\"none\">At\u00e9 20.000 CVE\/dia\u00a0<\/span><\/td>\n<td><span data-contrast=\"none\">At\u00e9 400 EUR\/dia\u00a0<\/span><\/td>\n<\/tr>\n<tr>\n<td><span data-contrast=\"none\"><strong>Compras em POS (2)\u00a0<\/strong><\/span><\/td>\n<td><span data-contrast=\"none\">\u202fAt\u00e9 250.000 CVE\/dia\u00a0<\/span><\/td>\n<td><span data-contrast=\"none\">At\u00e9 2.500 EUR\/dia\u00a0<\/span><\/td>\n<\/tr>\n<tr>\n<td><strong>Compras na Internet (2)\u00a0<\/strong><\/td>\n<td><span data-contrast=\"none\">\u202fAt\u00e9 250.000 CVE\/dia\u00a0<\/span><\/td>\n<td><span data-contrast=\"none\">At\u00e9 2.500 EUR\/dia\u00a0<\/span><\/td>\n<\/tr>\n<\/tbody>\n<\/table>\n<p>[\/vc_column_text][vc_column_text]<span data-ccp-props=\"{&quot;201341983&quot;:2,&quot;335559738&quot;:40,&quot;335559739&quot;:225,&quot;335559740&quot;:357}\">(1) Dispon\u00edvel ou n\u00e3o consoante o terminal.<br \/>\n<\/span><span data-contrast=\"none\">(2) Valores est\u00e3o condicionados ao limite de saldo dispon\u00edvel.<\/span>[\/vc_column_text][vc_empty_space][vc_column_text el_class=&#8221;bullet-red&#8221;]<span style=\"color: #ff0000;\"><strong>ADES\u00c3O AO CART\u00c3O DE CR\u00c9DITO BCN 100% KRIOLU<\/strong><\/span><\/p>\n<ul>\n<li aria-setsize=\"-1\" data-aria-level=\"1\" data-aria-posinset=\"1\" data-listid=\"14\" data-font=\"Arial\" data-leveltext=\"\u2022\"><span data-contrast=\"none\">Nas <a href=\"https:\/\/bcn.cv\/pt_PT\/agencias-4\/\" target=\"_blank\" rel=\"noopener noreferrer\">Ag\u00eancias<\/a> do BCN, <\/span><span data-contrast=\"none\">mediante o preenchimento de um formul\u00e1rio de ades\u00e3o (deve estar munido de um documento de identifica\u00e7\u00e3o v\u00e1lido); <\/span><\/li>\n<\/ul>\n<p>[\/vc_column_text][vc_empty_space][vc_column_text css=&#8221;.vc_custom_1587480959389{margin-top: 30px !important;margin-bottom: 0px !important;padding-bottom: 0px !important;}&#8221;]<\/p>\n<h3><span style=\"color: #da3535;\"><strong>BENEF\u00cdCIOS<\/strong><\/span><\/h3>\n<p>[\/vc_column_text][vc_row_inner css=&#8221;.vc_custom_1588148905772{margin-top: 0px !important;margin-right: 36px !important;margin-left: 0px !important;padding-left: 10px !important;background: #ed1f27 url(https:\/\/bcn.cv\/pt_PT\/wp-content\/uploads\/2018\/12\/logo-element-watermark-md.png?id=1722) !important;}&#8221;][vc_column_inner width=&#8221;2\/5&#8243;][vc_column_text css=&#8221;.vc_custom_1585683068737{margin-top: 25px !important;margin-right: 0px !important;margin-left: 0px !important;padding-right: 0px !important;padding-left: 0px !important;}&#8221;]<\/p>\n<h3><strong><span style=\"color: #ffffff !important; font-size: 22x;\">O QUE A SUA CONTA BCN LHE OFERECE<\/span><\/strong><\/h3>\n<p>[\/vc_column_text][vc_single_image image=&#8221;1736&#8243; img_size=&#8221;full&#8221; el_class=&#8221;icon-about&#8221;][\/vc_column_inner][vc_column_inner width=&#8221;3\/5&#8243; css=&#8221;.vc_custom_1583926353129{margin-top: 0px !important;}&#8221;][\/vc_column_inner][vc_column_text el_class=&#8221;offers-text bullet-white&#8221; css=&#8221;.vc_custom_1769696780976{margin-top: 20px !important;margin-bottom: 20px !important;}&#8221;]<\/p>\n<ul>\n<li><span style=\"color: #ffffff; font-size: 14px;\">Pagamentos flex\u00edveis<\/span><\/li>\n<li><span style=\"color: #ffffff; font-size: 14px;\">Aceita\u00e7\u00e3o nacional e internacional<\/span><\/li>\n<li><span style=\"color: #ffffff; font-size: 14px;\">Compras online com seguran\u00e7a<\/span><\/li>\n<li><span style=\"color: #ffffff;\"><span style=\"caret-color: #ffffff; font-size: 14px;\">Levantamentos<\/span><span style=\"font-size: 14px;\">\u00a0em ATMs<\/span><\/span><\/li>\n<\/ul>\n<p>[\/vc_column_text][\/vc_row_inner][vc_row_inner css=&#8221;.vc_custom_1587480492102{margin-top: 50px !important;}&#8221;][\/vc_row_inner][\/vc_column][vc_column width=&#8221;1\/3&#8243; el_class=&#8221;align-content right&#8221;][vc_single_image image=&#8221;5969&#8243; img_size=&#8221;full&#8221; alignment=&#8221;right&#8221; onclick=&#8221;custom_link&#8221; link=&#8221;https:\/\/bcn.cv\/pt_PT\/suporte_test\/open.php&#8221;][\/vc_column][\/vc_row][vc_row css=&#8221;.vc_custom_1587461986531{margin-top: 60px !important;}&#8221;][vc_column css=&#8221;.vc_custom_1582213073468{margin-top: -75px !important;}&#8221;]<div class=\"title-vertical-line\"><h2><span>Informa\u00e7\u00e3o<\/span> \u00datil<\/h2><p><\/p><\/div>[\/vc_column][\/vc_row][vc_row css=&#8221;.vc_custom_1584698679942{margin-right: 14% !important;margin-left: 14% !important;}&#8221; el_class=&#8221;useful-info&#8221;][vc_column width=&#8221;1\/5&#8243; css=&#8221;.vc_custom_1554915538453{padding-right: 20px !important;padding-left: 20px !important;}&#8221;][vc_row_inner css=&#8221;.vc_custom_1562689691580{margin-top: 0px !important;padding-top: 0px !important;}&#8221;][vc_column_inner width=&#8221;1\/4&#8243;][vc_single_image image=&#8221;3916&#8243; alignment=&#8221;center&#8221; el_class=&#8221;info-icon&#8221; css=&#8221;.vc_custom_1584639152674{padding-right: -3px !important;}&#8221;][\/vc_column_inner][vc_column_inner width=&#8221;3\/4&#8243;][vc_column_text css=&#8221;.vc_custom_1588092435234{margin-top: 20px !important;margin-left: 0px !important;padding-left: 0px !important;}&#8221;]<\/p>\n<h5><span style=\"color: #333333;\"><a style=\"color: #333333;\" href=\"https:\/\/bcn.cv\/pt_PT\/precario\/\"><strong>PRE\u00c7\u00c1RIO<\/strong><\/a><\/span><\/h5>\n<p>[\/vc_column_text][\/vc_column_inner][\/vc_row_inner][\/vc_column][vc_column width=&#8221;1\/5&#8243; css=&#8221;.vc_custom_1554915650188{padding-right: 20px !important;padding-left: 20px !important;}&#8221;][vc_row_inner css=&#8221;.vc_custom_1562689691580{margin-top: 0px !important;padding-top: 0px !important;}&#8221;][vc_column_inner width=&#8221;1\/4&#8243;][vc_single_image image=&#8221;3941&#8243; alignment=&#8221;center&#8221; el_class=&#8221;info-icon&#8221; css=&#8221;.vc_custom_1584639170837{margin-right: -3px !important;}&#8221;][\/vc_column_inner][vc_column_inner width=&#8221;3\/4&#8243;][vc_column_text css=&#8221;.vc_custom_1588092449909{margin-top: 20px !important;margin-left: 0px !important;padding-left: 0px !important;}&#8221;]<\/p>\n<h5><strong><span style=\"color: #333333;\"><span style=\"color: #333336;\"><a style=\"color: #333336;\" href=\"https:\/\/bcnonline.bcn.cv\/\">\u00c1REA DE CLIENTE<\/a><\/span><br \/>\n<\/span><\/strong><\/h5>\n<p>[\/vc_column_text][\/vc_column_inner][\/vc_row_inner][\/vc_column][vc_column width=&#8221;2\/5&#8243; css=&#8221;.vc_custom_1554915579391{padding-right: 20px !important;padding-left: 20px !important;}&#8221;][vc_row_inner css=&#8221;.vc_custom_1562689691580{margin-top: 0px !important;padding-top: 0px !important;}&#8221;][vc_column_inner width=&#8221;1\/4&#8243;][vc_single_image image=&#8221;3905&#8243; alignment=&#8221;right&#8221; el_class=&#8221;info-icon&#8221; css=&#8221;.vc_custom_1584639180305{margin-right: 13px !important;}&#8221;][\/vc_column_inner][vc_column_inner width=&#8221;3\/4&#8243;][vc_column_text css=&#8221;.vc_custom_1588171567287{margin-top: 20px !important;margin-left: 0px !important;padding-left: 0px !important;}&#8221;]<\/p>\n<h5><strong><span style=\"color: #333333;\"><a style=\"color: #333333;\" href=\"https:\/\/bcn.cv\/pt_PT\/formularios\/\">DOCUMENTOS E FORMUL\u00c1RIOS<\/a><br \/>\n<\/span><\/strong><\/h5>\n<p>[\/vc_column_text][\/vc_column_inner][\/vc_row_inner][\/vc_column][vc_column width=&#8221;1\/5&#8243;][vc_row_inner css=&#8221;.vc_custom_1562689691580{margin-top: 0px !important;padding-top: 0px !important;}&#8221;][vc_column_inner width=&#8221;1\/4&#8243;][vc_single_image image=&#8221;3918&#8243; alignment=&#8221;center&#8221; el_class=&#8221;info-icon last&#8221; css=&#8221;.vc_custom_1584639195656{margin-right: -17px !important;}&#8221;][\/vc_column_inner][vc_column_inner width=&#8221;3\/4&#8243;][vc_column_text css=&#8221;.vc_custom_1588092471365{margin-top: 20px !important;margin-left: 10px !important;padding-left: 0px !important;}&#8221;]<\/p>\n<h5><strong><span style=\"color: #333333;\"><a style=\"color: #333333;\" href=\"https:\/\/bcn.cv\/pt_PT\/protocolos\/\">PROTOCOLOS<\/a><br \/>\n<\/span><\/strong><\/h5>\n<p>[\/vc_column_text][\/vc_column_inner][\/vc_row_inner][\/vc_column][\/vc_row]<\/p>\n","protected":false},"excerpt":{"rendered":"<p>[vc_row css=&#8221;.vc_custom_1561999195244{margin-top: 50px !important;padding-bottom: 0px !important;}&#8221;][vc_column width=&#8221;2\/3&#8243;][vc_column_text css=&#8221;.vc_custom_1769688279991{padding-top: 0px !important;padding-bottom: 11px !important;padding-left: 0px !important;}&#8221;]Cart\u00e3o de Cr\u00e9dito BCN 100% Kriolu. 100% Liberdade pa aproveitar o momento.[\/vc_column_text][vc_row_inner equal_height=&#8221;yes&#8221; content_placement=&#8221;middle&#8221;][vc_column_inner width=&#8221;1\/2&#8243;][vc_column_text]Liberdade para viajar, fazer compras ou resolver imprevistos com conforto, seguran\u00e7a e controlo total dos seus gastos. O [&hellip;]<\/p>\n","protected":false},"author":3,"featured_media":0,"parent":2004,"menu_order":10,"comment_status":"closed","ping_status":"closed","template":"template-builder.php","meta":{"inline_featured_image":false},"aioseo_notices":[],"_links":{"self":[{"href":"https:\/\/bcn.cv\/pt_PT\/wp-json\/wp\/v2\/pages\/16145"}],"collection":[{"href":"https:\/\/bcn.cv\/pt_PT\/wp-json\/wp\/v2\/pages"}],"about":[{"href":"https:\/\/bcn.cv\/pt_PT\/wp-json\/wp\/v2\/types\/page"}],"author":[{"embeddable":true,"href":"https:\/\/bcn.cv\/pt_PT\/wp-json\/wp\/v2\/users\/3"}],"replies":[{"embeddable":true,"href":"https:\/\/bcn.cv\/pt_PT\/wp-json\/wp\/v2\/comments?post=16145"}],"version-history":[{"count":28,"href":"https:\/\/bcn.cv\/pt_PT\/wp-json\/wp\/v2\/pages\/16145\/revisions"}],"predecessor-version":[{"id":16364,"href":"https:\/\/bcn.cv\/pt_PT\/wp-json\/wp\/v2\/pages\/16145\/revisions\/16364"}],"up":[{"embeddable":true,"href":"https:\/\/bcn.cv\/pt_PT\/wp-json\/wp\/v2\/pages\/2004"}],"wp:attachment":[{"href":"https:\/\/bcn.cv\/pt_PT\/wp-json\/wp\/v2\/media?parent=16145"}],"curies":[{"name":"wp","href":"https:\/\/api.w.org\/{rel}","templated":true}]}}