{"id":10378,"date":"2021-10-21T08:35:08","date_gmt":"2021-10-21T09:35:08","guid":{"rendered":"https:\/\/bcn.cv\/pt_PT\/?page_id=10378"},"modified":"2026-04-07T15:11:47","modified_gmt":"2026-04-07T16:11:47","slug":"bcn-confirming","status":"publish","type":"page","link":"https:\/\/bcn.cv\/pt_PT\/empresas\/bcn-confirming\/","title":{"rendered":"BCN Confirming"},"content":{"rendered":"<p>[vc_row css=&#8221;.vc_custom_1561999195244{margin-top: 50px !important;padding-bottom: 0px !important;}&#8221;][vc_column width=&#8221;2\/3&#8243;][vc_column_text css=&#8221;.vc_custom_1591378964018{padding-top: 0px !important;padding-bottom: 11px !important;padding-left: 0px !important;}&#8221;][\/vc_column_text][vc_column_text css=&#8221;.vc_custom_1591378964018{padding-top: 0px !important;padding-bottom: 11px !important;padding-left: 0px !important;}&#8221;]Receba os seus pagamentos no momento em que mais precisa com o BCN Confirming.<\/p>\n<p>Uma plataforma que lhe permite enviar faturas aos seus clientes, e quando o pagamento for confirmado, pode solicitar ao BCN o adiantamento de parte ou da totalidade do valor de uma ou mais faturas, sempre que precisar.<\/p>\n<p>O adiantamento do pagamento \u00e9 totalmente online e autom\u00e1tico.<\/p>\n<p>Registe a sua empresa em <a href=\"https:\/\/confirming.bcn.cv\/\" target=\"_blank\" rel=\"noopener noreferrer\">confirming.bcn.cv<\/a> e comece a enviar faturas e a antecipar pagamentos.[\/vc_column_text][vc_column_text css=&#8221;.vc_custom_1587480959389{margin-top: 30px !important;margin-bottom: 0px !important;padding-bottom: 0px !important;}&#8221;]<\/p>\n<h4><span style=\"color: #da3535;\"><strong>SEGMENTO ALVO<\/strong><\/span><\/h4>\n<p>[\/vc_column_text][vc_column_text css=&#8221;.vc_custom_1591378964018{padding-top: 0px !important;padding-bottom: 11px !important;padding-left: 0px !important;}&#8221;]Entidades, particulares ou empresas, fornecedores de produtos ou servi\u00e7os, clientes e n\u00e3o clientes.[\/vc_column_text][vc_column_text css=&#8221;.vc_custom_1587480959389{margin-top: 30px !important;margin-bottom: 0px !important;padding-bottom: 0px !important;}&#8221;]<\/p>\n<h4><span style=\"color: #da3535;\"><strong>CONDI\u00c7\u00d5ES DE ACESSO<\/strong><\/span><\/h4>\n<p>[\/vc_column_text][vc_column_text css=&#8221;.vc_custom_1591378964018{padding-top: 0px !important;padding-bottom: 11px !important;padding-left: 0px !important;}&#8221;]<\/p>\n<ul>\n<li>Registo livre e gratuito no site <a href=\"https:\/\/confirming.bcn.cv\/\" target=\"_blank\" rel=\"noopener noreferrer\">confirming.bcn.cv<\/a>, sujeito a valida\u00e7\u00e3o por parte do BCN ap\u00f3s o envio dos documentos obrigat\u00f3rios.<\/li>\n<li>Com o registo \u00e9 poss\u00edvel gerar ou fazer o upload de faturas e enviar aos seus clientes, mas s\u00f3 poder\u00e3o receber o pagamento ou antecipar faturas ap\u00f3s a aprova\u00e7\u00e3o do BCN.<\/li>\n<\/ul>\n<p>[\/vc_column_text][vc_column_text css=&#8221;.vc_custom_1587480959389{margin-top: 30px !important;margin-bottom: 0px !important;padding-bottom: 0px !important;}&#8221;]<\/p>\n<h4><span style=\"color: #da3535;\"><strong>DOCUMENTOS NECESS\u00c1RIOS<\/strong><\/span><\/h4>\n<p>[\/vc_column_text][vc_column_text css=&#8221;.vc_custom_1591378964018{padding-top: 0px !important;padding-bottom: 11px !important;padding-left: 0px !important;}&#8221;]<\/p>\n<ul>\n<li>Certid\u00e3o comercial com validade m\u00e1xima de 1 ano;<\/li>\n<li>Publica\u00e7\u00e3o BO ou documento equivalente;<\/li>\n<li>Declara\u00e7\u00e3o de NIF;<\/li>\n<li>Declara\u00e7\u00e3o de NIB (no caso de n\u00e3o clientes do BCN).<\/li>\n<\/ul>\n<p>[\/vc_column_text][vc_column_text css=&#8221;.vc_custom_1583845145287{margin-top: 35px !important;margin-bottom: 0px !important;padding-bottom: 0px !important;}&#8221;]<\/p>\n<h4><span style=\"color: #da3535;\"><strong>VANTAGENS<\/strong><\/span><\/h4>\n<p>[\/vc_column_text][vc_column_text css=&#8221;.vc_custom_1591378964018{padding-top: 0px !important;padding-bottom: 11px !important;padding-left: 0px !important;}&#8221;]<\/p>\n<ul>\n<li>Flexibilidade na utiliza\u00e7\u00e3o, podendo ser solicitada a antecipa\u00e7\u00e3o de uma ou mais faturas;<\/li>\n<li>Possibilidade de antecipar o valor total ou parcial da fatura;<\/li>\n<li>Acesso a uma forma de financiamento simples, f\u00e1cil e com condi\u00e7\u00f5es financeiras favor\u00e1veis;<\/li>\n<li>N\u00e3o obriga \u00e0 apresenta\u00e7\u00e3o de elementos econ\u00f3mico-financeiros ao BCN , nem \u00e0 presta\u00e7\u00e3o de garantias adicionais;<\/li>\n<li>Melhoria da liquidez sem endividamento adicional.<\/li>\n<\/ul>\n<p>[\/vc_column_text][vc_column_text css=&#8221;.vc_custom_1583845145287{margin-top: 35px !important;margin-bottom: 0px !important;padding-bottom: 0px !important;}&#8221;]<\/p>\n<h4 style=\"text-align: left;\"><span style=\"color: #ff0000;\"><strong>EMPRESAS PARCEIRAS<\/strong><\/span><\/h4>\n<p>[\/vc_column_text][vc_column_text css=&#8221;.vc_custom_1591378964018{padding-top: 0px !important;padding-bottom: 11px !important;padding-left: 0px !important;}&#8221;]<\/p>\n<p style=\"text-align: left;\">Conhe\u00e7a as empresas com as quais trabalhamos<\/p>\n<p>[\/vc_column_text][vc_row_inner css=&#8221;.vc_custom_1587480492102{margin-top: 0px !important;}&#8221;][\/vc_row_inner][vc_images_carousel images=&#8221;10498,10499,10500,10501,10502,10503,10504,10505&#8243; img_size=&#8221;full&#8221; onclick=&#8221;link_no&#8221; slides_per_view=&#8221;2&#8243; autoplay=&#8221;yes&#8221; hide_pagination_control=&#8221;yes&#8221; wrap=&#8221;yes&#8221;][\/vc_column][vc_column width=&#8221;1\/3&#8243; el_class=&#8221;align-content right&#8221;][vc_single_image image=&#8221;5978&#8243; img_size=&#8221;full&#8221; alignment=&#8221;right&#8221; onclick=&#8221;custom_link&#8221; link=&#8221;https:\/\/bcn.cv\/pt_PT\/suporte_test\/open.php&#8221;][\/vc_column][\/vc_row][vc_row css=&#8221;.vc_custom_1587461986531{margin-top: 60px !important;}&#8221;][vc_column css=&#8221;.vc_custom_1582213073468{margin-top: -75px !important;}&#8221;]<div class=\"title-vertical-line\"><h2><span>Informa\u00e7\u00e3o<\/span> \u00datil<\/h2><p><\/p><\/div>[\/vc_column][\/vc_row][vc_row css=&#8221;.vc_custom_1584698679942{margin-right: 14% !important;margin-left: 14% !important;}&#8221; el_class=&#8221;useful-info&#8221;][vc_column width=&#8221;1\/5&#8243; css=&#8221;.vc_custom_1554915538453{padding-right: 20px !important;padding-left: 20px !important;}&#8221;][vc_row_inner css=&#8221;.vc_custom_1562689691580{margin-top: 0px !important;padding-top: 0px !important;}&#8221;][vc_column_inner width=&#8221;1\/4&#8243;][vc_single_image image=&#8221;3916&#8243; alignment=&#8221;center&#8221; el_class=&#8221;info-icon&#8221; css=&#8221;.vc_custom_1584639152674{padding-right: -3px !important;}&#8221;][\/vc_column_inner][vc_column_inner width=&#8221;3\/4&#8243;][vc_column_text css=&#8221;.vc_custom_1588092435234{margin-top: 20px !important;margin-left: 0px !important;padding-left: 0px !important;}&#8221;]<\/p>\n<h5><span style=\"color: #333333;\"><a style=\"color: #333333;\" href=\"https:\/\/bcn.cv\/pt_PT\/precario\/\"><strong>PRE\u00c7\u00c1RIO<\/strong><\/a><\/span><\/h5>\n<p>[\/vc_column_text][\/vc_column_inner][\/vc_row_inner][\/vc_column][vc_column width=&#8221;1\/5&#8243; css=&#8221;.vc_custom_1554915650188{padding-right: 20px !important;padding-left: 20px !important;}&#8221;][vc_row_inner css=&#8221;.vc_custom_1562689691580{margin-top: 0px !important;padding-top: 0px !important;}&#8221;][vc_column_inner width=&#8221;1\/4&#8243;][vc_single_image image=&#8221;3941&#8243; alignment=&#8221;center&#8221; el_class=&#8221;info-icon&#8221; css=&#8221;.vc_custom_1584639170837{margin-right: -3px !important;}&#8221;][\/vc_column_inner][vc_column_inner width=&#8221;3\/4&#8243;][vc_column_text css=&#8221;.vc_custom_1588092449909{margin-top: 20px !important;margin-left: 0px !important;padding-left: 0px !important;}&#8221;]<\/p>\n<h5><strong><span style=\"color: #333333;\"><span style=\"color: #333336;\"><a style=\"color: #333336;\" href=\"https:\/\/bcnonline.bcn.cv\/\">\u00c1REA DE CLIENTE<\/a><\/span><br \/>\n<\/span><\/strong><\/h5>\n<p>[\/vc_column_text][\/vc_column_inner][\/vc_row_inner][\/vc_column][vc_column width=&#8221;2\/5&#8243; css=&#8221;.vc_custom_1554915579391{padding-right: 20px !important;padding-left: 20px !important;}&#8221;][vc_row_inner css=&#8221;.vc_custom_1562689691580{margin-top: 0px !important;padding-top: 0px !important;}&#8221;][vc_column_inner width=&#8221;1\/4&#8243;][vc_single_image image=&#8221;3905&#8243; alignment=&#8221;right&#8221; el_class=&#8221;info-icon&#8221; css=&#8221;.vc_custom_1584639180305{margin-right: 13px !important;}&#8221;][\/vc_column_inner][vc_column_inner width=&#8221;3\/4&#8243;][vc_column_text css=&#8221;.vc_custom_1588171567287{margin-top: 20px !important;margin-left: 0px !important;padding-left: 0px !important;}&#8221;]<\/p>\n<h5><strong><span style=\"color: #333333;\"><a style=\"color: #333333;\" href=\"https:\/\/bcn.cv\/pt_PT\/formularios\/\">DOCUMENTOS E FORMUL\u00c1RIOS<\/a><br \/>\n<\/span><\/strong><\/h5>\n<p>[\/vc_column_text][\/vc_column_inner][\/vc_row_inner][\/vc_column][vc_column width=&#8221;1\/5&#8243;][vc_row_inner css=&#8221;.vc_custom_1562689691580{margin-top: 0px !important;padding-top: 0px !important;}&#8221;][vc_column_inner width=&#8221;1\/4&#8243;][vc_single_image image=&#8221;3918&#8243; alignment=&#8221;center&#8221; el_class=&#8221;info-icon last&#8221; css=&#8221;.vc_custom_1584639195656{margin-right: -17px !important;}&#8221;][\/vc_column_inner][vc_column_inner width=&#8221;3\/4&#8243;][vc_column_text css=&#8221;.vc_custom_1588092471365{margin-top: 20px !important;margin-left: 10px !important;padding-left: 0px !important;}&#8221;]<\/p>\n<h5><strong><span style=\"color: #333333;\"><a style=\"color: #333333;\" href=\"https:\/\/bcn.cv\/pt_PT\/protocolos\/\">PROTOCOLOS<\/a><br \/>\n<\/span><\/strong><\/h5>\n<p>[\/vc_column_text][\/vc_column_inner][\/vc_row_inner][\/vc_column][\/vc_row][vc_row][vc_column][\/vc_column][\/vc_row]<\/p>\n","protected":false},"excerpt":{"rendered":"<p>[vc_row css=&#8221;.vc_custom_1561999195244{margin-top: 50px !important;padding-bottom: 0px !important;}&#8221;][vc_column width=&#8221;2\/3&#8243;][vc_column_text css=&#8221;.vc_custom_1591378964018{padding-top: 0px !important;padding-bottom: 11px !important;padding-left: 0px !important;}&#8221;][\/vc_column_text][vc_column_text css=&#8221;.vc_custom_1591378964018{padding-top: 0px !important;padding-bottom: 11px !important;padding-left: 0px !important;}&#8221;]Receba os seus pagamentos no momento em que mais precisa com o BCN Confirming. Uma plataforma que lhe permite enviar faturas aos seus clientes, e [&hellip;]<\/p>\n","protected":false},"author":1,"featured_media":0,"parent":1974,"menu_order":10,"comment_status":"closed","ping_status":"closed","template":"template-builder.php","meta":{"inline_featured_image":false},"aioseo_notices":[],"_links":{"self":[{"href":"https:\/\/bcn.cv\/pt_PT\/wp-json\/wp\/v2\/pages\/10378"}],"collection":[{"href":"https:\/\/bcn.cv\/pt_PT\/wp-json\/wp\/v2\/pages"}],"about":[{"href":"https:\/\/bcn.cv\/pt_PT\/wp-json\/wp\/v2\/types\/page"}],"author":[{"embeddable":true,"href":"https:\/\/bcn.cv\/pt_PT\/wp-json\/wp\/v2\/users\/1"}],"replies":[{"embeddable":true,"href":"https:\/\/bcn.cv\/pt_PT\/wp-json\/wp\/v2\/comments?post=10378"}],"version-history":[{"count":24,"href":"https:\/\/bcn.cv\/pt_PT\/wp-json\/wp\/v2\/pages\/10378\/revisions"}],"predecessor-version":[{"id":16388,"href":"https:\/\/bcn.cv\/pt_PT\/wp-json\/wp\/v2\/pages\/10378\/revisions\/16388"}],"up":[{"embeddable":true,"href":"https:\/\/bcn.cv\/pt_PT\/wp-json\/wp\/v2\/pages\/1974"}],"wp:attachment":[{"href":"https:\/\/bcn.cv\/pt_PT\/wp-json\/wp\/v2\/media?parent=10378"}],"curies":[{"name":"wp","href":"https:\/\/api.w.org\/{rel}","templated":true}]}}