{"id":10353,"date":"2021-10-19T09:43:25","date_gmt":"2021-10-19T10:43:25","guid":{"rendered":"https:\/\/bcn.cv\/pt_PT\/?page_id=10353"},"modified":"2026-04-07T14:40:37","modified_gmt":"2026-04-07T15:40:37","slug":"easycard","status":"publish","type":"page","link":"https:\/\/bcn.cv\/pt_PT\/particulares\/cartoes-abrir-conta\/easycard\/","title":{"rendered":"Cart\u00e3o Easycard"},"content":{"rendered":"<p>[vc_row css=&#8221;.vc_custom_1561999195244{margin-top: 50px !important;padding-bottom: 0px !important;}&#8221;][vc_column width=&#8221;2\/3&#8243;][vc_column_text css=&#8221;.vc_custom_1591378964018{padding-top: 0px !important;padding-bottom: 11px !important;padding-left: 0px !important;}&#8221;]<\/p>\n<h4><strong>D\u00ea um novo rumo \u00e0s suas finan\u00e7as em 2024 com o Easycard &#8211; Um cart\u00e3o com um limite de cr\u00e9dito de f\u00e1cil acesso para quando mais precisar!<\/strong><\/h4>\n<p>[\/vc_column_text][vc_column_text css=&#8221;.vc_custom_1591378964018{padding-top: 0px !important;padding-bottom: 11px !important;padding-left: 0px !important;}&#8221;]Tenha acesso r\u00e1pido e f\u00e1cil a um cart\u00e3o com um limite de cr\u00e9dito definido em fun\u00e7\u00e3o dos seus rendimentos, que pode ser uma m\u00e3o na roda para momentos de necessidade.<\/p>\n<p>Com o <strong>Easycard<\/strong> pode utilizar o montante dispon\u00edvel no seu cart\u00e3o, repor o valor conforme a sua disponibilidade (total ou parcialmente) e, quando for necess\u00e1rio, voltar a utilizar o limite.<\/p>\n<p>Por ser um cart\u00e3o VISA, o Easycard tamb\u00e9m permite-lhe fazer pagamentos no estrangeiro e online.[\/vc_column_text][vc_column_text css=&#8221;.vc_custom_1587480959389{margin-top: 30px !important;margin-bottom: 0px !important;padding-bottom: 0px !important;}&#8221;]<\/p>\n<h5><span style=\"color: #da3535;\"><strong>CONDI\u00c7\u00d5ES<\/strong><\/span><\/h5>\n<p>[\/vc_column_text][vc_row_inner equal_height=&#8221;yes&#8221; css=&#8221;.vc_custom_1586189356508{margin-bottom: 25px !important;padding-right: 50px !important;}&#8221;][vc_column_inner el_class=&#8221;info-box&#8221; width=&#8221;1\/2&#8243; css=&#8221;.vc_custom_1583843155721{padding-right: 0px !important;padding-left: 0px !important;}&#8221;][vc_column_text css=&#8221;.vc_custom_1583842611383{padding-top: 16px !important;padding-bottom: 16px !important;background-color: #eff3f8 !important;}&#8221;]<\/p>\n<h5 style=\"text-align: center; color: #ffffff;\"><span style=\"color: #da3535;\"><strong>Montantes<\/strong><\/span><\/h5>\n<p>[\/vc_column_text][vc_column_text css=&#8221;.vc_custom_1595245429710{margin-top: 15px !important;margin-bottom: 15px !important;padding-top: 0px !important;padding-left: 0px !important;border-radius: 5px !important;}&#8221;]<\/p>\n<p style=\"text-align: center;\">Conforme o tipo de contrato laboral (a prazo ou efetivo), com um m\u00e1ximo de 400.000,00 CVE.<\/p>\n<p>[\/vc_column_text][\/vc_column_inner][vc_column_inner el_class=&#8221;info-box&#8221; width=&#8221;1\/2&#8243; css=&#8221;.vc_custom_1583842416329{padding-right: 0px !important;padding-left: 0px !important;}&#8221;][vc_column_text css=&#8221;.vc_custom_1585232780401{margin-top: 0px !important;margin-bottom: 0px !important;padding-top: 16px !important;padding-bottom: 16px !important;background-color: #eff3f8 !important;}&#8221;]<\/p>\n<h5 style=\"text-align: center; color: #ffffff;\"><span style=\"color: #da3535;\"><strong>Prazo<\/strong><\/span><\/h5>\n<p>[\/vc_column_text][vc_column_text css=&#8221;.vc_custom_1588775747984{margin-top: 15px !important;margin-bottom: 15px !important;border-right-width: 15px !important;border-left-width: 15px !important;padding-top: 0px !important;border-radius: 5px !important;}&#8221;]<\/p>\n<p style=\"text-align: center;\">M\u00e1ximo de 6 meses, sendo adequado \u00e0 dura\u00e7\u00e3o do v\u00ednculo laboral em curso caso este seja inferior a 6 meses.<\/p>\n<p>[\/vc_column_text][\/vc_column_inner][\/vc_row_inner][vc_row_inner equal_height=&#8221;yes&#8221; css=&#8221;.vc_custom_1586189356508{margin-bottom: 25px !important;padding-right: 50px !important;}&#8221;][vc_column_inner el_class=&#8221;info-box&#8221; css=&#8221;.vc_custom_1583843155721{padding-right: 0px !important;padding-left: 0px !important;}&#8221;][vc_column_text css=&#8221;.vc_custom_1585232780401{margin-top: 0px !important;margin-bottom: 0px !important;padding-top: 16px !important;padding-bottom: 16px !important;background-color: #eff3f8 !important;}&#8221;]<\/p>\n<h5 style=\"text-align: center; color: #ffffff;\"><span style=\"color: #da3535;\"><strong>Reembolso<\/strong><\/span><\/h5>\n<p>[\/vc_column_text][vc_column_text css=&#8221;.vc_custom_1588775747984{margin-top: 15px !important;margin-bottom: 15px !important;border-right-width: 15px !important;border-left-width: 15px !important;padding-top: 0px !important;border-radius: 5px !important;}&#8221;]<\/p>\n<p style=\"text-align: center;\">Durante o per\u00edodo de vig\u00eancia do limite o cliente efetua o pagamento mensal de juros devedores e reembolso total ou parcial do capital em d\u00edvida. No final do prazo, em caso de n\u00e3o renova\u00e7\u00e3o, reembolso total do capital em d\u00edvida.<\/p>\n<p>[\/vc_column_text][\/vc_column_inner][\/vc_row_inner][vc_column_text css=&#8221;.vc_custom_1587480959389{margin-top: 30px !important;margin-bottom: 0px !important;padding-bottom: 0px !important;}&#8221;]<\/p>\n<h5><span style=\"color: #da3535;\"><strong>FUNCIONALIDADES<\/strong><\/span><\/h5>\n<table style=\"height: 275px;\" width=\"332\" data-tablelook=\"1184\" data-tablestyle=\"MsoNormalTable\">\n<tbody>\n<tr>\n<td data-celllook=\"69889\"><span data-contrast=\"none\">Levantamentos<\/span>\u00a0<span data-contrast=\"none\">e compras\u00a0<\/span><span data-contrast=\"none\">em Cabo Verde<\/span><span data-ccp-props=\"{&quot;201341983&quot;:0,&quot;335551550&quot;:2,&quot;335551620&quot;:2,&quot;335559740&quot;:240}\">\u00a0<\/span><\/td>\n<td data-celllook=\"69889\"><span data-contrast=\"none\">\u221a<\/span><span data-ccp-props=\"{&quot;201341983&quot;:0,&quot;335551550&quot;:2,&quot;335551620&quot;:2,&quot;335559740&quot;:240}\">\u00a0<\/span><\/td>\n<\/tr>\n<tr>\n<td data-celllook=\"69889\"><span data-contrast=\"none\">Levantamentos e compras no Estrangeiro<\/span><span data-ccp-props=\"{&quot;201341983&quot;:0,&quot;335551550&quot;:2,&quot;335551620&quot;:2,&quot;335559740&quot;:240}\">\u00a0<\/span><\/td>\n<td data-celllook=\"69889\"><span data-contrast=\"none\">\u221a<\/span><span data-ccp-props=\"{&quot;201341983&quot;:0,&quot;335551550&quot;:2,&quot;335551620&quot;:2,&quot;335559740&quot;:240}\">\u00a0<\/span><\/td>\n<\/tr>\n<tr>\n<td data-celllook=\"69889\"><span data-contrast=\"none\">Compras online<\/span><\/td>\n<td data-celllook=\"69889\"><span data-contrast=\"none\">\u221a<\/span><span data-ccp-props=\"{&quot;201341983&quot;:0,&quot;335551550&quot;:2,&quot;335551620&quot;:2,&quot;335559740&quot;:240}\">\u00a0<\/span><\/td>\n<\/tr>\n<tr>\n<td data-celllook=\"69889\"><span data-contrast=\"none\">T<\/span><span data-contrast=\"none\">ransfer\u00eancias Internas e Interbanc\u00e1rias<\/span><span data-ccp-props=\"{&quot;201341983&quot;:0,&quot;335551550&quot;:2,&quot;335551620&quot;:2,&quot;335559740&quot;:240}\">\u00a0<\/span><\/td>\n<td data-celllook=\"69889\"><span data-contrast=\"none\">\u221a<\/span><span data-ccp-props=\"{&quot;201341983&quot;:0,&quot;335551550&quot;:2,&quot;335551620&quot;:2,&quot;335559740&quot;:240}\">\u00a0<\/span><\/td>\n<\/tr>\n<tr>\n<td data-celllook=\"69889\"><span data-contrast=\"none\">Pagamentos de Servi\u00e7os e Impostos<\/span><span data-ccp-props=\"{&quot;201341983&quot;:0,&quot;335551550&quot;:2,&quot;335551620&quot;:2,&quot;335559740&quot;:240}\">\u00a0<\/span><\/td>\n<td data-celllook=\"69889\"><span data-contrast=\"none\">\u221a<\/span><span data-ccp-props=\"{&quot;201341983&quot;:0,&quot;335551550&quot;:2,&quot;335551620&quot;:2,&quot;335559740&quot;:240}\">\u00a0<\/span><\/td>\n<\/tr>\n<tr>\n<td data-celllook=\"69889\">Consulta Saldo e Movimentos<\/td>\n<td data-celllook=\"69889\"><span data-contrast=\"none\">\u221a<\/span><span data-ccp-props=\"{&quot;201341983&quot;:0,&quot;335551550&quot;:2,&quot;335551620&quot;:2,&quot;335559740&quot;:240}\">\u00a0<\/span><\/td>\n<\/tr>\n<tr>\n<td data-celllook=\"69889\"><span data-contrast=\"none\">Carregamento de Telem\u00f3veis<\/span><span data-ccp-props=\"{&quot;201341983&quot;:0,&quot;335551550&quot;:2,&quot;335551620&quot;:2,&quot;335559740&quot;:240}\">\u00a0<\/span><\/td>\n<td data-celllook=\"69889\"><span data-contrast=\"none\">\u221a<\/span><span data-ccp-props=\"{&quot;201341983&quot;:0,&quot;335551550&quot;:2,&quot;335551620&quot;:2,&quot;335559740&quot;:240}\">\u00a0<\/span><\/td>\n<\/tr>\n<tr>\n<td data-celllook=\"69889\"><span data-contrast=\"none\">Altera\u00e7\u00e3o PIN<\/span><span data-ccp-props=\"{&quot;201341983&quot;:0,&quot;335551550&quot;:2,&quot;335551620&quot;:2,&quot;335559740&quot;:240}\">\u00a0<\/span><\/td>\n<td data-celllook=\"69889\">\u00a0<span data-contrast=\"none\">\u221a<\/span><\/td>\n<\/tr>\n<tr>\n<td data-celllook=\"69889\"><\/td>\n<td data-celllook=\"69889\"><\/td>\n<\/tr>\n<\/tbody>\n<\/table>\n<h4><\/h4>\n<p>[\/vc_column_text][vc_column_text css=&#8221;.vc_custom_1583845145287{margin-top: 35px !important;margin-bottom: 0px !important;padding-bottom: 0px !important;}&#8221;]<\/p>\n<h5><span style=\"color: #da3535;\"><strong>LIMITES<\/strong><\/span><\/h5>\n<table style=\"height: 203px;\" width=\"1080\">\n<tbody>\n<tr>\n<td width=\"190\" data-celllook=\"65536\"><\/td>\n<td width=\"218\"><span style=\"color: #ff0000;\"><strong>Em Cabo Verde<\/strong><\/span><\/td>\n<td width=\"358\"><span style=\"color: #ff0000;\"><strong>No Estrangeiro<\/strong><\/span><\/td>\n<\/tr>\n<tr>\n<td><strong>Opera\u00e7\u00f5es permitidas\u00a0<\/strong><\/td>\n<td><span data-contrast=\"none\">\u202fTodas as opera\u00e7\u00f5es da Rede Vinti4<\/span><\/td>\n<td><span data-contrast=\"none\">Levantamentos em ATMs,\u00a0 Compras, Consulta de Saldos (1)<\/span><\/td>\n<\/tr>\n<tr>\n<td><span data-contrast=\"none\">\u202f<strong>Levantamentos em ATMs (2)\u00a0<\/strong><\/span><\/td>\n<td><span data-contrast=\"none\">At\u00e9 20.000 CVE\/dia\u00a0<\/span><\/td>\n<td><span data-contrast=\"none\">At\u00e9 400 EUR\/dia\u00a0<\/span><\/td>\n<\/tr>\n<tr>\n<td><span data-contrast=\"none\">\u202f<strong>Compras em POS (2)\u00a0<\/strong><\/span><\/td>\n<td><span data-contrast=\"none\">\u202fAt\u00e9 500.000 CVE\/dia\u00a0<\/span><\/td>\n<td><span data-contrast=\"none\">At\u00e9 5.000 EUR\/dia\u00a0<\/span><\/td>\n<\/tr>\n<tr>\n<td><strong>Compras na Internet (2)\u00a0<\/strong><\/td>\n<td><span data-contrast=\"none\">\u202fAt\u00e9 500.000 CVE\/dia\u00a0<\/span><\/td>\n<td><span data-contrast=\"none\">At\u00e9 5.000 EUR\/dia\u00a0<\/span><\/td>\n<\/tr>\n<\/tbody>\n<\/table>\n<p><span data-ccp-props=\"{&quot;201341983&quot;:2,&quot;335559738&quot;:40,&quot;335559739&quot;:225,&quot;335559740&quot;:357}\">(1) Dispon\u00edvel ou n\u00e3o consoante o terminal.<br \/>\n<\/span><span data-contrast=\"none\">(2) Valores M\u00e1ximos permitidos durante o dia, estando sempre condicionados ao saldo dispon\u00edvel na Conta \u00e0 Ordem do Cliente.<\/span>[\/vc_column_text][vc_column_text css=&#8221;.vc_custom_1587480959389{margin-top: 30px !important;margin-bottom: 0px !important;padding-bottom: 0px !important;}&#8221;]<\/p>\n<h5><span style=\"color: #da3535;\"><strong>ONDE UTILIZAR<\/strong><\/span><\/h5>\n<p>[\/vc_column_text][vc_row_inner equal_height=&#8221;yes&#8221; css=&#8221;.vc_custom_1586189356508{margin-bottom: 25px !important;padding-right: 50px !important;}&#8221;][vc_column_inner el_class=&#8221;info-box&#8221; width=&#8221;1\/2&#8243; css=&#8221;.vc_custom_1583843155721{padding-right: 0px !important;padding-left: 0px !important;}&#8221;][vc_column_text css=&#8221;.vc_custom_1583842611383{padding-top: 16px !important;padding-bottom: 16px !important;background-color: #eff3f8 !important;}&#8221;]<\/p>\n<h5 style=\"text-align: center; color: #ffffff;\"><span style=\"color: #da3535;\"><strong>Em Cabo Verde<\/strong><\/span><\/h5>\n<p>[\/vc_column_text][vc_column_text css=&#8221;.vc_custom_1595245429710{margin-top: 15px !important;margin-bottom: 15px !important;padding-top: 0px !important;padding-left: 0px !important;border-radius: 5px !important;}&#8221;]<\/p>\n<ul>\n<li style=\"text-align: left;\">Rede ATM Vinti 4;<\/li>\n<li style=\"text-align: left;\">Rede POS Vinti 4;<\/li>\n<li style=\"text-align: left;\">Sites aderentes \u00e0 Rede Vinti 4.<\/li>\n<\/ul>\n<p>[\/vc_column_text][\/vc_column_inner][vc_column_inner el_class=&#8221;info-box&#8221; width=&#8221;1\/2&#8243; css=&#8221;.vc_custom_1583842416329{padding-right: 0px !important;padding-left: 0px !important;}&#8221;][vc_column_text css=&#8221;.vc_custom_1585232780401{margin-top: 0px !important;margin-bottom: 0px !important;padding-top: 16px !important;padding-bottom: 16px !important;background-color: #eff3f8 !important;}&#8221;]<\/p>\n<h5 style=\"text-align: center; color: #ffffff;\"><span style=\"color: #da3535;\"><strong>No Estrangeiro<\/strong><\/span><\/h5>\n<p>[\/vc_column_text][vc_column_text css=&#8221;.vc_custom_1588775747984{margin-top: 15px !important;margin-bottom: 15px !important;border-right-width: 15px !important;border-left-width: 15px !important;padding-top: 0px !important;border-radius: 5px !important;}&#8221;]<\/p>\n<ul>\n<li>Rede ATM identificados com o s\u00edmbolo VISA;<\/li>\n<li>Rede POS identificados com o s\u00edmbolo VISA;<\/li>\n<li>Sites identificados com o s\u00edmbolo VISA.<\/li>\n<\/ul>\n<p>[\/vc_column_text][\/vc_column_inner][\/vc_row_inner][vc_column_text css=&#8221;.vc_custom_1583845145287{margin-top: 35px !important;margin-bottom: 0px !important;padding-bottom: 0px !important;}&#8221;]<\/p>\n<h4><span style=\"color: #da3535;\"><strong>BENEF\u00cdCIOS EXCLUSIVOS<\/strong><\/span><\/h4>\n<p>[\/vc_column_text][vc_row_inner css=&#8221;.vc_custom_1588148893148{margin-top: 0px !important;margin-right: 36px !important;margin-left: 0px !important;padding-left: 10px !important;background: #ed1f27 url(https:\/\/bcn.cv\/pt_PT\/wp-content\/uploads\/2018\/12\/logo-element-watermark-md.png?id=1722) !important;}&#8221;][vc_column_inner width=&#8221;2\/5&#8243;][vc_column_text css=&#8221;.vc_custom_1585683068737{margin-top: 25px !important;margin-right: 0px !important;margin-left: 0px !important;padding-right: 0px !important;padding-left: 0px !important;}&#8221;]<\/p>\n<h3><strong><span style=\"color: #ffffff !important; font-size: 22x;\">O QUE O SEU CART\u00c3O EASYCARD LHE OFERECE?<\/span><\/strong><\/h3>\n<p>[\/vc_column_text][vc_single_image image=&#8221;1736&#8243; img_size=&#8221;full&#8221; el_class=&#8221;icon-about&#8221;][\/vc_column_inner][vc_column_inner width=&#8221;3\/5&#8243; css=&#8221;.vc_custom_1583926353129{margin-top: 0px !important;}&#8221;][\/vc_column_inner][vc_column_text el_class=&#8221;offers-text bullet-white&#8221; css=&#8221;.vc_custom_1587480857436{margin-top: 20px !important;margin-bottom: 20px !important;}&#8221;]<\/p>\n<ul>\n<li><span style=\"color: #ffffff;\">Acesso r\u00e1pido a um limite de cr\u00e9dito;<\/span><\/li>\n<li><span style=\"color: #ffffff;\">Pagamentos no estrangeiro e online;<\/span><\/li>\n<li><span style=\"color: #ffffff;\">Possibilidade de reutilizar o valor dispon\u00edvel em caso de pagamento parcial ou total do limite.<\/span><\/li>\n<\/ul>\n<p>[\/vc_column_text][\/vc_row_inner][vc_column_text css=&#8221;.vc_custom_1583845145287{margin-top: 35px !important;margin-bottom: 0px !important;padding-bottom: 0px !important;}&#8221;]<\/p>\n<h4><span style=\"color: #da3535;\"><strong>COMO SOLICITAR O SEU EASYCARD?<\/strong><\/span><\/h4>\n<p>[\/vc_column_text][vc_column_text css=&#8221;.vc_custom_1591378964018{padding-top: 0px !important;padding-bottom: 11px !important;padding-left: 0px !important;}&#8221;]Dirija-se a uma <a href=\"https:\/\/bcn.cv\/pt_PT\/agencias-bcn\/\" target=\"_blank\" rel=\"noopener noreferrer\">Ag\u00eancia BCN<\/a> munido da documenta\u00e7\u00e3o necess\u00e1ria para an\u00e1lise do seu pedido.<\/p>\n<p style=\"padding-left: 40px;\"><strong>QUE DOCUMENTOS S\u00c3O NECESS\u00c1RIOS PARA SOLICITAR O SEU EASYCARD?<\/strong><\/p>\n<ul>\n<li style=\"list-style-type: none;\">\n<ul>\n<li>Fotoc\u00f3pia do seu documento de identifica\u00e7\u00e3o (BI ou CNI);<\/li>\n<li>Declara\u00e7\u00e3o de NIF;<\/li>\n<li>Declara\u00e7\u00e3o comprovativa de rela\u00e7\u00e3o laboral, assinada por representante da entidade empregadora;<\/li>\n<li>Comprovativo de pagamento de renda (se possui habita\u00e7\u00e3o arrendada) OU extrato banc\u00e1rio que evidencie pagamento de cr\u00e9dito habita\u00e7\u00e3o (se aplic\u00e1vel).<\/li>\n<\/ul>\n<\/li>\n<\/ul>\n<p>[\/vc_column_text][vc_row_inner css=&#8221;.vc_custom_1587480492102{margin-top: 50px !important;}&#8221;][\/vc_row_inner][\/vc_column][vc_column width=&#8221;1\/3&#8243; el_class=&#8221;align-content right&#8221;][vc_single_image image=&#8221;5969&#8243; img_size=&#8221;full&#8221; alignment=&#8221;right&#8221; onclick=&#8221;custom_link&#8221; link=&#8221;https:\/\/bcn.cv\/pt_PT\/suporte_test\/open.php&#8221;][\/vc_column][\/vc_row][vc_row css=&#8221;.vc_custom_1587461986531{margin-top: 60px !important;}&#8221;][vc_column css=&#8221;.vc_custom_1582213073468{margin-top: -75px !important;}&#8221;]<div class=\"title-vertical-line\"><h2><span>Informa\u00e7\u00e3o<\/span> \u00datil<\/h2><p><\/p><\/div>[\/vc_column][\/vc_row][vc_row css=&#8221;.vc_custom_1584698679942{margin-right: 14% !important;margin-left: 14% !important;}&#8221; el_class=&#8221;useful-info&#8221;][vc_column width=&#8221;1\/5&#8243; css=&#8221;.vc_custom_1554915538453{padding-right: 20px !important;padding-left: 20px !important;}&#8221;][vc_row_inner css=&#8221;.vc_custom_1562689691580{margin-top: 0px !important;padding-top: 0px !important;}&#8221;][vc_column_inner width=&#8221;1\/4&#8243;][vc_single_image image=&#8221;3916&#8243; alignment=&#8221;center&#8221; el_class=&#8221;info-icon&#8221; css=&#8221;.vc_custom_1584639152674{padding-right: -3px !important;}&#8221;][\/vc_column_inner][vc_column_inner width=&#8221;3\/4&#8243;][vc_column_text css=&#8221;.vc_custom_1588092435234{margin-top: 20px !important;margin-left: 0px !important;padding-left: 0px !important;}&#8221;]<\/p>\n<h5><span style=\"color: #333333;\"><a style=\"color: #333333;\" href=\"https:\/\/bcn.cv\/pt_PT\/precario\/\"><strong>PRE\u00c7\u00c1RIO<\/strong><\/a><\/span><\/h5>\n<p>[\/vc_column_text][\/vc_column_inner][\/vc_row_inner][\/vc_column][vc_column width=&#8221;1\/5&#8243; css=&#8221;.vc_custom_1554915650188{padding-right: 20px !important;padding-left: 20px !important;}&#8221;][vc_row_inner css=&#8221;.vc_custom_1562689691580{margin-top: 0px !important;padding-top: 0px !important;}&#8221;][vc_column_inner width=&#8221;1\/4&#8243;][vc_single_image image=&#8221;3941&#8243; alignment=&#8221;center&#8221; el_class=&#8221;info-icon&#8221; css=&#8221;.vc_custom_1584639170837{margin-right: -3px !important;}&#8221;][\/vc_column_inner][vc_column_inner width=&#8221;3\/4&#8243;][vc_column_text css=&#8221;.vc_custom_1588092449909{margin-top: 20px !important;margin-left: 0px !important;padding-left: 0px !important;}&#8221;]<\/p>\n<h5><strong><span style=\"color: #333333;\"><span style=\"color: #333336;\"><a style=\"color: #333336;\" href=\"https:\/\/bcnonline.bcn.cv\/\">\u00c1REA DE CLIENTE<\/a><\/span><br \/>\n<\/span><\/strong><\/h5>\n<p>[\/vc_column_text][\/vc_column_inner][\/vc_row_inner][\/vc_column][vc_column width=&#8221;2\/5&#8243; css=&#8221;.vc_custom_1554915579391{padding-right: 20px !important;padding-left: 20px !important;}&#8221;][vc_row_inner css=&#8221;.vc_custom_1562689691580{margin-top: 0px !important;padding-top: 0px !important;}&#8221;][vc_column_inner width=&#8221;1\/4&#8243;][vc_single_image image=&#8221;3905&#8243; alignment=&#8221;right&#8221; el_class=&#8221;info-icon&#8221; css=&#8221;.vc_custom_1584639180305{margin-right: 13px !important;}&#8221;][\/vc_column_inner][vc_column_inner width=&#8221;3\/4&#8243;][vc_column_text css=&#8221;.vc_custom_1588171567287{margin-top: 20px !important;margin-left: 0px !important;padding-left: 0px !important;}&#8221;]<\/p>\n<h5><strong><span style=\"color: #333333;\"><a style=\"color: #333333;\" href=\"https:\/\/bcn.cv\/pt_PT\/formularios\/\">DOCUMENTOS E FORMUL\u00c1RIOS<\/a><br \/>\n<\/span><\/strong><\/h5>\n<p>[\/vc_column_text][\/vc_column_inner][\/vc_row_inner][\/vc_column][vc_column width=&#8221;1\/5&#8243;][vc_row_inner css=&#8221;.vc_custom_1562689691580{margin-top: 0px !important;padding-top: 0px !important;}&#8221;][vc_column_inner width=&#8221;1\/4&#8243;][vc_single_image image=&#8221;3918&#8243; alignment=&#8221;center&#8221; el_class=&#8221;info-icon last&#8221; css=&#8221;.vc_custom_1584639195656{margin-right: -17px !important;}&#8221;][\/vc_column_inner][vc_column_inner width=&#8221;3\/4&#8243;][vc_column_text css=&#8221;.vc_custom_1588092471365{margin-top: 20px !important;margin-left: 10px !important;padding-left: 0px !important;}&#8221;]<\/p>\n<h5><strong><span style=\"color: #333333;\"><a style=\"color: #333333;\" href=\"https:\/\/bcn.cv\/pt_PT\/protocolos\/\">PROTOCOLOS<\/a><br \/>\n<\/span><\/strong><\/h5>\n<p>[\/vc_column_text][\/vc_column_inner][\/vc_row_inner][\/vc_column][\/vc_row]<\/p>\n","protected":false},"excerpt":{"rendered":"<p>[vc_row css=&#8221;.vc_custom_1561999195244{margin-top: 50px !important;padding-bottom: 0px !important;}&#8221;][vc_column width=&#8221;2\/3&#8243;][vc_column_text css=&#8221;.vc_custom_1591378964018{padding-top: 0px !important;padding-bottom: 11px !important;padding-left: 0px !important;}&#8221;] D\u00ea um novo rumo \u00e0s suas finan\u00e7as em 2024 com o Easycard &#8211; Um cart\u00e3o com um limite de cr\u00e9dito de f\u00e1cil acesso para quando mais precisar! [\/vc_column_text][vc_column_text css=&#8221;.vc_custom_1591378964018{padding-top: 0px !important;padding-bottom: [&hellip;]<\/p>\n","protected":false},"author":1,"featured_media":0,"parent":2004,"menu_order":10,"comment_status":"closed","ping_status":"closed","template":"template-builder.php","meta":{"inline_featured_image":false},"aioseo_notices":[],"_links":{"self":[{"href":"https:\/\/bcn.cv\/pt_PT\/wp-json\/wp\/v2\/pages\/10353"}],"collection":[{"href":"https:\/\/bcn.cv\/pt_PT\/wp-json\/wp\/v2\/pages"}],"about":[{"href":"https:\/\/bcn.cv\/pt_PT\/wp-json\/wp\/v2\/types\/page"}],"author":[{"embeddable":true,"href":"https:\/\/bcn.cv\/pt_PT\/wp-json\/wp\/v2\/users\/1"}],"replies":[{"embeddable":true,"href":"https:\/\/bcn.cv\/pt_PT\/wp-json\/wp\/v2\/comments?post=10353"}],"version-history":[{"count":36,"href":"https:\/\/bcn.cv\/pt_PT\/wp-json\/wp\/v2\/pages\/10353\/revisions"}],"predecessor-version":[{"id":16360,"href":"https:\/\/bcn.cv\/pt_PT\/wp-json\/wp\/v2\/pages\/10353\/revisions\/16360"}],"up":[{"embeddable":true,"href":"https:\/\/bcn.cv\/pt_PT\/wp-json\/wp\/v2\/pages\/2004"}],"wp:attachment":[{"href":"https:\/\/bcn.cv\/pt_PT\/wp-json\/wp\/v2\/media?parent=10353"}],"curies":[{"name":"wp","href":"https:\/\/api.w.org\/{rel}","templated":true}]}}