{"id":10113,"date":"2021-07-23T10:59:38","date_gmt":"2021-07-23T11:59:38","guid":{"rendered":"https:\/\/bcn.cv\/pt_PT\/?page_id=10113"},"modified":"2026-04-07T15:27:07","modified_gmt":"2026-04-07T16:27:07","slug":"servico-on-off-emigrantes","status":"publish","type":"page","link":"https:\/\/bcn.cv\/pt_PT\/emigrantes\/emigrantes-servicos\/servico-on-off-emigrantes\/","title":{"rendered":"Servi\u00e7o On-Off Emigrantes"},"content":{"rendered":"<p>[vc_row css=&#8221;.vc_custom_1561999195244{margin-top: 50px !important;padding-bottom: 0px !important;}&#8221;][vc_column width=&#8221;2\/3&#8243; css=&#8221;.vc_custom_1587482704996{margin-top: 0px !important;}&#8221;][vc_column_text css=&#8221;.vc_custom_1626871895719{padding-top: 0px !important;padding-bottom: 11px !important;padding-left: 0px !important;}&#8221;]A funcionalidade On-Off oferece ao titular de um cart\u00e3o Vinti4, Visa ou Mastercard a possibilidade gerir a utiliza\u00e7\u00e3o do seu cart\u00e3o de acordo com as suas prefer\u00eancias.<\/p>\n<p>Permite bloquear ou desbloquear o cart\u00e3o e ativar ou desativar determinadas funcionalidades, nomeadamente, levantamentos nos ATMs, transa\u00e7\u00f5es online e transa\u00e7\u00f5es no estrangeiro.<\/p>\n<p>A funcionalidade est\u00e1 dispon\u00edvel aos clientes com acesso ao servi\u00e7o <a href=\"https:\/\/bcn.cv\/pt_PT\/particulares\/servicos-abrir-conta\/bcn-online\/\" target=\"_blank\" rel=\"noopener noreferrer\">BCN Online<\/a>, atrav\u00e9s do menu Cart\u00f5es &gt; Gest\u00e3o de Cart\u00f5es.[\/vc_column_text][vc_column_text css=&#8221;.vc_custom_1626870603204{padding-top: 0px !important;padding-bottom: 11px !important;padding-left: 0px !important;}&#8221;]<\/p>\n<table data-tablelook=\"1184\" data-tablestyle=\"MsoNormalTable\">\n<tbody>\n<tr>\n<td data-celllook=\"69905\"><span style=\"color: #da3535;\"><b>DEFINI\u00c7\u00d5ES DO CART\u00c3O<\/b><\/span><\/td>\n<td data-celllook=\"69905\">\n<p style=\"text-align: center;\"><span style=\"color: #da3535;\"><b>Estado<\/b><\/span><\/p>\n<\/td>\n<\/tr>\n<tr>\n<td data-celllook=\"69889\">Cart\u00e3o de D\u00e9bito (Vinti4, VISA, Mastercard)<\/td>\n<td data-celllook=\"69889\">\n<p style=\"text-align: center;\"><span data-contrast=\"none\">Ativo \/ Inativo<\/span><span data-ccp-props=\"{&quot;201341983&quot;:0,&quot;335551550&quot;:2,&quot;335551620&quot;:2,&quot;335559740&quot;:240}\">\u00a0<\/span><\/p>\n<\/td>\n<\/tr>\n<\/tbody>\n<\/table>\n<p>[\/vc_column_text][vc_column_text el_class=&#8221;bullet-red&#8221;]<\/p>\n<table data-tablelook=\"1184\" data-tablestyle=\"MsoNormalTable\">\n<tbody>\n<tr>\n<td data-celllook=\"69905\"><span style=\"color: #da3535;\"><b>FUNCIONALIDADES<\/b><\/span><\/td>\n<td data-celllook=\"69905\">\n<p style=\"text-align: center;\"><span style=\"color: #da3535;\"><b>Ativar<\/b><\/span><\/p>\n<\/td>\n<td data-celllook=\"69905\">\n<p style=\"text-align: center;\"><span style=\"color: #da3535;\"><b>Desativar<\/b><\/span><\/p>\n<\/td>\n<\/tr>\n<tr>\n<td style=\"text-align: left;\" data-celllook=\"69889\">Levantamentos em ATM\u2019s<\/td>\n<td data-celllook=\"69889\">\n<p style=\"text-align: center;\"><span data-contrast=\"none\">\u221a<\/span><span data-ccp-props=\"{&quot;201341983&quot;:0,&quot;335551550&quot;:2,&quot;335551620&quot;:2,&quot;335559740&quot;:240}\">\u00a0<\/span><\/p>\n<\/td>\n<td data-celllook=\"69889\">\n<p style=\"text-align: center;\"><span data-contrast=\"none\">\u221a<\/span><span data-ccp-props=\"{&quot;201341983&quot;:0,&quot;335551550&quot;:2,&quot;335551620&quot;:2,&quot;335559740&quot;:240}\">\u00a0<\/span><\/p>\n<\/td>\n<\/tr>\n<tr>\n<td data-celllook=\"69889\">Transa\u00e7\u00f5es Online<\/td>\n<td data-celllook=\"69889\">\n<p style=\"text-align: center;\"><span data-contrast=\"none\">\u221a<\/span><span data-ccp-props=\"{&quot;201341983&quot;:0,&quot;335551550&quot;:2,&quot;335551620&quot;:2,&quot;335559740&quot;:240}\">\u00a0<\/span><\/p>\n<\/td>\n<td data-celllook=\"69889\">\n<p style=\"text-align: center;\"><span data-contrast=\"none\">\u221a<\/span><span data-ccp-props=\"{&quot;201341983&quot;:0,&quot;335551550&quot;:2,&quot;335551620&quot;:2,&quot;335559740&quot;:240}\">\u00a0<\/span><\/p>\n<\/td>\n<\/tr>\n<tr>\n<td data-celllook=\"69889\">Transa\u00e7\u00f5es no Estrangeiro<\/td>\n<td data-celllook=\"69889\">\n<p style=\"text-align: center;\"><span data-contrast=\"none\">\u221a<\/span><span data-ccp-props=\"{&quot;201341983&quot;:0,&quot;335551550&quot;:2,&quot;335551620&quot;:2,&quot;335559740&quot;:240}\">\u00a0<\/span><\/p>\n<\/td>\n<td data-celllook=\"69889\">\n<p style=\"text-align: center;\"><span data-contrast=\"none\">\u221a<\/span><span data-ccp-props=\"{&quot;201341983&quot;:0,&quot;335551550&quot;:2,&quot;335551620&quot;:2,&quot;335559740&quot;:240}\">\u00a0<\/span><\/p>\n<\/td>\n<\/tr>\n<\/tbody>\n<\/table>\n<p>[\/vc_column_text][vc_column_text el_class=&#8221;bullet-red&#8221;][\/vc_column_text][vc_column_text el_class=&#8221;bullet-red&#8221;]<\/p>\n<h4><span style=\"color: #ed2127;\"><b><span style=\"vertical-align: inherit;\"><span style=\"vertical-align: inherit;\">Ades\u00e3o ao Servi\u00e7o<\/span><\/span><\/b><\/span><\/h4>\n<ul>\n<li aria-setsize=\"-1\" data-aria-level=\"1\" data-aria-posinset=\"3\" data-listid=\"25\" data-font=\"Symbol\" data-leveltext=\"\uf0b7\">Acesso livre e gratuito a clientes com subscri\u00e7\u00e3o ao <a href=\"https:\/\/bcn.cv\/pt_PT\/emigrantes\/emigrantes-servicos\/bcn-online-emigrantes\/\" target=\"_blank\" rel=\"noopener noreferrer\">BCN Online<\/a> e titulares de um cart\u00e3o Vinti4, Visa ou Mastercard.<\/li>\n<\/ul>\n<p><a href=\"https:\/\/bcn.cv\/pt_PT\/emigrantes\/emigrantes-servicos\/bcn-online-emigrantes\/\" target=\"_blank\" rel=\"noopener noreferrer\">Clique aqui<\/a> para mais informa\u00e7\u00f5es sobre o BCN Online e saber como aderir ao servi\u00e7o.[\/vc_column_text][vc_column_text css=&#8221;.vc_custom_1587483100710{margin-top: 40px !important;margin-bottom: 0px !important;padding-bottom: 0px !important;}&#8221;]<\/p>\n<h3><span style=\"color: #da3535;\"><strong>BENEF\u00cdCIOS<\/strong><\/span><\/h3>\n<p>[\/vc_column_text][vc_row_inner css=&#8221;.vc_custom_1588149986525{margin-top: 0px !important;margin-right: 36px !important;margin-left: 0px !important;padding-left: 10px !important;background: #ed1f27 url(https:\/\/bcn.cv\/pt_PT\/wp-content\/uploads\/2018\/12\/logo-element-watermark-md.png?id=1722) !important;}&#8221;][vc_column_inner width=&#8221;2\/5&#8243;][vc_column_text css=&#8221;.vc_custom_1626870818844{margin-top: 20px !important;margin-right: 0px !important;margin-left: 0px !important;padding-right: 0px !important;padding-left: 15px !important;}&#8221;]<\/p>\n<h3><strong><span style=\"color: #ffffff !important; font-size: 22x;\">O QUE O SERVI\u00c7O ON-OFF LHE OFERECE?<\/span><\/strong><\/h3>\n<p>[\/vc_column_text][vc_single_image image=&#8221;1736&#8243; img_size=&#8221;full&#8221; el_class=&#8221;icon-about&#8221;][\/vc_column_inner][vc_column_inner width=&#8221;3\/5&#8243; css=&#8221;.vc_custom_1583926353129{margin-top: 0px !important;}&#8221;][vc_column_text el_class=&#8221;offers-text bullet-white&#8221; css=&#8221;.vc_custom_1626870764550{margin-top: 20px !important;margin-bottom: 20px !important;}&#8221;]<\/p>\n<ul>\n<li><span style=\"color: #ffffff;\">Seguran\u00e7a;<\/span><\/li>\n<li><span style=\"color: #ffffff;\">Controlo;<\/span><\/li>\n<li><span style=\"color: #ffffff;\">Flexibilidade;<\/span><\/li>\n<li><span style=\"color: #ffffff;\">Comodidade.<\/span><\/li>\n<\/ul>\n<p>[\/vc_column_text][\/vc_column_inner][\/vc_row_inner][vc_row_inner css=&#8221;.vc_custom_1587633634168{margin-top: 60px !important;}&#8221;][\/vc_row_inner][vc_column_inner][vc_column_text css=&#8221;.vc_custom_1583857023017{margin-bottom: 0px !important;padding-bottom: 0px !important;}&#8221;]<\/p>\n<h3><strong><span style=\"color: #da3535; font-size: 22px;\">Saiba mais sobre&#8230;<\/span><\/strong><\/h3>\n<p>[\/vc_column_text][\/vc_column_inner][vc_row_inner][vc_column_inner el_class=&#8221;pdf-icon&#8221; width=&#8221;1\/6&#8243; css=&#8221;.vc_custom_1588589060520{margin-left: 15px !important;}&#8221;][vc_single_image image=&#8221;7026&#8243; img_size=&#8221;70&#215;72&#8243;][\/vc_column_inner][vc_column_inner width=&#8221;1\/3&#8243;][vc_column_text]<\/p>\n<h4><strong>Documentos e<br \/>\nInforma\u00e7\u00f5es<\/strong><\/h4>\n<p>[\/vc_column_text][\/vc_column_inner][vc_column_inner width=&#8221;1\/2&#8243; css=&#8221;.vc_custom_1588608064337{margin-top: 0px !important;padding-right: 24px !important;}&#8221;][vc_column_text el_class=&#8221;pdfs-download&#8221; css=&#8221;.vc_custom_1600026467006{padding-right: 20px !important;}&#8221;]<\/p>\n<p style=\"color: #6b696d !important;\"><a href=\"https:\/\/bcn.cv\/pt_PT\/formularios\/\" target=\"_blank\" rel=\"noopener noreferrer\"><span style=\"color: #ff0000;\">Contrato de Ades\u00e3o ao BCN Online<\/span><\/a><br \/>\n<a href=\"https:\/\/bcn.cv\/pt_PT\/formularios\/\" target=\"_blank\" rel=\"noopener noreferrer\"><span style=\"color: #ff0000;\">Ficha de Ades\u00e3o Gestor \u2013 BCN Online<\/span><\/a><br \/>\n<a href=\"https:\/\/bcn.cv\/pt_PT\/formularios\/\" target=\"_blank\" rel=\"noopener noreferrer\"><span style=\"color: #ff0000;\">Ficha de Altera\u00e7\u00f5es Ades\u00e3o Cliente \u2013 BCN Online<\/span><\/a><br \/>\n<a href=\"https:\/\/bcn.cv\/pt_PT\/formularios\/\" target=\"_blank\" rel=\"noopener noreferrer\"><span style=\"color: #ff0000;\">Ficha de Altera\u00e7\u00f5es Ades\u00e3o Gestor \u2013 BCN Online<\/span><\/a><br \/>\n<a href=\"https:\/\/bcn.cv\/pt_PT\/formularios\/\" target=\"_blank\" rel=\"noopener noreferrer\"><span style=\"color: #ff0000;\">Formul\u00e1rio de recep\u00e7\u00e3o dos c\u00f3digos BCN Online<\/span><\/a><\/p>\n<p>&nbsp;[\/vc_column_text][\/vc_column_inner][\/vc_row_inner][\/vc_column][vc_column width=&#8221;1\/3&#8243; el_class=&#8221;align-content right&#8221;][vc_single_image image=&#8221;6662&#8243; img_size=&#8221;full&#8221; onclick=&#8221;custom_link&#8221; link=&#8221;https:\/\/bcn.cv\/pt_PT\/suporte_test\/open.php&#8221;][\/vc_column][\/vc_row][vc_row][vc_column][vc_column_text][\/vc_column_text][\/vc_column][\/vc_row][vc_row][vc_column css=&#8221;.vc_custom_1582213073468{margin-top: -75px !important;}&#8221;]<div class=\"title-vertical-line\"><h2><span>Informa\u00e7\u00e3o<\/span> \u00datil<\/h2><p><\/p><\/div>[\/vc_column][\/vc_row][vc_row css=&#8221;.vc_custom_1584698679942{margin-right: 14% !important;margin-left: 14% !important;}&#8221; el_class=&#8221;useful-info&#8221;][vc_column width=&#8221;1\/5&#8243; css=&#8221;.vc_custom_1554915538453{padding-right: 20px !important;padding-left: 20px !important;}&#8221;][vc_row_inner css=&#8221;.vc_custom_1562689691580{margin-top: 0px !important;padding-top: 0px !important;}&#8221;][vc_column_inner width=&#8221;1\/4&#8243;][vc_single_image image=&#8221;3916&#8243; alignment=&#8221;center&#8221; el_class=&#8221;info-icon&#8221; css=&#8221;.vc_custom_1584639152674{padding-right: -3px !important;}&#8221;][\/vc_column_inner][vc_column_inner width=&#8221;3\/4&#8243;][vc_column_text css=&#8221;.vc_custom_1588092435234{margin-top: 20px !important;margin-left: 0px !important;padding-left: 0px !important;}&#8221;]<\/p>\n<h5><span style=\"color: #333333;\"><a style=\"color: #333333;\" href=\"https:\/\/bcn.cv\/pt_PT\/precario\/\"><strong>PRE\u00c7\u00c1RIO<\/strong><\/a><\/span><\/h5>\n<p>[\/vc_column_text][\/vc_column_inner][\/vc_row_inner][\/vc_column][vc_column width=&#8221;1\/5&#8243; css=&#8221;.vc_custom_1554915650188{padding-right: 20px !important;padding-left: 20px !important;}&#8221;][vc_row_inner css=&#8221;.vc_custom_1562689691580{margin-top: 0px !important;padding-top: 0px !important;}&#8221;][vc_column_inner width=&#8221;1\/4&#8243;][vc_single_image image=&#8221;3941&#8243; alignment=&#8221;center&#8221; el_class=&#8221;info-icon&#8221; css=&#8221;.vc_custom_1584639170837{margin-right: -3px !important;}&#8221;][\/vc_column_inner][vc_column_inner width=&#8221;3\/4&#8243;][vc_column_text css=&#8221;.vc_custom_1588092449909{margin-top: 20px !important;margin-left: 0px !important;padding-left: 0px !important;}&#8221;]<\/p>\n<h5><strong><span style=\"color: #333333;\"><span style=\"color: #333336;\"><a style=\"color: #333336;\" href=\"https:\/\/bcnonline.bcn.cv\/\">\u00c1REA DE CLIENTE<\/a><\/span><br \/>\n<\/span><\/strong><\/h5>\n<p>[\/vc_column_text][\/vc_column_inner][\/vc_row_inner][\/vc_column][vc_column width=&#8221;2\/5&#8243; css=&#8221;.vc_custom_1554915579391{padding-right: 20px !important;padding-left: 20px !important;}&#8221;][vc_row_inner css=&#8221;.vc_custom_1562689691580{margin-top: 0px !important;padding-top: 0px !important;}&#8221;][vc_column_inner width=&#8221;1\/4&#8243;][vc_single_image image=&#8221;3905&#8243; alignment=&#8221;right&#8221; el_class=&#8221;info-icon&#8221; css=&#8221;.vc_custom_1584639180305{margin-right: 13px !important;}&#8221;][\/vc_column_inner][vc_column_inner width=&#8221;3\/4&#8243;][vc_column_text css=&#8221;.vc_custom_1588171567287{margin-top: 20px !important;margin-left: 0px !important;padding-left: 0px !important;}&#8221;]<\/p>\n<h5><strong><span style=\"color: #333333;\"><a style=\"color: #333333;\" href=\"https:\/\/bcn.cv\/pt_PT\/formularios\/\">DOCUMENTOS E FORMUL\u00c1RIOS<\/a><br \/>\n<\/span><\/strong><\/h5>\n<p>[\/vc_column_text][\/vc_column_inner][\/vc_row_inner][\/vc_column][vc_column width=&#8221;1\/5&#8243;][vc_row_inner css=&#8221;.vc_custom_1562689691580{margin-top: 0px !important;padding-top: 0px !important;}&#8221;][vc_column_inner width=&#8221;1\/4&#8243;][vc_single_image image=&#8221;3918&#8243; alignment=&#8221;center&#8221; el_class=&#8221;info-icon last&#8221; css=&#8221;.vc_custom_1584639195656{margin-right: -17px !important;}&#8221;][\/vc_column_inner][vc_column_inner width=&#8221;3\/4&#8243;][vc_column_text css=&#8221;.vc_custom_1588092471365{margin-top: 20px !important;margin-left: 10px !important;padding-left: 0px !important;}&#8221;]<\/p>\n<h5><strong><span style=\"color: #333333;\"><a style=\"color: #333333;\" href=\"https:\/\/bcn.cv\/pt_PT\/protocolos\/\">PROTOCOLOS<\/a><br \/>\n<\/span><\/strong><\/h5>\n<p>[\/vc_column_text][\/vc_column_inner][\/vc_row_inner][\/vc_column][\/vc_row]<\/p>\n","protected":false},"excerpt":{"rendered":"<p>[vc_row css=&#8221;.vc_custom_1561999195244{margin-top: 50px !important;padding-bottom: 0px !important;}&#8221;][vc_column width=&#8221;2\/3&#8243; css=&#8221;.vc_custom_1587482704996{margin-top: 0px !important;}&#8221;][vc_column_text css=&#8221;.vc_custom_1626871895719{padding-top: 0px !important;padding-bottom: 11px !important;padding-left: 0px !important;}&#8221;]A funcionalidade On-Off oferece ao titular de um cart\u00e3o Vinti4, Visa ou Mastercard a possibilidade gerir a utiliza\u00e7\u00e3o do seu cart\u00e3o de acordo com as suas prefer\u00eancias. Permite bloquear [&hellip;]<\/p>\n","protected":false},"author":1,"featured_media":0,"parent":2209,"menu_order":0,"comment_status":"closed","ping_status":"closed","template":"","meta":{"inline_featured_image":false},"aioseo_notices":[],"_links":{"self":[{"href":"https:\/\/bcn.cv\/pt_PT\/wp-json\/wp\/v2\/pages\/10113"}],"collection":[{"href":"https:\/\/bcn.cv\/pt_PT\/wp-json\/wp\/v2\/pages"}],"about":[{"href":"https:\/\/bcn.cv\/pt_PT\/wp-json\/wp\/v2\/types\/page"}],"author":[{"embeddable":true,"href":"https:\/\/bcn.cv\/pt_PT\/wp-json\/wp\/v2\/users\/1"}],"replies":[{"embeddable":true,"href":"https:\/\/bcn.cv\/pt_PT\/wp-json\/wp\/v2\/comments?post=10113"}],"version-history":[{"count":5,"href":"https:\/\/bcn.cv\/pt_PT\/wp-json\/wp\/v2\/pages\/10113\/revisions"}],"predecessor-version":[{"id":16405,"href":"https:\/\/bcn.cv\/pt_PT\/wp-json\/wp\/v2\/pages\/10113\/revisions\/16405"}],"up":[{"embeddable":true,"href":"https:\/\/bcn.cv\/pt_PT\/wp-json\/wp\/v2\/pages\/2209"}],"wp:attachment":[{"href":"https:\/\/bcn.cv\/pt_PT\/wp-json\/wp\/v2\/media?parent=10113"}],"curies":[{"name":"wp","href":"https:\/\/api.w.org\/{rel}","templated":true}]}}